
{"id":997,"date":"2025-12-11T11:55:47","date_gmt":"2025-12-11T10:55:47","guid":{"rendered":"https:\/\/kutyazzokosan.hu\/?post_type=product&#038;p=997"},"modified":"2026-01-01T12:27:30","modified_gmt":"2026-01-01T11:27:30","slug":"segitseg-kolyokkutya","status":"publish","type":"product","link":"https:\/\/kutyazzokosan.hu\/?product=segitseg-kolyokkutya","title":{"rendered":"Seg\u00edts\u00e9g, k\u00f6ly\u00f6kkutya!"},"content":{"rendered":"<p>Egy k\u00f6ly\u00f6kkuty\u00e1val az \u00e9let nem csak j\u00e1t\u00e9k \u00e9s mese, hi\u00e1ba cukik \u00e9s gy\u00f6m\u00f6sz\u00f6lhet\u0151ek.<\/p>\n<p>Val\u00f3j\u00e1ban egy kiskutya felnevel\u00e9se sokszor 40+ \u00f3r\u00e1s teljes \u00e1ll\u00e1s \u00e9s ezzel sokszor csak akkor szembes\u00fcl\u00fcnk, amikor eg\u00e9sz nap csak pisiltet\u00fcnk, pakolunk, siratjuk az \u00e1ldozatul esett holminkat&#8230;<\/p>\n<p>Ennek nem felt\u00e9tlen\u00fcl kell \u00edgy lennie! A kiskutyanevel\u00e9s taktikai sport, ebben a webinarban pedig megtal\u00e1lod azokat az eszk\u00f6z\u00f6ket, amik k\u00f6nnyebb\u00e9 teszik az egy\u00fctt\u00e9l\u00e9st neked is \u00e9s a k\u00f6ly\u00f6kkuty\u00e1dnak is.<\/p>\n<p>A webinar tartalma:<\/p>\n<p>kiskutya v\u00e1laszt\u00e1s<br \/>\nAz els\u0151 napok otthon<br \/>\nManagement<br \/>\nK\u00f6rnyezetgazdag\u00edt\u00e1s<br \/>\nTr\u00e9ning alapok \u00e9s \u00e9letszer\u0171 k\u00e9pess\u00e9gek<\/p>\n<p>Webinar hossza: 149 perc<\/p>\n<p><iframe width=\"560\" height=\"315\" src=\"https:\/\/www.youtube.com\/embed\/Ek4PSsd067U?si=OmlcKnVYfJmh3THf\" title=\"YouTube video player\" frameborder=\"0\" allow=\"accelerometer; autoplay; clipboard-write; encrypted-media; gyroscope; picture-in-picture; web-share\" referrerpolicy=\"strict-origin-when-cross-origin\" allowfullscreen><\/iframe><\/p>\n","protected":false},"excerpt":{"rendered":"<p>Egy k\u00f6ly\u00f6kkuty\u00e1val az \u00e9let nem csak j\u00e1t\u00e9k \u00e9s mese, hi\u00e1ba cukik \u00e9s gy\u00f6m\u00f6sz\u00f6lhet\u0151ek.<\/p>\n<p>Val\u00f3j\u00e1ban egy kiskutya felnevel\u00e9se sokszor 40+ \u00f3r\u00e1s teljes \u00e1ll\u00e1s \u00e9s ezzel sokszor csak akkor szembes\u00fcl\u00fcnk, amikor eg\u00e9sz nap csak pisiltet\u00fcnk, pakolunk, siratjuk az \u00e1ldozatul esett holminkat&#8230;<\/p>\n<p>Ennek nem felt\u00e9tlen\u00fcl kell \u00edgy lennie! A kiskutyanevel\u00e9s taktikai sport, ebben a webinarban pedig megtal\u00e1lod azokat az eszk\u00f6z\u00f6ket, amik k\u00f6nnyebb\u00e9 teszik az egy\u00fctt\u00e9l\u00e9st neked is \u00e9s a k\u00f6ly\u00f6kkuty\u00e1dnak is.<\/p>\n","protected":false},"featured_media":999,"template":"","meta":[],"product_brand":[],"product_cat":[15],"product_tag":[],"class_list":{"0":"post-997","1":"product","2":"type-product","3":"status-publish","4":"has-post-thumbnail","6":"product_cat-minden-termek","8":"first","9":"instock","10":"downloadable","11":"virtual","12":"purchasable","13":"product-type-simple"},"yoast_head":"<!-- This site is optimized with the Yoast SEO plugin v27.4 - https:\/\/yoast.com\/product\/yoast-seo-wordpress\/ -->\n<title>Seg\u00edts\u00e9g, k\u00f6ly\u00f6kkutya! -<\/title>\n<meta name=\"description\" content=\"Egy k\u00f6ly\u00f6kkuty\u00e1val az \u00e9let nem csak j\u00e1t\u00e9k \u00e9s mese, hi\u00e1ba cukik \u00e9s gy\u00f6m\u00f6sz\u00f6lhet\u0151ek. A kiskutyanevel\u00e9s taktikai sport, ebben a webinarban pedig megtal\u00e1lod azokat az eszk\u00f6z\u00f6ket, amik k\u00f6nnyebb\u00e9 teszik az egy\u00fctt\u00e9l\u00e9st neked is \u00e9s a k\u00f6ly\u00f6kkuty\u00e1dnak is.\" \/>\n<meta name=\"robots\" content=\"index, follow, max-snippet:-1, max-image-preview:large, max-video-preview:-1\" \/>\n<link rel=\"canonical\" href=\"https:\/\/kutyazzokosan.hu\/?product=segitseg-kolyokkutya\" \/>\n<meta property=\"og:locale\" content=\"hu_HU\" \/>\n<meta property=\"og:type\" content=\"article\" \/>\n<meta property=\"og:title\" content=\"Seg\u00edts\u00e9g, k\u00f6ly\u00f6kkutya! -\" \/>\n<meta property=\"og:description\" content=\"Egy k\u00f6ly\u00f6kkuty\u00e1val az \u00e9let nem csak j\u00e1t\u00e9k \u00e9s mese, hi\u00e1ba cukik \u00e9s gy\u00f6m\u00f6sz\u00f6lhet\u0151ek. A kiskutyanevel\u00e9s taktikai sport, ebben a webinarban pedig megtal\u00e1lod azokat az eszk\u00f6z\u00f6ket, amik k\u00f6nnyebb\u00e9 teszik az egy\u00fctt\u00e9l\u00e9st neked is \u00e9s a k\u00f6ly\u00f6kkuty\u00e1dnak is.\" \/>\n<meta property=\"og:url\" content=\"https:\/\/kutyazzokosan.hu\/?product=segitseg-kolyokkutya\" \/>\n<meta property=\"article:modified_time\" content=\"2026-01-01T11:27:30+00:00\" \/>\n<meta property=\"og:image\" content=\"https:\/\/kutyazzokosan.hu\/wp-content\/uploads\/2025\/12\/d4e2ca1a-19f1-412a-9e01-93eca9471a5f.jpg\" \/>\n\t<meta property=\"og:image:width\" content=\"300\" \/>\n\t<meta property=\"og:image:height\" content=\"300\" \/>\n\t<meta property=\"og:image:type\" content=\"image\/jpeg\" \/>\n<meta name=\"twitter:card\" content=\"summary_large_image\" \/>\n<meta name=\"twitter:label1\" content=\"Becs\u00fclt olvas\u00e1si id\u0151\" \/>\n\t<meta name=\"twitter:data1\" content=\"1 perc\" \/>\n<script type=\"application\/ld+json\" class=\"yoast-schema-graph\">{\"@context\":\"https:\\\/\\\/schema.org\",\"@graph\":[{\"@type\":\"WebPage\",\"@id\":\"https:\\\/\\\/kutyazzokosan.hu\\\/?product=segitseg-kolyokkutya\",\"url\":\"https:\\\/\\\/kutyazzokosan.hu\\\/?product=segitseg-kolyokkutya\",\"name\":\"Seg\u00edts\u00e9g, k\u00f6ly\u00f6kkutya! -\",\"isPartOf\":{\"@id\":\"https:\\\/\\\/kutyazzokosan.hu\\\/#website\"},\"primaryImageOfPage\":{\"@id\":\"https:\\\/\\\/kutyazzokosan.hu\\\/?product=segitseg-kolyokkutya#primaryimage\"},\"image\":{\"@id\":\"https:\\\/\\\/kutyazzokosan.hu\\\/?product=segitseg-kolyokkutya#primaryimage\"},\"thumbnailUrl\":\"https:\\\/\\\/kutyazzokosan.hu\\\/wp-content\\\/uploads\\\/2025\\\/12\\\/d4e2ca1a-19f1-412a-9e01-93eca9471a5f.jpg\",\"datePublished\":\"2025-12-11T10:55:47+00:00\",\"dateModified\":\"2026-01-01T11:27:30+00:00\",\"description\":\"Egy k\u00f6ly\u00f6kkuty\u00e1val az \u00e9let nem csak j\u00e1t\u00e9k \u00e9s mese, hi\u00e1ba cukik \u00e9s gy\u00f6m\u00f6sz\u00f6lhet\u0151ek. A kiskutyanevel\u00e9s taktikai sport, ebben a webinarban pedig megtal\u00e1lod azokat az eszk\u00f6z\u00f6ket, amik k\u00f6nnyebb\u00e9 teszik az egy\u00fctt\u00e9l\u00e9st neked is \u00e9s a k\u00f6ly\u00f6kkuty\u00e1dnak is.\",\"breadcrumb\":{\"@id\":\"https:\\\/\\\/kutyazzokosan.hu\\\/?product=segitseg-kolyokkutya#breadcrumb\"},\"inLanguage\":\"hu\",\"potentialAction\":[{\"@type\":\"ReadAction\",\"target\":[\"https:\\\/\\\/kutyazzokosan.hu\\\/?product=segitseg-kolyokkutya\"]}]},{\"@type\":\"ImageObject\",\"inLanguage\":\"hu\",\"@id\":\"https:\\\/\\\/kutyazzokosan.hu\\\/?product=segitseg-kolyokkutya#primaryimage\",\"url\":\"https:\\\/\\\/kutyazzokosan.hu\\\/wp-content\\\/uploads\\\/2025\\\/12\\\/d4e2ca1a-19f1-412a-9e01-93eca9471a5f.jpg\",\"contentUrl\":\"https:\\\/\\\/kutyazzokosan.hu\\\/wp-content\\\/uploads\\\/2025\\\/12\\\/d4e2ca1a-19f1-412a-9e01-93eca9471a5f.jpg\",\"width\":300,\"height\":300},{\"@type\":\"BreadcrumbList\",\"@id\":\"https:\\\/\\\/kutyazzokosan.hu\\\/?product=segitseg-kolyokkutya#breadcrumb\",\"itemListElement\":[{\"@type\":\"ListItem\",\"position\":1,\"name\":\"Kezd\u0151lap\",\"item\":\"https:\\\/\\\/kutyazzokosan.hu\\\/\"},{\"@type\":\"ListItem\",\"position\":2,\"name\":\"Shop\",\"item\":\"https:\\\/\\\/kutyazzokosan.hu\\\/?page_id=7\"},{\"@type\":\"ListItem\",\"position\":3,\"name\":\"Seg\u00edts\u00e9g, k\u00f6ly\u00f6kkutya!\"}]},{\"@type\":\"WebSite\",\"@id\":\"https:\\\/\\\/kutyazzokosan.hu\\\/#website\",\"url\":\"https:\\\/\\\/kutyazzokosan.hu\\\/\",\"name\":\"\",\"description\":\"\",\"potentialAction\":[{\"@type\":\"SearchAction\",\"target\":{\"@type\":\"EntryPoint\",\"urlTemplate\":\"https:\\\/\\\/kutyazzokosan.hu\\\/?s={search_term_string}\"},\"query-input\":{\"@type\":\"PropertyValueSpecification\",\"valueRequired\":true,\"valueName\":\"search_term_string\"}}],\"inLanguage\":\"hu\"}]}<\/script>\n<!-- \/ Yoast SEO plugin. -->","yoast_head_json":{"title":"Seg\u00edts\u00e9g, k\u00f6ly\u00f6kkutya! -","description":"Egy k\u00f6ly\u00f6kkuty\u00e1val az \u00e9let nem csak j\u00e1t\u00e9k \u00e9s mese, hi\u00e1ba cukik \u00e9s gy\u00f6m\u00f6sz\u00f6lhet\u0151ek. A kiskutyanevel\u00e9s taktikai sport, ebben a webinarban pedig megtal\u00e1lod azokat az eszk\u00f6z\u00f6ket, amik k\u00f6nnyebb\u00e9 teszik az egy\u00fctt\u00e9l\u00e9st neked is \u00e9s a k\u00f6ly\u00f6kkuty\u00e1dnak is.","robots":{"index":"index","follow":"follow","max-snippet":"max-snippet:-1","max-image-preview":"max-image-preview:large","max-video-preview":"max-video-preview:-1"},"canonical":"https:\/\/kutyazzokosan.hu\/?product=segitseg-kolyokkutya","og_locale":"hu_HU","og_type":"article","og_title":"Seg\u00edts\u00e9g, k\u00f6ly\u00f6kkutya! -","og_description":"Egy k\u00f6ly\u00f6kkuty\u00e1val az \u00e9let nem csak j\u00e1t\u00e9k \u00e9s mese, hi\u00e1ba cukik \u00e9s gy\u00f6m\u00f6sz\u00f6lhet\u0151ek. A kiskutyanevel\u00e9s taktikai sport, ebben a webinarban pedig megtal\u00e1lod azokat az eszk\u00f6z\u00f6ket, amik k\u00f6nnyebb\u00e9 teszik az egy\u00fctt\u00e9l\u00e9st neked is \u00e9s a k\u00f6ly\u00f6kkuty\u00e1dnak is.","og_url":"https:\/\/kutyazzokosan.hu\/?product=segitseg-kolyokkutya","article_modified_time":"2026-01-01T11:27:30+00:00","og_image":[{"width":300,"height":300,"url":"https:\/\/kutyazzokosan.hu\/wp-content\/uploads\/2025\/12\/d4e2ca1a-19f1-412a-9e01-93eca9471a5f.jpg","type":"image\/jpeg"}],"twitter_card":"summary_large_image","twitter_misc":{"Becs\u00fclt olvas\u00e1si id\u0151":"1 perc"},"schema":{"@context":"https:\/\/schema.org","@graph":[{"@type":"WebPage","@id":"https:\/\/kutyazzokosan.hu\/?product=segitseg-kolyokkutya","url":"https:\/\/kutyazzokosan.hu\/?product=segitseg-kolyokkutya","name":"Seg\u00edts\u00e9g, k\u00f6ly\u00f6kkutya! -","isPartOf":{"@id":"https:\/\/kutyazzokosan.hu\/#website"},"primaryImageOfPage":{"@id":"https:\/\/kutyazzokosan.hu\/?product=segitseg-kolyokkutya#primaryimage"},"image":{"@id":"https:\/\/kutyazzokosan.hu\/?product=segitseg-kolyokkutya#primaryimage"},"thumbnailUrl":"https:\/\/kutyazzokosan.hu\/wp-content\/uploads\/2025\/12\/d4e2ca1a-19f1-412a-9e01-93eca9471a5f.jpg","datePublished":"2025-12-11T10:55:47+00:00","dateModified":"2026-01-01T11:27:30+00:00","description":"Egy k\u00f6ly\u00f6kkuty\u00e1val az \u00e9let nem csak j\u00e1t\u00e9k \u00e9s mese, hi\u00e1ba cukik \u00e9s gy\u00f6m\u00f6sz\u00f6lhet\u0151ek. A kiskutyanevel\u00e9s taktikai sport, ebben a webinarban pedig megtal\u00e1lod azokat az eszk\u00f6z\u00f6ket, amik k\u00f6nnyebb\u00e9 teszik az egy\u00fctt\u00e9l\u00e9st neked is \u00e9s a k\u00f6ly\u00f6kkuty\u00e1dnak is.","breadcrumb":{"@id":"https:\/\/kutyazzokosan.hu\/?product=segitseg-kolyokkutya#breadcrumb"},"inLanguage":"hu","potentialAction":[{"@type":"ReadAction","target":["https:\/\/kutyazzokosan.hu\/?product=segitseg-kolyokkutya"]}]},{"@type":"ImageObject","inLanguage":"hu","@id":"https:\/\/kutyazzokosan.hu\/?product=segitseg-kolyokkutya#primaryimage","url":"https:\/\/kutyazzokosan.hu\/wp-content\/uploads\/2025\/12\/d4e2ca1a-19f1-412a-9e01-93eca9471a5f.jpg","contentUrl":"https:\/\/kutyazzokosan.hu\/wp-content\/uploads\/2025\/12\/d4e2ca1a-19f1-412a-9e01-93eca9471a5f.jpg","width":300,"height":300},{"@type":"BreadcrumbList","@id":"https:\/\/kutyazzokosan.hu\/?product=segitseg-kolyokkutya#breadcrumb","itemListElement":[{"@type":"ListItem","position":1,"name":"Kezd\u0151lap","item":"https:\/\/kutyazzokosan.hu\/"},{"@type":"ListItem","position":2,"name":"Shop","item":"https:\/\/kutyazzokosan.hu\/?page_id=7"},{"@type":"ListItem","position":3,"name":"Seg\u00edts\u00e9g, k\u00f6ly\u00f6kkutya!"}]},{"@type":"WebSite","@id":"https:\/\/kutyazzokosan.hu\/#website","url":"https:\/\/kutyazzokosan.hu\/","name":"","description":"","potentialAction":[{"@type":"SearchAction","target":{"@type":"EntryPoint","urlTemplate":"https:\/\/kutyazzokosan.hu\/?s={search_term_string}"},"query-input":{"@type":"PropertyValueSpecification","valueRequired":true,"valueName":"search_term_string"}}],"inLanguage":"hu"}]}},"_links":{"self":[{"href":"https:\/\/kutyazzokosan.hu\/index.php?rest_route=\/wp\/v2\/product\/997","targetHints":{"allow":["GET"]}}],"collection":[{"href":"https:\/\/kutyazzokosan.hu\/index.php?rest_route=\/wp\/v2\/product"}],"about":[{"href":"https:\/\/kutyazzokosan.hu\/index.php?rest_route=\/wp\/v2\/types\/product"}],"wp:featuredmedia":[{"embeddable":true,"href":"https:\/\/kutyazzokosan.hu\/index.php?rest_route=\/wp\/v2\/media\/999"}],"wp:attachment":[{"href":"https:\/\/kutyazzokosan.hu\/index.php?rest_route=%2Fwp%2Fv2%2Fmedia&parent=997"}],"wp:term":[{"taxonomy":"product_brand","embeddable":true,"href":"https:\/\/kutyazzokosan.hu\/index.php?rest_route=%2Fwp%2Fv2%2Fproduct_brand&post=997"},{"taxonomy":"product_cat","embeddable":true,"href":"https:\/\/kutyazzokosan.hu\/index.php?rest_route=%2Fwp%2Fv2%2Fproduct_cat&post=997"},{"taxonomy":"product_tag","embeddable":true,"href":"https:\/\/kutyazzokosan.hu\/index.php?rest_route=%2Fwp%2Fv2%2Fproduct_tag&post=997"}],"curies":[{"name":"wp","href":"https:\/\/api.w.org\/{rel}","templated":true}]}}