
{"id":991,"date":"2025-12-09T09:03:08","date_gmt":"2025-12-09T08:03:08","guid":{"rendered":"https:\/\/kutyazzokosan.hu\/?post_type=product&#038;p=991"},"modified":"2026-01-01T01:31:19","modified_gmt":"2026-01-01T00:31:19","slug":"feleves-es-eroforras-bevedes","status":"publish","type":"product","link":"https:\/\/kutyazzokosan.hu\/?product=feleves-es-eroforras-bevedes","title":{"rendered":"K\u00f6pd ki! Mindent a felev\u00e9sr\u0151l \u00e9s az er\u0151forr\u00e1s bev\u00e9d\u00e9sr\u0151l"},"content":{"rendered":"<ul>\n<li>Mi\u00e9rt eszik fel a kutya mindent a f\u00f6ldr\u0151l?<\/li>\n<li>Milyen kock\u00e1zata van annak, ha a k\u00f6rny\u00e9k \u00f6sszes macska\u00fcr\u00fcl\u00e9k\u00e9t \u00f6sszeszedi?<\/li>\n<li>Norm\u00e1lis, ha a gazd\u00e1j\u00e1ra morog az etet\u0151t\u00e1l k\u00f6zel\u00e9ben?<\/li>\n<li>Egy\u00e1ltal\u00e1n megel\u0151zhet\u0151ek ezek a probl\u00e9m\u00e1k?<\/li>\n<\/ul>\n<p>A k\u00f6z\u00f6s el\u0151ad\u00e1sunkban ezekre a gyakori k\u00e9rd\u00e9sekre keres\u00fcnk v\u00e1laszt szak\u00e9rt\u0151i szemsz\u00f6gb\u0151l.<\/p>\n<p><strong>FELEV\u00c9S<\/strong><br \/>\nA felev\u00e9s gyakran csak bosszant\u00f3 szok\u00e1snak t\u0171nik, de komoly eg\u00e9szs\u00e9g\u00fcgyi \u00e9s viselked\u00e9si kock\u00e1zatokat rejthet. Mikor sz\u00e1m\u00edt ez m\u00e9g term\u00e9szetes viselked\u00e9snek, \u00e9s mikor \u00e9rdemes beavatkozni?<\/p>\n<p><strong>ER\u0150FORR\u00c1S BEV\u00c9D\u00c9S<\/strong><br \/>\nAz er\u0151forr\u00e1s bev\u00e9d\u00e9se \u2013 p\u00e9ld\u00e1ul t\u00e1l, j\u00e1t\u00e9k vagy fekhely \u0151rz\u00e9se \u2013 a kuty\u00e1k term\u00e9szetes viselked\u00e9si reperto\u00e1rj\u00e1hoz tartozik, m\u00e9gis sokszor konfliktust sz\u00fcl a gazdi \u00e9s kedvence k\u00f6z\u00f6tt.<br \/>\nMikor besz\u00e9l\u00fcnk eg\u00e9szs\u00e9ges hat\u00e1rokr\u00f3l, \u00e9s mikor vesz\u00e9lyes ez a magatart\u00e1s?<\/p>\n<p>Az el\u0151ad\u00e1sokb\u00f3l megtudhatod, milyen eg\u00e9szs\u00e9g\u00fcgyi okok h\u00faz\u00f3dhatnak meg m\u00f6g\u00f6tte (p\u00e9ld\u00e1ul f\u00e1jdalom vagy alv\u00e1szavar), \u00e9s hogyan kezelhet\u0151 viselked\u00e9str\u00e9ninggel a probl\u00e9ma.<\/p>\n<p><strong>Az el\u0151ad\u00e1s k\u00e9t r\u00e9szb\u0151l \u00e1ll:<\/strong><\/p>\n<ol>\n<li>Dr. Balatonyi Lilla: T\u00f6bb, mint egy rossz szok\u00e1s: felev\u00e9s \u00e9s er\u0151forr\u00e1s eg\u00e9szs\u00e9g\u00fcgyi h\u00e1ttere<\/li>\n<li>Borodziej Nora CDBC: Felev\u00e9s \u00e9s er\u0151forr\u00e1s bev\u00e9d\u00e9s viselked\u00e9stan szemsz\u00f6g\u00e9b\u0151l: praktikus<br \/>\nstrat\u00e9gi\u00e1k megel\u0151z\u00e9sre \u00e9s kezel\u00e9sre<\/li>\n<\/ol>\n<p><strong>El\u0151ad\u00e1s hossza: 170p<\/strong><\/p>\n<p><iframe title=\"YouTube video player\" src=\"https:\/\/www.youtube.com\/embed\/0tSv5y5WpX8?si=SJ3SKfTLplgDIQ7p\" width=\"560\" height=\"315\" frameborder=\"0\" allowfullscreen=\"allowfullscreen\"><\/iframe><br \/>\n<b><\/b><\/p>\n<p><b>\ud83d\udca1 Ha tetszett az el\u0151n\u00e9zet, kattints a gombra \u00e9s m\u00e1r kezd\u0151dhet is a tanul\u00e1s!<br \/>\n<\/b>&#8211; V\u00e1s\u00e1rl\u00e1s ut\u00e1n <strong>azonnal el\u00e9red a webin\u00e1rt a fi\u00f3kodban<\/strong>, a <strong>\u201eVide\u00f3im\u201d men\u00fcpontban<\/strong>, vagy a <strong>Fi\u00f3kom &gt; Let\u00f6lt\u00e9sek alatt<\/strong>.<br \/>\n&#8211; A felv\u00e9telt <strong>korl\u00e1tlan ideig visszan\u00e9zheted<\/strong>, b\u00e1rmikor, saj\u00e1t temp\u00f3dban.<br \/>\n&#8211; Fizet\u00e9shez <strong>biztons\u00e1gos bankk\u00e1rty\u00e1s SimplePay rendszer<\/strong>\u00fcnket haszn\u00e1lhatod.<b><br \/>\n<\/b><\/p>\n<form class=\"cart\" enctype=\"multipart\/form-data\" method=\"post\"><button class=\"single_add_to_cart_button button alt\" style=\"font-size: 16px; padding: 14px 28px; margin: 0px 0px;\" name=\"add-to-cart\" type=\"submit\" value=\"455\">Kos\u00e1rba teszem<\/button><\/form>\n","protected":false},"excerpt":{"rendered":"<p><strong>A felev\u00e9s gyakran csak bosszant\u00f3 szok\u00e1snak t\u0171nik, de komoly eg\u00e9szs\u00e9g\u00fcgyi \u00e9s viselked\u00e9si kock\u00e1zatokat rejthet.<\/strong> Mikor sz\u00e1m\u00edt ez m\u00e9g term\u00e9szetes viselked\u00e9snek, \u00e9s mikor \u00e9rdemes beavatkozni?<\/p>\n<p><strong>Az er\u0151forr\u00e1s bev\u00e9d\u00e9se<\/strong> \u2013 p\u00e9ld\u00e1ul t\u00e1l, j\u00e1t\u00e9k vagy fekhely \u0151rz\u00e9se \u2013 a kuty\u00e1k term\u00e9szetes viselked\u00e9si reperto\u00e1rj\u00e1hoz tartozik, m\u00e9gis sokszor konfliktust sz\u00fcl a gazdi \u00e9s kedvence k\u00f6z\u00f6tt. <strong>Mikor besz\u00e9l\u00fcnk eg\u00e9szs\u00e9ges hat\u00e1rokr\u00f3l, \u00e9s mikor vesz\u00e9lyes ez a magatart\u00e1s?<\/strong><\/p>\n<p>Az el\u0151ad\u00e1sokb\u00f3l megtudhatod, milyen eg\u00e9szs\u00e9g\u00fcgyi okok h\u00faz\u00f3dhatnak meg m\u00f6g\u00f6tte (p\u00e9ld\u00e1ul f\u00e1jdalom vagy alv\u00e1szavar), \u00e9s hogyan kezelhet\u0151 viselked\u00e9str\u00e9ninggel a probl\u00e9ma.<\/p>\n","protected":false},"featured_media":989,"template":"","meta":[],"product_brand":[],"product_cat":[22,15,20,19],"product_tag":[],"class_list":{"0":"post-991","1":"product","2":"type-product","3":"status-publish","4":"has-post-thumbnail","6":"product_cat-kutya-egeszsege","7":"product_cat-minden-termek","8":"product_cat-trening-viselkedesterapia","9":"product_cat-viselkedesi-problemak","11":"first","12":"instock","13":"downloadable","14":"virtual","15":"sold-individually","16":"purchasable","17":"product-type-simple"},"yoast_head":"<!-- This site is optimized with the Yoast SEO plugin v27.5 - https:\/\/yoast.com\/product\/yoast-seo-wordpress\/ -->\n<title>K\u00f6pd ki! Mindent a felev\u00e9sr\u0151l \u00e9s az er\u0151forr\u00e1s bev\u00e9d\u00e9sr\u0151l -<\/title>\n<meta name=\"description\" content=\"A f\u00f6ldr\u0151l felev\u00e9s \u00e9s az er\u0151forr\u00e1s bev\u00e9d\u00e9s gyakori probl\u00e9m\u00e1k a kuty\u00e1kn\u00e1l. Hol van a hat\u00e1r term\u00e9szetes viselked\u00e9s \u00e9s viselked\u00e9si zavar k\u00f6z\u00f6tt?\" \/>\n<meta name=\"robots\" content=\"index, follow, max-snippet:-1, max-image-preview:large, max-video-preview:-1\" \/>\n<link rel=\"canonical\" href=\"https:\/\/kutyazzokosan.hu\/?product=feleves-es-eroforras-bevedes\" \/>\n<meta property=\"og:locale\" content=\"hu_HU\" \/>\n<meta property=\"og:type\" content=\"article\" \/>\n<meta property=\"og:title\" content=\"K\u00f6pd ki! Mindent a felev\u00e9sr\u0151l \u00e9s az er\u0151forr\u00e1s bev\u00e9d\u00e9sr\u0151l -\" \/>\n<meta property=\"og:description\" content=\"A f\u00f6ldr\u0151l felev\u00e9s \u00e9s az er\u0151forr\u00e1s bev\u00e9d\u00e9s gyakori probl\u00e9m\u00e1k a kuty\u00e1kn\u00e1l. Hol van a hat\u00e1r term\u00e9szetes viselked\u00e9s \u00e9s viselked\u00e9si zavar k\u00f6z\u00f6tt?\" \/>\n<meta property=\"og:url\" content=\"https:\/\/kutyazzokosan.hu\/?product=feleves-es-eroforras-bevedes\" \/>\n<meta property=\"article:modified_time\" content=\"2026-01-01T00:31:19+00:00\" \/>\n<meta property=\"og:image\" content=\"https:\/\/kutyazzokosan.hu\/wp-content\/uploads\/2025\/12\/kopdki.png\" \/>\n\t<meta property=\"og:image:width\" content=\"300\" \/>\n\t<meta property=\"og:image:height\" content=\"300\" \/>\n\t<meta property=\"og:image:type\" content=\"image\/png\" \/>\n<meta name=\"twitter:card\" content=\"summary_large_image\" \/>\n<meta name=\"twitter:label1\" content=\"Becs\u00fclt olvas\u00e1si id\u0151\" \/>\n\t<meta name=\"twitter:data1\" content=\"2 perc\" \/>\n<script type=\"application\/ld+json\" class=\"yoast-schema-graph\">{\"@context\":\"https:\\\/\\\/schema.org\",\"@graph\":[{\"@type\":\"WebPage\",\"@id\":\"https:\\\/\\\/kutyazzokosan.hu\\\/?product=feleves-es-eroforras-bevedes\",\"url\":\"https:\\\/\\\/kutyazzokosan.hu\\\/?product=feleves-es-eroforras-bevedes\",\"name\":\"K\u00f6pd ki! Mindent a felev\u00e9sr\u0151l \u00e9s az er\u0151forr\u00e1s bev\u00e9d\u00e9sr\u0151l -\",\"isPartOf\":{\"@id\":\"https:\\\/\\\/kutyazzokosan.hu\\\/#website\"},\"primaryImageOfPage\":{\"@id\":\"https:\\\/\\\/kutyazzokosan.hu\\\/?product=feleves-es-eroforras-bevedes#primaryimage\"},\"image\":{\"@id\":\"https:\\\/\\\/kutyazzokosan.hu\\\/?product=feleves-es-eroforras-bevedes#primaryimage\"},\"thumbnailUrl\":\"https:\\\/\\\/kutyazzokosan.hu\\\/wp-content\\\/uploads\\\/2025\\\/12\\\/kopdki.png\",\"datePublished\":\"2025-12-09T08:03:08+00:00\",\"dateModified\":\"2026-01-01T00:31:19+00:00\",\"description\":\"A f\u00f6ldr\u0151l felev\u00e9s \u00e9s az er\u0151forr\u00e1s bev\u00e9d\u00e9s gyakori probl\u00e9m\u00e1k a kuty\u00e1kn\u00e1l. Hol van a hat\u00e1r term\u00e9szetes viselked\u00e9s \u00e9s viselked\u00e9si zavar k\u00f6z\u00f6tt?\",\"breadcrumb\":{\"@id\":\"https:\\\/\\\/kutyazzokosan.hu\\\/?product=feleves-es-eroforras-bevedes#breadcrumb\"},\"inLanguage\":\"hu\",\"potentialAction\":[{\"@type\":\"ReadAction\",\"target\":[\"https:\\\/\\\/kutyazzokosan.hu\\\/?product=feleves-es-eroforras-bevedes\"]}]},{\"@type\":\"ImageObject\",\"inLanguage\":\"hu\",\"@id\":\"https:\\\/\\\/kutyazzokosan.hu\\\/?product=feleves-es-eroforras-bevedes#primaryimage\",\"url\":\"https:\\\/\\\/kutyazzokosan.hu\\\/wp-content\\\/uploads\\\/2025\\\/12\\\/kopdki.png\",\"contentUrl\":\"https:\\\/\\\/kutyazzokosan.hu\\\/wp-content\\\/uploads\\\/2025\\\/12\\\/kopdki.png\",\"width\":300,\"height\":300},{\"@type\":\"BreadcrumbList\",\"@id\":\"https:\\\/\\\/kutyazzokosan.hu\\\/?product=feleves-es-eroforras-bevedes#breadcrumb\",\"itemListElement\":[{\"@type\":\"ListItem\",\"position\":1,\"name\":\"Kezd\u0151lap\",\"item\":\"https:\\\/\\\/kutyazzokosan.hu\\\/\"},{\"@type\":\"ListItem\",\"position\":2,\"name\":\"Shop\",\"item\":\"https:\\\/\\\/kutyazzokosan.hu\\\/?page_id=7\"},{\"@type\":\"ListItem\",\"position\":3,\"name\":\"K\u00f6pd ki! Mindent a felev\u00e9sr\u0151l \u00e9s az er\u0151forr\u00e1s bev\u00e9d\u00e9sr\u0151l\"}]},{\"@type\":\"WebSite\",\"@id\":\"https:\\\/\\\/kutyazzokosan.hu\\\/#website\",\"url\":\"https:\\\/\\\/kutyazzokosan.hu\\\/\",\"name\":\"\",\"description\":\"\",\"potentialAction\":[{\"@type\":\"SearchAction\",\"target\":{\"@type\":\"EntryPoint\",\"urlTemplate\":\"https:\\\/\\\/kutyazzokosan.hu\\\/?s={search_term_string}\"},\"query-input\":{\"@type\":\"PropertyValueSpecification\",\"valueRequired\":true,\"valueName\":\"search_term_string\"}}],\"inLanguage\":\"hu\"}]}<\/script>\n<!-- \/ Yoast SEO plugin. -->","yoast_head_json":{"title":"K\u00f6pd ki! Mindent a felev\u00e9sr\u0151l \u00e9s az er\u0151forr\u00e1s bev\u00e9d\u00e9sr\u0151l -","description":"A f\u00f6ldr\u0151l felev\u00e9s \u00e9s az er\u0151forr\u00e1s bev\u00e9d\u00e9s gyakori probl\u00e9m\u00e1k a kuty\u00e1kn\u00e1l. Hol van a hat\u00e1r term\u00e9szetes viselked\u00e9s \u00e9s viselked\u00e9si zavar k\u00f6z\u00f6tt?","robots":{"index":"index","follow":"follow","max-snippet":"max-snippet:-1","max-image-preview":"max-image-preview:large","max-video-preview":"max-video-preview:-1"},"canonical":"https:\/\/kutyazzokosan.hu\/?product=feleves-es-eroforras-bevedes","og_locale":"hu_HU","og_type":"article","og_title":"K\u00f6pd ki! Mindent a felev\u00e9sr\u0151l \u00e9s az er\u0151forr\u00e1s bev\u00e9d\u00e9sr\u0151l -","og_description":"A f\u00f6ldr\u0151l felev\u00e9s \u00e9s az er\u0151forr\u00e1s bev\u00e9d\u00e9s gyakori probl\u00e9m\u00e1k a kuty\u00e1kn\u00e1l. Hol van a hat\u00e1r term\u00e9szetes viselked\u00e9s \u00e9s viselked\u00e9si zavar k\u00f6z\u00f6tt?","og_url":"https:\/\/kutyazzokosan.hu\/?product=feleves-es-eroforras-bevedes","article_modified_time":"2026-01-01T00:31:19+00:00","og_image":[{"width":300,"height":300,"url":"https:\/\/kutyazzokosan.hu\/wp-content\/uploads\/2025\/12\/kopdki.png","type":"image\/png"}],"twitter_card":"summary_large_image","twitter_misc":{"Becs\u00fclt olvas\u00e1si id\u0151":"2 perc"},"schema":{"@context":"https:\/\/schema.org","@graph":[{"@type":"WebPage","@id":"https:\/\/kutyazzokosan.hu\/?product=feleves-es-eroforras-bevedes","url":"https:\/\/kutyazzokosan.hu\/?product=feleves-es-eroforras-bevedes","name":"K\u00f6pd ki! Mindent a felev\u00e9sr\u0151l \u00e9s az er\u0151forr\u00e1s bev\u00e9d\u00e9sr\u0151l -","isPartOf":{"@id":"https:\/\/kutyazzokosan.hu\/#website"},"primaryImageOfPage":{"@id":"https:\/\/kutyazzokosan.hu\/?product=feleves-es-eroforras-bevedes#primaryimage"},"image":{"@id":"https:\/\/kutyazzokosan.hu\/?product=feleves-es-eroforras-bevedes#primaryimage"},"thumbnailUrl":"https:\/\/kutyazzokosan.hu\/wp-content\/uploads\/2025\/12\/kopdki.png","datePublished":"2025-12-09T08:03:08+00:00","dateModified":"2026-01-01T00:31:19+00:00","description":"A f\u00f6ldr\u0151l felev\u00e9s \u00e9s az er\u0151forr\u00e1s bev\u00e9d\u00e9s gyakori probl\u00e9m\u00e1k a kuty\u00e1kn\u00e1l. Hol van a hat\u00e1r term\u00e9szetes viselked\u00e9s \u00e9s viselked\u00e9si zavar k\u00f6z\u00f6tt?","breadcrumb":{"@id":"https:\/\/kutyazzokosan.hu\/?product=feleves-es-eroforras-bevedes#breadcrumb"},"inLanguage":"hu","potentialAction":[{"@type":"ReadAction","target":["https:\/\/kutyazzokosan.hu\/?product=feleves-es-eroforras-bevedes"]}]},{"@type":"ImageObject","inLanguage":"hu","@id":"https:\/\/kutyazzokosan.hu\/?product=feleves-es-eroforras-bevedes#primaryimage","url":"https:\/\/kutyazzokosan.hu\/wp-content\/uploads\/2025\/12\/kopdki.png","contentUrl":"https:\/\/kutyazzokosan.hu\/wp-content\/uploads\/2025\/12\/kopdki.png","width":300,"height":300},{"@type":"BreadcrumbList","@id":"https:\/\/kutyazzokosan.hu\/?product=feleves-es-eroforras-bevedes#breadcrumb","itemListElement":[{"@type":"ListItem","position":1,"name":"Kezd\u0151lap","item":"https:\/\/kutyazzokosan.hu\/"},{"@type":"ListItem","position":2,"name":"Shop","item":"https:\/\/kutyazzokosan.hu\/?page_id=7"},{"@type":"ListItem","position":3,"name":"K\u00f6pd ki! Mindent a felev\u00e9sr\u0151l \u00e9s az er\u0151forr\u00e1s bev\u00e9d\u00e9sr\u0151l"}]},{"@type":"WebSite","@id":"https:\/\/kutyazzokosan.hu\/#website","url":"https:\/\/kutyazzokosan.hu\/","name":"","description":"","potentialAction":[{"@type":"SearchAction","target":{"@type":"EntryPoint","urlTemplate":"https:\/\/kutyazzokosan.hu\/?s={search_term_string}"},"query-input":{"@type":"PropertyValueSpecification","valueRequired":true,"valueName":"search_term_string"}}],"inLanguage":"hu"}]}},"_links":{"self":[{"href":"https:\/\/kutyazzokosan.hu\/index.php?rest_route=\/wp\/v2\/product\/991","targetHints":{"allow":["GET"]}}],"collection":[{"href":"https:\/\/kutyazzokosan.hu\/index.php?rest_route=\/wp\/v2\/product"}],"about":[{"href":"https:\/\/kutyazzokosan.hu\/index.php?rest_route=\/wp\/v2\/types\/product"}],"wp:featuredmedia":[{"embeddable":true,"href":"https:\/\/kutyazzokosan.hu\/index.php?rest_route=\/wp\/v2\/media\/989"}],"wp:attachment":[{"href":"https:\/\/kutyazzokosan.hu\/index.php?rest_route=%2Fwp%2Fv2%2Fmedia&parent=991"}],"wp:term":[{"taxonomy":"product_brand","embeddable":true,"href":"https:\/\/kutyazzokosan.hu\/index.php?rest_route=%2Fwp%2Fv2%2Fproduct_brand&post=991"},{"taxonomy":"product_cat","embeddable":true,"href":"https:\/\/kutyazzokosan.hu\/index.php?rest_route=%2Fwp%2Fv2%2Fproduct_cat&post=991"},{"taxonomy":"product_tag","embeddable":true,"href":"https:\/\/kutyazzokosan.hu\/index.php?rest_route=%2Fwp%2Fv2%2Fproduct_tag&post=991"}],"curies":[{"name":"wp","href":"https:\/\/api.w.org\/{rel}","templated":true}]}}