
{"id":987,"date":"2025-12-09T08:32:25","date_gmt":"2025-12-09T07:32:25","guid":{"rendered":"https:\/\/kutyazzokosan.hu\/?post_type=product&#038;p=987"},"modified":"2026-01-01T01:31:19","modified_gmt":"2026-01-01T00:31:19","slug":"viselkedesi-problemak-kezeles-trening-egeszseg","status":"publish","type":"product","link":"https:\/\/kutyazzokosan.hu\/?product=viselkedesi-problemak-kezeles-trening-egeszseg","title":{"rendered":"\u00c9rtsd meg a kuty\u00e1d!"},"content":{"rendered":"<h2>Viselked\u00e9si probl\u00e9m\u00e1k tr\u00e9ner \u00e9s \u00e1llatorvos szemsz\u00f6g\u00e9b\u0151l<\/h2>\n<ul>\n<li>Mi\u00e9rt reakt\u00edv a kuty\u00e1m?<\/li>\n<li>Megel\u0151zhetem a viselked\u00e9sprobl\u00e9m\u00e1k kialakul\u00e1s\u00e1t?<\/li>\n<li>Hogyan kezeljem a kuty\u00e1m agressz\u00edv, vagy f\u00e9l\u00e9nk viselked\u00e9s\u00e9t?<\/li>\n<li>Mik azok az esetek, mikor nem el\u00e9g a tr\u00e9ning?<\/li>\n<li>Honnan tudhatom, hogy f\u00e1jdalom \u00e1ll-e a viselked\u00e9se h\u00e1tter\u00e9ben?<\/li>\n<li>Milyen vizsg\u00e1latokat \u00e9rdemes elv\u00e9gezni agressz\u00edv, f\u00e9l\u0151s, reakt\u00edv kuty\u00e1k eset\u00e9ben?<\/li>\n<\/ul>\n<p>A viselked\u00e9sprobl\u00e9m\u00e1k kialakul\u00e1s\u00e1nak okai mindig \u00f6sszetettek.<\/p>\n<p><strong>A kutya genetik\u00e1j\u00e1t\u00f3l a tanul\u00e1st\u00f6rt\u00e9net\u00e9n \u00e1t a kor\u00e1bbi, vagy jelenleg fenn\u00e1ll\u00f3 eg\u00e9szs\u00e9g\u00fcgyi probl\u00e9m\u00e1i mind k\u00f6zrej\u00e1tszanak a viselked\u00e9s\u00e9nek (\u00e9s az azzal kapcsolatos probl\u00e9m\u00e1k) alakul\u00e1s\u00e1ban.<\/strong><\/p>\n<p>A k\u00e9pzett viselked\u00e9sterapeut\u00e1k \u00e9s holisztikusan gondolkoz\u00f3 \u00e1llatorvosok egy\u00fcttm\u0171k\u00f6d\u00e9se \u00e9s szaktud\u00e1sa elengedhetetlen ahhoz, hogy ezt a komplik\u00e1lt ok-okozati rendszert a lehet\u0151 legjobban felt\u00e1rjuk, \u00e9s a gazdinak \u00e9s a kuty\u00e1nak is egy k\u00f6vethet\u0151, komfortos \u00e9s etikus tervet \u00e1ll\u00edthassunk \u00f6ssze.<\/p>\n<p><strong>El\u0151ad\u00e1sunk k\u00fcl\u00f6nlegess\u00e9ge, hogy az elm\u00e9leti tud\u00e1s \u00e1tad\u00e1sa mellett n\u00e9h\u00e1ny k\u00f6z\u00f6s eset\u00fcnk bemutat\u00e1s\u00e1n kereszt\u00fcl belel\u00e1thattok abba is, hogyan zajlik \u00e9s mi\u00e9rt nagyon hasznos az \u00e1llatorvos-tr\u00e9ner kooper\u00e1ci\u00f3.<\/strong><\/p>\n<p><strong>Ez el\u0151ad\u00e1s h\u00e1rom r\u00e9szb\u0151l \u00e1ll:<\/strong><\/p>\n<ol>\n<li>Borodziej Nora, viselked\u00e9sterapeuta: Leggyakoribb viselked\u00e9szavarok kialakul\u00e1sa \u00e9s kezel\u00e9se<\/li>\n<li>dr. Balatonyi Lilla: A viselked\u00e9sprobl\u00e9m\u00e1k h\u00e1tter\u00e9ben \u00e1ll\u00f3 leggyakoribb megbeteged\u00e9sek, illetve azok diagnosztik\u00e1j\u00e1ba.<\/li>\n<li>K\u00f6z\u00f6s esettanulm\u00e1nyok bemutat\u00e1sa<\/li>\n<\/ol>\n<p><strong>El\u0151ad\u00e1s hossza: 210p<\/strong><\/p>\n<p><iframe title=\"YouTube video player\" src=\"https:\/\/www.youtube.com\/embed\/zEzWZGb930A?si=1M7SjYZIfCmoEOfJ\" width=\"560\" height=\"315\" frameborder=\"0\" allowfullscreen=\"allowfullscreen\"><\/iframe><\/p>\n<p><b>\ud83d\udca1 Ha tetszett az el\u0151n\u00e9zet, kattints a gombra \u00e9s m\u00e1r kezd\u0151dhet is a tanul\u00e1s!<br \/>\n<\/b>&#8211; V\u00e1s\u00e1rl\u00e1s ut\u00e1n <strong>azonnal el\u00e9red a webin\u00e1rt a fi\u00f3kodban<\/strong>, a <strong>\u201eVide\u00f3im\u201d men\u00fcpontban<\/strong>, vagy a <strong>Fi\u00f3kom &gt; Let\u00f6lt\u00e9sek alatt<\/strong>.<br \/>\n&#8211; A felv\u00e9telt <strong>korl\u00e1tlan ideig visszan\u00e9zheted<\/strong>, b\u00e1rmikor, saj\u00e1t temp\u00f3dban.<br \/>\n&#8211; Fizet\u00e9shez <strong>biztons\u00e1gos bankk\u00e1rty\u00e1s SimplePay rendszer<\/strong>\u00fcnket haszn\u00e1lhatod.<b><br \/>\n<\/b><\/p>\n<form class=\"cart\" enctype=\"multipart\/form-data\" method=\"post\"><button class=\"single_add_to_cart_button button alt\" style=\"font-size: 16px; padding: 14px 28px; margin: 0px 0px;\" name=\"add-to-cart\" type=\"submit\" value=\"455\">Kos\u00e1rba teszem<\/button><\/form>\n","protected":false},"excerpt":{"rendered":"<p><strong>Viselked\u00e9si probl\u00e9m\u00e1k tr\u00e9ner \u00e9s \u00e1llatorvos szemsz\u00f6g\u00e9b\u0151l:<\/strong><br \/>\nA viselked\u00e9sprobl\u00e9m\u00e1k kialakul\u00e1s\u00e1nak okai mindig \u00f6sszetettek. A k\u00e9pzett viselked\u00e9sterapeut\u00e1k \u00e9s holisztikusan gondolkoz\u00f3 \u00e1llatorvosok egy\u00fcttm\u0171k\u00f6d\u00e9se \u00e9s szaktud\u00e1sa elengedhetetlen ahhoz, hogy ezt a komplik\u00e1lt ok-okozati rendszert a lehet\u0151 legjobban felt\u00e1rjuk, \u00e9s a gazdinak \u00e9s a kuty\u00e1nak is egy k\u00f6vethet\u0151, komfortos \u00e9s etikus tervet \u00e1ll\u00edthassunk \u00f6ssze.<\/p>\n<p><strong>El\u0151ad\u00e1sunk k\u00fcl\u00f6nlegess\u00e9ge, hogy az elm\u00e9leti tud\u00e1s \u00e1tad\u00e1sa mellett n\u00e9h\u00e1ny k\u00f6z\u00f6s eset\u00fcnk bemutat\u00e1s\u00e1n kereszt\u00fcl belel\u00e1thattok abba is, hogyan zajlik \u00e9s mi\u00e9rt nagyon hasznos az \u00e1llatorvos-tr\u00e9ner kooper\u00e1ci\u00f3.<\/strong><\/p>\n","protected":false},"featured_media":988,"template":"","meta":[],"product_brand":[],"product_cat":[15,20,19],"product_tag":[],"class_list":{"0":"post-987","1":"product","2":"type-product","3":"status-publish","4":"has-post-thumbnail","6":"product_cat-minden-termek","7":"product_cat-trening-viselkedesterapia","8":"product_cat-viselkedesi-problemak","10":"first","11":"instock","12":"downloadable","13":"virtual","14":"sold-individually","15":"purchasable","16":"product-type-simple"},"yoast_head":"<!-- This site is optimized with the Yoast SEO plugin v27.5 - https:\/\/yoast.com\/product\/yoast-seo-wordpress\/ -->\n<title>\u00c9rtsd meg a kuty\u00e1d! -<\/title>\n<meta name=\"description\" content=\"Tr\u00e9nerk\u00e9nt \u00e9s \u00e1llatorvosk\u00e9nt mutatjuk, hogyan k\u00f6z\u00f6sen, holisztikusan k\u00f6zel\u00edtj\u00fck meg s\u00falyos viselked\u00e9si probl\u00e9m\u00e1kat.\" \/>\n<meta name=\"robots\" content=\"index, follow, max-snippet:-1, max-image-preview:large, max-video-preview:-1\" \/>\n<link rel=\"canonical\" href=\"https:\/\/kutyazzokosan.hu\/?product=viselkedesi-problemak-kezeles-trening-egeszseg\" \/>\n<meta property=\"og:locale\" content=\"hu_HU\" \/>\n<meta property=\"og:type\" content=\"article\" \/>\n<meta property=\"og:title\" content=\"\u00c9rtsd meg a kuty\u00e1d! -\" \/>\n<meta property=\"og:description\" content=\"Tr\u00e9nerk\u00e9nt \u00e9s \u00e1llatorvosk\u00e9nt mutatjuk, hogyan k\u00f6z\u00f6sen, holisztikusan k\u00f6zel\u00edtj\u00fck meg s\u00falyos viselked\u00e9si probl\u00e9m\u00e1kat.\" \/>\n<meta property=\"og:url\" content=\"https:\/\/kutyazzokosan.hu\/?product=viselkedesi-problemak-kezeles-trening-egeszseg\" \/>\n<meta property=\"article:modified_time\" content=\"2026-01-01T00:31:19+00:00\" \/>\n<meta property=\"og:image\" content=\"https:\/\/kutyazzokosan.hu\/wp-content\/uploads\/2025\/12\/ertsdeg.png\" \/>\n\t<meta property=\"og:image:width\" content=\"300\" \/>\n\t<meta property=\"og:image:height\" content=\"300\" \/>\n\t<meta property=\"og:image:type\" content=\"image\/png\" \/>\n<meta name=\"twitter:card\" content=\"summary_large_image\" \/>\n<meta name=\"twitter:label1\" content=\"Becs\u00fclt olvas\u00e1si id\u0151\" \/>\n\t<meta name=\"twitter:data1\" content=\"2 perc\" \/>\n<script type=\"application\/ld+json\" class=\"yoast-schema-graph\">{\"@context\":\"https:\\\/\\\/schema.org\",\"@graph\":[{\"@type\":\"WebPage\",\"@id\":\"https:\\\/\\\/kutyazzokosan.hu\\\/?product=viselkedesi-problemak-kezeles-trening-egeszseg\",\"url\":\"https:\\\/\\\/kutyazzokosan.hu\\\/?product=viselkedesi-problemak-kezeles-trening-egeszseg\",\"name\":\"\u00c9rtsd meg a kuty\u00e1d! -\",\"isPartOf\":{\"@id\":\"https:\\\/\\\/kutyazzokosan.hu\\\/#website\"},\"primaryImageOfPage\":{\"@id\":\"https:\\\/\\\/kutyazzokosan.hu\\\/?product=viselkedesi-problemak-kezeles-trening-egeszseg#primaryimage\"},\"image\":{\"@id\":\"https:\\\/\\\/kutyazzokosan.hu\\\/?product=viselkedesi-problemak-kezeles-trening-egeszseg#primaryimage\"},\"thumbnailUrl\":\"https:\\\/\\\/kutyazzokosan.hu\\\/wp-content\\\/uploads\\\/2025\\\/12\\\/ertsdeg.png\",\"datePublished\":\"2025-12-09T07:32:25+00:00\",\"dateModified\":\"2026-01-01T00:31:19+00:00\",\"description\":\"Tr\u00e9nerk\u00e9nt \u00e9s \u00e1llatorvosk\u00e9nt mutatjuk, hogyan k\u00f6z\u00f6sen, holisztikusan k\u00f6zel\u00edtj\u00fck meg s\u00falyos viselked\u00e9si probl\u00e9m\u00e1kat.\",\"breadcrumb\":{\"@id\":\"https:\\\/\\\/kutyazzokosan.hu\\\/?product=viselkedesi-problemak-kezeles-trening-egeszseg#breadcrumb\"},\"inLanguage\":\"hu\",\"potentialAction\":[{\"@type\":\"ReadAction\",\"target\":[\"https:\\\/\\\/kutyazzokosan.hu\\\/?product=viselkedesi-problemak-kezeles-trening-egeszseg\"]}]},{\"@type\":\"ImageObject\",\"inLanguage\":\"hu\",\"@id\":\"https:\\\/\\\/kutyazzokosan.hu\\\/?product=viselkedesi-problemak-kezeles-trening-egeszseg#primaryimage\",\"url\":\"https:\\\/\\\/kutyazzokosan.hu\\\/wp-content\\\/uploads\\\/2025\\\/12\\\/ertsdeg.png\",\"contentUrl\":\"https:\\\/\\\/kutyazzokosan.hu\\\/wp-content\\\/uploads\\\/2025\\\/12\\\/ertsdeg.png\",\"width\":300,\"height\":300},{\"@type\":\"BreadcrumbList\",\"@id\":\"https:\\\/\\\/kutyazzokosan.hu\\\/?product=viselkedesi-problemak-kezeles-trening-egeszseg#breadcrumb\",\"itemListElement\":[{\"@type\":\"ListItem\",\"position\":1,\"name\":\"Kezd\u0151lap\",\"item\":\"https:\\\/\\\/kutyazzokosan.hu\\\/\"},{\"@type\":\"ListItem\",\"position\":2,\"name\":\"Shop\",\"item\":\"https:\\\/\\\/kutyazzokosan.hu\\\/?page_id=7\"},{\"@type\":\"ListItem\",\"position\":3,\"name\":\"\u00c9rtsd meg a kuty\u00e1d!\"}]},{\"@type\":\"WebSite\",\"@id\":\"https:\\\/\\\/kutyazzokosan.hu\\\/#website\",\"url\":\"https:\\\/\\\/kutyazzokosan.hu\\\/\",\"name\":\"\",\"description\":\"\",\"potentialAction\":[{\"@type\":\"SearchAction\",\"target\":{\"@type\":\"EntryPoint\",\"urlTemplate\":\"https:\\\/\\\/kutyazzokosan.hu\\\/?s={search_term_string}\"},\"query-input\":{\"@type\":\"PropertyValueSpecification\",\"valueRequired\":true,\"valueName\":\"search_term_string\"}}],\"inLanguage\":\"hu\"}]}<\/script>\n<!-- \/ Yoast SEO plugin. -->","yoast_head_json":{"title":"\u00c9rtsd meg a kuty\u00e1d! -","description":"Tr\u00e9nerk\u00e9nt \u00e9s \u00e1llatorvosk\u00e9nt mutatjuk, hogyan k\u00f6z\u00f6sen, holisztikusan k\u00f6zel\u00edtj\u00fck meg s\u00falyos viselked\u00e9si probl\u00e9m\u00e1kat.","robots":{"index":"index","follow":"follow","max-snippet":"max-snippet:-1","max-image-preview":"max-image-preview:large","max-video-preview":"max-video-preview:-1"},"canonical":"https:\/\/kutyazzokosan.hu\/?product=viselkedesi-problemak-kezeles-trening-egeszseg","og_locale":"hu_HU","og_type":"article","og_title":"\u00c9rtsd meg a kuty\u00e1d! -","og_description":"Tr\u00e9nerk\u00e9nt \u00e9s \u00e1llatorvosk\u00e9nt mutatjuk, hogyan k\u00f6z\u00f6sen, holisztikusan k\u00f6zel\u00edtj\u00fck meg s\u00falyos viselked\u00e9si probl\u00e9m\u00e1kat.","og_url":"https:\/\/kutyazzokosan.hu\/?product=viselkedesi-problemak-kezeles-trening-egeszseg","article_modified_time":"2026-01-01T00:31:19+00:00","og_image":[{"width":300,"height":300,"url":"https:\/\/kutyazzokosan.hu\/wp-content\/uploads\/2025\/12\/ertsdeg.png","type":"image\/png"}],"twitter_card":"summary_large_image","twitter_misc":{"Becs\u00fclt olvas\u00e1si id\u0151":"2 perc"},"schema":{"@context":"https:\/\/schema.org","@graph":[{"@type":"WebPage","@id":"https:\/\/kutyazzokosan.hu\/?product=viselkedesi-problemak-kezeles-trening-egeszseg","url":"https:\/\/kutyazzokosan.hu\/?product=viselkedesi-problemak-kezeles-trening-egeszseg","name":"\u00c9rtsd meg a kuty\u00e1d! -","isPartOf":{"@id":"https:\/\/kutyazzokosan.hu\/#website"},"primaryImageOfPage":{"@id":"https:\/\/kutyazzokosan.hu\/?product=viselkedesi-problemak-kezeles-trening-egeszseg#primaryimage"},"image":{"@id":"https:\/\/kutyazzokosan.hu\/?product=viselkedesi-problemak-kezeles-trening-egeszseg#primaryimage"},"thumbnailUrl":"https:\/\/kutyazzokosan.hu\/wp-content\/uploads\/2025\/12\/ertsdeg.png","datePublished":"2025-12-09T07:32:25+00:00","dateModified":"2026-01-01T00:31:19+00:00","description":"Tr\u00e9nerk\u00e9nt \u00e9s \u00e1llatorvosk\u00e9nt mutatjuk, hogyan k\u00f6z\u00f6sen, holisztikusan k\u00f6zel\u00edtj\u00fck meg s\u00falyos viselked\u00e9si probl\u00e9m\u00e1kat.","breadcrumb":{"@id":"https:\/\/kutyazzokosan.hu\/?product=viselkedesi-problemak-kezeles-trening-egeszseg#breadcrumb"},"inLanguage":"hu","potentialAction":[{"@type":"ReadAction","target":["https:\/\/kutyazzokosan.hu\/?product=viselkedesi-problemak-kezeles-trening-egeszseg"]}]},{"@type":"ImageObject","inLanguage":"hu","@id":"https:\/\/kutyazzokosan.hu\/?product=viselkedesi-problemak-kezeles-trening-egeszseg#primaryimage","url":"https:\/\/kutyazzokosan.hu\/wp-content\/uploads\/2025\/12\/ertsdeg.png","contentUrl":"https:\/\/kutyazzokosan.hu\/wp-content\/uploads\/2025\/12\/ertsdeg.png","width":300,"height":300},{"@type":"BreadcrumbList","@id":"https:\/\/kutyazzokosan.hu\/?product=viselkedesi-problemak-kezeles-trening-egeszseg#breadcrumb","itemListElement":[{"@type":"ListItem","position":1,"name":"Kezd\u0151lap","item":"https:\/\/kutyazzokosan.hu\/"},{"@type":"ListItem","position":2,"name":"Shop","item":"https:\/\/kutyazzokosan.hu\/?page_id=7"},{"@type":"ListItem","position":3,"name":"\u00c9rtsd meg a kuty\u00e1d!"}]},{"@type":"WebSite","@id":"https:\/\/kutyazzokosan.hu\/#website","url":"https:\/\/kutyazzokosan.hu\/","name":"","description":"","potentialAction":[{"@type":"SearchAction","target":{"@type":"EntryPoint","urlTemplate":"https:\/\/kutyazzokosan.hu\/?s={search_term_string}"},"query-input":{"@type":"PropertyValueSpecification","valueRequired":true,"valueName":"search_term_string"}}],"inLanguage":"hu"}]}},"_links":{"self":[{"href":"https:\/\/kutyazzokosan.hu\/index.php?rest_route=\/wp\/v2\/product\/987","targetHints":{"allow":["GET"]}}],"collection":[{"href":"https:\/\/kutyazzokosan.hu\/index.php?rest_route=\/wp\/v2\/product"}],"about":[{"href":"https:\/\/kutyazzokosan.hu\/index.php?rest_route=\/wp\/v2\/types\/product"}],"wp:featuredmedia":[{"embeddable":true,"href":"https:\/\/kutyazzokosan.hu\/index.php?rest_route=\/wp\/v2\/media\/988"}],"wp:attachment":[{"href":"https:\/\/kutyazzokosan.hu\/index.php?rest_route=%2Fwp%2Fv2%2Fmedia&parent=987"}],"wp:term":[{"taxonomy":"product_brand","embeddable":true,"href":"https:\/\/kutyazzokosan.hu\/index.php?rest_route=%2Fwp%2Fv2%2Fproduct_brand&post=987"},{"taxonomy":"product_cat","embeddable":true,"href":"https:\/\/kutyazzokosan.hu\/index.php?rest_route=%2Fwp%2Fv2%2Fproduct_cat&post=987"},{"taxonomy":"product_tag","embeddable":true,"href":"https:\/\/kutyazzokosan.hu\/index.php?rest_route=%2Fwp%2Fv2%2Fproduct_tag&post=987"}],"curies":[{"name":"wp","href":"https:\/\/api.w.org\/{rel}","templated":true}]}}