
{"id":939,"date":"2025-10-13T09:19:48","date_gmt":"2025-10-13T07:19:48","guid":{"rendered":"https:\/\/kutyazzokosan.hu\/?post_type=product&#038;p=939"},"modified":"2026-01-01T12:27:45","modified_gmt":"2026-01-01T11:27:45","slug":"reaktiv-a-kutyam-mit-csinaljak","status":"publish","type":"product","link":"https:\/\/kutyazzokosan.hu\/?product=reaktiv-a-kutyam-mit-csinaljak","title":{"rendered":"Seg\u00edts\u00e9g, reakt\u00edv a kuty\u00e1m!"},"content":{"rendered":"<p>Egyre t\u00f6bb kontextusban hallani azt, hogy egy kutya reakt\u00edv, \u00e9s t\u00e9nyleg egyre t\u00f6bb kit\u00e1mad\u00f3, ugat\u00f3 kuty\u00e1t l\u00e1tunk nap mint nap az utc\u00e1n. De mit is jelent pontosan a reaktivit\u00e1s?<\/p>\n<p><b>Neked val\u00f3 a webin\u00e1r, ha m\u00e1r feltetted magadnak a k\u00e9rd\u00e9st:<\/b><\/p>\n<ul>\n<li>reakt\u00edv a kuty\u00e1m csak az\u00e9rt, mert ugat bizonyos dolgokra?<\/li>\n<li>ha ugat, az azt jelenti, hogy biztos f\u00e9l?<\/li>\n<li>p\u00f3r\u00e1zon \u00f6rd\u00f6g, pedig p\u00f3r\u00e1z n\u00e9lk\u00fcl sz\u00e9pen kommunik\u00e1l m\u00e1s kuty\u00e1kkal &#8211; mi\u00e9rt?<\/li>\n<li>minden csak engedelmess\u00e9g \u00e9s fegyelem k\u00e9rd\u00e9se?<\/li>\n<\/ul>\n<p><b>A webin\u00e1ron k\u00f6rbej\u00e1rjuk a reaktivit\u00e1ssal kapcsolatos legfontosabb t\u00e9m\u00e1kat, mind az elm\u00e9leti, mind a gyakorlati oldalr\u00f3l.<\/b><\/p>\n<p><b>70p ELM\u00c9LETI BLOKK:<\/b><\/p>\n<ul>\n<li>mikor mondhatjuk egy kuty\u00e1r\u00f3l azt, hogy &#8222;reakt\u00edv&#8221;?<\/li>\n<li>mik a kiv\u00e1lt\u00f3 okok?<\/li>\n<li>a reaktivit\u00e1s mint \u00e9rzelmi alap\u00fa reakci\u00f3 vs. tanult viselked\u00e9s<\/li>\n<li>gyakori &#8222;t\u00e1rsbetegs\u00e9gek&#8221;<\/li>\n<li>tr\u00e9ning terv k\u00e9sz\u00edt\u00e9se \u00e9s ki\u00e9rt\u00e9kel\u00e9se<\/li>\n<\/ul>\n<p><b>80p GYAKORLATI BLOKK, vide\u00f3kkal<\/b><\/p>\n<ul>\n<li>j\u00f3l\u00e9t az els\u0151 \u00e9s a legfontosabb<\/li>\n<li>milyen helyzetekben tr\u00e9ningezz\u00fcnk, milyen helyzeteket menedzselj\u00fcnk?<\/li>\n<li>menedzsment eszk\u00f6z\u00f6k: hogyan tudom cs\u00f6kkenteni a kit\u00e1mad\u00e1sok gyakoris\u00e1g\u00e1t \u00e9s intenzit\u00e1s\u00e1t?<\/li>\n<li>tr\u00e9ning eszk\u00f6z\u00f6k: hogyan tudok v\u00e1ltoztatni a kutya viselked\u00e9s\u00e9n?<\/li>\n<li>az emberi oldal: hogyan tudok v\u00e1ltoztatni a saj\u00e1t viselked\u00e9semen, hogy jobban t\u00e1mogassam a kuty\u00e1mat?<\/li>\n<li>3 esettanulm\u00e1ny<\/li>\n<\/ul>\n<p><strong>El\u0151ad\u00e1s hossza:<\/strong> 180p<\/p>\n<p><iframe title=\"YouTube video player\" src=\"https:\/\/www.youtube.com\/embed\/JsrkV0etUTc?si=nvU_eq3___VCYayp\" width=\"560\" height=\"315\" frameborder=\"0\" allowfullscreen=\"allowfullscreen\"><\/iframe><\/p>\n<p><b>\ud83d\udca1 Ha tetszett az el\u0151n\u00e9zet, kattints a gombra \u00e9s m\u00e1r kezd\u0151dhet is a tanul\u00e1s!<br \/>\n<\/b>&#8211; V\u00e1s\u00e1rl\u00e1s ut\u00e1n <strong>azonnal el\u00e9red a webin\u00e1rt a fi\u00f3kodban<\/strong>, a <strong>\u201eVide\u00f3im\u201d men\u00fcpontban<\/strong>, vagy a <strong>Fi\u00f3kom &gt; Let\u00f6lt\u00e9sek alatt<\/strong>.<br \/>\n&#8211; A felv\u00e9telt <strong>korl\u00e1tlan ideig visszan\u00e9zheted<\/strong>, b\u00e1rmikor, saj\u00e1t temp\u00f3dban.<br \/>\n&#8211; Fizet\u00e9shez <strong>biztons\u00e1gos bankk\u00e1rty\u00e1s SimplePay rendszer<\/strong>\u00fcnket haszn\u00e1lhatod.<b><br \/>\n<\/b><\/p>\n<form class=\"cart\" enctype=\"multipart\/form-data\" method=\"post\"><button class=\"single_add_to_cart_button button alt\" style=\"font-size: 16px; padding: 14px 28px; margin: 0px 0px;\" name=\"add-to-cart\" type=\"submit\" value=\"455\">Kos\u00e1rba teszem<\/button><\/form>\n","protected":false},"excerpt":{"rendered":"<p>Egyre t\u00f6bb kontextusban hallani azt, hogy egy kutya reakt\u00edv, \u00e9s t\u00e9nyleg egyre t\u00f6bb kit\u00e1mad\u00f3, ugat\u00f3 kuty\u00e1t l\u00e1tunk nap mint nap az utc\u00e1n. De mit is jelent pontosan a reaktivit\u00e1s?<\/p>\n<p><b>Neked val\u00f3 a webin\u00e1r, ha m\u00e1r feltetted magadnak a k\u00e9rd\u00e9st:<\/b><\/p>\n<ul>\n<li>reakt\u00edv a kuty\u00e1m csak az\u00e9rt, mert ugat bizonyos dolgokra?<\/li>\n<li>ha ugat, az azt jelenti, hogy biztos f\u00e9l?<\/li>\n<li>p\u00f3r\u00e1zon \u00f6rd\u00f6g, pedig p\u00f3r\u00e1z n\u00e9lk\u00fcl sz\u00e9pen kommunik\u00e1l m\u00e1s kuty\u00e1kkal &#8211; mi\u00e9rt?<\/li>\n<li>minden csak engedelmess\u00e9g \u00e9s fegyelem k\u00e9rd\u00e9se?<\/li>\n<\/ul>\n<p><strong>Borodziej<\/strong> el\u0151ad\u00e1s\u00e1ban\u00a0<strong><b>k\u00f6rbej\u00e1rjuk a reaktivit\u00e1ssal kapcsolatos legfontosabb t\u00e9m\u00e1kat, mind az elm\u00e9leti, mind a gyakorlati oldalr\u00f3l.<\/b><\/strong><\/p>\n<p>A Webin\u00e1r hossza: 180 perc. \u00a0V\u00e1s\u00e1rl\u00e1s ut\u00e1n <strong>azonnal el\u00e9red fi\u00f3kodban<\/strong>, \u00e9s <strong>korl\u00e1tlan ideig visszan\u00e9zheted!<\/strong><\/p>\n","protected":false},"featured_media":942,"template":"","meta":[],"product_brand":[],"product_cat":[15,20,19],"product_tag":[],"class_list":{"0":"post-939","1":"product","2":"type-product","3":"status-publish","4":"has-post-thumbnail","6":"product_cat-minden-termek","7":"product_cat-trening-viselkedesterapia","8":"product_cat-viselkedesi-problemak","10":"first","11":"instock","12":"downloadable","13":"virtual","14":"purchasable","15":"product-type-simple"},"yoast_head":"<!-- This site is optimized with the Yoast SEO plugin v27.4 - https:\/\/yoast.com\/product\/yoast-seo-wordpress\/ -->\n<title>Seg\u00edts\u00e9g, reakt\u00edv a kuty\u00e1m! -<\/title>\n<meta name=\"robots\" content=\"index, follow, max-snippet:-1, max-image-preview:large, max-video-preview:-1\" \/>\n<link rel=\"canonical\" href=\"https:\/\/kutyazzokosan.hu\/?product=reaktiv-a-kutyam-mit-csinaljak\" \/>\n<meta property=\"og:locale\" content=\"hu_HU\" \/>\n<meta property=\"og:type\" content=\"article\" \/>\n<meta property=\"og:title\" content=\"Seg\u00edts\u00e9g, reakt\u00edv a kuty\u00e1m! -\" \/>\n<meta property=\"og:description\" content=\"Egyre t\u00f6bb kontextusban hallani azt, hogy egy kutya reakt\u00edv, \u00e9s t\u00e9nyleg egyre t\u00f6bb kit\u00e1mad\u00f3, ugat\u00f3 kuty\u00e1t l\u00e1tunk nap mint nap az utc\u00e1n. De mit is jelent pontosan a reaktivit\u00e1s?  Neked val\u00f3 a webin\u00e1r, ha m\u00e1r feltetted magadnak a k\u00e9rd\u00e9st:   reakt\u00edv a kuty\u00e1m csak az\u00e9rt, mert ugat bizonyos dolgokra?  ha ugat, az azt jelenti, hogy biztos f\u00e9l?  p\u00f3r\u00e1zon \u00f6rd\u00f6g, pedig p\u00f3r\u00e1z n\u00e9lk\u00fcl sz\u00e9pen kommunik\u00e1l m\u00e1s kuty\u00e1kkal - mi\u00e9rt?  minden csak engedelmess\u00e9g \u00e9s fegyelem k\u00e9rd\u00e9se?  Borodziej el\u0151ad\u00e1s\u00e1ban\u00a0k\u00f6rbej\u00e1rjuk a reaktivit\u00e1ssal kapcsolatos legfontosabb t\u00e9m\u00e1kat, mind az elm\u00e9leti, mind a gyakorlati oldalr\u00f3l.  A Webin\u00e1r hossza: 180 perc. \u00a0V\u00e1s\u00e1rl\u00e1s ut\u00e1n azonnal el\u00e9red fi\u00f3kodban, \u00e9s korl\u00e1tlan ideig visszan\u00e9zheted!\" \/>\n<meta property=\"og:url\" content=\"https:\/\/kutyazzokosan.hu\/?product=reaktiv-a-kutyam-mit-csinaljak\" \/>\n<meta property=\"article:modified_time\" content=\"2026-01-01T11:27:45+00:00\" \/>\n<meta property=\"og:image\" content=\"https:\/\/kutyazzokosan.hu\/wp-content\/uploads\/2025\/10\/reaktvibutton.png\" \/>\n\t<meta property=\"og:image:width\" content=\"300\" \/>\n\t<meta property=\"og:image:height\" content=\"300\" \/>\n\t<meta property=\"og:image:type\" content=\"image\/png\" \/>\n<meta name=\"twitter:card\" content=\"summary_large_image\" \/>\n<meta name=\"twitter:label1\" content=\"Becs\u00fclt olvas\u00e1si id\u0151\" \/>\n\t<meta name=\"twitter:data1\" content=\"2 perc\" \/>\n<script type=\"application\/ld+json\" class=\"yoast-schema-graph\">{\"@context\":\"https:\\\/\\\/schema.org\",\"@graph\":[{\"@type\":\"WebPage\",\"@id\":\"https:\\\/\\\/kutyazzokosan.hu\\\/?product=reaktiv-a-kutyam-mit-csinaljak\",\"url\":\"https:\\\/\\\/kutyazzokosan.hu\\\/?product=reaktiv-a-kutyam-mit-csinaljak\",\"name\":\"Seg\u00edts\u00e9g, reakt\u00edv a kuty\u00e1m! -\",\"isPartOf\":{\"@id\":\"https:\\\/\\\/kutyazzokosan.hu\\\/#website\"},\"primaryImageOfPage\":{\"@id\":\"https:\\\/\\\/kutyazzokosan.hu\\\/?product=reaktiv-a-kutyam-mit-csinaljak#primaryimage\"},\"image\":{\"@id\":\"https:\\\/\\\/kutyazzokosan.hu\\\/?product=reaktiv-a-kutyam-mit-csinaljak#primaryimage\"},\"thumbnailUrl\":\"https:\\\/\\\/kutyazzokosan.hu\\\/wp-content\\\/uploads\\\/2025\\\/10\\\/reaktvibutton.png\",\"datePublished\":\"2025-10-13T07:19:48+00:00\",\"dateModified\":\"2026-01-01T11:27:45+00:00\",\"breadcrumb\":{\"@id\":\"https:\\\/\\\/kutyazzokosan.hu\\\/?product=reaktiv-a-kutyam-mit-csinaljak#breadcrumb\"},\"inLanguage\":\"hu\",\"potentialAction\":[{\"@type\":\"ReadAction\",\"target\":[\"https:\\\/\\\/kutyazzokosan.hu\\\/?product=reaktiv-a-kutyam-mit-csinaljak\"]}]},{\"@type\":\"ImageObject\",\"inLanguage\":\"hu\",\"@id\":\"https:\\\/\\\/kutyazzokosan.hu\\\/?product=reaktiv-a-kutyam-mit-csinaljak#primaryimage\",\"url\":\"https:\\\/\\\/kutyazzokosan.hu\\\/wp-content\\\/uploads\\\/2025\\\/10\\\/reaktvibutton.png\",\"contentUrl\":\"https:\\\/\\\/kutyazzokosan.hu\\\/wp-content\\\/uploads\\\/2025\\\/10\\\/reaktvibutton.png\",\"width\":300,\"height\":300},{\"@type\":\"BreadcrumbList\",\"@id\":\"https:\\\/\\\/kutyazzokosan.hu\\\/?product=reaktiv-a-kutyam-mit-csinaljak#breadcrumb\",\"itemListElement\":[{\"@type\":\"ListItem\",\"position\":1,\"name\":\"Kezd\u0151lap\",\"item\":\"https:\\\/\\\/kutyazzokosan.hu\\\/\"},{\"@type\":\"ListItem\",\"position\":2,\"name\":\"Shop\",\"item\":\"https:\\\/\\\/kutyazzokosan.hu\\\/?page_id=7\"},{\"@type\":\"ListItem\",\"position\":3,\"name\":\"Seg\u00edts\u00e9g, reakt\u00edv a kuty\u00e1m!\"}]},{\"@type\":\"WebSite\",\"@id\":\"https:\\\/\\\/kutyazzokosan.hu\\\/#website\",\"url\":\"https:\\\/\\\/kutyazzokosan.hu\\\/\",\"name\":\"\",\"description\":\"\",\"potentialAction\":[{\"@type\":\"SearchAction\",\"target\":{\"@type\":\"EntryPoint\",\"urlTemplate\":\"https:\\\/\\\/kutyazzokosan.hu\\\/?s={search_term_string}\"},\"query-input\":{\"@type\":\"PropertyValueSpecification\",\"valueRequired\":true,\"valueName\":\"search_term_string\"}}],\"inLanguage\":\"hu\"}]}<\/script>\n<!-- \/ Yoast SEO plugin. -->","yoast_head_json":{"title":"Seg\u00edts\u00e9g, reakt\u00edv a kuty\u00e1m! -","robots":{"index":"index","follow":"follow","max-snippet":"max-snippet:-1","max-image-preview":"max-image-preview:large","max-video-preview":"max-video-preview:-1"},"canonical":"https:\/\/kutyazzokosan.hu\/?product=reaktiv-a-kutyam-mit-csinaljak","og_locale":"hu_HU","og_type":"article","og_title":"Seg\u00edts\u00e9g, reakt\u00edv a kuty\u00e1m! -","og_description":"Egyre t\u00f6bb kontextusban hallani azt, hogy egy kutya reakt\u00edv, \u00e9s t\u00e9nyleg egyre t\u00f6bb kit\u00e1mad\u00f3, ugat\u00f3 kuty\u00e1t l\u00e1tunk nap mint nap az utc\u00e1n. De mit is jelent pontosan a reaktivit\u00e1s?  Neked val\u00f3 a webin\u00e1r, ha m\u00e1r feltetted magadnak a k\u00e9rd\u00e9st:   reakt\u00edv a kuty\u00e1m csak az\u00e9rt, mert ugat bizonyos dolgokra?  ha ugat, az azt jelenti, hogy biztos f\u00e9l?  p\u00f3r\u00e1zon \u00f6rd\u00f6g, pedig p\u00f3r\u00e1z n\u00e9lk\u00fcl sz\u00e9pen kommunik\u00e1l m\u00e1s kuty\u00e1kkal - mi\u00e9rt?  minden csak engedelmess\u00e9g \u00e9s fegyelem k\u00e9rd\u00e9se?  Borodziej el\u0151ad\u00e1s\u00e1ban\u00a0k\u00f6rbej\u00e1rjuk a reaktivit\u00e1ssal kapcsolatos legfontosabb t\u00e9m\u00e1kat, mind az elm\u00e9leti, mind a gyakorlati oldalr\u00f3l.  A Webin\u00e1r hossza: 180 perc. \u00a0V\u00e1s\u00e1rl\u00e1s ut\u00e1n azonnal el\u00e9red fi\u00f3kodban, \u00e9s korl\u00e1tlan ideig visszan\u00e9zheted!","og_url":"https:\/\/kutyazzokosan.hu\/?product=reaktiv-a-kutyam-mit-csinaljak","article_modified_time":"2026-01-01T11:27:45+00:00","og_image":[{"width":300,"height":300,"url":"https:\/\/kutyazzokosan.hu\/wp-content\/uploads\/2025\/10\/reaktvibutton.png","type":"image\/png"}],"twitter_card":"summary_large_image","twitter_misc":{"Becs\u00fclt olvas\u00e1si id\u0151":"2 perc"},"schema":{"@context":"https:\/\/schema.org","@graph":[{"@type":"WebPage","@id":"https:\/\/kutyazzokosan.hu\/?product=reaktiv-a-kutyam-mit-csinaljak","url":"https:\/\/kutyazzokosan.hu\/?product=reaktiv-a-kutyam-mit-csinaljak","name":"Seg\u00edts\u00e9g, reakt\u00edv a kuty\u00e1m! -","isPartOf":{"@id":"https:\/\/kutyazzokosan.hu\/#website"},"primaryImageOfPage":{"@id":"https:\/\/kutyazzokosan.hu\/?product=reaktiv-a-kutyam-mit-csinaljak#primaryimage"},"image":{"@id":"https:\/\/kutyazzokosan.hu\/?product=reaktiv-a-kutyam-mit-csinaljak#primaryimage"},"thumbnailUrl":"https:\/\/kutyazzokosan.hu\/wp-content\/uploads\/2025\/10\/reaktvibutton.png","datePublished":"2025-10-13T07:19:48+00:00","dateModified":"2026-01-01T11:27:45+00:00","breadcrumb":{"@id":"https:\/\/kutyazzokosan.hu\/?product=reaktiv-a-kutyam-mit-csinaljak#breadcrumb"},"inLanguage":"hu","potentialAction":[{"@type":"ReadAction","target":["https:\/\/kutyazzokosan.hu\/?product=reaktiv-a-kutyam-mit-csinaljak"]}]},{"@type":"ImageObject","inLanguage":"hu","@id":"https:\/\/kutyazzokosan.hu\/?product=reaktiv-a-kutyam-mit-csinaljak#primaryimage","url":"https:\/\/kutyazzokosan.hu\/wp-content\/uploads\/2025\/10\/reaktvibutton.png","contentUrl":"https:\/\/kutyazzokosan.hu\/wp-content\/uploads\/2025\/10\/reaktvibutton.png","width":300,"height":300},{"@type":"BreadcrumbList","@id":"https:\/\/kutyazzokosan.hu\/?product=reaktiv-a-kutyam-mit-csinaljak#breadcrumb","itemListElement":[{"@type":"ListItem","position":1,"name":"Kezd\u0151lap","item":"https:\/\/kutyazzokosan.hu\/"},{"@type":"ListItem","position":2,"name":"Shop","item":"https:\/\/kutyazzokosan.hu\/?page_id=7"},{"@type":"ListItem","position":3,"name":"Seg\u00edts\u00e9g, reakt\u00edv a kuty\u00e1m!"}]},{"@type":"WebSite","@id":"https:\/\/kutyazzokosan.hu\/#website","url":"https:\/\/kutyazzokosan.hu\/","name":"","description":"","potentialAction":[{"@type":"SearchAction","target":{"@type":"EntryPoint","urlTemplate":"https:\/\/kutyazzokosan.hu\/?s={search_term_string}"},"query-input":{"@type":"PropertyValueSpecification","valueRequired":true,"valueName":"search_term_string"}}],"inLanguage":"hu"}]}},"_links":{"self":[{"href":"https:\/\/kutyazzokosan.hu\/index.php?rest_route=\/wp\/v2\/product\/939","targetHints":{"allow":["GET"]}}],"collection":[{"href":"https:\/\/kutyazzokosan.hu\/index.php?rest_route=\/wp\/v2\/product"}],"about":[{"href":"https:\/\/kutyazzokosan.hu\/index.php?rest_route=\/wp\/v2\/types\/product"}],"wp:featuredmedia":[{"embeddable":true,"href":"https:\/\/kutyazzokosan.hu\/index.php?rest_route=\/wp\/v2\/media\/942"}],"wp:attachment":[{"href":"https:\/\/kutyazzokosan.hu\/index.php?rest_route=%2Fwp%2Fv2%2Fmedia&parent=939"}],"wp:term":[{"taxonomy":"product_brand","embeddable":true,"href":"https:\/\/kutyazzokosan.hu\/index.php?rest_route=%2Fwp%2Fv2%2Fproduct_brand&post=939"},{"taxonomy":"product_cat","embeddable":true,"href":"https:\/\/kutyazzokosan.hu\/index.php?rest_route=%2Fwp%2Fv2%2Fproduct_cat&post=939"},{"taxonomy":"product_tag","embeddable":true,"href":"https:\/\/kutyazzokosan.hu\/index.php?rest_route=%2Fwp%2Fv2%2Fproduct_tag&post=939"}],"curies":[{"name":"wp","href":"https:\/\/api.w.org\/{rel}","templated":true}]}}