
{"id":455,"date":"2025-06-19T10:52:32","date_gmt":"2025-06-19T08:52:32","guid":{"rendered":"https:\/\/kutyazzokosan.hu\/?post_type=product&#038;p=455"},"modified":"2026-01-01T12:27:57","modified_gmt":"2026-01-01T11:27:57","slug":"csak-a-pozitiv-mindent-a-csak-potitivos-kepzesrol","status":"publish","type":"product","link":"https:\/\/kutyazzokosan.hu\/?product=csak-a-pozitiv-mindent-a-csak-potitivos-kepzesrol","title":{"rendered":"Csak a pozit\u00edv? &#8211; mindent a &#8222;csak pozit\u00edvos&#8221; k\u00e9pz\u00e9sr\u0151l"},"content":{"rendered":"<p>A kutyakik\u00e9pz\u00e9s szinte minden aspektusa rendk\u00edv\u00fcl megoszt\u00f3, r\u00e9szben a r\u00e1nk z\u00fadul\u00f3 inform\u00e1ci\u00f3mennyis\u00e9g, m\u00e1sr\u00e9szt a szakmai szab\u00e1lyz\u00e1s teljes hi\u00e1nya miatt.<\/p>\n<p>A webinar c\u00e9lja nem az \u00e1ll\u00e1sfoglal\u00e1s egyik vagy m\u00e1sik n\u00e9zet mellett, hanem az, hogy a saj\u00e1t \u00e9rt\u00e9krendszer kialak\u00edt\u00e1s\u00e1hoz eszk\u00f6z\u00f6ket biztos\u00edtson a tanul\u00e1se\u00e9lm\u00e9let, az \u00e1llatj\u00f3l\u00e9t, a retorika \u00e9s \u00e9rvel\u00e9stechnika figyelembe v\u00e9tel\u00e9vel.<\/p>\n<p>El\u0151ad\u00f3: Sz\u00e9kely Daniella<br \/>\nWebinar hossza: 172 perc<\/p>\n<p><iframe title=\"YouTube video player\" src=\"https:\/\/www.youtube.com\/embed\/ltlvd9sXZ7c?si=V2-_dw6y-3EomGvi\" width=\"560\" height=\"315\" frameborder=\"0\" allowfullscreen=\"allowfullscreen\"><\/iframe><\/p>\n<p><b>\ud83d\udca1 Ha tetszett az el\u0151n\u00e9zet, kattints a gombra \u00e9s m\u00e1r kezd\u0151dhet is a tanul\u00e1s!<br \/>\n<\/b>&#8211; V\u00e1s\u00e1rl\u00e1s ut\u00e1n <strong>azonnal el\u00e9red a webin\u00e1rt a fi\u00f3kodban<\/strong>, a <strong>\u201eVide\u00f3im\u201d men\u00fcpontban<\/strong>, vagy a <strong>Fi\u00f3kom &gt; Let\u00f6lt\u00e9sek alatt<\/strong>.<br \/>\n&#8211; A felv\u00e9telt <strong>korl\u00e1tlan ideig visszan\u00e9zheted<\/strong>, b\u00e1rmikor, saj\u00e1t temp\u00f3dban.<br \/>\n&#8211; Fizet\u00e9shez <strong>biztons\u00e1gos bankk\u00e1rty\u00e1s SimplePay rendszer<\/strong>\u00fcnket haszn\u00e1lhatod.<b><br \/>\n<\/b><\/p>\n<form class=\"cart\" enctype=\"multipart\/form-data\" method=\"post\"><button class=\"single_add_to_cart_button button alt\" style=\"font-size: 16px; padding: 14px 28px; margin: 0px 0px;\" name=\"add-to-cart\" type=\"submit\" value=\"455\">Kos\u00e1rba teszem<\/button><\/form>\n","protected":false},"excerpt":{"rendered":"<ul>\n<li><strong>L\u00e9teznek-e kem\u00e9ny kuty\u00e1k<\/strong> \u00e9s ha igen, k\u00fcl\u00f6nb\u00f6zik-e a k\u00e9pz\u00e9s\u00fck a &#8222;csal\u00e1di&#8221; kuty\u00e1k\u00e9t\u00f3l?<\/li>\n<li><strong>Van olyan egy\u00e1ltal\u00e1n, hogy &#8222;csak pozit\u00edv&#8221; k\u00e9pz\u00e9s<\/strong> vagy ez csak egy f\u00e9lre\u00e9rtelmez\u00e9s?<\/li>\n<li><strong>Mik a leggyakoribb cs\u00fasztat\u00e1sok \u00e9s \u00e9rvel\u00e9si hib\u00e1k egyik vagy m\u00e1sik &#8222;oldalon&#8221;?<\/strong><\/li>\n<\/ul>\n<p><strong>Sz\u00e9kely Daniella<\/strong> el\u0151ad\u00e1s\u00e1ban\u00a0<strong>t\u00f6bb sz\u00f6gb\u0151l is r\u00e1n\u00e9z\u00fcnk a &#8222;modern&#8221; kutyakik\u00e9pz\u00e9s jelenlegi helyzet\u00e9re<\/strong> \u00e9s cenz\u00fara n\u00e9lk\u00fcl, konstrukt\u00edvan igyeksz\u00fcnk kritik\u00e1t alkotni az egyes \u00e9rtelmez\u00e9sekkel szemben.<\/p>\n<p>A Webin\u00e1r hossza: 172 perc. \u00a0V\u00e1s\u00e1rl\u00e1s ut\u00e1n <strong>azonnal el\u00e9red fi\u00f3kodban<\/strong>, \u00e9s <strong>korl\u00e1tlan ideig visszan\u00e9zheted!<\/strong><\/p>\n","protected":false},"featured_media":648,"template":"","meta":[],"product_brand":[],"product_cat":[21,15,20],"product_tag":[],"class_list":{"0":"post-455","1":"product","2":"type-product","3":"status-publish","4":"has-post-thumbnail","6":"product_cat-alapok-felelos-kutyatartas","7":"product_cat-minden-termek","8":"product_cat-trening-viselkedesterapia","10":"first","11":"instock","12":"downloadable","13":"virtual","14":"sold-individually","15":"purchasable","16":"product-type-simple"},"yoast_head":"<!-- This site is optimized with the Yoast SEO plugin v27.5 - https:\/\/yoast.com\/product\/yoast-seo-wordpress\/ -->\n<title>Csak a pozit\u00edv? - mindent a &quot;csak pozit\u00edvos&quot; k\u00e9pz\u00e9sr\u0151l -<\/title>\n<meta name=\"description\" content=\"Kem\u00e9ny kuty\u00e1k, permissz\u00edv nevel\u00e9s, csal\u00e1di kuty\u00e1k \u00e9s \u00e9rvel\u00e9si hib\u00e1k: a webinaron cenz\u00fara n\u00e9lk\u00fcl kritiz\u00e1ljuk meg egyik \u00e9s m\u00e1sik &quot;oldal&quot; hitt\u00e9teleit.\" \/>\n<meta name=\"robots\" content=\"index, follow, max-snippet:-1, max-image-preview:large, max-video-preview:-1\" \/>\n<link rel=\"canonical\" href=\"https:\/\/kutyazzokosan.hu\/?product=csak-a-pozitiv-mindent-a-csak-potitivos-kepzesrol\" \/>\n<meta property=\"og:locale\" content=\"hu_HU\" \/>\n<meta property=\"og:type\" content=\"article\" \/>\n<meta property=\"og:title\" content=\"Csak a pozit\u00edv? - mindent a &quot;csak pozit\u00edvos&quot; k\u00e9pz\u00e9sr\u0151l -\" \/>\n<meta property=\"og:description\" content=\"Kem\u00e9ny kuty\u00e1k, permissz\u00edv nevel\u00e9s, csal\u00e1di kuty\u00e1k \u00e9s \u00e9rvel\u00e9si hib\u00e1k: a webinaron cenz\u00fara n\u00e9lk\u00fcl kritiz\u00e1ljuk meg egyik \u00e9s m\u00e1sik &quot;oldal&quot; hitt\u00e9teleit.\" \/>\n<meta property=\"og:url\" content=\"https:\/\/kutyazzokosan.hu\/?product=csak-a-pozitiv-mindent-a-csak-potitivos-kepzesrol\" \/>\n<meta property=\"article:modified_time\" content=\"2026-01-01T11:27:57+00:00\" \/>\n<meta property=\"og:image\" content=\"https:\/\/kutyazzokosan.hu\/wp-content\/uploads\/2025\/06\/16.png\" \/>\n\t<meta property=\"og:image:width\" content=\"300\" \/>\n\t<meta property=\"og:image:height\" content=\"300\" \/>\n\t<meta property=\"og:image:type\" content=\"image\/png\" \/>\n<meta name=\"twitter:card\" content=\"summary_large_image\" \/>\n<meta name=\"twitter:label1\" content=\"Becs\u00fclt olvas\u00e1si id\u0151\" \/>\n\t<meta name=\"twitter:data1\" content=\"1 perc\" \/>\n<script type=\"application\/ld+json\" class=\"yoast-schema-graph\">{\"@context\":\"https:\\\/\\\/schema.org\",\"@graph\":[{\"@type\":\"WebPage\",\"@id\":\"https:\\\/\\\/kutyazzokosan.hu\\\/?product=csak-a-pozitiv-mindent-a-csak-potitivos-kepzesrol\",\"url\":\"https:\\\/\\\/kutyazzokosan.hu\\\/?product=csak-a-pozitiv-mindent-a-csak-potitivos-kepzesrol\",\"name\":\"Csak a pozit\u00edv? - mindent a \\\"csak pozit\u00edvos\\\" k\u00e9pz\u00e9sr\u0151l -\",\"isPartOf\":{\"@id\":\"https:\\\/\\\/kutyazzokosan.hu\\\/#website\"},\"primaryImageOfPage\":{\"@id\":\"https:\\\/\\\/kutyazzokosan.hu\\\/?product=csak-a-pozitiv-mindent-a-csak-potitivos-kepzesrol#primaryimage\"},\"image\":{\"@id\":\"https:\\\/\\\/kutyazzokosan.hu\\\/?product=csak-a-pozitiv-mindent-a-csak-potitivos-kepzesrol#primaryimage\"},\"thumbnailUrl\":\"https:\\\/\\\/kutyazzokosan.hu\\\/wp-content\\\/uploads\\\/2025\\\/06\\\/16.png\",\"datePublished\":\"2025-06-19T08:52:32+00:00\",\"dateModified\":\"2026-01-01T11:27:57+00:00\",\"description\":\"Kem\u00e9ny kuty\u00e1k, permissz\u00edv nevel\u00e9s, csal\u00e1di kuty\u00e1k \u00e9s \u00e9rvel\u00e9si hib\u00e1k: a webinaron cenz\u00fara n\u00e9lk\u00fcl kritiz\u00e1ljuk meg egyik \u00e9s m\u00e1sik \\\"oldal\\\" hitt\u00e9teleit.\",\"breadcrumb\":{\"@id\":\"https:\\\/\\\/kutyazzokosan.hu\\\/?product=csak-a-pozitiv-mindent-a-csak-potitivos-kepzesrol#breadcrumb\"},\"inLanguage\":\"hu\",\"potentialAction\":[{\"@type\":\"ReadAction\",\"target\":[\"https:\\\/\\\/kutyazzokosan.hu\\\/?product=csak-a-pozitiv-mindent-a-csak-potitivos-kepzesrol\"]}]},{\"@type\":\"ImageObject\",\"inLanguage\":\"hu\",\"@id\":\"https:\\\/\\\/kutyazzokosan.hu\\\/?product=csak-a-pozitiv-mindent-a-csak-potitivos-kepzesrol#primaryimage\",\"url\":\"https:\\\/\\\/kutyazzokosan.hu\\\/wp-content\\\/uploads\\\/2025\\\/06\\\/16.png\",\"contentUrl\":\"https:\\\/\\\/kutyazzokosan.hu\\\/wp-content\\\/uploads\\\/2025\\\/06\\\/16.png\",\"width\":300,\"height\":300},{\"@type\":\"BreadcrumbList\",\"@id\":\"https:\\\/\\\/kutyazzokosan.hu\\\/?product=csak-a-pozitiv-mindent-a-csak-potitivos-kepzesrol#breadcrumb\",\"itemListElement\":[{\"@type\":\"ListItem\",\"position\":1,\"name\":\"Kezd\u0151lap\",\"item\":\"https:\\\/\\\/kutyazzokosan.hu\\\/\"},{\"@type\":\"ListItem\",\"position\":2,\"name\":\"Shop\",\"item\":\"https:\\\/\\\/kutyazzokosan.hu\\\/?page_id=7\"},{\"@type\":\"ListItem\",\"position\":3,\"name\":\"Csak a pozit\u00edv? &#8211; mindent a &#8222;csak pozit\u00edvos&#8221; k\u00e9pz\u00e9sr\u0151l\"}]},{\"@type\":\"WebSite\",\"@id\":\"https:\\\/\\\/kutyazzokosan.hu\\\/#website\",\"url\":\"https:\\\/\\\/kutyazzokosan.hu\\\/\",\"name\":\"\",\"description\":\"\",\"potentialAction\":[{\"@type\":\"SearchAction\",\"target\":{\"@type\":\"EntryPoint\",\"urlTemplate\":\"https:\\\/\\\/kutyazzokosan.hu\\\/?s={search_term_string}\"},\"query-input\":{\"@type\":\"PropertyValueSpecification\",\"valueRequired\":true,\"valueName\":\"search_term_string\"}}],\"inLanguage\":\"hu\"}]}<\/script>\n<!-- \/ Yoast SEO plugin. -->","yoast_head_json":{"title":"Csak a pozit\u00edv? - mindent a \"csak pozit\u00edvos\" k\u00e9pz\u00e9sr\u0151l -","description":"Kem\u00e9ny kuty\u00e1k, permissz\u00edv nevel\u00e9s, csal\u00e1di kuty\u00e1k \u00e9s \u00e9rvel\u00e9si hib\u00e1k: a webinaron cenz\u00fara n\u00e9lk\u00fcl kritiz\u00e1ljuk meg egyik \u00e9s m\u00e1sik \"oldal\" hitt\u00e9teleit.","robots":{"index":"index","follow":"follow","max-snippet":"max-snippet:-1","max-image-preview":"max-image-preview:large","max-video-preview":"max-video-preview:-1"},"canonical":"https:\/\/kutyazzokosan.hu\/?product=csak-a-pozitiv-mindent-a-csak-potitivos-kepzesrol","og_locale":"hu_HU","og_type":"article","og_title":"Csak a pozit\u00edv? - mindent a \"csak pozit\u00edvos\" k\u00e9pz\u00e9sr\u0151l -","og_description":"Kem\u00e9ny kuty\u00e1k, permissz\u00edv nevel\u00e9s, csal\u00e1di kuty\u00e1k \u00e9s \u00e9rvel\u00e9si hib\u00e1k: a webinaron cenz\u00fara n\u00e9lk\u00fcl kritiz\u00e1ljuk meg egyik \u00e9s m\u00e1sik \"oldal\" hitt\u00e9teleit.","og_url":"https:\/\/kutyazzokosan.hu\/?product=csak-a-pozitiv-mindent-a-csak-potitivos-kepzesrol","article_modified_time":"2026-01-01T11:27:57+00:00","og_image":[{"width":300,"height":300,"url":"https:\/\/kutyazzokosan.hu\/wp-content\/uploads\/2025\/06\/16.png","type":"image\/png"}],"twitter_card":"summary_large_image","twitter_misc":{"Becs\u00fclt olvas\u00e1si id\u0151":"1 perc"},"schema":{"@context":"https:\/\/schema.org","@graph":[{"@type":"WebPage","@id":"https:\/\/kutyazzokosan.hu\/?product=csak-a-pozitiv-mindent-a-csak-potitivos-kepzesrol","url":"https:\/\/kutyazzokosan.hu\/?product=csak-a-pozitiv-mindent-a-csak-potitivos-kepzesrol","name":"Csak a pozit\u00edv? - mindent a \"csak pozit\u00edvos\" k\u00e9pz\u00e9sr\u0151l -","isPartOf":{"@id":"https:\/\/kutyazzokosan.hu\/#website"},"primaryImageOfPage":{"@id":"https:\/\/kutyazzokosan.hu\/?product=csak-a-pozitiv-mindent-a-csak-potitivos-kepzesrol#primaryimage"},"image":{"@id":"https:\/\/kutyazzokosan.hu\/?product=csak-a-pozitiv-mindent-a-csak-potitivos-kepzesrol#primaryimage"},"thumbnailUrl":"https:\/\/kutyazzokosan.hu\/wp-content\/uploads\/2025\/06\/16.png","datePublished":"2025-06-19T08:52:32+00:00","dateModified":"2026-01-01T11:27:57+00:00","description":"Kem\u00e9ny kuty\u00e1k, permissz\u00edv nevel\u00e9s, csal\u00e1di kuty\u00e1k \u00e9s \u00e9rvel\u00e9si hib\u00e1k: a webinaron cenz\u00fara n\u00e9lk\u00fcl kritiz\u00e1ljuk meg egyik \u00e9s m\u00e1sik \"oldal\" hitt\u00e9teleit.","breadcrumb":{"@id":"https:\/\/kutyazzokosan.hu\/?product=csak-a-pozitiv-mindent-a-csak-potitivos-kepzesrol#breadcrumb"},"inLanguage":"hu","potentialAction":[{"@type":"ReadAction","target":["https:\/\/kutyazzokosan.hu\/?product=csak-a-pozitiv-mindent-a-csak-potitivos-kepzesrol"]}]},{"@type":"ImageObject","inLanguage":"hu","@id":"https:\/\/kutyazzokosan.hu\/?product=csak-a-pozitiv-mindent-a-csak-potitivos-kepzesrol#primaryimage","url":"https:\/\/kutyazzokosan.hu\/wp-content\/uploads\/2025\/06\/16.png","contentUrl":"https:\/\/kutyazzokosan.hu\/wp-content\/uploads\/2025\/06\/16.png","width":300,"height":300},{"@type":"BreadcrumbList","@id":"https:\/\/kutyazzokosan.hu\/?product=csak-a-pozitiv-mindent-a-csak-potitivos-kepzesrol#breadcrumb","itemListElement":[{"@type":"ListItem","position":1,"name":"Kezd\u0151lap","item":"https:\/\/kutyazzokosan.hu\/"},{"@type":"ListItem","position":2,"name":"Shop","item":"https:\/\/kutyazzokosan.hu\/?page_id=7"},{"@type":"ListItem","position":3,"name":"Csak a pozit\u00edv? &#8211; mindent a &#8222;csak pozit\u00edvos&#8221; k\u00e9pz\u00e9sr\u0151l"}]},{"@type":"WebSite","@id":"https:\/\/kutyazzokosan.hu\/#website","url":"https:\/\/kutyazzokosan.hu\/","name":"","description":"","potentialAction":[{"@type":"SearchAction","target":{"@type":"EntryPoint","urlTemplate":"https:\/\/kutyazzokosan.hu\/?s={search_term_string}"},"query-input":{"@type":"PropertyValueSpecification","valueRequired":true,"valueName":"search_term_string"}}],"inLanguage":"hu"}]}},"_links":{"self":[{"href":"https:\/\/kutyazzokosan.hu\/index.php?rest_route=\/wp\/v2\/product\/455","targetHints":{"allow":["GET"]}}],"collection":[{"href":"https:\/\/kutyazzokosan.hu\/index.php?rest_route=\/wp\/v2\/product"}],"about":[{"href":"https:\/\/kutyazzokosan.hu\/index.php?rest_route=\/wp\/v2\/types\/product"}],"wp:featuredmedia":[{"embeddable":true,"href":"https:\/\/kutyazzokosan.hu\/index.php?rest_route=\/wp\/v2\/media\/648"}],"wp:attachment":[{"href":"https:\/\/kutyazzokosan.hu\/index.php?rest_route=%2Fwp%2Fv2%2Fmedia&parent=455"}],"wp:term":[{"taxonomy":"product_brand","embeddable":true,"href":"https:\/\/kutyazzokosan.hu\/index.php?rest_route=%2Fwp%2Fv2%2Fproduct_brand&post=455"},{"taxonomy":"product_cat","embeddable":true,"href":"https:\/\/kutyazzokosan.hu\/index.php?rest_route=%2Fwp%2Fv2%2Fproduct_cat&post=455"},{"taxonomy":"product_tag","embeddable":true,"href":"https:\/\/kutyazzokosan.hu\/index.php?rest_route=%2Fwp%2Fv2%2Fproduct_tag&post=455"}],"curies":[{"name":"wp","href":"https:\/\/api.w.org\/{rel}","templated":true}]}}