
{"id":338,"date":"2025-03-11T13:22:41","date_gmt":"2025-03-11T12:22:41","guid":{"rendered":"https:\/\/kutyazzokosan.hu\/?post_type=product&#038;p=338"},"modified":"2026-01-01T12:28:06","modified_gmt":"2026-01-01T11:28:06","slug":"jo-kutya-a-faradt-kutya-minden-amit-tudnod-kell-a-lefarasztasrol-es-a-pihenesrol","status":"publish","type":"product","link":"https:\/\/kutyazzokosan.hu\/?product=jo-kutya-a-faradt-kutya-minden-amit-tudnod-kell-a-lefarasztasrol-es-a-pihenesrol","title":{"rendered":"J\u00f3 kutya a f\u00e1radt kutya? Minden, amit tudnod kell a lef\u00e1raszt\u00e1sr\u00f3l \u00e9s a pihen\u00e9sr\u0151l"},"content":{"rendered":"<div class=\"x11i5rnm xat24cr x1mh8g0r x1vvkbs xtlvy1s\">\n<div class=\"x11i5rnm xat24cr x1mh8g0r x1vvkbs xtlvy1s\"><strong>ELM\u00c9LETI SZEMPONTOK &#8211; \u00e9rts\u00fck meg a t\u00e9m\u00e1t!<\/strong><\/div>\n<ul>\n<li>igaz\u00e1b\u00f3l mi a stressz, mikor k\u00e1ros, \u00e9s mikor hasznos?<\/li>\n<li>alv\u00e1s a kuty\u00e1kn\u00e1l &#8211; sokkal t\u00f6bb kell nekik, mint gondoln\u00e1d<\/li>\n<li>a v\u00e1rosi kuty\u00e1z\u00e1s kih\u00edv\u00e1sai<\/li>\n<li>k\u00fcl\u00f6nbs\u00e9g a fizikai \u00e9s a ment\u00e1lis stimul\u00e1ci\u00f3 k\u00f6z\u00f6tt<\/li>\n<li>alapvet\u0151 sz\u00fcks\u00e9gletek kiel\u00e9g\u00edt\u00e9se, avagy musz\u00e1j vinnem terelni a mudimat?<\/li>\n<\/ul>\n<div class=\"x11i5rnm xat24cr x1mh8g0r x1vvkbs xtlvy1s\"><strong>PRAKTIKUS TUD\u00c1S &#8211; seg\u00edt\u00fcnk kialak\u00edtani egy t\u00f6k\u00e9letes rutint!<\/strong><\/div>\n<ul>\n<li class=\"x11i5rnm xat24cr x1mh8g0r x1vvkbs xtlvy1s\">mennyit mozogjon egy kutya: heti bont\u00e1sban<\/li>\n<li class=\"x11i5rnm xat24cr x1mh8g0r x1vvkbs xtlvy1s\">k\u00f6rnyezetgazdag\u00edt\u00e1s: a t\u00f6lt\u00f6tt kongon t\u00fal<\/li>\n<li class=\"x11i5rnm xat24cr x1mh8g0r x1vvkbs xtlvy1s\">kuty\u00e1s sportok el\u0151nyei \u00e9s h\u00e1tr\u00e1nyai<\/li>\n<li class=\"x11i5rnm xat24cr x1mh8g0r x1vvkbs xtlvy1s\">hogyan tudom a megfelel\u0151 aktivit\u00e1st kiv\u00e1lasztani a kuty\u00e1mnak?<\/li>\n<li class=\"x11i5rnm xat24cr x1mh8g0r x1vvkbs xtlvy1s\">ha nehez\u00e9re esik a pihen\u00e9s: relax\u00e1ci\u00f3 tan\u00edt\u00e1sa<\/li>\n<\/ul>\n<\/div>\n<p>El\u0151ad\u00f3k: Borodziej Nora (Kutyaegyetem) \u00e9s S\u00e1tori B\u00e1lint (Decaf Dogz)<br \/>\nWebinar hossza: 110 perc<\/p>\n<p><iframe title=\"YouTube video player\" src=\"https:\/\/www.youtube.com\/embed\/uQ6EpNzy8I8?si=nzQ3-YmuRFeg5_UT\" width=\"560\" height=\"315\" frameborder=\"0\" allowfullscreen=\"allowfullscreen\" data-mce-fragment=\"1\"><\/iframe><\/p>\n<p><!--more--><\/p>\n<p><b>\ud83d\udca1 Ha tetszett az el\u0151n\u00e9zet, kattints a gombra \u00e9s m\u00e1r kezd\u0151dhet is a tanul\u00e1s!<br \/>\n<\/b>&#8211; V\u00e1s\u00e1rl\u00e1s ut\u00e1n <strong>azonnal el\u00e9red a webin\u00e1rt a fi\u00f3kodban<\/strong>, a <strong>\u201eVide\u00f3im\u201d men\u00fcpontban<\/strong>, vagy a <strong>Fi\u00f3kom &gt; Let\u00f6lt\u00e9sek alatt<\/strong>.<br \/>\n&#8211; A felv\u00e9telt <strong>korl\u00e1tlan ideig visszan\u00e9zheted<\/strong>, b\u00e1rmikor, saj\u00e1t temp\u00f3dban.<br \/>\n&#8211; Fizet\u00e9shez <strong>biztons\u00e1gos bankk\u00e1rty\u00e1s SimplePay rendszer<\/strong>\u00fcnket haszn\u00e1lhatod.<b><br \/>\n<\/b><\/p>\n<form class=\"cart\" enctype=\"multipart\/form-data\" method=\"post\"><button class=\"single_add_to_cart_button button alt\" style=\"font-size: 16px; padding: 14px 28px; margin: 0px 0px;\" name=\"add-to-cart\" type=\"submit\" value=\"338\">Kos\u00e1rba teszem<\/button><\/form>\n","protected":false},"excerpt":{"rendered":"<ul>\n<li class=\"x11i5rnm xat24cr x1mh8g0r x1vvkbs xtlvy1s\">Az <strong>egyik leggyakoribb k\u00e9rd\u00e9s<\/strong>, amivel tal\u00e1lkozunk, hogy <strong>mennyit foglalkozzunk a kuty\u00e1val<\/strong><\/li>\n<li class=\"x11i5rnm xat24cr x1mh8g0r x1vvkbs xtlvy1s\"><strong>Tudtad, hogy a &#8222;p\u00f6rg\u00e9st&#8221; nem csak a t\u00fal kev\u00e9s, hanem a t\u00fal sok foglalkoz\u00e1s is okozhatja?<\/strong><\/li>\n<li><strong>Szeretn\u00e9d a lehet\u0151 legjobb \u00e9letet<\/strong> biztos\u00edtani a kuty\u00e1dnak?<\/li>\n<\/ul>\n<p>Borodziej Nora \u00e9s S\u00e1tori B\u00e1lint el\u0151ad\u00e1s\u00e1ban <strong>elm\u00e9leti \u00e9s gyakorlati szempontok fel\u0151l<\/strong> is megk\u00f6zel\u00edtj\u00fck a t\u00e9m\u00e1t, <strong>seg\u00edt\u00fcnk kialak\u00edtani a t\u00f6k\u00e9letes rutint.<\/strong><\/p>\n<p>A Webin\u00e1r hossza: 110 perc. \u00a0V\u00e1s\u00e1rl\u00e1s ut\u00e1n <strong>azonnal el\u00e9red fi\u00f3kodban<\/strong>, \u00e9s <strong>korl\u00e1tlan ideig visszan\u00e9zheted!<\/strong><\/p>\n","protected":false},"featured_media":637,"template":"","meta":[],"product_brand":[],"product_cat":[21,15],"product_tag":[],"class_list":{"0":"post-338","1":"product","2":"type-product","3":"status-publish","4":"has-post-thumbnail","6":"product_cat-alapok-felelos-kutyatartas","7":"product_cat-minden-termek","9":"first","10":"instock","11":"downloadable","12":"virtual","13":"sold-individually","14":"purchasable","15":"product-type-simple"},"yoast_head":"<!-- This site is optimized with the Yoast SEO plugin v27.5 - https:\/\/yoast.com\/product\/yoast-seo-wordpress\/ -->\n<title>J\u00f3 kutya a f\u00e1radt kutya? Minden, amit tudnod kell a lef\u00e1raszt\u00e1sr\u00f3l \u00e9s a pihen\u00e9sr\u0151l -<\/title>\n<meta name=\"description\" content=\"Mennyit kell foglalkozni a kuty\u00e1val, hogy boldog legyen? \u00c9s mennyit kell pihennie, hogy kiegyes\u00falyozott legyen? Seg\u00edt\u00fcnk meg\u00e9rteni!\" \/>\n<meta name=\"robots\" content=\"index, follow, max-snippet:-1, max-image-preview:large, max-video-preview:-1\" \/>\n<link rel=\"canonical\" href=\"https:\/\/kutyazzokosan.hu\/?product=jo-kutya-a-faradt-kutya-minden-amit-tudnod-kell-a-lefarasztasrol-es-a-pihenesrol\" \/>\n<meta property=\"og:locale\" content=\"hu_HU\" \/>\n<meta property=\"og:type\" content=\"article\" \/>\n<meta property=\"og:title\" content=\"J\u00f3 kutya a f\u00e1radt kutya? Minden, amit tudnod kell a lef\u00e1raszt\u00e1sr\u00f3l \u00e9s a pihen\u00e9sr\u0151l -\" \/>\n<meta property=\"og:description\" content=\"Mennyit kell foglalkozni a kuty\u00e1val, hogy boldog legyen? \u00c9s mennyit kell pihennie, hogy kiegyes\u00falyozott legyen? Seg\u00edt\u00fcnk meg\u00e9rteni!\" \/>\n<meta property=\"og:url\" content=\"https:\/\/kutyazzokosan.hu\/?product=jo-kutya-a-faradt-kutya-minden-amit-tudnod-kell-a-lefarasztasrol-es-a-pihenesrol\" \/>\n<meta property=\"article:modified_time\" content=\"2026-01-01T11:28:06+00:00\" \/>\n<meta property=\"og:image\" content=\"https:\/\/kutyazzokosan.hu\/wp-content\/uploads\/2025\/03\/12-1.png\" \/>\n\t<meta property=\"og:image:width\" content=\"300\" \/>\n\t<meta property=\"og:image:height\" content=\"300\" \/>\n\t<meta property=\"og:image:type\" content=\"image\/png\" \/>\n<meta name=\"twitter:card\" content=\"summary_large_image\" \/>\n<meta name=\"twitter:label1\" content=\"Becs\u00fclt olvas\u00e1si id\u0151\" \/>\n\t<meta name=\"twitter:data1\" content=\"1 perc\" \/>\n<script type=\"application\/ld+json\" class=\"yoast-schema-graph\">{\"@context\":\"https:\\\/\\\/schema.org\",\"@graph\":[{\"@type\":\"WebPage\",\"@id\":\"https:\\\/\\\/kutyazzokosan.hu\\\/?product=jo-kutya-a-faradt-kutya-minden-amit-tudnod-kell-a-lefarasztasrol-es-a-pihenesrol\",\"url\":\"https:\\\/\\\/kutyazzokosan.hu\\\/?product=jo-kutya-a-faradt-kutya-minden-amit-tudnod-kell-a-lefarasztasrol-es-a-pihenesrol\",\"name\":\"J\u00f3 kutya a f\u00e1radt kutya? Minden, amit tudnod kell a lef\u00e1raszt\u00e1sr\u00f3l \u00e9s a pihen\u00e9sr\u0151l -\",\"isPartOf\":{\"@id\":\"https:\\\/\\\/kutyazzokosan.hu\\\/#website\"},\"primaryImageOfPage\":{\"@id\":\"https:\\\/\\\/kutyazzokosan.hu\\\/?product=jo-kutya-a-faradt-kutya-minden-amit-tudnod-kell-a-lefarasztasrol-es-a-pihenesrol#primaryimage\"},\"image\":{\"@id\":\"https:\\\/\\\/kutyazzokosan.hu\\\/?product=jo-kutya-a-faradt-kutya-minden-amit-tudnod-kell-a-lefarasztasrol-es-a-pihenesrol#primaryimage\"},\"thumbnailUrl\":\"https:\\\/\\\/kutyazzokosan.hu\\\/wp-content\\\/uploads\\\/2025\\\/03\\\/12-1.png\",\"datePublished\":\"2025-03-11T12:22:41+00:00\",\"dateModified\":\"2026-01-01T11:28:06+00:00\",\"description\":\"Mennyit kell foglalkozni a kuty\u00e1val, hogy boldog legyen? \u00c9s mennyit kell pihennie, hogy kiegyes\u00falyozott legyen? Seg\u00edt\u00fcnk meg\u00e9rteni!\",\"breadcrumb\":{\"@id\":\"https:\\\/\\\/kutyazzokosan.hu\\\/?product=jo-kutya-a-faradt-kutya-minden-amit-tudnod-kell-a-lefarasztasrol-es-a-pihenesrol#breadcrumb\"},\"inLanguage\":\"hu\",\"potentialAction\":[{\"@type\":\"ReadAction\",\"target\":[\"https:\\\/\\\/kutyazzokosan.hu\\\/?product=jo-kutya-a-faradt-kutya-minden-amit-tudnod-kell-a-lefarasztasrol-es-a-pihenesrol\"]}]},{\"@type\":\"ImageObject\",\"inLanguage\":\"hu\",\"@id\":\"https:\\\/\\\/kutyazzokosan.hu\\\/?product=jo-kutya-a-faradt-kutya-minden-amit-tudnod-kell-a-lefarasztasrol-es-a-pihenesrol#primaryimage\",\"url\":\"https:\\\/\\\/kutyazzokosan.hu\\\/wp-content\\\/uploads\\\/2025\\\/03\\\/12-1.png\",\"contentUrl\":\"https:\\\/\\\/kutyazzokosan.hu\\\/wp-content\\\/uploads\\\/2025\\\/03\\\/12-1.png\",\"width\":300,\"height\":300},{\"@type\":\"BreadcrumbList\",\"@id\":\"https:\\\/\\\/kutyazzokosan.hu\\\/?product=jo-kutya-a-faradt-kutya-minden-amit-tudnod-kell-a-lefarasztasrol-es-a-pihenesrol#breadcrumb\",\"itemListElement\":[{\"@type\":\"ListItem\",\"position\":1,\"name\":\"Kezd\u0151lap\",\"item\":\"https:\\\/\\\/kutyazzokosan.hu\\\/\"},{\"@type\":\"ListItem\",\"position\":2,\"name\":\"Shop\",\"item\":\"https:\\\/\\\/kutyazzokosan.hu\\\/?page_id=7\"},{\"@type\":\"ListItem\",\"position\":3,\"name\":\"J\u00f3 kutya a f\u00e1radt kutya? Minden, amit tudnod kell a lef\u00e1raszt\u00e1sr\u00f3l \u00e9s a pihen\u00e9sr\u0151l\"}]},{\"@type\":\"WebSite\",\"@id\":\"https:\\\/\\\/kutyazzokosan.hu\\\/#website\",\"url\":\"https:\\\/\\\/kutyazzokosan.hu\\\/\",\"name\":\"\",\"description\":\"\",\"potentialAction\":[{\"@type\":\"SearchAction\",\"target\":{\"@type\":\"EntryPoint\",\"urlTemplate\":\"https:\\\/\\\/kutyazzokosan.hu\\\/?s={search_term_string}\"},\"query-input\":{\"@type\":\"PropertyValueSpecification\",\"valueRequired\":true,\"valueName\":\"search_term_string\"}}],\"inLanguage\":\"hu\"}]}<\/script>\n<!-- \/ Yoast SEO plugin. -->","yoast_head_json":{"title":"J\u00f3 kutya a f\u00e1radt kutya? Minden, amit tudnod kell a lef\u00e1raszt\u00e1sr\u00f3l \u00e9s a pihen\u00e9sr\u0151l -","description":"Mennyit kell foglalkozni a kuty\u00e1val, hogy boldog legyen? \u00c9s mennyit kell pihennie, hogy kiegyes\u00falyozott legyen? Seg\u00edt\u00fcnk meg\u00e9rteni!","robots":{"index":"index","follow":"follow","max-snippet":"max-snippet:-1","max-image-preview":"max-image-preview:large","max-video-preview":"max-video-preview:-1"},"canonical":"https:\/\/kutyazzokosan.hu\/?product=jo-kutya-a-faradt-kutya-minden-amit-tudnod-kell-a-lefarasztasrol-es-a-pihenesrol","og_locale":"hu_HU","og_type":"article","og_title":"J\u00f3 kutya a f\u00e1radt kutya? Minden, amit tudnod kell a lef\u00e1raszt\u00e1sr\u00f3l \u00e9s a pihen\u00e9sr\u0151l -","og_description":"Mennyit kell foglalkozni a kuty\u00e1val, hogy boldog legyen? \u00c9s mennyit kell pihennie, hogy kiegyes\u00falyozott legyen? Seg\u00edt\u00fcnk meg\u00e9rteni!","og_url":"https:\/\/kutyazzokosan.hu\/?product=jo-kutya-a-faradt-kutya-minden-amit-tudnod-kell-a-lefarasztasrol-es-a-pihenesrol","article_modified_time":"2026-01-01T11:28:06+00:00","og_image":[{"width":300,"height":300,"url":"https:\/\/kutyazzokosan.hu\/wp-content\/uploads\/2025\/03\/12-1.png","type":"image\/png"}],"twitter_card":"summary_large_image","twitter_misc":{"Becs\u00fclt olvas\u00e1si id\u0151":"1 perc"},"schema":{"@context":"https:\/\/schema.org","@graph":[{"@type":"WebPage","@id":"https:\/\/kutyazzokosan.hu\/?product=jo-kutya-a-faradt-kutya-minden-amit-tudnod-kell-a-lefarasztasrol-es-a-pihenesrol","url":"https:\/\/kutyazzokosan.hu\/?product=jo-kutya-a-faradt-kutya-minden-amit-tudnod-kell-a-lefarasztasrol-es-a-pihenesrol","name":"J\u00f3 kutya a f\u00e1radt kutya? Minden, amit tudnod kell a lef\u00e1raszt\u00e1sr\u00f3l \u00e9s a pihen\u00e9sr\u0151l -","isPartOf":{"@id":"https:\/\/kutyazzokosan.hu\/#website"},"primaryImageOfPage":{"@id":"https:\/\/kutyazzokosan.hu\/?product=jo-kutya-a-faradt-kutya-minden-amit-tudnod-kell-a-lefarasztasrol-es-a-pihenesrol#primaryimage"},"image":{"@id":"https:\/\/kutyazzokosan.hu\/?product=jo-kutya-a-faradt-kutya-minden-amit-tudnod-kell-a-lefarasztasrol-es-a-pihenesrol#primaryimage"},"thumbnailUrl":"https:\/\/kutyazzokosan.hu\/wp-content\/uploads\/2025\/03\/12-1.png","datePublished":"2025-03-11T12:22:41+00:00","dateModified":"2026-01-01T11:28:06+00:00","description":"Mennyit kell foglalkozni a kuty\u00e1val, hogy boldog legyen? \u00c9s mennyit kell pihennie, hogy kiegyes\u00falyozott legyen? Seg\u00edt\u00fcnk meg\u00e9rteni!","breadcrumb":{"@id":"https:\/\/kutyazzokosan.hu\/?product=jo-kutya-a-faradt-kutya-minden-amit-tudnod-kell-a-lefarasztasrol-es-a-pihenesrol#breadcrumb"},"inLanguage":"hu","potentialAction":[{"@type":"ReadAction","target":["https:\/\/kutyazzokosan.hu\/?product=jo-kutya-a-faradt-kutya-minden-amit-tudnod-kell-a-lefarasztasrol-es-a-pihenesrol"]}]},{"@type":"ImageObject","inLanguage":"hu","@id":"https:\/\/kutyazzokosan.hu\/?product=jo-kutya-a-faradt-kutya-minden-amit-tudnod-kell-a-lefarasztasrol-es-a-pihenesrol#primaryimage","url":"https:\/\/kutyazzokosan.hu\/wp-content\/uploads\/2025\/03\/12-1.png","contentUrl":"https:\/\/kutyazzokosan.hu\/wp-content\/uploads\/2025\/03\/12-1.png","width":300,"height":300},{"@type":"BreadcrumbList","@id":"https:\/\/kutyazzokosan.hu\/?product=jo-kutya-a-faradt-kutya-minden-amit-tudnod-kell-a-lefarasztasrol-es-a-pihenesrol#breadcrumb","itemListElement":[{"@type":"ListItem","position":1,"name":"Kezd\u0151lap","item":"https:\/\/kutyazzokosan.hu\/"},{"@type":"ListItem","position":2,"name":"Shop","item":"https:\/\/kutyazzokosan.hu\/?page_id=7"},{"@type":"ListItem","position":3,"name":"J\u00f3 kutya a f\u00e1radt kutya? Minden, amit tudnod kell a lef\u00e1raszt\u00e1sr\u00f3l \u00e9s a pihen\u00e9sr\u0151l"}]},{"@type":"WebSite","@id":"https:\/\/kutyazzokosan.hu\/#website","url":"https:\/\/kutyazzokosan.hu\/","name":"","description":"","potentialAction":[{"@type":"SearchAction","target":{"@type":"EntryPoint","urlTemplate":"https:\/\/kutyazzokosan.hu\/?s={search_term_string}"},"query-input":{"@type":"PropertyValueSpecification","valueRequired":true,"valueName":"search_term_string"}}],"inLanguage":"hu"}]}},"_links":{"self":[{"href":"https:\/\/kutyazzokosan.hu\/index.php?rest_route=\/wp\/v2\/product\/338","targetHints":{"allow":["GET"]}}],"collection":[{"href":"https:\/\/kutyazzokosan.hu\/index.php?rest_route=\/wp\/v2\/product"}],"about":[{"href":"https:\/\/kutyazzokosan.hu\/index.php?rest_route=\/wp\/v2\/types\/product"}],"wp:featuredmedia":[{"embeddable":true,"href":"https:\/\/kutyazzokosan.hu\/index.php?rest_route=\/wp\/v2\/media\/637"}],"wp:attachment":[{"href":"https:\/\/kutyazzokosan.hu\/index.php?rest_route=%2Fwp%2Fv2%2Fmedia&parent=338"}],"wp:term":[{"taxonomy":"product_brand","embeddable":true,"href":"https:\/\/kutyazzokosan.hu\/index.php?rest_route=%2Fwp%2Fv2%2Fproduct_brand&post=338"},{"taxonomy":"product_cat","embeddable":true,"href":"https:\/\/kutyazzokosan.hu\/index.php?rest_route=%2Fwp%2Fv2%2Fproduct_cat&post=338"},{"taxonomy":"product_tag","embeddable":true,"href":"https:\/\/kutyazzokosan.hu\/index.php?rest_route=%2Fwp%2Fv2%2Fproduct_tag&post=338"}],"curies":[{"name":"wp","href":"https:\/\/api.w.org\/{rel}","templated":true}]}}