
{"id":336,"date":"2025-03-11T13:16:10","date_gmt":"2025-03-11T12:16:10","guid":{"rendered":"https:\/\/kutyazzokosan.hu\/?post_type=product&#038;p=336"},"modified":"2026-01-01T12:28:58","modified_gmt":"2026-01-01T11:28:58","slug":"segitseg-dorog-az-eg-viharok-es-tuzijatek-atveszelese-zajerzekeny-kutyakkal","status":"publish","type":"product","link":"https:\/\/kutyazzokosan.hu\/?product=segitseg-dorog-az-eg-viharok-es-tuzijatek-atveszelese-zajerzekeny-kutyakkal","title":{"rendered":"Seg\u00edts\u00e9g, d\u00f6r\u00f6g az \u00e9g! Viharok \u00e9s t\u0171zij\u00e1t\u00e9k \u00e1tv\u00e9szel\u00e9se zaj\u00e9rz\u00e9keny kuty\u00e1kkal"},"content":{"rendered":"<div class=\"\">\n<div class=\"\"><strong>Az el\u0151ad\u00e1s tartalma:<\/strong><\/div>\n<ul>\n<li>a kuty\u00e1k stresszreakci\u00f3j\u00e1nak alapjai<\/li>\n<li>f\u00e9lelmek \u00e9s f\u00f3bi\u00e1k \u2013 defin\u00edci\u00f3k, f\u00f3bi\u00e1k kialakul\u00e1sa<\/li>\n<li>a zaj\u00e9rz\u00e9kenys\u00e9gr\u0151l \u00e1ltal\u00e1ban<\/li>\n<li>k\u00f6rnyezeti menedzsment \u00e9s viselked\u00e9sm\u00f3dos\u00edt\u00e1s viharok \u00e9s t\u0171zij\u00e1t\u00e9k alatt<\/li>\n<li>szorong\u00e1st cs\u00f6kkent\u0151 \u00e9trend kieg\u00e9sz\u00edt\u0151k: hasznos-e a CBD olaj, gy\u00f3gyn\u00f6v\u00e9nyes k\u00e9sz\u00edtm\u00e9nyek, feromonos p\u00e1rologtat\u00f3k?<\/li>\n<li>n\u00e9h\u00e1ny sz\u00f3 a gy\u00f3gyszeres ter\u00e1pi\u00e1r\u00f3l<\/li>\n<\/ul>\n<\/div>\n<div class=\"\">El\u0151ad\u00f3: dr. Balatonyi Lilla<br \/>\nWebinar hossza: 160 perc<\/div>\n<div><\/div>\n<p><iframe title=\"YouTube video player\" src=\"https:\/\/www.youtube.com\/embed\/yII-MXKyEFI?si=ezV7lR1H1UCg4kxM\" width=\"560\" height=\"315\" frameborder=\"0\" allowfullscreen=\"allowfullscreen\"><\/iframe><\/p>\n<p><b>\ud83d\udca1 Ha tetszett az el\u0151n\u00e9zet, kattints a gombra \u00e9s m\u00e1r kezd\u0151dhet is a tanul\u00e1s!<br \/>\n<\/b>&#8211; V\u00e1s\u00e1rl\u00e1s ut\u00e1n <strong>azonnal el\u00e9red a webin\u00e1rt a fi\u00f3kodban<\/strong>, a <strong>\u201eVide\u00f3im\u201d men\u00fcpontban<\/strong>, vagy a <strong>Fi\u00f3kom &gt; Let\u00f6lt\u00e9sek alatt<\/strong>.<br \/>\n&#8211; A felv\u00e9telt <strong>korl\u00e1tlan ideig visszan\u00e9zheted<\/strong>, b\u00e1rmikor, saj\u00e1t temp\u00f3dban.<br \/>\n&#8211; Fizet\u00e9shez <strong>biztons\u00e1gos bankk\u00e1rty\u00e1s SimplePay rendszer<\/strong>\u00fcnket haszn\u00e1lhatod.<b><br \/>\n<\/b><\/p>\n<form class=\"cart\" action=\"https:\/\/kutyazzokosan.hu\/?product=segitseg-dorog-az-eg-viharok-es-tuzijatek-atveszelese-zajerzekeny-kutyakkal\" enctype=\"multipart\/form-data\" method=\"post\"><button class=\"single_add_to_cart_button button alt\" style=\"font-size: 16px; padding: 14px 28px; margin: 0px 0px;\" name=\"add-to-cart\" type=\"submit\" value=\"336\">Kos\u00e1rba teszem<\/button><\/form>\n","protected":false},"excerpt":{"rendered":"<ul>\n<li><strong>A te kuty\u00e1d is retteg az els\u0151 t\u00e1voli morajl\u00e1st\u00f3l egy ny\u00e1ri napon?<\/strong><\/li>\n<li>Nem tudod, <strong>hogyan szervezd meg a szilveszteri programot \u00fagy, hogy a kuty\u00e1d ne egy h\u00e1bor\u00fas z\u00f3n\u00e1nak \u00e9lje meg az est\u00e9t?<\/strong><\/li>\n<li>\u00a0Egyszer\u0171en csak \u00e9rdekel, hogyan tan\u00edthatod meg kiskuty\u00e1dnak, hogy a viharokt\u00f3l, zivatarokt\u00f3l nem kell tartania?<\/li>\n<\/ul>\n<div class=\"\">Akkor ez az el\u0151ad\u00e1s Neked sz\u00f3l! <strong>Dr Balatonyi Lilla, viselked\u00e9sgy\u00f3gy\u00e1szatra f\u00f3kusz\u00e1l\u00f3 \u00e1llatorvos v\u00e9gigvezet a legfontosabb l\u00e9p\u00e9seken \u00e9s tudnival\u00f3kon.<br \/>\n<\/strong><br \/>\nA Webin\u00e1r hossza: 160 perc. \u00a0V\u00e1s\u00e1rl\u00e1s ut\u00e1n\u00a0<strong>azonnal el\u00e9red fi\u00f3kodban<\/strong>, \u00e9s <strong>korl\u00e1tlan ideig visszan\u00e9zheted!<\/strong>&nbsp;<\/p>\n<\/div>\n","protected":false},"featured_media":636,"template":"","meta":[],"product_brand":[],"product_cat":[15,20,19],"product_tag":[],"class_list":{"0":"post-336","1":"product","2":"type-product","3":"status-publish","4":"has-post-thumbnail","6":"product_cat-minden-termek","7":"product_cat-trening-viselkedesterapia","8":"product_cat-viselkedesi-problemak","10":"first","11":"instock","12":"downloadable","13":"virtual","14":"sold-individually","15":"purchasable","16":"product-type-simple"},"yoast_head":"<!-- This site is optimized with the Yoast SEO plugin v27.5 - https:\/\/yoast.com\/product\/yoast-seo-wordpress\/ -->\n<title>Seg\u00edts\u00e9g, d\u00f6r\u00f6g az \u00e9g! Viharok \u00e9s t\u0171zij\u00e1t\u00e9k \u00e1tv\u00e9szel\u00e9se zaj\u00e9rz\u00e9keny kuty\u00e1kkal -<\/title>\n<meta name=\"description\" content=\"Tudd meg, hogy hogyan tudsz seg\u00edteni a kuty\u00e1dnal, ha f\u00e9l a vihart\u00f3l vagy a t\u0171zij\u00e1t\u00e9kt\u00f3l. Praktikus megold\u00e1sok egy gyakori probl\u00e9m\u00e1ra!\" \/>\n<meta name=\"robots\" content=\"index, follow, max-snippet:-1, max-image-preview:large, max-video-preview:-1\" \/>\n<link rel=\"canonical\" href=\"https:\/\/kutyazzokosan.hu\/?product=segitseg-dorog-az-eg-viharok-es-tuzijatek-atveszelese-zajerzekeny-kutyakkal\" \/>\n<meta property=\"og:locale\" content=\"hu_HU\" \/>\n<meta property=\"og:type\" content=\"article\" \/>\n<meta property=\"og:title\" content=\"Seg\u00edts\u00e9g, d\u00f6r\u00f6g az \u00e9g! Viharok \u00e9s t\u0171zij\u00e1t\u00e9k \u00e1tv\u00e9szel\u00e9se zaj\u00e9rz\u00e9keny kuty\u00e1kkal -\" \/>\n<meta property=\"og:description\" content=\"Tudd meg, hogy hogyan tudsz seg\u00edteni a kuty\u00e1dnal, ha f\u00e9l a vihart\u00f3l vagy a t\u0171zij\u00e1t\u00e9kt\u00f3l. Praktikus megold\u00e1sok egy gyakori probl\u00e9m\u00e1ra!\" \/>\n<meta property=\"og:url\" content=\"https:\/\/kutyazzokosan.hu\/?product=segitseg-dorog-az-eg-viharok-es-tuzijatek-atveszelese-zajerzekeny-kutyakkal\" \/>\n<meta property=\"article:modified_time\" content=\"2026-01-01T11:28:58+00:00\" \/>\n<meta property=\"og:image\" content=\"https:\/\/kutyazzokosan.hu\/wp-content\/uploads\/2025\/03\/11-1.png\" \/>\n\t<meta property=\"og:image:width\" content=\"300\" \/>\n\t<meta property=\"og:image:height\" content=\"300\" \/>\n\t<meta property=\"og:image:type\" content=\"image\/png\" \/>\n<meta name=\"twitter:card\" content=\"summary_large_image\" \/>\n<meta name=\"twitter:label1\" content=\"Becs\u00fclt olvas\u00e1si id\u0151\" \/>\n\t<meta name=\"twitter:data1\" content=\"1 perc\" \/>\n<script type=\"application\/ld+json\" class=\"yoast-schema-graph\">{\"@context\":\"https:\\\/\\\/schema.org\",\"@graph\":[{\"@type\":\"WebPage\",\"@id\":\"https:\\\/\\\/kutyazzokosan.hu\\\/?product=segitseg-dorog-az-eg-viharok-es-tuzijatek-atveszelese-zajerzekeny-kutyakkal\",\"url\":\"https:\\\/\\\/kutyazzokosan.hu\\\/?product=segitseg-dorog-az-eg-viharok-es-tuzijatek-atveszelese-zajerzekeny-kutyakkal\",\"name\":\"Seg\u00edts\u00e9g, d\u00f6r\u00f6g az \u00e9g! Viharok \u00e9s t\u0171zij\u00e1t\u00e9k \u00e1tv\u00e9szel\u00e9se zaj\u00e9rz\u00e9keny kuty\u00e1kkal -\",\"isPartOf\":{\"@id\":\"https:\\\/\\\/kutyazzokosan.hu\\\/#website\"},\"primaryImageOfPage\":{\"@id\":\"https:\\\/\\\/kutyazzokosan.hu\\\/?product=segitseg-dorog-az-eg-viharok-es-tuzijatek-atveszelese-zajerzekeny-kutyakkal#primaryimage\"},\"image\":{\"@id\":\"https:\\\/\\\/kutyazzokosan.hu\\\/?product=segitseg-dorog-az-eg-viharok-es-tuzijatek-atveszelese-zajerzekeny-kutyakkal#primaryimage\"},\"thumbnailUrl\":\"https:\\\/\\\/kutyazzokosan.hu\\\/wp-content\\\/uploads\\\/2025\\\/03\\\/11-1.png\",\"datePublished\":\"2025-03-11T12:16:10+00:00\",\"dateModified\":\"2026-01-01T11:28:58+00:00\",\"description\":\"Tudd meg, hogy hogyan tudsz seg\u00edteni a kuty\u00e1dnal, ha f\u00e9l a vihart\u00f3l vagy a t\u0171zij\u00e1t\u00e9kt\u00f3l. Praktikus megold\u00e1sok egy gyakori probl\u00e9m\u00e1ra!\",\"breadcrumb\":{\"@id\":\"https:\\\/\\\/kutyazzokosan.hu\\\/?product=segitseg-dorog-az-eg-viharok-es-tuzijatek-atveszelese-zajerzekeny-kutyakkal#breadcrumb\"},\"inLanguage\":\"hu\",\"potentialAction\":[{\"@type\":\"ReadAction\",\"target\":[\"https:\\\/\\\/kutyazzokosan.hu\\\/?product=segitseg-dorog-az-eg-viharok-es-tuzijatek-atveszelese-zajerzekeny-kutyakkal\"]}]},{\"@type\":\"ImageObject\",\"inLanguage\":\"hu\",\"@id\":\"https:\\\/\\\/kutyazzokosan.hu\\\/?product=segitseg-dorog-az-eg-viharok-es-tuzijatek-atveszelese-zajerzekeny-kutyakkal#primaryimage\",\"url\":\"https:\\\/\\\/kutyazzokosan.hu\\\/wp-content\\\/uploads\\\/2025\\\/03\\\/11-1.png\",\"contentUrl\":\"https:\\\/\\\/kutyazzokosan.hu\\\/wp-content\\\/uploads\\\/2025\\\/03\\\/11-1.png\",\"width\":300,\"height\":300},{\"@type\":\"BreadcrumbList\",\"@id\":\"https:\\\/\\\/kutyazzokosan.hu\\\/?product=segitseg-dorog-az-eg-viharok-es-tuzijatek-atveszelese-zajerzekeny-kutyakkal#breadcrumb\",\"itemListElement\":[{\"@type\":\"ListItem\",\"position\":1,\"name\":\"Kezd\u0151lap\",\"item\":\"https:\\\/\\\/kutyazzokosan.hu\\\/\"},{\"@type\":\"ListItem\",\"position\":2,\"name\":\"Shop\",\"item\":\"https:\\\/\\\/kutyazzokosan.hu\\\/?page_id=7\"},{\"@type\":\"ListItem\",\"position\":3,\"name\":\"Seg\u00edts\u00e9g, d\u00f6r\u00f6g az \u00e9g! Viharok \u00e9s t\u0171zij\u00e1t\u00e9k \u00e1tv\u00e9szel\u00e9se zaj\u00e9rz\u00e9keny kuty\u00e1kkal\"}]},{\"@type\":\"WebSite\",\"@id\":\"https:\\\/\\\/kutyazzokosan.hu\\\/#website\",\"url\":\"https:\\\/\\\/kutyazzokosan.hu\\\/\",\"name\":\"\",\"description\":\"\",\"potentialAction\":[{\"@type\":\"SearchAction\",\"target\":{\"@type\":\"EntryPoint\",\"urlTemplate\":\"https:\\\/\\\/kutyazzokosan.hu\\\/?s={search_term_string}\"},\"query-input\":{\"@type\":\"PropertyValueSpecification\",\"valueRequired\":true,\"valueName\":\"search_term_string\"}}],\"inLanguage\":\"hu\"}]}<\/script>\n<!-- \/ Yoast SEO plugin. -->","yoast_head_json":{"title":"Seg\u00edts\u00e9g, d\u00f6r\u00f6g az \u00e9g! Viharok \u00e9s t\u0171zij\u00e1t\u00e9k \u00e1tv\u00e9szel\u00e9se zaj\u00e9rz\u00e9keny kuty\u00e1kkal -","description":"Tudd meg, hogy hogyan tudsz seg\u00edteni a kuty\u00e1dnal, ha f\u00e9l a vihart\u00f3l vagy a t\u0171zij\u00e1t\u00e9kt\u00f3l. Praktikus megold\u00e1sok egy gyakori probl\u00e9m\u00e1ra!","robots":{"index":"index","follow":"follow","max-snippet":"max-snippet:-1","max-image-preview":"max-image-preview:large","max-video-preview":"max-video-preview:-1"},"canonical":"https:\/\/kutyazzokosan.hu\/?product=segitseg-dorog-az-eg-viharok-es-tuzijatek-atveszelese-zajerzekeny-kutyakkal","og_locale":"hu_HU","og_type":"article","og_title":"Seg\u00edts\u00e9g, d\u00f6r\u00f6g az \u00e9g! Viharok \u00e9s t\u0171zij\u00e1t\u00e9k \u00e1tv\u00e9szel\u00e9se zaj\u00e9rz\u00e9keny kuty\u00e1kkal -","og_description":"Tudd meg, hogy hogyan tudsz seg\u00edteni a kuty\u00e1dnal, ha f\u00e9l a vihart\u00f3l vagy a t\u0171zij\u00e1t\u00e9kt\u00f3l. Praktikus megold\u00e1sok egy gyakori probl\u00e9m\u00e1ra!","og_url":"https:\/\/kutyazzokosan.hu\/?product=segitseg-dorog-az-eg-viharok-es-tuzijatek-atveszelese-zajerzekeny-kutyakkal","article_modified_time":"2026-01-01T11:28:58+00:00","og_image":[{"width":300,"height":300,"url":"https:\/\/kutyazzokosan.hu\/wp-content\/uploads\/2025\/03\/11-1.png","type":"image\/png"}],"twitter_card":"summary_large_image","twitter_misc":{"Becs\u00fclt olvas\u00e1si id\u0151":"1 perc"},"schema":{"@context":"https:\/\/schema.org","@graph":[{"@type":"WebPage","@id":"https:\/\/kutyazzokosan.hu\/?product=segitseg-dorog-az-eg-viharok-es-tuzijatek-atveszelese-zajerzekeny-kutyakkal","url":"https:\/\/kutyazzokosan.hu\/?product=segitseg-dorog-az-eg-viharok-es-tuzijatek-atveszelese-zajerzekeny-kutyakkal","name":"Seg\u00edts\u00e9g, d\u00f6r\u00f6g az \u00e9g! Viharok \u00e9s t\u0171zij\u00e1t\u00e9k \u00e1tv\u00e9szel\u00e9se zaj\u00e9rz\u00e9keny kuty\u00e1kkal -","isPartOf":{"@id":"https:\/\/kutyazzokosan.hu\/#website"},"primaryImageOfPage":{"@id":"https:\/\/kutyazzokosan.hu\/?product=segitseg-dorog-az-eg-viharok-es-tuzijatek-atveszelese-zajerzekeny-kutyakkal#primaryimage"},"image":{"@id":"https:\/\/kutyazzokosan.hu\/?product=segitseg-dorog-az-eg-viharok-es-tuzijatek-atveszelese-zajerzekeny-kutyakkal#primaryimage"},"thumbnailUrl":"https:\/\/kutyazzokosan.hu\/wp-content\/uploads\/2025\/03\/11-1.png","datePublished":"2025-03-11T12:16:10+00:00","dateModified":"2026-01-01T11:28:58+00:00","description":"Tudd meg, hogy hogyan tudsz seg\u00edteni a kuty\u00e1dnal, ha f\u00e9l a vihart\u00f3l vagy a t\u0171zij\u00e1t\u00e9kt\u00f3l. Praktikus megold\u00e1sok egy gyakori probl\u00e9m\u00e1ra!","breadcrumb":{"@id":"https:\/\/kutyazzokosan.hu\/?product=segitseg-dorog-az-eg-viharok-es-tuzijatek-atveszelese-zajerzekeny-kutyakkal#breadcrumb"},"inLanguage":"hu","potentialAction":[{"@type":"ReadAction","target":["https:\/\/kutyazzokosan.hu\/?product=segitseg-dorog-az-eg-viharok-es-tuzijatek-atveszelese-zajerzekeny-kutyakkal"]}]},{"@type":"ImageObject","inLanguage":"hu","@id":"https:\/\/kutyazzokosan.hu\/?product=segitseg-dorog-az-eg-viharok-es-tuzijatek-atveszelese-zajerzekeny-kutyakkal#primaryimage","url":"https:\/\/kutyazzokosan.hu\/wp-content\/uploads\/2025\/03\/11-1.png","contentUrl":"https:\/\/kutyazzokosan.hu\/wp-content\/uploads\/2025\/03\/11-1.png","width":300,"height":300},{"@type":"BreadcrumbList","@id":"https:\/\/kutyazzokosan.hu\/?product=segitseg-dorog-az-eg-viharok-es-tuzijatek-atveszelese-zajerzekeny-kutyakkal#breadcrumb","itemListElement":[{"@type":"ListItem","position":1,"name":"Kezd\u0151lap","item":"https:\/\/kutyazzokosan.hu\/"},{"@type":"ListItem","position":2,"name":"Shop","item":"https:\/\/kutyazzokosan.hu\/?page_id=7"},{"@type":"ListItem","position":3,"name":"Seg\u00edts\u00e9g, d\u00f6r\u00f6g az \u00e9g! Viharok \u00e9s t\u0171zij\u00e1t\u00e9k \u00e1tv\u00e9szel\u00e9se zaj\u00e9rz\u00e9keny kuty\u00e1kkal"}]},{"@type":"WebSite","@id":"https:\/\/kutyazzokosan.hu\/#website","url":"https:\/\/kutyazzokosan.hu\/","name":"","description":"","potentialAction":[{"@type":"SearchAction","target":{"@type":"EntryPoint","urlTemplate":"https:\/\/kutyazzokosan.hu\/?s={search_term_string}"},"query-input":{"@type":"PropertyValueSpecification","valueRequired":true,"valueName":"search_term_string"}}],"inLanguage":"hu"}]}},"_links":{"self":[{"href":"https:\/\/kutyazzokosan.hu\/index.php?rest_route=\/wp\/v2\/product\/336","targetHints":{"allow":["GET"]}}],"collection":[{"href":"https:\/\/kutyazzokosan.hu\/index.php?rest_route=\/wp\/v2\/product"}],"about":[{"href":"https:\/\/kutyazzokosan.hu\/index.php?rest_route=\/wp\/v2\/types\/product"}],"wp:featuredmedia":[{"embeddable":true,"href":"https:\/\/kutyazzokosan.hu\/index.php?rest_route=\/wp\/v2\/media\/636"}],"wp:attachment":[{"href":"https:\/\/kutyazzokosan.hu\/index.php?rest_route=%2Fwp%2Fv2%2Fmedia&parent=336"}],"wp:term":[{"taxonomy":"product_brand","embeddable":true,"href":"https:\/\/kutyazzokosan.hu\/index.php?rest_route=%2Fwp%2Fv2%2Fproduct_brand&post=336"},{"taxonomy":"product_cat","embeddable":true,"href":"https:\/\/kutyazzokosan.hu\/index.php?rest_route=%2Fwp%2Fv2%2Fproduct_cat&post=336"},{"taxonomy":"product_tag","embeddable":true,"href":"https:\/\/kutyazzokosan.hu\/index.php?rest_route=%2Fwp%2Fv2%2Fproduct_tag&post=336"}],"curies":[{"name":"wp","href":"https:\/\/api.w.org\/{rel}","templated":true}]}}