
{"id":335,"date":"2025-03-11T08:10:16","date_gmt":"2025-03-11T07:10:16","guid":{"rendered":"https:\/\/kutyazzokosan.hu\/?post_type=product&#038;p=335"},"modified":"2026-01-01T12:28:50","modified_gmt":"2026-01-01T11:28:50","slug":"a-csokoladen-innen-es-tul-kutyak-leggyakoribb-mergezesei","status":"publish","type":"product","link":"https:\/\/kutyazzokosan.hu\/?product=a-csokoladen-innen-es-tul-kutyak-leggyakoribb-mergezesei","title":{"rendered":"A csokol\u00e1d\u00e9n innen \u00e9s t\u00fal: kuty\u00e1k leggyakoribb m\u00e9rgez\u00e9sei"},"content":{"rendered":"<div class=\"\"><strong>Dr Balatonyi Lilla \u00e1llatorvosk\u00e9nt rengeteg k\u00fcl\u00f6nb\u00f6z\u0151 m\u00e9rgez\u00e9ssel kapcsolatos esettel tal\u00e1lkozott m\u00e1r a mindennapi praxisban.<\/strong> A k\u00f6z\u00f6s pont benn\u00fck pedig a k\u00f6vetkez\u0151 volt:<\/div>\n<ul>\n<li><strong>sokszor megel\u0151zhet\u0151ek lettek volna.<\/strong><\/li>\n<li>j\u00f3val <strong>kevesebb komplik\u00e1ci\u00f3 l\u00e9p fel, ha a gazdi id\u0151ben felismeri a t\u00fcneteket<\/strong> \u00e9s beavatkozik.<\/li>\n<li><strong>a k\u00fcl\u00f6nb\u00f6z\u0151 m\u00e9rgez\u00e9sek gyakoribbak, mintsem a legt\u00f6bb kutyatulajdonos realiz\u00e1ln\u00e1<\/strong>: az ASPCA (Animal Poison Control Center) t\u00f6bb, mint 351,000 toxinokkal kapcsolatos esetet l\u00e1tott el puszt\u00e1n 2023-ban.<\/li>\n<\/ul>\n<div class=\"\">\u201eA csokol\u00e1d\u00e9n innen \u00e9s t\u00fal: kuty\u00e1k leggyakoribb m\u00e9rgez\u00e9sei\u201d c\u00edm\u0171 el\u0151ad\u00e1s\u00e1ban <strong>bemutatja a leggyakoribb m\u00e9rgeket<\/strong>, amelyekkel kapcsolatba ker\u00fclnek a vel\u00fcnk \u00e9l\u0151 kuty\u00e1k, n<strong>agy hangs\u00falyt fektetve a megel\u0151z\u00e9sre, a t\u00fcnetekre<\/strong>, \u00e9s arra, <strong>milyen l\u00e9p\u00e9seket tehetsz gazdik\u00e9nt a megel\u0151z\u00e9s\u00e9rt \u00e9s a v\u00e9szhelyzet kezel\u00e9s\u00e9\u00e9rt.<\/strong><\/div>\n<div class=\"\"><\/div>\n<div class=\"\"><strong>Az el\u0151ad\u00e1s t\u00f6bbek k\u00f6z\u00f6tt tartalmazza:<\/strong><\/div>\n<ul>\n<li>a legvesz\u00e9lyesebb h\u00e1ztart\u00e1si m\u00e9rgeket, mint a csokol\u00e1d\u00e9, xilit \u00e9s egyes gy\u00f3gyszerek.<\/li>\n<li>k\u00fclt\u00e9ri vesz\u00e9lyforr\u00e1sokat, p\u00e9ld\u00e1ul fagy\u00e1ll\u00f3t \u00e9s m\u00e9rgez\u0151 n\u00f6v\u00e9nyeket.<\/li>\n<li>a m\u00e9rgez\u00e9s korai t\u00fcneteinek felismer\u00e9s\u00e9t.<\/li>\n<li>alapvet\u0151 els\u0151seg\u00e9lyny\u00fajt\u00f3 l\u00e9p\u00e9seket m\u00e9rgez\u00e9sek eset\u00e9n.<\/li>\n<li>az el\u0151ad\u00e1s v\u00e9g\u00e9re olyan tud\u00e1ssal gazdagodsz, amelynek seg\u00edts\u00e9g\u00e9vel megv\u00e9dheted kuty\u00e1d a leggyakoribb m\u00e9rgez\u00e9sekt\u0151l. Ha pedig valamilyen toxinnal l\u00e9p kapcsolatba, magabiztosan siethetsz a seg\u00edts\u00e9g\u00e9re.<\/li>\n<\/ul>\n<p>El\u0151ad\u00f3: dr. Balatonyi Lilla<br \/>\nWebinar hossza: 110 perc<\/p>\n<p><iframe title=\"YouTube video player\" src=\"https:\/\/www.youtube.com\/embed\/owBFq7_54lw?si=T5Dp-Uh_1N6Zxwuz\" width=\"560\" height=\"315\" frameborder=\"0\" allowfullscreen=\"allowfullscreen\"><\/iframe><\/p>\n<p><b>\ud83d\udca1 Ha tetszett az el\u0151n\u00e9zet, kattints a gombra \u00e9s m\u00e1r kezd\u0151dhet is a tanul\u00e1s!<br \/>\n<\/b>&#8211; V\u00e1s\u00e1rl\u00e1s ut\u00e1n <strong>azonnal el\u00e9red a webin\u00e1rt a fi\u00f3kodban<\/strong>, a <strong>\u201eVide\u00f3im\u201d men\u00fcpontban<\/strong>, vagy a <strong>Fi\u00f3kom &gt; Let\u00f6lt\u00e9sek alatt<\/strong>.<br \/>\n&#8211; A felv\u00e9telt <strong>korl\u00e1tlan ideig visszan\u00e9zheted<\/strong>, b\u00e1rmikor, saj\u00e1t temp\u00f3dban.<br \/>\n&#8211; Fizet\u00e9shez <strong>biztons\u00e1gos bankk\u00e1rty\u00e1s SimplePay rendszer<\/strong>\u00fcnket haszn\u00e1lhatod.<b><br \/>\n<\/b><\/p>\n<form class=\"cart\" enctype=\"multipart\/form-data\" method=\"post\"><button class=\"single_add_to_cart_button button alt\" style=\"font-size: 16px; padding: 14px 28px; margin: 0px 0px;\" name=\"add-to-cart\" type=\"submit\" value=\"335\">Kos\u00e1rba teszem<\/button><\/form>\n","protected":false},"excerpt":{"rendered":"<ul>\n<li><strong>Milyen m\u00e9rgez\u0151 anyagokkal ker\u00fclhet kapcsolatba<\/strong> a kuty\u00e1d?<\/li>\n<li><strong>Hogyan mentheted<\/strong> meg kedvenced \u00e9let\u00e9t?<\/li>\n<li><strong>Milyen esetekben kell s\u00fcrg\u0151sen \u00e1llatorvos<\/strong>hoz fordulnod?<\/li>\n<\/ul>\n<p><strong>Felel\u0151s gazdik\u00e9nt term\u00e9szetes, hogy tudni szeretn\u00e9d<\/strong> a v\u00e1laszt a fenti k\u00e9rd\u00e9sekre.<\/p>\n<p>A <strong>h\u00e1ztart\u00e1si t\u00e1rgyakt\u00f3l<\/strong>, e<strong>mberi gy\u00f3gyszerekt\u0151l \u00e9s \u00e9telekt\u0151l<\/strong> kezdve a <strong>k\u00fclt\u00e9ri vesz\u00e9lyekig<\/strong>, mint a <strong>n\u00f6v\u00e9nyek \u00e9s vegyszerek<\/strong>,<br \/>\n<strong>Dr. Balatonyi Lilla\u00a0<\/strong>\u00e1llatorvos el\u0151ad\u00e1sa<strong> seg\u00edteni fog abban, hogy alaposan kiismerd magad<\/strong> a kuty\u00e1dra vesz\u00e9lyes m\u00e9rgek k\u00f6z\u00f6tt, \u00e9s pontosan <strong>tudd, mi a teend\u0151d v\u00e9szhelyzetben<\/strong>.<\/p>\n<p>A Webin\u00e1r hossza: 110 perc. \u00a0V\u00e1s\u00e1rl\u00e1s ut\u00e1n <strong>azonnal el\u00e9red fi\u00f3kodban<\/strong>, \u00e9s <strong>korl\u00e1tlan ideig visszan\u00e9zheted!<\/strong><\/p>\n","protected":false},"featured_media":676,"template":"","meta":[],"product_brand":[],"product_cat":[22,15],"product_tag":[],"class_list":{"0":"post-335","1":"product","2":"type-product","3":"status-publish","4":"has-post-thumbnail","6":"product_cat-kutya-egeszsege","7":"product_cat-minden-termek","9":"first","10":"instock","11":"downloadable","12":"virtual","13":"sold-individually","14":"purchasable","15":"product-type-simple"},"yoast_head":"<!-- This site is optimized with the Yoast SEO plugin v27.4 - https:\/\/yoast.com\/product\/yoast-seo-wordpress\/ -->\n<title>A csokol\u00e1d\u00e9n innen \u00e9s t\u00fal: kuty\u00e1k leggyakoribb m\u00e9rgez\u00e9sei -<\/title>\n<meta name=\"description\" content=\"A leggyakoribb m\u00e9rgek, azoknak a t\u00fcneteik \u00e9s milyen l\u00e9p\u00e9seket tehetsz gazdik\u00e9nt a megel\u0151z\u00e9s\u00e9rt \u00e9s a v\u00e9szhelyzet kezel\u00e9s\u00e9\u00e9rt?\" \/>\n<meta name=\"robots\" content=\"index, follow, max-snippet:-1, max-image-preview:large, max-video-preview:-1\" \/>\n<link rel=\"canonical\" href=\"https:\/\/kutyazzokosan.hu\/?product=a-csokoladen-innen-es-tul-kutyak-leggyakoribb-mergezesei\" \/>\n<meta property=\"og:locale\" content=\"hu_HU\" \/>\n<meta property=\"og:type\" content=\"article\" \/>\n<meta property=\"og:title\" content=\"A csokol\u00e1d\u00e9n innen \u00e9s t\u00fal: kuty\u00e1k leggyakoribb m\u00e9rgez\u00e9sei -\" \/>\n<meta property=\"og:description\" content=\"A leggyakoribb m\u00e9rgek, azoknak a t\u00fcneteik \u00e9s milyen l\u00e9p\u00e9seket tehetsz gazdik\u00e9nt a megel\u0151z\u00e9s\u00e9rt \u00e9s a v\u00e9szhelyzet kezel\u00e9s\u00e9\u00e9rt?\" \/>\n<meta property=\"og:url\" content=\"https:\/\/kutyazzokosan.hu\/?product=a-csokoladen-innen-es-tul-kutyak-leggyakoribb-mergezesei\" \/>\n<meta property=\"article:modified_time\" content=\"2026-01-01T11:28:50+00:00\" \/>\n<meta property=\"og:image\" content=\"https:\/\/kutyazzokosan.hu\/wp-content\/uploads\/2025\/03\/15-1.png\" \/>\n\t<meta property=\"og:image:width\" content=\"300\" \/>\n\t<meta property=\"og:image:height\" content=\"300\" \/>\n\t<meta property=\"og:image:type\" content=\"image\/png\" \/>\n<meta name=\"twitter:card\" content=\"summary_large_image\" \/>\n<meta name=\"twitter:label1\" content=\"Becs\u00fclt olvas\u00e1si id\u0151\" \/>\n\t<meta name=\"twitter:data1\" content=\"2 perc\" \/>\n<script type=\"application\/ld+json\" class=\"yoast-schema-graph\">{\"@context\":\"https:\\\/\\\/schema.org\",\"@graph\":[{\"@type\":\"WebPage\",\"@id\":\"https:\\\/\\\/kutyazzokosan.hu\\\/?product=a-csokoladen-innen-es-tul-kutyak-leggyakoribb-mergezesei\",\"url\":\"https:\\\/\\\/kutyazzokosan.hu\\\/?product=a-csokoladen-innen-es-tul-kutyak-leggyakoribb-mergezesei\",\"name\":\"A csokol\u00e1d\u00e9n innen \u00e9s t\u00fal: kuty\u00e1k leggyakoribb m\u00e9rgez\u00e9sei -\",\"isPartOf\":{\"@id\":\"https:\\\/\\\/kutyazzokosan.hu\\\/#website\"},\"primaryImageOfPage\":{\"@id\":\"https:\\\/\\\/kutyazzokosan.hu\\\/?product=a-csokoladen-innen-es-tul-kutyak-leggyakoribb-mergezesei#primaryimage\"},\"image\":{\"@id\":\"https:\\\/\\\/kutyazzokosan.hu\\\/?product=a-csokoladen-innen-es-tul-kutyak-leggyakoribb-mergezesei#primaryimage\"},\"thumbnailUrl\":\"https:\\\/\\\/kutyazzokosan.hu\\\/wp-content\\\/uploads\\\/2025\\\/03\\\/15-1.png\",\"datePublished\":\"2025-03-11T07:10:16+00:00\",\"dateModified\":\"2026-01-01T11:28:50+00:00\",\"description\":\"A leggyakoribb m\u00e9rgek, azoknak a t\u00fcneteik \u00e9s milyen l\u00e9p\u00e9seket tehetsz gazdik\u00e9nt a megel\u0151z\u00e9s\u00e9rt \u00e9s a v\u00e9szhelyzet kezel\u00e9s\u00e9\u00e9rt?\",\"breadcrumb\":{\"@id\":\"https:\\\/\\\/kutyazzokosan.hu\\\/?product=a-csokoladen-innen-es-tul-kutyak-leggyakoribb-mergezesei#breadcrumb\"},\"inLanguage\":\"hu\",\"potentialAction\":[{\"@type\":\"ReadAction\",\"target\":[\"https:\\\/\\\/kutyazzokosan.hu\\\/?product=a-csokoladen-innen-es-tul-kutyak-leggyakoribb-mergezesei\"]}]},{\"@type\":\"ImageObject\",\"inLanguage\":\"hu\",\"@id\":\"https:\\\/\\\/kutyazzokosan.hu\\\/?product=a-csokoladen-innen-es-tul-kutyak-leggyakoribb-mergezesei#primaryimage\",\"url\":\"https:\\\/\\\/kutyazzokosan.hu\\\/wp-content\\\/uploads\\\/2025\\\/03\\\/15-1.png\",\"contentUrl\":\"https:\\\/\\\/kutyazzokosan.hu\\\/wp-content\\\/uploads\\\/2025\\\/03\\\/15-1.png\",\"width\":300,\"height\":300},{\"@type\":\"BreadcrumbList\",\"@id\":\"https:\\\/\\\/kutyazzokosan.hu\\\/?product=a-csokoladen-innen-es-tul-kutyak-leggyakoribb-mergezesei#breadcrumb\",\"itemListElement\":[{\"@type\":\"ListItem\",\"position\":1,\"name\":\"Kezd\u0151lap\",\"item\":\"https:\\\/\\\/kutyazzokosan.hu\\\/\"},{\"@type\":\"ListItem\",\"position\":2,\"name\":\"Shop\",\"item\":\"https:\\\/\\\/kutyazzokosan.hu\\\/?page_id=7\"},{\"@type\":\"ListItem\",\"position\":3,\"name\":\"A csokol\u00e1d\u00e9n innen \u00e9s t\u00fal: kuty\u00e1k leggyakoribb m\u00e9rgez\u00e9sei\"}]},{\"@type\":\"WebSite\",\"@id\":\"https:\\\/\\\/kutyazzokosan.hu\\\/#website\",\"url\":\"https:\\\/\\\/kutyazzokosan.hu\\\/\",\"name\":\"\",\"description\":\"\",\"potentialAction\":[{\"@type\":\"SearchAction\",\"target\":{\"@type\":\"EntryPoint\",\"urlTemplate\":\"https:\\\/\\\/kutyazzokosan.hu\\\/?s={search_term_string}\"},\"query-input\":{\"@type\":\"PropertyValueSpecification\",\"valueRequired\":true,\"valueName\":\"search_term_string\"}}],\"inLanguage\":\"hu\"}]}<\/script>\n<!-- \/ Yoast SEO plugin. -->","yoast_head_json":{"title":"A csokol\u00e1d\u00e9n innen \u00e9s t\u00fal: kuty\u00e1k leggyakoribb m\u00e9rgez\u00e9sei -","description":"A leggyakoribb m\u00e9rgek, azoknak a t\u00fcneteik \u00e9s milyen l\u00e9p\u00e9seket tehetsz gazdik\u00e9nt a megel\u0151z\u00e9s\u00e9rt \u00e9s a v\u00e9szhelyzet kezel\u00e9s\u00e9\u00e9rt?","robots":{"index":"index","follow":"follow","max-snippet":"max-snippet:-1","max-image-preview":"max-image-preview:large","max-video-preview":"max-video-preview:-1"},"canonical":"https:\/\/kutyazzokosan.hu\/?product=a-csokoladen-innen-es-tul-kutyak-leggyakoribb-mergezesei","og_locale":"hu_HU","og_type":"article","og_title":"A csokol\u00e1d\u00e9n innen \u00e9s t\u00fal: kuty\u00e1k leggyakoribb m\u00e9rgez\u00e9sei -","og_description":"A leggyakoribb m\u00e9rgek, azoknak a t\u00fcneteik \u00e9s milyen l\u00e9p\u00e9seket tehetsz gazdik\u00e9nt a megel\u0151z\u00e9s\u00e9rt \u00e9s a v\u00e9szhelyzet kezel\u00e9s\u00e9\u00e9rt?","og_url":"https:\/\/kutyazzokosan.hu\/?product=a-csokoladen-innen-es-tul-kutyak-leggyakoribb-mergezesei","article_modified_time":"2026-01-01T11:28:50+00:00","og_image":[{"width":300,"height":300,"url":"https:\/\/kutyazzokosan.hu\/wp-content\/uploads\/2025\/03\/15-1.png","type":"image\/png"}],"twitter_card":"summary_large_image","twitter_misc":{"Becs\u00fclt olvas\u00e1si id\u0151":"2 perc"},"schema":{"@context":"https:\/\/schema.org","@graph":[{"@type":"WebPage","@id":"https:\/\/kutyazzokosan.hu\/?product=a-csokoladen-innen-es-tul-kutyak-leggyakoribb-mergezesei","url":"https:\/\/kutyazzokosan.hu\/?product=a-csokoladen-innen-es-tul-kutyak-leggyakoribb-mergezesei","name":"A csokol\u00e1d\u00e9n innen \u00e9s t\u00fal: kuty\u00e1k leggyakoribb m\u00e9rgez\u00e9sei -","isPartOf":{"@id":"https:\/\/kutyazzokosan.hu\/#website"},"primaryImageOfPage":{"@id":"https:\/\/kutyazzokosan.hu\/?product=a-csokoladen-innen-es-tul-kutyak-leggyakoribb-mergezesei#primaryimage"},"image":{"@id":"https:\/\/kutyazzokosan.hu\/?product=a-csokoladen-innen-es-tul-kutyak-leggyakoribb-mergezesei#primaryimage"},"thumbnailUrl":"https:\/\/kutyazzokosan.hu\/wp-content\/uploads\/2025\/03\/15-1.png","datePublished":"2025-03-11T07:10:16+00:00","dateModified":"2026-01-01T11:28:50+00:00","description":"A leggyakoribb m\u00e9rgek, azoknak a t\u00fcneteik \u00e9s milyen l\u00e9p\u00e9seket tehetsz gazdik\u00e9nt a megel\u0151z\u00e9s\u00e9rt \u00e9s a v\u00e9szhelyzet kezel\u00e9s\u00e9\u00e9rt?","breadcrumb":{"@id":"https:\/\/kutyazzokosan.hu\/?product=a-csokoladen-innen-es-tul-kutyak-leggyakoribb-mergezesei#breadcrumb"},"inLanguage":"hu","potentialAction":[{"@type":"ReadAction","target":["https:\/\/kutyazzokosan.hu\/?product=a-csokoladen-innen-es-tul-kutyak-leggyakoribb-mergezesei"]}]},{"@type":"ImageObject","inLanguage":"hu","@id":"https:\/\/kutyazzokosan.hu\/?product=a-csokoladen-innen-es-tul-kutyak-leggyakoribb-mergezesei#primaryimage","url":"https:\/\/kutyazzokosan.hu\/wp-content\/uploads\/2025\/03\/15-1.png","contentUrl":"https:\/\/kutyazzokosan.hu\/wp-content\/uploads\/2025\/03\/15-1.png","width":300,"height":300},{"@type":"BreadcrumbList","@id":"https:\/\/kutyazzokosan.hu\/?product=a-csokoladen-innen-es-tul-kutyak-leggyakoribb-mergezesei#breadcrumb","itemListElement":[{"@type":"ListItem","position":1,"name":"Kezd\u0151lap","item":"https:\/\/kutyazzokosan.hu\/"},{"@type":"ListItem","position":2,"name":"Shop","item":"https:\/\/kutyazzokosan.hu\/?page_id=7"},{"@type":"ListItem","position":3,"name":"A csokol\u00e1d\u00e9n innen \u00e9s t\u00fal: kuty\u00e1k leggyakoribb m\u00e9rgez\u00e9sei"}]},{"@type":"WebSite","@id":"https:\/\/kutyazzokosan.hu\/#website","url":"https:\/\/kutyazzokosan.hu\/","name":"","description":"","potentialAction":[{"@type":"SearchAction","target":{"@type":"EntryPoint","urlTemplate":"https:\/\/kutyazzokosan.hu\/?s={search_term_string}"},"query-input":{"@type":"PropertyValueSpecification","valueRequired":true,"valueName":"search_term_string"}}],"inLanguage":"hu"}]}},"_links":{"self":[{"href":"https:\/\/kutyazzokosan.hu\/index.php?rest_route=\/wp\/v2\/product\/335","targetHints":{"allow":["GET"]}}],"collection":[{"href":"https:\/\/kutyazzokosan.hu\/index.php?rest_route=\/wp\/v2\/product"}],"about":[{"href":"https:\/\/kutyazzokosan.hu\/index.php?rest_route=\/wp\/v2\/types\/product"}],"wp:featuredmedia":[{"embeddable":true,"href":"https:\/\/kutyazzokosan.hu\/index.php?rest_route=\/wp\/v2\/media\/676"}],"wp:attachment":[{"href":"https:\/\/kutyazzokosan.hu\/index.php?rest_route=%2Fwp%2Fv2%2Fmedia&parent=335"}],"wp:term":[{"taxonomy":"product_brand","embeddable":true,"href":"https:\/\/kutyazzokosan.hu\/index.php?rest_route=%2Fwp%2Fv2%2Fproduct_brand&post=335"},{"taxonomy":"product_cat","embeddable":true,"href":"https:\/\/kutyazzokosan.hu\/index.php?rest_route=%2Fwp%2Fv2%2Fproduct_cat&post=335"},{"taxonomy":"product_tag","embeddable":true,"href":"https:\/\/kutyazzokosan.hu\/index.php?rest_route=%2Fwp%2Fv2%2Fproduct_tag&post=335"}],"curies":[{"name":"wp","href":"https:\/\/api.w.org\/{rel}","templated":true}]}}