
{"id":333,"date":"2025-03-11T07:30:59","date_gmt":"2025-03-11T06:30:59","guid":{"rendered":"https:\/\/kutyazzokosan.hu\/?post_type=product&#038;p=333"},"modified":"2026-01-01T12:29:07","modified_gmt":"2026-01-01T11:29:07","slug":"mit-egyen-a-kutyam","status":"publish","type":"product","link":"https:\/\/kutyazzokosan.hu\/?product=mit-egyen-a-kutyam","title":{"rendered":"Mit egyen a kuty\u00e1m?"},"content":{"rendered":"<h4>Tudtad?<\/h4>\n<ul>\n<li>A kuty\u00e1k nem tudnak D-vitamint el\u0151\u00e1ll\u00edtani napf\u00e9ny seg\u00edts\u00e9g\u00e9vel a b\u0151r\u00fckben, ez\u00e9rt teljes m\u00e9rt\u00e9kben az eledel\u00fckkel bevitt D-vitaminra szorulnak. Nem mindegy azonban, mennyi vitaminp\u00f3tl\u00e1sra van sz\u00fcks\u00e9g\u00fck!<\/li>\n<li>A kuty\u00e1k ny\u00e1l\u00e1ban is bizony\u00edtottan tal\u00e1lhat\u00f3 alfa-amil\u00e1z enzim, amely seg\u00edt a komplex sz\u00e9nhidr\u00e1tok (pl. kem\u00e9ny\u00edt\u0151) lebont\u00e1s\u00e1ban.<\/li>\n<li>A kuty\u00e1k gyomra extr\u00e9m savas k\u00f6rnyezetet biztos\u00edt, amely lehet\u0151v\u00e9 teszi a nyers h\u00fas \u00e9s csontok megem\u00e9szt\u00e9s\u00e9t, \u00e9s a legt\u00f6bb bakt\u00e9rium elpuszt\u00edt\u00e1s\u00e1t. Azonban nem v\u00e9di meg \u0151ket minden vesz\u00e9lyt\u0151l\u2026<\/li>\n<\/ul>\n<div class=\"\"><strong>A prezent\u00e1ci\u00f3 sor\u00e1n \u00e1ttekintj\u00fck:<\/strong><\/div>\n<ul>\n<li>A kuty\u00e1k t\u00e1pcsatorn\u00e1ja, a legfontosabb tudnival\u00f3k az em\u00e9szt\u0151 szervrendszer\u00fck m\u0171k\u00f6d\u00e9s\u00e9r\u0151l \u00e9s funkci\u00f3j\u00e1r\u00f3l<\/li>\n<li>A kuty\u00e1k alap t\u00e1panyag ig\u00e9nyei (makro-\u00e9s mikrot\u00e1panyagok)<\/li>\n<li>A kuty\u00e1k megfelel\u0151 t\u00e1pl\u00e1lts\u00e1gi \u00e1llapot\u00e1nak felm\u00e9r\u00e9se<\/li>\n<li>N\u00e9pszer\u0171 etet\u00e9si m\u00f3dok pro \/ kontra<\/li>\n<li>Napi kal\u00f3riasz\u00fcks\u00e9glet kisz\u00e1mol\u00e1sa<\/li>\n<\/ul>\n<p><strong>El\u0151ad\u00f3<\/strong>: dr. Balatonyi Lilla<br \/>\nWebinar hossza: 125 perc<\/p>\n<p><iframe title=\"YouTube video player\" src=\"https:\/\/www.youtube.com\/embed\/U0MsuNpaPko?si=vDzpiq275Mfhzp8u\" width=\"560\" height=\"315\" frameborder=\"0\" allowfullscreen=\"allowfullscreen\"><\/iframe><\/p>\n<p><b>\ud83d\udca1 Ha tetszett az el\u0151n\u00e9zet, kattints a gombra \u00e9s m\u00e1r kezd\u0151dhet is a tanul\u00e1s!<br \/>\n<\/b>&#8211; V\u00e1s\u00e1rl\u00e1s ut\u00e1n <strong>azonnal el\u00e9red a webin\u00e1rt a fi\u00f3kodban<\/strong>, a <strong>\u201eVide\u00f3im\u201d men\u00fcpontban<\/strong>, vagy a <strong>Fi\u00f3kom &gt; Let\u00f6lt\u00e9sek alatt<\/strong>.<br \/>\n&#8211; A felv\u00e9telt <strong>korl\u00e1tlan ideig visszan\u00e9zheted<\/strong>, b\u00e1rmikor, saj\u00e1t temp\u00f3dban.<br \/>\n&#8211; Fizet\u00e9shez <strong>biztons\u00e1gos bankk\u00e1rty\u00e1s SimplePay rendszer<\/strong>\u00fcnket haszn\u00e1lhatod.<b><br \/>\n<\/b><\/p>\n<form class=\"cart\" enctype=\"multipart\/form-data\" method=\"post\"><button class=\"single_add_to_cart_button button alt\" style=\"font-size: 16px; padding: 14px 28px; margin: 0px 0px;\" name=\"add-to-cart\" type=\"submit\" value=\"333\">Kos\u00e1rba teszem<\/button><\/form>\n","protected":false},"excerpt":{"rendered":"<ul>\n<li><strong>Szeretn\u00e9l j\u00f3l inform\u00e1lt, t\u00e1j\u00e9kozott gazdi lenni<\/strong>, aki magabiztosan d\u00f6nti el, milyen t\u00e1panyagokra van sz\u00fcks\u00e9ge a kuty\u00e1j\u00e1nak?<\/li>\n<li>Szeretn\u00e9d tudni,<strong> megfelel\u0151-e a kuty\u00e1d t\u00e1pl\u00e1lts\u00e1ga<\/strong>, vagy<strong> szenved-e hi\u00e1nyt b\u00e1rmiben<\/strong> a jelenlegi \u00e9trendj\u00e9vel?<\/li>\n<li><strong>Elveszt\u00e9l az internetes \u201cmegmond\u00f3emberek\u201d \u00e9s \u201ct\u00e1pszak\u00e9rt\u0151k\u201d <\/strong>gyakran egym\u00e1snak is ellentmond\u00f3 <strong>tan\u00e1csai k\u00f6zt?<\/strong><\/li>\n<\/ul>\n<p>Akkor hallgasd v\u00e9gig a &#8222;Mit egyen a kuty\u00e1m?&#8221; c\u00edm\u0171 webin\u00e1r felv\u00e9tel\u00e9t!<\/p>\n<p><strong>Dr. Balatonyi Lilla <\/strong>el\u0151ad\u00e1s\u00e1ban,<strong> megb\u00edzhat\u00f3, tudom\u00e1nyos alapokon nyugv\u00f3 inform\u00e1ci\u00f3kat <\/strong>vesz v\u00e9gig<strong>, hogy a megfelel\u0151 etet\u00e9ssel min\u00e9l hosszabb \u00e9s eg\u00e9szs\u00e9gesebb \u00e9letet biztos\u00edthass kuty\u00e1d sz\u00e1m\u00e1ra.<\/strong><\/p>\n<p>A Webin\u00e1r hossza: 125 perc. \u00a0V\u00e1s\u00e1rl\u00e1s ut\u00e1n <strong>azonnal el\u00e9red fi\u00f3kodban<\/strong>, \u00e9s <strong>korl\u00e1tlan ideig visszan\u00e9zheted!<\/strong><\/p>\n","protected":false},"featured_media":638,"template":"","meta":[],"product_brand":[],"product_cat":[22,15],"product_tag":[],"class_list":{"0":"post-333","1":"product","2":"type-product","3":"status-publish","4":"has-post-thumbnail","6":"product_cat-kutya-egeszsege","7":"product_cat-minden-termek","9":"first","10":"instock","11":"downloadable","12":"virtual","13":"sold-individually","14":"purchasable","15":"product-type-simple"},"yoast_head":"<!-- This site is optimized with the Yoast SEO plugin v27.4 - https:\/\/yoast.com\/product\/yoast-seo-wordpress\/ -->\n<title>Mit egyen a kuty\u00e1m? -<\/title>\n<meta name=\"description\" content=\"Megb\u00edzhat\u00f3, tudom\u00e1nyos alapokon nyugv\u00f3 inform\u00e1ci\u00f3kat fogunk v\u00e9gigvenni, hogy a megfelel\u0151 etet\u00e9ssel min\u00e9l hosszabb \u00e9s eg\u00e9szs\u00e9gesebb \u00e9letet biztos\u00edthass kuty\u00e1dnak.\" \/>\n<meta name=\"robots\" content=\"index, follow, max-snippet:-1, max-image-preview:large, max-video-preview:-1\" \/>\n<link rel=\"canonical\" href=\"https:\/\/kutyazzokosan.hu\/?product=mit-egyen-a-kutyam\" \/>\n<meta property=\"og:locale\" content=\"hu_HU\" \/>\n<meta property=\"og:type\" content=\"article\" \/>\n<meta property=\"og:title\" content=\"Mit egyen a kuty\u00e1m? -\" \/>\n<meta property=\"og:description\" content=\"Megb\u00edzhat\u00f3, tudom\u00e1nyos alapokon nyugv\u00f3 inform\u00e1ci\u00f3kat fogunk v\u00e9gigvenni, hogy a megfelel\u0151 etet\u00e9ssel min\u00e9l hosszabb \u00e9s eg\u00e9szs\u00e9gesebb \u00e9letet biztos\u00edthass kuty\u00e1dnak.\" \/>\n<meta property=\"og:url\" content=\"https:\/\/kutyazzokosan.hu\/?product=mit-egyen-a-kutyam\" \/>\n<meta property=\"article:modified_time\" content=\"2026-01-01T11:29:07+00:00\" \/>\n<meta property=\"og:image\" content=\"https:\/\/kutyazzokosan.hu\/wp-content\/uploads\/2025\/03\/13-1.png\" \/>\n\t<meta property=\"og:image:width\" content=\"300\" \/>\n\t<meta property=\"og:image:height\" content=\"300\" \/>\n\t<meta property=\"og:image:type\" content=\"image\/png\" \/>\n<meta name=\"twitter:card\" content=\"summary_large_image\" \/>\n<meta name=\"twitter:label1\" content=\"Becs\u00fclt olvas\u00e1si id\u0151\" \/>\n\t<meta name=\"twitter:data1\" content=\"2 perc\" \/>\n<script type=\"application\/ld+json\" class=\"yoast-schema-graph\">{\"@context\":\"https:\\\/\\\/schema.org\",\"@graph\":[{\"@type\":\"WebPage\",\"@id\":\"https:\\\/\\\/kutyazzokosan.hu\\\/?product=mit-egyen-a-kutyam\",\"url\":\"https:\\\/\\\/kutyazzokosan.hu\\\/?product=mit-egyen-a-kutyam\",\"name\":\"Mit egyen a kuty\u00e1m? -\",\"isPartOf\":{\"@id\":\"https:\\\/\\\/kutyazzokosan.hu\\\/#website\"},\"primaryImageOfPage\":{\"@id\":\"https:\\\/\\\/kutyazzokosan.hu\\\/?product=mit-egyen-a-kutyam#primaryimage\"},\"image\":{\"@id\":\"https:\\\/\\\/kutyazzokosan.hu\\\/?product=mit-egyen-a-kutyam#primaryimage\"},\"thumbnailUrl\":\"https:\\\/\\\/kutyazzokosan.hu\\\/wp-content\\\/uploads\\\/2025\\\/03\\\/13-1.png\",\"datePublished\":\"2025-03-11T06:30:59+00:00\",\"dateModified\":\"2026-01-01T11:29:07+00:00\",\"description\":\"Megb\u00edzhat\u00f3, tudom\u00e1nyos alapokon nyugv\u00f3 inform\u00e1ci\u00f3kat fogunk v\u00e9gigvenni, hogy a megfelel\u0151 etet\u00e9ssel min\u00e9l hosszabb \u00e9s eg\u00e9szs\u00e9gesebb \u00e9letet biztos\u00edthass kuty\u00e1dnak.\",\"breadcrumb\":{\"@id\":\"https:\\\/\\\/kutyazzokosan.hu\\\/?product=mit-egyen-a-kutyam#breadcrumb\"},\"inLanguage\":\"hu\",\"potentialAction\":[{\"@type\":\"ReadAction\",\"target\":[\"https:\\\/\\\/kutyazzokosan.hu\\\/?product=mit-egyen-a-kutyam\"]}]},{\"@type\":\"ImageObject\",\"inLanguage\":\"hu\",\"@id\":\"https:\\\/\\\/kutyazzokosan.hu\\\/?product=mit-egyen-a-kutyam#primaryimage\",\"url\":\"https:\\\/\\\/kutyazzokosan.hu\\\/wp-content\\\/uploads\\\/2025\\\/03\\\/13-1.png\",\"contentUrl\":\"https:\\\/\\\/kutyazzokosan.hu\\\/wp-content\\\/uploads\\\/2025\\\/03\\\/13-1.png\",\"width\":300,\"height\":300},{\"@type\":\"BreadcrumbList\",\"@id\":\"https:\\\/\\\/kutyazzokosan.hu\\\/?product=mit-egyen-a-kutyam#breadcrumb\",\"itemListElement\":[{\"@type\":\"ListItem\",\"position\":1,\"name\":\"Kezd\u0151lap\",\"item\":\"https:\\\/\\\/kutyazzokosan.hu\\\/\"},{\"@type\":\"ListItem\",\"position\":2,\"name\":\"Shop\",\"item\":\"https:\\\/\\\/kutyazzokosan.hu\\\/?page_id=7\"},{\"@type\":\"ListItem\",\"position\":3,\"name\":\"Mit egyen a kuty\u00e1m?\"}]},{\"@type\":\"WebSite\",\"@id\":\"https:\\\/\\\/kutyazzokosan.hu\\\/#website\",\"url\":\"https:\\\/\\\/kutyazzokosan.hu\\\/\",\"name\":\"\",\"description\":\"\",\"potentialAction\":[{\"@type\":\"SearchAction\",\"target\":{\"@type\":\"EntryPoint\",\"urlTemplate\":\"https:\\\/\\\/kutyazzokosan.hu\\\/?s={search_term_string}\"},\"query-input\":{\"@type\":\"PropertyValueSpecification\",\"valueRequired\":true,\"valueName\":\"search_term_string\"}}],\"inLanguage\":\"hu\"}]}<\/script>\n<!-- \/ Yoast SEO plugin. -->","yoast_head_json":{"title":"Mit egyen a kuty\u00e1m? -","description":"Megb\u00edzhat\u00f3, tudom\u00e1nyos alapokon nyugv\u00f3 inform\u00e1ci\u00f3kat fogunk v\u00e9gigvenni, hogy a megfelel\u0151 etet\u00e9ssel min\u00e9l hosszabb \u00e9s eg\u00e9szs\u00e9gesebb \u00e9letet biztos\u00edthass kuty\u00e1dnak.","robots":{"index":"index","follow":"follow","max-snippet":"max-snippet:-1","max-image-preview":"max-image-preview:large","max-video-preview":"max-video-preview:-1"},"canonical":"https:\/\/kutyazzokosan.hu\/?product=mit-egyen-a-kutyam","og_locale":"hu_HU","og_type":"article","og_title":"Mit egyen a kuty\u00e1m? -","og_description":"Megb\u00edzhat\u00f3, tudom\u00e1nyos alapokon nyugv\u00f3 inform\u00e1ci\u00f3kat fogunk v\u00e9gigvenni, hogy a megfelel\u0151 etet\u00e9ssel min\u00e9l hosszabb \u00e9s eg\u00e9szs\u00e9gesebb \u00e9letet biztos\u00edthass kuty\u00e1dnak.","og_url":"https:\/\/kutyazzokosan.hu\/?product=mit-egyen-a-kutyam","article_modified_time":"2026-01-01T11:29:07+00:00","og_image":[{"width":300,"height":300,"url":"https:\/\/kutyazzokosan.hu\/wp-content\/uploads\/2025\/03\/13-1.png","type":"image\/png"}],"twitter_card":"summary_large_image","twitter_misc":{"Becs\u00fclt olvas\u00e1si id\u0151":"2 perc"},"schema":{"@context":"https:\/\/schema.org","@graph":[{"@type":"WebPage","@id":"https:\/\/kutyazzokosan.hu\/?product=mit-egyen-a-kutyam","url":"https:\/\/kutyazzokosan.hu\/?product=mit-egyen-a-kutyam","name":"Mit egyen a kuty\u00e1m? -","isPartOf":{"@id":"https:\/\/kutyazzokosan.hu\/#website"},"primaryImageOfPage":{"@id":"https:\/\/kutyazzokosan.hu\/?product=mit-egyen-a-kutyam#primaryimage"},"image":{"@id":"https:\/\/kutyazzokosan.hu\/?product=mit-egyen-a-kutyam#primaryimage"},"thumbnailUrl":"https:\/\/kutyazzokosan.hu\/wp-content\/uploads\/2025\/03\/13-1.png","datePublished":"2025-03-11T06:30:59+00:00","dateModified":"2026-01-01T11:29:07+00:00","description":"Megb\u00edzhat\u00f3, tudom\u00e1nyos alapokon nyugv\u00f3 inform\u00e1ci\u00f3kat fogunk v\u00e9gigvenni, hogy a megfelel\u0151 etet\u00e9ssel min\u00e9l hosszabb \u00e9s eg\u00e9szs\u00e9gesebb \u00e9letet biztos\u00edthass kuty\u00e1dnak.","breadcrumb":{"@id":"https:\/\/kutyazzokosan.hu\/?product=mit-egyen-a-kutyam#breadcrumb"},"inLanguage":"hu","potentialAction":[{"@type":"ReadAction","target":["https:\/\/kutyazzokosan.hu\/?product=mit-egyen-a-kutyam"]}]},{"@type":"ImageObject","inLanguage":"hu","@id":"https:\/\/kutyazzokosan.hu\/?product=mit-egyen-a-kutyam#primaryimage","url":"https:\/\/kutyazzokosan.hu\/wp-content\/uploads\/2025\/03\/13-1.png","contentUrl":"https:\/\/kutyazzokosan.hu\/wp-content\/uploads\/2025\/03\/13-1.png","width":300,"height":300},{"@type":"BreadcrumbList","@id":"https:\/\/kutyazzokosan.hu\/?product=mit-egyen-a-kutyam#breadcrumb","itemListElement":[{"@type":"ListItem","position":1,"name":"Kezd\u0151lap","item":"https:\/\/kutyazzokosan.hu\/"},{"@type":"ListItem","position":2,"name":"Shop","item":"https:\/\/kutyazzokosan.hu\/?page_id=7"},{"@type":"ListItem","position":3,"name":"Mit egyen a kuty\u00e1m?"}]},{"@type":"WebSite","@id":"https:\/\/kutyazzokosan.hu\/#website","url":"https:\/\/kutyazzokosan.hu\/","name":"","description":"","potentialAction":[{"@type":"SearchAction","target":{"@type":"EntryPoint","urlTemplate":"https:\/\/kutyazzokosan.hu\/?s={search_term_string}"},"query-input":{"@type":"PropertyValueSpecification","valueRequired":true,"valueName":"search_term_string"}}],"inLanguage":"hu"}]}},"_links":{"self":[{"href":"https:\/\/kutyazzokosan.hu\/index.php?rest_route=\/wp\/v2\/product\/333","targetHints":{"allow":["GET"]}}],"collection":[{"href":"https:\/\/kutyazzokosan.hu\/index.php?rest_route=\/wp\/v2\/product"}],"about":[{"href":"https:\/\/kutyazzokosan.hu\/index.php?rest_route=\/wp\/v2\/types\/product"}],"wp:featuredmedia":[{"embeddable":true,"href":"https:\/\/kutyazzokosan.hu\/index.php?rest_route=\/wp\/v2\/media\/638"}],"wp:attachment":[{"href":"https:\/\/kutyazzokosan.hu\/index.php?rest_route=%2Fwp%2Fv2%2Fmedia&parent=333"}],"wp:term":[{"taxonomy":"product_brand","embeddable":true,"href":"https:\/\/kutyazzokosan.hu\/index.php?rest_route=%2Fwp%2Fv2%2Fproduct_brand&post=333"},{"taxonomy":"product_cat","embeddable":true,"href":"https:\/\/kutyazzokosan.hu\/index.php?rest_route=%2Fwp%2Fv2%2Fproduct_cat&post=333"},{"taxonomy":"product_tag","embeddable":true,"href":"https:\/\/kutyazzokosan.hu\/index.php?rest_route=%2Fwp%2Fv2%2Fproduct_tag&post=333"}],"curies":[{"name":"wp","href":"https:\/\/api.w.org\/{rel}","templated":true}]}}