
{"id":219,"date":"2025-01-06T16:43:17","date_gmt":"2025-01-06T15:43:17","guid":{"rendered":"https:\/\/kutyazzokosan.hu\/?post_type=product&#038;p=219"},"modified":"2026-01-01T12:29:15","modified_gmt":"2026-01-01T11:29:15","slug":"karomvagas-gyogyszer-fesules-szem-csepp","status":"publish","type":"product","link":"https:\/\/kutyazzokosan.hu\/?product=karomvagas-gyogyszer-fesules-szem-csepp","title":{"rendered":"Nem kell f\u00e9lni az \u00e1llatorvost\u00f3l &#8211; a kooperat\u00edv gondoz\u00e1s alapjai"},"content":{"rendered":"<p><strong>T\u00c9M\u00c1K<\/strong><br \/>\nElm\u00e9let:<\/p>\n<ul>\n<li>Honnan j\u00f6tt? Hogyan \u00e9rkezett a kutyatr\u00e9ning vil\u00e1g\u00e1ba?<\/li>\n<li>Hogyan m\u0171k\u00f6dik? Alapelvek: stressz monitoroz\u00e1sa, \u00e9rint\u00e9shez val\u00f3 szoktat\u00e1s, kooper\u00e1ci\u00f3s jel haszn\u00e1lata<\/li>\n<\/ul>\n<p>Gyakorlat:<\/p>\n<ul>\n<li>kooperat\u00edv gondoz\u00e1s mint megel\u0151z\u00e9s: mit \u00e9rdemes gyakorolni, hogy ne legyen baj?<\/li>\n<li>kooperat\u00edv gondoz\u00e1s mint k\u00e1renyh\u00edt\u00e9s: hogyan dolgozzunk, ha m\u00e1r felmer\u00fclt egy probl\u00e9ma?<\/li>\n<li>hogyan n\u00e9z ki az egy\u00fcttm\u0171k\u00f6d\u00e9s egy \u00e1llatorvossal vagy kozmetikussal?<\/li>\n<li>tippek mindennapi tr\u00e9ningre, avagy hogyan tudod beilleszteni a kooperat\u00edv gondoz\u00e1s tr\u00e9ninget minden m\u00e1s (izgalmasabb) kuty\u00e1s tev\u00e9kenys\u00e9g k\u00f6z\u00e9?<\/li>\n<\/ul>\n<p>El\u0151ad\u00f3: Borodziej Nora<br \/>\nWebinar hossza: 120 perc<\/p>\n<p><iframe title=\"YouTube video player\" src=\"https:\/\/www.youtube.com\/embed\/VdMTNqwYIhY?si=zuFahG2ta01TfDT0\" width=\"560\" height=\"315\" frameborder=\"0\" allowfullscreen=\"allowfullscreen\" data-mce-fragment=\"1\"><\/iframe><\/p>\n<p><b>\ud83d\udca1 Ha tetszett az el\u0151n\u00e9zet, kattints a gombra \u00e9s m\u00e1r kezd\u0151dhet is a tanul\u00e1s!<br \/>\n<\/b>&#8211; V\u00e1s\u00e1rl\u00e1s ut\u00e1n <strong>azonnal el\u00e9red a webin\u00e1rt a fi\u00f3kodban<\/strong>, a <strong>\u201eVide\u00f3im\u201d men\u00fcpontban<\/strong>, vagy a <strong>Fi\u00f3kom &gt; Let\u00f6lt\u00e9sek alatt<\/strong>.<br \/>\n&#8211; A felv\u00e9telt <strong>korl\u00e1tlan ideig visszan\u00e9zheted<\/strong>, b\u00e1rmikor, saj\u00e1t temp\u00f3dban.<br \/>\n&#8211; Fizet\u00e9shez <strong>biztons\u00e1gos bankk\u00e1rty\u00e1s SimplePay rendszer<\/strong>\u00fcnket haszn\u00e1lhatod.<b><br \/>\n<\/b><\/p>\n<form class=\"cart\" enctype=\"multipart\/form-data\" method=\"post\"><button class=\"single_add_to_cart_button button alt\" style=\"font-size: 16px; padding: 14px 28px; margin: 0px 0px;\" name=\"add-to-cart\" type=\"submit\" value=\"219\">Kos\u00e1rba teszem<\/button><\/form>\n","protected":false},"excerpt":{"rendered":"<p><strong>A kooperat\u00edv gondoz\u00e1s \u00e9s az \u00e1llatorvosi tr\u00e9ning fogalm\u00e1val \u00e1ltal\u00e1ban akkor tal\u00e1lkozunk, amikor baj van<\/strong><\/p>\n<ul>\n<li>A kutya <strong>gy\u0171l\u00f6li a h\u00e1mot<\/strong><\/li>\n<li><strong>Nem lehet megvizsg\u00e1lni<\/strong> az \u00e1llatorvosn\u00e1l<\/li>\n<li>Csak <strong>b\u00f3d\u00edt\u00e1sban lehet lev\u00e1gni a karmait<\/strong>.<\/li>\n<\/ul>\n<p><strong>Pedig a kooperat\u00edv gondoz\u00e1s sokkal t\u00f6bbet jelenthet szimpla k\u00e1renyh\u00edt\u00e9sn\u00e9l.<br \/>\n<\/strong><\/p>\n<p><strong>Borodziej Nora\u00a0<\/strong>el\u0151ad\u00e1s\u00e1b\u00f3l a t<strong>r\u00e9ning eredete \u00e9s alapelvei<\/strong> mellett <strong>gyakorlati tippeket \u00e9s m\u00f3dszereket<\/strong> is elsaj\u00e1t\u00edthatsz a <strong>megel\u0151z\u00e9sre, korrig\u00e1l\u00e1sra \u00e9s a mindennapi tr\u00e9ning<\/strong>re, hogy a l\u00e1togat\u00e1s az <strong>\u00e1llatorvosn\u00e1l vagy kutyakozmetikusn\u00e1l z\u00f6kken\u0151mentes<\/strong> legyen.<\/p>\n<p>A Webin\u00e1r hossza: 120 perc. \u00a0V\u00e1s\u00e1rl\u00e1s ut\u00e1n <strong>azonnal el\u00e9red fi\u00f3kodban<\/strong>, \u00e9s <strong>korl\u00e1tlan ideig visszan\u00e9zheted!<\/strong><\/p>\n","protected":false},"featured_media":631,"template":"","meta":[],"product_brand":[],"product_cat":[21,22,15,20],"product_tag":[],"class_list":{"0":"post-219","1":"product","2":"type-product","3":"status-publish","4":"has-post-thumbnail","6":"product_cat-alapok-felelos-kutyatartas","7":"product_cat-kutya-egeszsege","8":"product_cat-minden-termek","9":"product_cat-trening-viselkedesterapia","11":"first","12":"instock","13":"downloadable","14":"virtual","15":"sold-individually","16":"purchasable","17":"product-type-simple"},"yoast_head":"<!-- This site is optimized with the Yoast SEO plugin v27.4 - https:\/\/yoast.com\/product\/yoast-seo-wordpress\/ -->\n<title>Nem kell f\u00e9lni az \u00e1llatorvost\u00f3l - a kooperat\u00edv gondoz\u00e1s alapjai -<\/title>\n<meta name=\"description\" content=\"Ha f\u00e9lsz a k\u00e1romv\u00e1g\u00e1st\u00f3l, vagy egyszer\u0171en lehetetlen gy\u00f3gszert beadni a kuty\u00e1dnak, seg\u00edt\u00fcnk! A kooperat\u00edv gondoz\u00e1s k\u00f6nnyebb\u00e9 teszi a mindennapi feladatokat!\" \/>\n<meta name=\"robots\" content=\"index, follow, max-snippet:-1, max-image-preview:large, max-video-preview:-1\" \/>\n<link rel=\"canonical\" href=\"https:\/\/kutyazzokosan.hu\/?product=karomvagas-gyogyszer-fesules-szem-csepp\" \/>\n<meta property=\"og:locale\" content=\"hu_HU\" \/>\n<meta property=\"og:type\" content=\"article\" \/>\n<meta property=\"og:title\" content=\"Nem kell f\u00e9lni az \u00e1llatorvost\u00f3l - a kooperat\u00edv gondoz\u00e1s alapjai -\" \/>\n<meta property=\"og:description\" content=\"Ha f\u00e9lsz a k\u00e1romv\u00e1g\u00e1st\u00f3l, vagy egyszer\u0171en lehetetlen gy\u00f3gszert beadni a kuty\u00e1dnak, seg\u00edt\u00fcnk! A kooperat\u00edv gondoz\u00e1s k\u00f6nnyebb\u00e9 teszi a mindennapi feladatokat!\" \/>\n<meta property=\"og:url\" content=\"https:\/\/kutyazzokosan.hu\/?product=karomvagas-gyogyszer-fesules-szem-csepp\" \/>\n<meta property=\"article:modified_time\" content=\"2026-01-01T11:29:15+00:00\" \/>\n<meta property=\"og:image\" content=\"https:\/\/kutyazzokosan.hu\/wp-content\/uploads\/2025\/03\/6.png\" \/>\n\t<meta property=\"og:image:width\" content=\"300\" \/>\n\t<meta property=\"og:image:height\" content=\"300\" \/>\n\t<meta property=\"og:image:type\" content=\"image\/png\" \/>\n<meta name=\"twitter:card\" content=\"summary_large_image\" \/>\n<meta name=\"twitter:label1\" content=\"Becs\u00fclt olvas\u00e1si id\u0151\" \/>\n\t<meta name=\"twitter:data1\" content=\"1 perc\" \/>\n<script type=\"application\/ld+json\" class=\"yoast-schema-graph\">{\"@context\":\"https:\\\/\\\/schema.org\",\"@graph\":[{\"@type\":\"WebPage\",\"@id\":\"https:\\\/\\\/kutyazzokosan.hu\\\/?product=karomvagas-gyogyszer-fesules-szem-csepp\",\"url\":\"https:\\\/\\\/kutyazzokosan.hu\\\/?product=karomvagas-gyogyszer-fesules-szem-csepp\",\"name\":\"Nem kell f\u00e9lni az \u00e1llatorvost\u00f3l - a kooperat\u00edv gondoz\u00e1s alapjai -\",\"isPartOf\":{\"@id\":\"https:\\\/\\\/kutyazzokosan.hu\\\/#website\"},\"primaryImageOfPage\":{\"@id\":\"https:\\\/\\\/kutyazzokosan.hu\\\/?product=karomvagas-gyogyszer-fesules-szem-csepp#primaryimage\"},\"image\":{\"@id\":\"https:\\\/\\\/kutyazzokosan.hu\\\/?product=karomvagas-gyogyszer-fesules-szem-csepp#primaryimage\"},\"thumbnailUrl\":\"https:\\\/\\\/kutyazzokosan.hu\\\/wp-content\\\/uploads\\\/2025\\\/03\\\/6.png\",\"datePublished\":\"2025-01-06T15:43:17+00:00\",\"dateModified\":\"2026-01-01T11:29:15+00:00\",\"description\":\"Ha f\u00e9lsz a k\u00e1romv\u00e1g\u00e1st\u00f3l, vagy egyszer\u0171en lehetetlen gy\u00f3gszert beadni a kuty\u00e1dnak, seg\u00edt\u00fcnk! A kooperat\u00edv gondoz\u00e1s k\u00f6nnyebb\u00e9 teszi a mindennapi feladatokat!\",\"breadcrumb\":{\"@id\":\"https:\\\/\\\/kutyazzokosan.hu\\\/?product=karomvagas-gyogyszer-fesules-szem-csepp#breadcrumb\"},\"inLanguage\":\"hu\",\"potentialAction\":[{\"@type\":\"ReadAction\",\"target\":[\"https:\\\/\\\/kutyazzokosan.hu\\\/?product=karomvagas-gyogyszer-fesules-szem-csepp\"]}]},{\"@type\":\"ImageObject\",\"inLanguage\":\"hu\",\"@id\":\"https:\\\/\\\/kutyazzokosan.hu\\\/?product=karomvagas-gyogyszer-fesules-szem-csepp#primaryimage\",\"url\":\"https:\\\/\\\/kutyazzokosan.hu\\\/wp-content\\\/uploads\\\/2025\\\/03\\\/6.png\",\"contentUrl\":\"https:\\\/\\\/kutyazzokosan.hu\\\/wp-content\\\/uploads\\\/2025\\\/03\\\/6.png\",\"width\":300,\"height\":300},{\"@type\":\"BreadcrumbList\",\"@id\":\"https:\\\/\\\/kutyazzokosan.hu\\\/?product=karomvagas-gyogyszer-fesules-szem-csepp#breadcrumb\",\"itemListElement\":[{\"@type\":\"ListItem\",\"position\":1,\"name\":\"Kezd\u0151lap\",\"item\":\"https:\\\/\\\/kutyazzokosan.hu\\\/\"},{\"@type\":\"ListItem\",\"position\":2,\"name\":\"Shop\",\"item\":\"https:\\\/\\\/kutyazzokosan.hu\\\/?page_id=7\"},{\"@type\":\"ListItem\",\"position\":3,\"name\":\"Nem kell f\u00e9lni az \u00e1llatorvost\u00f3l &#8211; a kooperat\u00edv gondoz\u00e1s alapjai\"}]},{\"@type\":\"WebSite\",\"@id\":\"https:\\\/\\\/kutyazzokosan.hu\\\/#website\",\"url\":\"https:\\\/\\\/kutyazzokosan.hu\\\/\",\"name\":\"\",\"description\":\"\",\"potentialAction\":[{\"@type\":\"SearchAction\",\"target\":{\"@type\":\"EntryPoint\",\"urlTemplate\":\"https:\\\/\\\/kutyazzokosan.hu\\\/?s={search_term_string}\"},\"query-input\":{\"@type\":\"PropertyValueSpecification\",\"valueRequired\":true,\"valueName\":\"search_term_string\"}}],\"inLanguage\":\"hu\"}]}<\/script>\n<!-- \/ Yoast SEO plugin. -->","yoast_head_json":{"title":"Nem kell f\u00e9lni az \u00e1llatorvost\u00f3l - a kooperat\u00edv gondoz\u00e1s alapjai -","description":"Ha f\u00e9lsz a k\u00e1romv\u00e1g\u00e1st\u00f3l, vagy egyszer\u0171en lehetetlen gy\u00f3gszert beadni a kuty\u00e1dnak, seg\u00edt\u00fcnk! A kooperat\u00edv gondoz\u00e1s k\u00f6nnyebb\u00e9 teszi a mindennapi feladatokat!","robots":{"index":"index","follow":"follow","max-snippet":"max-snippet:-1","max-image-preview":"max-image-preview:large","max-video-preview":"max-video-preview:-1"},"canonical":"https:\/\/kutyazzokosan.hu\/?product=karomvagas-gyogyszer-fesules-szem-csepp","og_locale":"hu_HU","og_type":"article","og_title":"Nem kell f\u00e9lni az \u00e1llatorvost\u00f3l - a kooperat\u00edv gondoz\u00e1s alapjai -","og_description":"Ha f\u00e9lsz a k\u00e1romv\u00e1g\u00e1st\u00f3l, vagy egyszer\u0171en lehetetlen gy\u00f3gszert beadni a kuty\u00e1dnak, seg\u00edt\u00fcnk! A kooperat\u00edv gondoz\u00e1s k\u00f6nnyebb\u00e9 teszi a mindennapi feladatokat!","og_url":"https:\/\/kutyazzokosan.hu\/?product=karomvagas-gyogyszer-fesules-szem-csepp","article_modified_time":"2026-01-01T11:29:15+00:00","og_image":[{"width":300,"height":300,"url":"https:\/\/kutyazzokosan.hu\/wp-content\/uploads\/2025\/03\/6.png","type":"image\/png"}],"twitter_card":"summary_large_image","twitter_misc":{"Becs\u00fclt olvas\u00e1si id\u0151":"1 perc"},"schema":{"@context":"https:\/\/schema.org","@graph":[{"@type":"WebPage","@id":"https:\/\/kutyazzokosan.hu\/?product=karomvagas-gyogyszer-fesules-szem-csepp","url":"https:\/\/kutyazzokosan.hu\/?product=karomvagas-gyogyszer-fesules-szem-csepp","name":"Nem kell f\u00e9lni az \u00e1llatorvost\u00f3l - a kooperat\u00edv gondoz\u00e1s alapjai -","isPartOf":{"@id":"https:\/\/kutyazzokosan.hu\/#website"},"primaryImageOfPage":{"@id":"https:\/\/kutyazzokosan.hu\/?product=karomvagas-gyogyszer-fesules-szem-csepp#primaryimage"},"image":{"@id":"https:\/\/kutyazzokosan.hu\/?product=karomvagas-gyogyszer-fesules-szem-csepp#primaryimage"},"thumbnailUrl":"https:\/\/kutyazzokosan.hu\/wp-content\/uploads\/2025\/03\/6.png","datePublished":"2025-01-06T15:43:17+00:00","dateModified":"2026-01-01T11:29:15+00:00","description":"Ha f\u00e9lsz a k\u00e1romv\u00e1g\u00e1st\u00f3l, vagy egyszer\u0171en lehetetlen gy\u00f3gszert beadni a kuty\u00e1dnak, seg\u00edt\u00fcnk! A kooperat\u00edv gondoz\u00e1s k\u00f6nnyebb\u00e9 teszi a mindennapi feladatokat!","breadcrumb":{"@id":"https:\/\/kutyazzokosan.hu\/?product=karomvagas-gyogyszer-fesules-szem-csepp#breadcrumb"},"inLanguage":"hu","potentialAction":[{"@type":"ReadAction","target":["https:\/\/kutyazzokosan.hu\/?product=karomvagas-gyogyszer-fesules-szem-csepp"]}]},{"@type":"ImageObject","inLanguage":"hu","@id":"https:\/\/kutyazzokosan.hu\/?product=karomvagas-gyogyszer-fesules-szem-csepp#primaryimage","url":"https:\/\/kutyazzokosan.hu\/wp-content\/uploads\/2025\/03\/6.png","contentUrl":"https:\/\/kutyazzokosan.hu\/wp-content\/uploads\/2025\/03\/6.png","width":300,"height":300},{"@type":"BreadcrumbList","@id":"https:\/\/kutyazzokosan.hu\/?product=karomvagas-gyogyszer-fesules-szem-csepp#breadcrumb","itemListElement":[{"@type":"ListItem","position":1,"name":"Kezd\u0151lap","item":"https:\/\/kutyazzokosan.hu\/"},{"@type":"ListItem","position":2,"name":"Shop","item":"https:\/\/kutyazzokosan.hu\/?page_id=7"},{"@type":"ListItem","position":3,"name":"Nem kell f\u00e9lni az \u00e1llatorvost\u00f3l &#8211; a kooperat\u00edv gondoz\u00e1s alapjai"}]},{"@type":"WebSite","@id":"https:\/\/kutyazzokosan.hu\/#website","url":"https:\/\/kutyazzokosan.hu\/","name":"","description":"","potentialAction":[{"@type":"SearchAction","target":{"@type":"EntryPoint","urlTemplate":"https:\/\/kutyazzokosan.hu\/?s={search_term_string}"},"query-input":{"@type":"PropertyValueSpecification","valueRequired":true,"valueName":"search_term_string"}}],"inLanguage":"hu"}]}},"_links":{"self":[{"href":"https:\/\/kutyazzokosan.hu\/index.php?rest_route=\/wp\/v2\/product\/219","targetHints":{"allow":["GET"]}}],"collection":[{"href":"https:\/\/kutyazzokosan.hu\/index.php?rest_route=\/wp\/v2\/product"}],"about":[{"href":"https:\/\/kutyazzokosan.hu\/index.php?rest_route=\/wp\/v2\/types\/product"}],"wp:featuredmedia":[{"embeddable":true,"href":"https:\/\/kutyazzokosan.hu\/index.php?rest_route=\/wp\/v2\/media\/631"}],"wp:attachment":[{"href":"https:\/\/kutyazzokosan.hu\/index.php?rest_route=%2Fwp%2Fv2%2Fmedia&parent=219"}],"wp:term":[{"taxonomy":"product_brand","embeddable":true,"href":"https:\/\/kutyazzokosan.hu\/index.php?rest_route=%2Fwp%2Fv2%2Fproduct_brand&post=219"},{"taxonomy":"product_cat","embeddable":true,"href":"https:\/\/kutyazzokosan.hu\/index.php?rest_route=%2Fwp%2Fv2%2Fproduct_cat&post=219"},{"taxonomy":"product_tag","embeddable":true,"href":"https:\/\/kutyazzokosan.hu\/index.php?rest_route=%2Fwp%2Fv2%2Fproduct_tag&post=219"}],"curies":[{"name":"wp","href":"https:\/\/api.w.org\/{rel}","templated":true}]}}