
{"id":211,"date":"2025-01-04T16:57:48","date_gmt":"2025-01-04T15:57:48","guid":{"rendered":"https:\/\/kutyazzokosan.hu\/?post_type=product&#038;p=211"},"modified":"2026-01-01T12:29:22","modified_gmt":"2026-01-01T11:29:22","slug":"minden-amit-tudni-akartal-a-szeparacios-szorongasrol","status":"publish","type":"product","link":"https:\/\/kutyazzokosan.hu\/?product=minden-amit-tudni-akartal-a-szeparacios-szorongasrol","title":{"rendered":"Minden, amit tudni akart\u00e1l a szepar\u00e1ci\u00f3s szorong\u00e1sr\u00f3l"},"content":{"rendered":"<div class=\"xdj266r x11i5rnm xat24cr x1mh8g0r x1vvkbs\"><b>Az el\u0151ad\u00e1s t\u00e9m\u00e1i:<\/b><\/div>\n<div class=\"xdj266r x11i5rnm xat24cr x1mh8g0r x1vvkbs\">\n<ul>\n<li class=\"x11i5rnm xat24cr x1mh8g0r x1vvkbs xtlvy1s\">De mi\u00e9rt r\u00e1g, rombol, ord\u00edt, kapar otthon a kutya?<\/li>\n<li class=\"x11i5rnm xat24cr x1mh8g0r x1vvkbs xtlvy1s\">Vajon t\u00e9nyleg a gazdi hib\u00e1ja?<\/li>\n<li class=\"x11i5rnm xat24cr x1mh8g0r x1vvkbs xtlvy1s\">Hogyan lehet hat\u00e9konyan kezelni a szepar\u00e1ci\u00f3s zavarokat?<\/li>\n<li class=\"x11i5rnm xat24cr x1mh8g0r x1vvkbs xtlvy1s\">Mi az, ami seg\u00edt \u00e9s mi az, ami nem?<\/li>\n<li class=\"x11i5rnm xat24cr x1mh8g0r x1vvkbs xtlvy1s\">T\u00e9nyleg nem szabad egyed\u00fcl hagyni a &#8222;szepar\u00e1l\u00f3&#8221; kuty\u00e1t?<\/li>\n<li class=\"x11i5rnm xat24cr x1mh8g0r x1vvkbs xtlvy1s\">Bossz\u00fab\u00f3l rombol vagy pisil be?<\/li>\n<\/ul>\n<div class=\"x11i5rnm xat24cr x1mh8g0r x1vvkbs xtlvy1s\">T\u00f6bbek k\u00f6z\u00f6tt ezekre a k\u00e9rd\u00e9sekre keress\u00fck a v\u00e1laszt ezen a webin\u00e1ron.<\/div>\n<div><\/div>\n<\/div>\n<div>Webinar hossza: 210 perc<\/div>\n<div>El\u0151ad\u00f3: Sz\u00e9kely Daniella<\/div>\n<div><\/div>\n<p><iframe title=\"YouTube video player\" src=\"https:\/\/www.youtube.com\/embed\/KNhfuahHDo0?si=YnTC6mphy1xZWnWs\" width=\"560\" height=\"315\" frameborder=\"0\" allowfullscreen=\"allowfullscreen\"><\/iframe><\/p>\n<p><b>\ud83d\udca1 Ha tetszett az el\u0151n\u00e9zet, kattints a gombra \u00e9s m\u00e1r kezd\u0151dhet is a tanul\u00e1s!<br \/>\n<\/b>&#8211; V\u00e1s\u00e1rl\u00e1s ut\u00e1n <strong>azonnal el\u00e9red a webin\u00e1rt a fi\u00f3kodban<\/strong>, a <strong>\u201eVide\u00f3im\u201d men\u00fcpontban<\/strong>, vagy a <strong>Fi\u00f3kom &gt; Let\u00f6lt\u00e9sek alatt<\/strong>.<br \/>\n&#8211; A felv\u00e9telt <strong>korl\u00e1tlan ideig visszan\u00e9zheted<\/strong>, b\u00e1rmikor, saj\u00e1t temp\u00f3dban.<br \/>\n&#8211; Fizet\u00e9shez <strong>biztons\u00e1gos bankk\u00e1rty\u00e1s SimplePay rendszer<\/strong>\u00fcnket haszn\u00e1lhatod.<b><br \/>\n<\/b><\/p>\n<form class=\"cart\" enctype=\"multipart\/form-data\" method=\"post\"><button class=\"single_add_to_cart_button button alt\" style=\"font-size: 16px; padding: 14px 28px; margin: 0px 0px;\" name=\"add-to-cart\" type=\"submit\" value=\"211\">Kos\u00e1rba teszem<\/button><\/form>\n","protected":false},"excerpt":{"rendered":"<div class=\"xdj266r x11i5rnm xat24cr x1mh8g0r x1vvkbs\"><strong>A szepar\u00e1ci\u00f3s szorong\u00e1s az egyik leggyakoribb probl\u00e9ma a kedvenck\u00e9nt tartott kuty\u00e1k k\u00f6z\u00f6tt<\/strong><\/div>\n<ul>\n<li class=\"xdj266r x11i5rnm xat24cr x1mh8g0r x1vvkbs\"><strong>Ter\u00e1pi\u00e1ja az egyik leghosszadalmasabb folyamat<\/strong>, amely h\u00f3napokat \u00f6lel \u00e1t.<\/li>\n<li class=\"xdj266r x11i5rnm xat24cr x1mh8g0r x1vvkbs\">Az <strong>\u00e9lett\u00e9r besz\u0171k\u00fcl\u00e9se<\/strong>, az <strong>\u00e1lland\u00f3 szervez\u00e9s<\/strong>i k\u00e9nyszer jelent\u0151s <strong>terhet jelent a gazdiknak<\/strong>,<\/li>\n<li class=\"xdj266r x11i5rnm xat24cr x1mh8g0r x1vvkbs\"><strong>A probl\u00e9ma mind a kutya, mind a gazdi \u00e9letmin\u0151s\u00e9g\u00e9t befoly\u00e1solja.<\/strong><\/li>\n<li>Nem ritka a <strong>gazdik felesleges hib\u00e1ztat\u00e1sa sem<\/strong><\/li>\n<\/ul>\n<p><strong>Sz\u00e9kely Daniella<\/strong> el\u0151ad\u00e1s\u00e1b\u00f3l <strong>\u00a0megtudhatod, hogy mik is val\u00f3j\u00e1ban a szepar\u00e1ci\u00f3s zavarok, \u00e9s hogyan lehet kezelni \u0151ket.<\/strong><\/p>\n<p>A Webin\u00e1r hossza: 210 perc. \u00a0V\u00e1s\u00e1rl\u00e1s ut\u00e1n <strong>azonnal el\u00e9red fi\u00f3kodban<\/strong>, \u00e9s <strong>korl\u00e1tlan ideig visszan\u00e9zheted!<\/strong><\/p>\n","protected":false},"featured_media":640,"template":"","meta":[],"product_brand":[],"product_cat":[15,20,19],"product_tag":[],"class_list":{"0":"post-211","1":"product","2":"type-product","3":"status-publish","4":"has-post-thumbnail","6":"product_cat-minden-termek","7":"product_cat-trening-viselkedesterapia","8":"product_cat-viselkedesi-problemak","10":"first","11":"instock","12":"downloadable","13":"virtual","14":"sold-individually","15":"purchasable","16":"product-type-simple"},"yoast_head":"<!-- This site is optimized with the Yoast SEO plugin v27.4 - https:\/\/yoast.com\/product\/yoast-seo-wordpress\/ -->\n<title>Minden, amit tudni akart\u00e1l a szepar\u00e1ci\u00f3s szorong\u00e1sr\u00f3l -<\/title>\n<meta name=\"description\" content=\"A szepar\u00e1ci\u00f3s szorong\u00e1s az egyik leggyakoribb probl\u00e9ma a kuty\u00e1kn\u00e1l \u00e9s nagyon megterhel\u0151 mindenki sz\u00e1m\u00e1ra. A webin\u00e1r seg\u00edt meg\u00e9rteni \u00e9s megoldani a probl\u00e9m\u00e1t\" \/>\n<meta name=\"robots\" content=\"index, follow, max-snippet:-1, max-image-preview:large, max-video-preview:-1\" \/>\n<link rel=\"canonical\" href=\"https:\/\/kutyazzokosan.hu\/?product=minden-amit-tudni-akartal-a-szeparacios-szorongasrol\" \/>\n<meta property=\"og:locale\" content=\"hu_HU\" \/>\n<meta property=\"og:type\" content=\"article\" \/>\n<meta property=\"og:title\" content=\"Minden, amit tudni akart\u00e1l a szepar\u00e1ci\u00f3s szorong\u00e1sr\u00f3l -\" \/>\n<meta property=\"og:description\" content=\"A szepar\u00e1ci\u00f3s szorong\u00e1s az egyik leggyakoribb probl\u00e9ma a kuty\u00e1kn\u00e1l \u00e9s nagyon megterhel\u0151 mindenki sz\u00e1m\u00e1ra. A webin\u00e1r seg\u00edt meg\u00e9rteni \u00e9s megoldani a probl\u00e9m\u00e1t\" \/>\n<meta property=\"og:url\" content=\"https:\/\/kutyazzokosan.hu\/?product=minden-amit-tudni-akartal-a-szeparacios-szorongasrol\" \/>\n<meta property=\"article:modified_time\" content=\"2026-01-01T11:29:22+00:00\" \/>\n<meta property=\"og:image\" content=\"https:\/\/kutyazzokosan.hu\/wp-content\/uploads\/2025\/08\/15.png\" \/>\n\t<meta property=\"og:image:width\" content=\"300\" \/>\n\t<meta property=\"og:image:height\" content=\"300\" \/>\n\t<meta property=\"og:image:type\" content=\"image\/png\" \/>\n<meta name=\"twitter:card\" content=\"summary_large_image\" \/>\n<meta name=\"twitter:label1\" content=\"Becs\u00fclt olvas\u00e1si id\u0151\" \/>\n\t<meta name=\"twitter:data1\" content=\"1 perc\" \/>\n<script type=\"application\/ld+json\" class=\"yoast-schema-graph\">{\"@context\":\"https:\\\/\\\/schema.org\",\"@graph\":[{\"@type\":\"WebPage\",\"@id\":\"https:\\\/\\\/kutyazzokosan.hu\\\/?product=minden-amit-tudni-akartal-a-szeparacios-szorongasrol\",\"url\":\"https:\\\/\\\/kutyazzokosan.hu\\\/?product=minden-amit-tudni-akartal-a-szeparacios-szorongasrol\",\"name\":\"Minden, amit tudni akart\u00e1l a szepar\u00e1ci\u00f3s szorong\u00e1sr\u00f3l -\",\"isPartOf\":{\"@id\":\"https:\\\/\\\/kutyazzokosan.hu\\\/#website\"},\"primaryImageOfPage\":{\"@id\":\"https:\\\/\\\/kutyazzokosan.hu\\\/?product=minden-amit-tudni-akartal-a-szeparacios-szorongasrol#primaryimage\"},\"image\":{\"@id\":\"https:\\\/\\\/kutyazzokosan.hu\\\/?product=minden-amit-tudni-akartal-a-szeparacios-szorongasrol#primaryimage\"},\"thumbnailUrl\":\"https:\\\/\\\/kutyazzokosan.hu\\\/wp-content\\\/uploads\\\/2025\\\/08\\\/15.png\",\"datePublished\":\"2025-01-04T15:57:48+00:00\",\"dateModified\":\"2026-01-01T11:29:22+00:00\",\"description\":\"A szepar\u00e1ci\u00f3s szorong\u00e1s az egyik leggyakoribb probl\u00e9ma a kuty\u00e1kn\u00e1l \u00e9s nagyon megterhel\u0151 mindenki sz\u00e1m\u00e1ra. A webin\u00e1r seg\u00edt meg\u00e9rteni \u00e9s megoldani a probl\u00e9m\u00e1t\",\"breadcrumb\":{\"@id\":\"https:\\\/\\\/kutyazzokosan.hu\\\/?product=minden-amit-tudni-akartal-a-szeparacios-szorongasrol#breadcrumb\"},\"inLanguage\":\"hu\",\"potentialAction\":[{\"@type\":\"ReadAction\",\"target\":[\"https:\\\/\\\/kutyazzokosan.hu\\\/?product=minden-amit-tudni-akartal-a-szeparacios-szorongasrol\"]}]},{\"@type\":\"ImageObject\",\"inLanguage\":\"hu\",\"@id\":\"https:\\\/\\\/kutyazzokosan.hu\\\/?product=minden-amit-tudni-akartal-a-szeparacios-szorongasrol#primaryimage\",\"url\":\"https:\\\/\\\/kutyazzokosan.hu\\\/wp-content\\\/uploads\\\/2025\\\/08\\\/15.png\",\"contentUrl\":\"https:\\\/\\\/kutyazzokosan.hu\\\/wp-content\\\/uploads\\\/2025\\\/08\\\/15.png\",\"width\":300,\"height\":300},{\"@type\":\"BreadcrumbList\",\"@id\":\"https:\\\/\\\/kutyazzokosan.hu\\\/?product=minden-amit-tudni-akartal-a-szeparacios-szorongasrol#breadcrumb\",\"itemListElement\":[{\"@type\":\"ListItem\",\"position\":1,\"name\":\"Kezd\u0151lap\",\"item\":\"https:\\\/\\\/kutyazzokosan.hu\\\/\"},{\"@type\":\"ListItem\",\"position\":2,\"name\":\"Shop\",\"item\":\"https:\\\/\\\/kutyazzokosan.hu\\\/?page_id=7\"},{\"@type\":\"ListItem\",\"position\":3,\"name\":\"Minden, amit tudni akart\u00e1l a szepar\u00e1ci\u00f3s szorong\u00e1sr\u00f3l\"}]},{\"@type\":\"WebSite\",\"@id\":\"https:\\\/\\\/kutyazzokosan.hu\\\/#website\",\"url\":\"https:\\\/\\\/kutyazzokosan.hu\\\/\",\"name\":\"\",\"description\":\"\",\"potentialAction\":[{\"@type\":\"SearchAction\",\"target\":{\"@type\":\"EntryPoint\",\"urlTemplate\":\"https:\\\/\\\/kutyazzokosan.hu\\\/?s={search_term_string}\"},\"query-input\":{\"@type\":\"PropertyValueSpecification\",\"valueRequired\":true,\"valueName\":\"search_term_string\"}}],\"inLanguage\":\"hu\"}]}<\/script>\n<!-- \/ Yoast SEO plugin. -->","yoast_head_json":{"title":"Minden, amit tudni akart\u00e1l a szepar\u00e1ci\u00f3s szorong\u00e1sr\u00f3l -","description":"A szepar\u00e1ci\u00f3s szorong\u00e1s az egyik leggyakoribb probl\u00e9ma a kuty\u00e1kn\u00e1l \u00e9s nagyon megterhel\u0151 mindenki sz\u00e1m\u00e1ra. A webin\u00e1r seg\u00edt meg\u00e9rteni \u00e9s megoldani a probl\u00e9m\u00e1t","robots":{"index":"index","follow":"follow","max-snippet":"max-snippet:-1","max-image-preview":"max-image-preview:large","max-video-preview":"max-video-preview:-1"},"canonical":"https:\/\/kutyazzokosan.hu\/?product=minden-amit-tudni-akartal-a-szeparacios-szorongasrol","og_locale":"hu_HU","og_type":"article","og_title":"Minden, amit tudni akart\u00e1l a szepar\u00e1ci\u00f3s szorong\u00e1sr\u00f3l -","og_description":"A szepar\u00e1ci\u00f3s szorong\u00e1s az egyik leggyakoribb probl\u00e9ma a kuty\u00e1kn\u00e1l \u00e9s nagyon megterhel\u0151 mindenki sz\u00e1m\u00e1ra. A webin\u00e1r seg\u00edt meg\u00e9rteni \u00e9s megoldani a probl\u00e9m\u00e1t","og_url":"https:\/\/kutyazzokosan.hu\/?product=minden-amit-tudni-akartal-a-szeparacios-szorongasrol","article_modified_time":"2026-01-01T11:29:22+00:00","og_image":[{"width":300,"height":300,"url":"https:\/\/kutyazzokosan.hu\/wp-content\/uploads\/2025\/08\/15.png","type":"image\/png"}],"twitter_card":"summary_large_image","twitter_misc":{"Becs\u00fclt olvas\u00e1si id\u0151":"1 perc"},"schema":{"@context":"https:\/\/schema.org","@graph":[{"@type":"WebPage","@id":"https:\/\/kutyazzokosan.hu\/?product=minden-amit-tudni-akartal-a-szeparacios-szorongasrol","url":"https:\/\/kutyazzokosan.hu\/?product=minden-amit-tudni-akartal-a-szeparacios-szorongasrol","name":"Minden, amit tudni akart\u00e1l a szepar\u00e1ci\u00f3s szorong\u00e1sr\u00f3l -","isPartOf":{"@id":"https:\/\/kutyazzokosan.hu\/#website"},"primaryImageOfPage":{"@id":"https:\/\/kutyazzokosan.hu\/?product=minden-amit-tudni-akartal-a-szeparacios-szorongasrol#primaryimage"},"image":{"@id":"https:\/\/kutyazzokosan.hu\/?product=minden-amit-tudni-akartal-a-szeparacios-szorongasrol#primaryimage"},"thumbnailUrl":"https:\/\/kutyazzokosan.hu\/wp-content\/uploads\/2025\/08\/15.png","datePublished":"2025-01-04T15:57:48+00:00","dateModified":"2026-01-01T11:29:22+00:00","description":"A szepar\u00e1ci\u00f3s szorong\u00e1s az egyik leggyakoribb probl\u00e9ma a kuty\u00e1kn\u00e1l \u00e9s nagyon megterhel\u0151 mindenki sz\u00e1m\u00e1ra. A webin\u00e1r seg\u00edt meg\u00e9rteni \u00e9s megoldani a probl\u00e9m\u00e1t","breadcrumb":{"@id":"https:\/\/kutyazzokosan.hu\/?product=minden-amit-tudni-akartal-a-szeparacios-szorongasrol#breadcrumb"},"inLanguage":"hu","potentialAction":[{"@type":"ReadAction","target":["https:\/\/kutyazzokosan.hu\/?product=minden-amit-tudni-akartal-a-szeparacios-szorongasrol"]}]},{"@type":"ImageObject","inLanguage":"hu","@id":"https:\/\/kutyazzokosan.hu\/?product=minden-amit-tudni-akartal-a-szeparacios-szorongasrol#primaryimage","url":"https:\/\/kutyazzokosan.hu\/wp-content\/uploads\/2025\/08\/15.png","contentUrl":"https:\/\/kutyazzokosan.hu\/wp-content\/uploads\/2025\/08\/15.png","width":300,"height":300},{"@type":"BreadcrumbList","@id":"https:\/\/kutyazzokosan.hu\/?product=minden-amit-tudni-akartal-a-szeparacios-szorongasrol#breadcrumb","itemListElement":[{"@type":"ListItem","position":1,"name":"Kezd\u0151lap","item":"https:\/\/kutyazzokosan.hu\/"},{"@type":"ListItem","position":2,"name":"Shop","item":"https:\/\/kutyazzokosan.hu\/?page_id=7"},{"@type":"ListItem","position":3,"name":"Minden, amit tudni akart\u00e1l a szepar\u00e1ci\u00f3s szorong\u00e1sr\u00f3l"}]},{"@type":"WebSite","@id":"https:\/\/kutyazzokosan.hu\/#website","url":"https:\/\/kutyazzokosan.hu\/","name":"","description":"","potentialAction":[{"@type":"SearchAction","target":{"@type":"EntryPoint","urlTemplate":"https:\/\/kutyazzokosan.hu\/?s={search_term_string}"},"query-input":{"@type":"PropertyValueSpecification","valueRequired":true,"valueName":"search_term_string"}}],"inLanguage":"hu"}]}},"_links":{"self":[{"href":"https:\/\/kutyazzokosan.hu\/index.php?rest_route=\/wp\/v2\/product\/211","targetHints":{"allow":["GET"]}}],"collection":[{"href":"https:\/\/kutyazzokosan.hu\/index.php?rest_route=\/wp\/v2\/product"}],"about":[{"href":"https:\/\/kutyazzokosan.hu\/index.php?rest_route=\/wp\/v2\/types\/product"}],"wp:featuredmedia":[{"embeddable":true,"href":"https:\/\/kutyazzokosan.hu\/index.php?rest_route=\/wp\/v2\/media\/640"}],"wp:attachment":[{"href":"https:\/\/kutyazzokosan.hu\/index.php?rest_route=%2Fwp%2Fv2%2Fmedia&parent=211"}],"wp:term":[{"taxonomy":"product_brand","embeddable":true,"href":"https:\/\/kutyazzokosan.hu\/index.php?rest_route=%2Fwp%2Fv2%2Fproduct_brand&post=211"},{"taxonomy":"product_cat","embeddable":true,"href":"https:\/\/kutyazzokosan.hu\/index.php?rest_route=%2Fwp%2Fv2%2Fproduct_cat&post=211"},{"taxonomy":"product_tag","embeddable":true,"href":"https:\/\/kutyazzokosan.hu\/index.php?rest_route=%2Fwp%2Fv2%2Fproduct_tag&post=211"}],"curies":[{"name":"wp","href":"https:\/\/api.w.org\/{rel}","templated":true}]}}