
{"id":208,"date":"2025-01-04T16:54:17","date_gmt":"2025-01-04T15:54:17","guid":{"rendered":"https:\/\/kutyazzokosan.hu\/?post_type=product&#038;p=208"},"modified":"2026-01-01T12:29:30","modified_gmt":"2026-01-01T11:29:30","slug":"erzed-amit-erzek-hatnak-e-az-erzelmeink-a-kutyakra","status":"publish","type":"product","link":"https:\/\/kutyazzokosan.hu\/?product=erzed-amit-erzek-hatnak-e-az-erzelmeink-a-kutyakra","title":{"rendered":"\u00c9rzed, amit \u00e9rzek? Hatnak-e az \u00e9rzelmeink a kuty\u00e1kra?"},"content":{"rendered":"<div class=\"x11i5rnm xat24cr x1mh8g0r x1vvkbs xtlvy1s\"><strong>Ezen a webin\u00e1ron t\u00f6bbek k\u00f6z\u00f6tt az al\u00e1bbi t\u00e9m\u00e1kat j\u00e1rjuk k\u00f6rbe:<\/strong><\/div>\n<ul>\n<li>Mik az \u00e9rzelmek \u00e9s hogyan keletkeznek? &#8211; \u00c9rzelemelm\u00e9let gyorstalpal\u00f3<\/li>\n<li>Viselked\u00e9s vagy \u00e9rzelem &#8211; mi l\u00e1tszik abb\u00f3l, amit \u00e9rz\u00fcnk?<\/li>\n<li>Emp\u00e1tia \u00e9s \u00e9rzelmi fert\u0151z\u0151d\u00e9s<\/li>\n<li>T\u00fck\u00f6rneuronok &#8211; az emp\u00e1tia \u00e9s a szoci\u00e1lis tanul\u00e1s rak\u00e9t\u00e1i<\/li>\n<li>Gazdihib\u00e1ztat\u00e1s \u00e9s k\u00e1ros hiedelmek a kuty\u00e1z\u00e1sban<\/li>\n<\/ul>\n<div>Webinar hossza: 130 perc<\/div>\n<div>El\u0151ad\u00f3: Sz\u00e9kely Daniella<\/div>\n<p><iframe title=\"YouTube video player\" src=\"https:\/\/www.youtube.com\/embed\/IwcdK3TCJow?si=qARQS0Zap03eBLrw\" width=\"560\" height=\"315\" frameborder=\"0\" allowfullscreen=\"allowfullscreen\"><\/iframe><\/p>\n<p><b>\ud83d\udca1 Ha tetszett az el\u0151n\u00e9zet, kattints a gombra \u00e9s m\u00e1r kezd\u0151dhet is a tanul\u00e1s!<br \/>\n<\/b>&#8211; V\u00e1s\u00e1rl\u00e1s ut\u00e1n <strong>azonnal el\u00e9red a webin\u00e1rt a fi\u00f3kodban<\/strong>, a <strong>\u201eVide\u00f3im\u201d men\u00fcpontban<\/strong>, vagy a <strong>Fi\u00f3kom &gt; Let\u00f6lt\u00e9sek alatt<\/strong>.<br \/>\n&#8211; A felv\u00e9telt <strong>korl\u00e1tlan ideig visszan\u00e9zheted<\/strong>, b\u00e1rmikor, saj\u00e1t temp\u00f3dban.<br \/>\n&#8211; Fizet\u00e9shez <strong>biztons\u00e1gos bankk\u00e1rty\u00e1s SimplePay rendszer<\/strong>\u00fcnket haszn\u00e1lhatod.<b><br \/>\n<\/b><\/p>\n<form class=\"cart\" enctype=\"multipart\/form-data\" method=\"post\"><button class=\"single_add_to_cart_button button alt\" style=\"font-size: 16px; padding: 14px 28px; margin: 0px 0px;\" name=\"add-to-cart\" type=\"submit\" value=\"208\">Kos\u00e1rba teszem<\/button><\/form>\n","protected":false},"excerpt":{"rendered":"<p class=\"xdj266r x11i5rnm xat24cr x1mh8g0r x1vvkbs\">Gyakran halljuk, hogy a kutya olyan, mint a gazd\u00e1ja.<strong> Elterjedt v\u00e9leked\u00e9s, hogy a saj\u00e1t \u00e9rzelmeink \u00f3ri\u00e1si hat\u00e1ssal vannak a kuty\u00e1nk viselked\u00e9s\u00e9re, \u00edgy \u00f3vatosnak kell lenn\u00fcnk azzal, &#8222;mikor mit \u00e9rz\u00fcnk&#8221;.<\/strong><\/p>\n<p class=\"xdj266r x11i5rnm xat24cr x1mh8g0r x1vvkbs\">Na de lehets\u00e9ges-e ez egy\u00e1ltal\u00e1n?\u00a0<strong>Sz\u00e9kely Daniella<\/strong> el\u0151ad\u00e1s\u00e1ban alaposan k\u00f6rbej\u00e1rjuk a t\u00e9m\u00e1t, az <strong>\u00e9rzelmek keletkez\u00e9s\u00e9t\u0151l<\/strong>, az a <strong>viselked\u00e9sen \u00e9s az emp\u00e1ti\u00e1n \u00e1t<\/strong> a <strong>gazdihib\u00e1ztat\u00e1s \u00f6r\u00f6k\u00f6s k\u00e9rd\u00e9s\u00e9ig<\/strong>.<\/p>\n<p class=\"xdj266r x11i5rnm xat24cr x1mh8g0r x1vvkbs\">A Webin\u00e1r hossza: 130 perc. \u00a0V\u00e1s\u00e1rl\u00e1s ut\u00e1n <strong>azonnal el\u00e9red fi\u00f3kodban<\/strong>, \u00e9s <strong>korl\u00e1tlan ideig visszan\u00e9zheted!<\/strong><\/p>\n","protected":false},"featured_media":642,"template":"","meta":[],"product_brand":[],"product_cat":[21,15],"product_tag":[],"class_list":{"0":"post-208","1":"product","2":"type-product","3":"status-publish","4":"has-post-thumbnail","6":"product_cat-alapok-felelos-kutyatartas","7":"product_cat-minden-termek","9":"first","10":"instock","11":"downloadable","12":"virtual","13":"sold-individually","14":"purchasable","15":"product-type-simple"},"yoast_head":"<!-- This site is optimized with the Yoast SEO plugin v27.4 - https:\/\/yoast.com\/product\/yoast-seo-wordpress\/ -->\n<title>\u00c9rzed, amit \u00e9rzek? Hatnak-e az \u00e9rzelmeink a kuty\u00e1kra? -<\/title>\n<meta name=\"description\" content=\"T\u00e9nyleg \u00e1tveszik a kuty\u00e1k az \u00e9rzelmeinket? T\u00e9nyleg miattad szorong a kuty\u00e1d? Hallgasd meg a webin\u00e1rt \u00e9s tudd meg, hogyan hathattok egym\u00e1sra a kuty\u00e1ddal!\" \/>\n<meta name=\"robots\" content=\"index, follow, max-snippet:-1, max-image-preview:large, max-video-preview:-1\" \/>\n<link rel=\"canonical\" href=\"https:\/\/kutyazzokosan.hu\/?product=erzed-amit-erzek-hatnak-e-az-erzelmeink-a-kutyakra\" \/>\n<meta property=\"og:locale\" content=\"hu_HU\" \/>\n<meta property=\"og:type\" content=\"article\" \/>\n<meta property=\"og:title\" content=\"\u00c9rzed, amit \u00e9rzek? Hatnak-e az \u00e9rzelmeink a kuty\u00e1kra? -\" \/>\n<meta property=\"og:description\" content=\"T\u00e9nyleg \u00e1tveszik a kuty\u00e1k az \u00e9rzelmeinket? T\u00e9nyleg miattad szorong a kuty\u00e1d? Hallgasd meg a webin\u00e1rt \u00e9s tudd meg, hogyan hathattok egym\u00e1sra a kuty\u00e1ddal!\" \/>\n<meta property=\"og:url\" content=\"https:\/\/kutyazzokosan.hu\/?product=erzed-amit-erzek-hatnak-e-az-erzelmeink-a-kutyakra\" \/>\n<meta property=\"article:modified_time\" content=\"2026-01-01T11:29:30+00:00\" \/>\n<meta property=\"og:image\" content=\"https:\/\/kutyazzokosan.hu\/wp-content\/uploads\/2025\/08\/17-1.png\" \/>\n\t<meta property=\"og:image:width\" content=\"300\" \/>\n\t<meta property=\"og:image:height\" content=\"300\" \/>\n\t<meta property=\"og:image:type\" content=\"image\/png\" \/>\n<meta name=\"twitter:card\" content=\"summary_large_image\" \/>\n<meta name=\"twitter:label1\" content=\"Becs\u00fclt olvas\u00e1si id\u0151\" \/>\n\t<meta name=\"twitter:data1\" content=\"1 perc\" \/>\n<script type=\"application\/ld+json\" class=\"yoast-schema-graph\">{\"@context\":\"https:\\\/\\\/schema.org\",\"@graph\":[{\"@type\":\"WebPage\",\"@id\":\"https:\\\/\\\/kutyazzokosan.hu\\\/?product=erzed-amit-erzek-hatnak-e-az-erzelmeink-a-kutyakra\",\"url\":\"https:\\\/\\\/kutyazzokosan.hu\\\/?product=erzed-amit-erzek-hatnak-e-az-erzelmeink-a-kutyakra\",\"name\":\"\u00c9rzed, amit \u00e9rzek? Hatnak-e az \u00e9rzelmeink a kuty\u00e1kra? -\",\"isPartOf\":{\"@id\":\"https:\\\/\\\/kutyazzokosan.hu\\\/#website\"},\"primaryImageOfPage\":{\"@id\":\"https:\\\/\\\/kutyazzokosan.hu\\\/?product=erzed-amit-erzek-hatnak-e-az-erzelmeink-a-kutyakra#primaryimage\"},\"image\":{\"@id\":\"https:\\\/\\\/kutyazzokosan.hu\\\/?product=erzed-amit-erzek-hatnak-e-az-erzelmeink-a-kutyakra#primaryimage\"},\"thumbnailUrl\":\"https:\\\/\\\/kutyazzokosan.hu\\\/wp-content\\\/uploads\\\/2025\\\/08\\\/17-1.png\",\"datePublished\":\"2025-01-04T15:54:17+00:00\",\"dateModified\":\"2026-01-01T11:29:30+00:00\",\"description\":\"T\u00e9nyleg \u00e1tveszik a kuty\u00e1k az \u00e9rzelmeinket? T\u00e9nyleg miattad szorong a kuty\u00e1d? Hallgasd meg a webin\u00e1rt \u00e9s tudd meg, hogyan hathattok egym\u00e1sra a kuty\u00e1ddal!\",\"breadcrumb\":{\"@id\":\"https:\\\/\\\/kutyazzokosan.hu\\\/?product=erzed-amit-erzek-hatnak-e-az-erzelmeink-a-kutyakra#breadcrumb\"},\"inLanguage\":\"hu\",\"potentialAction\":[{\"@type\":\"ReadAction\",\"target\":[\"https:\\\/\\\/kutyazzokosan.hu\\\/?product=erzed-amit-erzek-hatnak-e-az-erzelmeink-a-kutyakra\"]}]},{\"@type\":\"ImageObject\",\"inLanguage\":\"hu\",\"@id\":\"https:\\\/\\\/kutyazzokosan.hu\\\/?product=erzed-amit-erzek-hatnak-e-az-erzelmeink-a-kutyakra#primaryimage\",\"url\":\"https:\\\/\\\/kutyazzokosan.hu\\\/wp-content\\\/uploads\\\/2025\\\/08\\\/17-1.png\",\"contentUrl\":\"https:\\\/\\\/kutyazzokosan.hu\\\/wp-content\\\/uploads\\\/2025\\\/08\\\/17-1.png\",\"width\":300,\"height\":300},{\"@type\":\"BreadcrumbList\",\"@id\":\"https:\\\/\\\/kutyazzokosan.hu\\\/?product=erzed-amit-erzek-hatnak-e-az-erzelmeink-a-kutyakra#breadcrumb\",\"itemListElement\":[{\"@type\":\"ListItem\",\"position\":1,\"name\":\"Kezd\u0151lap\",\"item\":\"https:\\\/\\\/kutyazzokosan.hu\\\/\"},{\"@type\":\"ListItem\",\"position\":2,\"name\":\"Shop\",\"item\":\"https:\\\/\\\/kutyazzokosan.hu\\\/?page_id=7\"},{\"@type\":\"ListItem\",\"position\":3,\"name\":\"\u00c9rzed, amit \u00e9rzek? Hatnak-e az \u00e9rzelmeink a kuty\u00e1kra?\"}]},{\"@type\":\"WebSite\",\"@id\":\"https:\\\/\\\/kutyazzokosan.hu\\\/#website\",\"url\":\"https:\\\/\\\/kutyazzokosan.hu\\\/\",\"name\":\"\",\"description\":\"\",\"potentialAction\":[{\"@type\":\"SearchAction\",\"target\":{\"@type\":\"EntryPoint\",\"urlTemplate\":\"https:\\\/\\\/kutyazzokosan.hu\\\/?s={search_term_string}\"},\"query-input\":{\"@type\":\"PropertyValueSpecification\",\"valueRequired\":true,\"valueName\":\"search_term_string\"}}],\"inLanguage\":\"hu\"}]}<\/script>\n<!-- \/ Yoast SEO plugin. -->","yoast_head_json":{"title":"\u00c9rzed, amit \u00e9rzek? Hatnak-e az \u00e9rzelmeink a kuty\u00e1kra? -","description":"T\u00e9nyleg \u00e1tveszik a kuty\u00e1k az \u00e9rzelmeinket? T\u00e9nyleg miattad szorong a kuty\u00e1d? Hallgasd meg a webin\u00e1rt \u00e9s tudd meg, hogyan hathattok egym\u00e1sra a kuty\u00e1ddal!","robots":{"index":"index","follow":"follow","max-snippet":"max-snippet:-1","max-image-preview":"max-image-preview:large","max-video-preview":"max-video-preview:-1"},"canonical":"https:\/\/kutyazzokosan.hu\/?product=erzed-amit-erzek-hatnak-e-az-erzelmeink-a-kutyakra","og_locale":"hu_HU","og_type":"article","og_title":"\u00c9rzed, amit \u00e9rzek? Hatnak-e az \u00e9rzelmeink a kuty\u00e1kra? -","og_description":"T\u00e9nyleg \u00e1tveszik a kuty\u00e1k az \u00e9rzelmeinket? T\u00e9nyleg miattad szorong a kuty\u00e1d? Hallgasd meg a webin\u00e1rt \u00e9s tudd meg, hogyan hathattok egym\u00e1sra a kuty\u00e1ddal!","og_url":"https:\/\/kutyazzokosan.hu\/?product=erzed-amit-erzek-hatnak-e-az-erzelmeink-a-kutyakra","article_modified_time":"2026-01-01T11:29:30+00:00","og_image":[{"width":300,"height":300,"url":"https:\/\/kutyazzokosan.hu\/wp-content\/uploads\/2025\/08\/17-1.png","type":"image\/png"}],"twitter_card":"summary_large_image","twitter_misc":{"Becs\u00fclt olvas\u00e1si id\u0151":"1 perc"},"schema":{"@context":"https:\/\/schema.org","@graph":[{"@type":"WebPage","@id":"https:\/\/kutyazzokosan.hu\/?product=erzed-amit-erzek-hatnak-e-az-erzelmeink-a-kutyakra","url":"https:\/\/kutyazzokosan.hu\/?product=erzed-amit-erzek-hatnak-e-az-erzelmeink-a-kutyakra","name":"\u00c9rzed, amit \u00e9rzek? Hatnak-e az \u00e9rzelmeink a kuty\u00e1kra? -","isPartOf":{"@id":"https:\/\/kutyazzokosan.hu\/#website"},"primaryImageOfPage":{"@id":"https:\/\/kutyazzokosan.hu\/?product=erzed-amit-erzek-hatnak-e-az-erzelmeink-a-kutyakra#primaryimage"},"image":{"@id":"https:\/\/kutyazzokosan.hu\/?product=erzed-amit-erzek-hatnak-e-az-erzelmeink-a-kutyakra#primaryimage"},"thumbnailUrl":"https:\/\/kutyazzokosan.hu\/wp-content\/uploads\/2025\/08\/17-1.png","datePublished":"2025-01-04T15:54:17+00:00","dateModified":"2026-01-01T11:29:30+00:00","description":"T\u00e9nyleg \u00e1tveszik a kuty\u00e1k az \u00e9rzelmeinket? T\u00e9nyleg miattad szorong a kuty\u00e1d? Hallgasd meg a webin\u00e1rt \u00e9s tudd meg, hogyan hathattok egym\u00e1sra a kuty\u00e1ddal!","breadcrumb":{"@id":"https:\/\/kutyazzokosan.hu\/?product=erzed-amit-erzek-hatnak-e-az-erzelmeink-a-kutyakra#breadcrumb"},"inLanguage":"hu","potentialAction":[{"@type":"ReadAction","target":["https:\/\/kutyazzokosan.hu\/?product=erzed-amit-erzek-hatnak-e-az-erzelmeink-a-kutyakra"]}]},{"@type":"ImageObject","inLanguage":"hu","@id":"https:\/\/kutyazzokosan.hu\/?product=erzed-amit-erzek-hatnak-e-az-erzelmeink-a-kutyakra#primaryimage","url":"https:\/\/kutyazzokosan.hu\/wp-content\/uploads\/2025\/08\/17-1.png","contentUrl":"https:\/\/kutyazzokosan.hu\/wp-content\/uploads\/2025\/08\/17-1.png","width":300,"height":300},{"@type":"BreadcrumbList","@id":"https:\/\/kutyazzokosan.hu\/?product=erzed-amit-erzek-hatnak-e-az-erzelmeink-a-kutyakra#breadcrumb","itemListElement":[{"@type":"ListItem","position":1,"name":"Kezd\u0151lap","item":"https:\/\/kutyazzokosan.hu\/"},{"@type":"ListItem","position":2,"name":"Shop","item":"https:\/\/kutyazzokosan.hu\/?page_id=7"},{"@type":"ListItem","position":3,"name":"\u00c9rzed, amit \u00e9rzek? Hatnak-e az \u00e9rzelmeink a kuty\u00e1kra?"}]},{"@type":"WebSite","@id":"https:\/\/kutyazzokosan.hu\/#website","url":"https:\/\/kutyazzokosan.hu\/","name":"","description":"","potentialAction":[{"@type":"SearchAction","target":{"@type":"EntryPoint","urlTemplate":"https:\/\/kutyazzokosan.hu\/?s={search_term_string}"},"query-input":{"@type":"PropertyValueSpecification","valueRequired":true,"valueName":"search_term_string"}}],"inLanguage":"hu"}]}},"_links":{"self":[{"href":"https:\/\/kutyazzokosan.hu\/index.php?rest_route=\/wp\/v2\/product\/208","targetHints":{"allow":["GET"]}}],"collection":[{"href":"https:\/\/kutyazzokosan.hu\/index.php?rest_route=\/wp\/v2\/product"}],"about":[{"href":"https:\/\/kutyazzokosan.hu\/index.php?rest_route=\/wp\/v2\/types\/product"}],"wp:featuredmedia":[{"embeddable":true,"href":"https:\/\/kutyazzokosan.hu\/index.php?rest_route=\/wp\/v2\/media\/642"}],"wp:attachment":[{"href":"https:\/\/kutyazzokosan.hu\/index.php?rest_route=%2Fwp%2Fv2%2Fmedia&parent=208"}],"wp:term":[{"taxonomy":"product_brand","embeddable":true,"href":"https:\/\/kutyazzokosan.hu\/index.php?rest_route=%2Fwp%2Fv2%2Fproduct_brand&post=208"},{"taxonomy":"product_cat","embeddable":true,"href":"https:\/\/kutyazzokosan.hu\/index.php?rest_route=%2Fwp%2Fv2%2Fproduct_cat&post=208"},{"taxonomy":"product_tag","embeddable":true,"href":"https:\/\/kutyazzokosan.hu\/index.php?rest_route=%2Fwp%2Fv2%2Fproduct_tag&post=208"}],"curies":[{"name":"wp","href":"https:\/\/api.w.org\/{rel}","templated":true}]}}