
{"id":206,"date":"2025-01-04T16:44:09","date_gmt":"2025-01-04T15:44:09","guid":{"rendered":"https:\/\/kutyazzokosan.hu\/?post_type=product&#038;p=206"},"modified":"2026-01-01T12:29:37","modified_gmt":"2026-01-01T11:29:37","slug":"a-felos-kutya","status":"publish","type":"product","link":"https:\/\/kutyazzokosan.hu\/?product=a-felos-kutya","title":{"rendered":"A f\u00e9l\u0151s kutya"},"content":{"rendered":"<p>Az el\u0151ad\u00e1s f\u0151bb k\u00e9rd\u00e9sei:<\/p>\n<ul>\n<li>Mi az a f\u00e9lelem?<\/li>\n<li>Honnan tudom, hogy a kuty\u00e1m f\u00e9l, szorong vagy f\u00f3bi\u00e1s?<\/li>\n<li>Mi a kapcsolat a f\u00e9lelem \u00e9s az agressz\u00edv viselked\u00e9s k\u00f6z\u00f6tt?<\/li>\n<li>El tudj\u00e1k-e j\u00e1tszani a kuty\u00e1k, hogy f\u00e9lnek?<\/li>\n<li>Mit tegyek \u00e9s mit ne tegyek, ha f\u00e9l a kuty\u00e1m?<\/li>\n<\/ul>\n<p>Webinar hossza: 164 perc<\/p>\n<p>El\u0151ad\u00f3: Sz\u00e9kely Daniella<\/p>\n<p><iframe title=\"YouTube video player\" src=\"https:\/\/www.youtube.com\/embed\/Kve5CWQMq9U?si=r8btzP3pxuHtsad2\" width=\"560\" height=\"315\" frameborder=\"0\" allowfullscreen=\"allowfullscreen\"><\/iframe><\/p>\n<p><b>\ud83d\udca1 Ha tetszett az el\u0151n\u00e9zet, kattints a gombra \u00e9s m\u00e1r kezd\u0151dhet is a tanul\u00e1s!<br \/>\n<\/b>&#8211; V\u00e1s\u00e1rl\u00e1s ut\u00e1n <strong>azonnal el\u00e9red a webin\u00e1rt a fi\u00f3kodban<\/strong>, a <strong>\u201eVide\u00f3im\u201d men\u00fcpontban<\/strong>, vagy a <strong>Fi\u00f3kom &gt; Let\u00f6lt\u00e9sek alatt<\/strong>.<br \/>\n&#8211; A felv\u00e9telt <strong>korl\u00e1tlan ideig visszan\u00e9zheted<\/strong>, b\u00e1rmikor, saj\u00e1t temp\u00f3dban.<br \/>\n&#8211; Fizet\u00e9shez <strong>biztons\u00e1gos bankk\u00e1rty\u00e1s SimplePay rendszer<\/strong>\u00fcnket haszn\u00e1lhatod.<b><br \/>\n<\/b><\/p>\n<form class=\"cart\" enctype=\"multipart\/form-data\" method=\"post\"><button class=\"single_add_to_cart_button button alt\" style=\"font-size: 16px; padding: 14px 28px; margin: 0px 0px;\" name=\"add-to-cart\" type=\"submit\" value=\"206\">Kos\u00e1rba teszem<\/button><\/form>\n","protected":false},"excerpt":{"rendered":"<p>Az \u00e9let nem mindig egyszer\u0171 egy f\u00e9l\u0151s kuty\u00e1val. Ebben a webin\u00e1rban k\u00f6r\u00fclj\u00e1rjuk a f\u00e9lelem m\u0171k\u00f6d\u00e9s\u00e9t \u00e9s megvizsg\u00e1ljuk a lehets\u00e9ges megold\u00e1sokat is.<\/p>\n<ul>\n<li><strong>A k\u00f6zhiedelemmel ellent\u00e9tben nem csak a mentett vagy kimondottan b\u00e1ntalmazott kuty\u00e1k <\/strong>lehetnek f\u00e9l\u0151sek<strong>.<\/strong><\/li>\n<li>Az <strong>\u00e9let b\u00e1rmelyik pontj\u00e1n keletkezhetnek<\/strong> f\u00e9lelmek, amik <strong>ak\u00e1r az eg\u00e9sz \u00e9let\u00fckre kihathatnak.<\/strong><\/li>\n<li><strong>Sokszor csak \u00e1tmeneti kellemetlens\u00e9g<\/strong>et jelent, de a r<strong>osszul kezelt vagy folyton ism\u00e9tl\u0151d\u0151<\/strong> f\u00e9lelmi helyzetek hossz\u00fat\u00e1von <strong>megkeser\u00edthetik a k\u00f6z\u00f6s \u00e9leteteket<\/strong>.<\/li>\n<\/ul>\n<div class=\"x11i5rnm xat24cr x1mh8g0r x1vvkbs xtlvy1s\"><strong>Sz\u00e9kely Daniella <\/strong>el\u0151ad\u00e1s\u00e1ban nem csak<strong> az \u00e9rzelmek \u00e9s a viselked\u00e9s elm\u00e9let\u00e9t, <\/strong>de<strong> gyakorlati handling technik\u00e1kat is g\u00f3rcs\u0151 al\u00e1 vesz\u00fcnk <\/strong>a p\u00f3r\u00e1zkezel\u00e9st\u0151l az alapvet\u0151 viselked\u00e9sm\u00f3dos\u00edt\u00e1si gyakorlatokig.<\/div>\n<p>A Webin\u00e1r hossza: 164 perc. \u00a0V\u00e1s\u00e1rl\u00e1s ut\u00e1n <strong>azonnal el\u00e9red fi\u00f3kodban<\/strong>, \u00e9s <strong>korl\u00e1tlan ideig visszan\u00e9zheted!<\/strong><\/p>\n","protected":false},"featured_media":677,"template":"","meta":[],"product_brand":[],"product_cat":[15,20,19],"product_tag":[],"class_list":{"0":"post-206","1":"product","2":"type-product","3":"status-publish","4":"has-post-thumbnail","6":"product_cat-minden-termek","7":"product_cat-trening-viselkedesterapia","8":"product_cat-viselkedesi-problemak","10":"first","11":"instock","12":"downloadable","13":"virtual","14":"sold-individually","15":"purchasable","16":"product-type-simple"},"yoast_head":"<!-- This site is optimized with the Yoast SEO plugin v27.5 - https:\/\/yoast.com\/product\/yoast-seo-wordpress\/ -->\n<title>A f\u00e9l\u0151s kutya -<\/title>\n<meta name=\"description\" content=\"Egy f\u00e9l\u0151s kuty\u00e1val nem mindig k\u00f6nny\u0171 az \u00e9let. Ebben a webinarban v\u00e1laszt tal\u00e1lhatsz arra, hogyan teheted z\u00f6kken\u0151mentesebb\u00e9 a mindennapokat.\" \/>\n<meta name=\"robots\" content=\"index, follow, max-snippet:-1, max-image-preview:large, max-video-preview:-1\" \/>\n<link rel=\"canonical\" href=\"https:\/\/kutyazzokosan.hu\/?product=a-felos-kutya\" \/>\n<meta property=\"og:locale\" content=\"hu_HU\" \/>\n<meta property=\"og:type\" content=\"article\" \/>\n<meta property=\"og:title\" content=\"A f\u00e9l\u0151s kutya -\" \/>\n<meta property=\"og:description\" content=\"Egy f\u00e9l\u0151s kuty\u00e1val nem mindig k\u00f6nny\u0171 az \u00e9let. Ebben a webinarban v\u00e1laszt tal\u00e1lhatsz arra, hogyan teheted z\u00f6kken\u0151mentesebb\u00e9 a mindennapokat.\" \/>\n<meta property=\"og:url\" content=\"https:\/\/kutyazzokosan.hu\/?product=a-felos-kutya\" \/>\n<meta property=\"article:modified_time\" content=\"2026-01-01T11:29:37+00:00\" \/>\n<meta property=\"og:image\" content=\"https:\/\/kutyazzokosan.hu\/wp-content\/uploads\/2025\/01\/felos.png\" \/>\n\t<meta property=\"og:image:width\" content=\"300\" \/>\n\t<meta property=\"og:image:height\" content=\"300\" \/>\n\t<meta property=\"og:image:type\" content=\"image\/png\" \/>\n<meta name=\"twitter:card\" content=\"summary_large_image\" \/>\n<meta name=\"twitter:label1\" content=\"Becs\u00fclt olvas\u00e1si id\u0151\" \/>\n\t<meta name=\"twitter:data1\" content=\"1 perc\" \/>\n<script type=\"application\/ld+json\" class=\"yoast-schema-graph\">{\"@context\":\"https:\\\/\\\/schema.org\",\"@graph\":[{\"@type\":\"WebPage\",\"@id\":\"https:\\\/\\\/kutyazzokosan.hu\\\/?product=a-felos-kutya\",\"url\":\"https:\\\/\\\/kutyazzokosan.hu\\\/?product=a-felos-kutya\",\"name\":\"A f\u00e9l\u0151s kutya -\",\"isPartOf\":{\"@id\":\"https:\\\/\\\/kutyazzokosan.hu\\\/#website\"},\"primaryImageOfPage\":{\"@id\":\"https:\\\/\\\/kutyazzokosan.hu\\\/?product=a-felos-kutya#primaryimage\"},\"image\":{\"@id\":\"https:\\\/\\\/kutyazzokosan.hu\\\/?product=a-felos-kutya#primaryimage\"},\"thumbnailUrl\":\"https:\\\/\\\/kutyazzokosan.hu\\\/wp-content\\\/uploads\\\/2025\\\/01\\\/felos.png\",\"datePublished\":\"2025-01-04T15:44:09+00:00\",\"dateModified\":\"2026-01-01T11:29:37+00:00\",\"description\":\"Egy f\u00e9l\u0151s kuty\u00e1val nem mindig k\u00f6nny\u0171 az \u00e9let. Ebben a webinarban v\u00e1laszt tal\u00e1lhatsz arra, hogyan teheted z\u00f6kken\u0151mentesebb\u00e9 a mindennapokat.\",\"breadcrumb\":{\"@id\":\"https:\\\/\\\/kutyazzokosan.hu\\\/?product=a-felos-kutya#breadcrumb\"},\"inLanguage\":\"hu\",\"potentialAction\":[{\"@type\":\"ReadAction\",\"target\":[\"https:\\\/\\\/kutyazzokosan.hu\\\/?product=a-felos-kutya\"]}]},{\"@type\":\"ImageObject\",\"inLanguage\":\"hu\",\"@id\":\"https:\\\/\\\/kutyazzokosan.hu\\\/?product=a-felos-kutya#primaryimage\",\"url\":\"https:\\\/\\\/kutyazzokosan.hu\\\/wp-content\\\/uploads\\\/2025\\\/01\\\/felos.png\",\"contentUrl\":\"https:\\\/\\\/kutyazzokosan.hu\\\/wp-content\\\/uploads\\\/2025\\\/01\\\/felos.png\",\"width\":300,\"height\":300},{\"@type\":\"BreadcrumbList\",\"@id\":\"https:\\\/\\\/kutyazzokosan.hu\\\/?product=a-felos-kutya#breadcrumb\",\"itemListElement\":[{\"@type\":\"ListItem\",\"position\":1,\"name\":\"Kezd\u0151lap\",\"item\":\"https:\\\/\\\/kutyazzokosan.hu\\\/\"},{\"@type\":\"ListItem\",\"position\":2,\"name\":\"Shop\",\"item\":\"https:\\\/\\\/kutyazzokosan.hu\\\/?page_id=7\"},{\"@type\":\"ListItem\",\"position\":3,\"name\":\"A f\u00e9l\u0151s kutya\"}]},{\"@type\":\"WebSite\",\"@id\":\"https:\\\/\\\/kutyazzokosan.hu\\\/#website\",\"url\":\"https:\\\/\\\/kutyazzokosan.hu\\\/\",\"name\":\"\",\"description\":\"\",\"potentialAction\":[{\"@type\":\"SearchAction\",\"target\":{\"@type\":\"EntryPoint\",\"urlTemplate\":\"https:\\\/\\\/kutyazzokosan.hu\\\/?s={search_term_string}\"},\"query-input\":{\"@type\":\"PropertyValueSpecification\",\"valueRequired\":true,\"valueName\":\"search_term_string\"}}],\"inLanguage\":\"hu\"}]}<\/script>\n<!-- \/ Yoast SEO plugin. -->","yoast_head_json":{"title":"A f\u00e9l\u0151s kutya -","description":"Egy f\u00e9l\u0151s kuty\u00e1val nem mindig k\u00f6nny\u0171 az \u00e9let. Ebben a webinarban v\u00e1laszt tal\u00e1lhatsz arra, hogyan teheted z\u00f6kken\u0151mentesebb\u00e9 a mindennapokat.","robots":{"index":"index","follow":"follow","max-snippet":"max-snippet:-1","max-image-preview":"max-image-preview:large","max-video-preview":"max-video-preview:-1"},"canonical":"https:\/\/kutyazzokosan.hu\/?product=a-felos-kutya","og_locale":"hu_HU","og_type":"article","og_title":"A f\u00e9l\u0151s kutya -","og_description":"Egy f\u00e9l\u0151s kuty\u00e1val nem mindig k\u00f6nny\u0171 az \u00e9let. Ebben a webinarban v\u00e1laszt tal\u00e1lhatsz arra, hogyan teheted z\u00f6kken\u0151mentesebb\u00e9 a mindennapokat.","og_url":"https:\/\/kutyazzokosan.hu\/?product=a-felos-kutya","article_modified_time":"2026-01-01T11:29:37+00:00","og_image":[{"width":300,"height":300,"url":"https:\/\/kutyazzokosan.hu\/wp-content\/uploads\/2025\/01\/felos.png","type":"image\/png"}],"twitter_card":"summary_large_image","twitter_misc":{"Becs\u00fclt olvas\u00e1si id\u0151":"1 perc"},"schema":{"@context":"https:\/\/schema.org","@graph":[{"@type":"WebPage","@id":"https:\/\/kutyazzokosan.hu\/?product=a-felos-kutya","url":"https:\/\/kutyazzokosan.hu\/?product=a-felos-kutya","name":"A f\u00e9l\u0151s kutya -","isPartOf":{"@id":"https:\/\/kutyazzokosan.hu\/#website"},"primaryImageOfPage":{"@id":"https:\/\/kutyazzokosan.hu\/?product=a-felos-kutya#primaryimage"},"image":{"@id":"https:\/\/kutyazzokosan.hu\/?product=a-felos-kutya#primaryimage"},"thumbnailUrl":"https:\/\/kutyazzokosan.hu\/wp-content\/uploads\/2025\/01\/felos.png","datePublished":"2025-01-04T15:44:09+00:00","dateModified":"2026-01-01T11:29:37+00:00","description":"Egy f\u00e9l\u0151s kuty\u00e1val nem mindig k\u00f6nny\u0171 az \u00e9let. Ebben a webinarban v\u00e1laszt tal\u00e1lhatsz arra, hogyan teheted z\u00f6kken\u0151mentesebb\u00e9 a mindennapokat.","breadcrumb":{"@id":"https:\/\/kutyazzokosan.hu\/?product=a-felos-kutya#breadcrumb"},"inLanguage":"hu","potentialAction":[{"@type":"ReadAction","target":["https:\/\/kutyazzokosan.hu\/?product=a-felos-kutya"]}]},{"@type":"ImageObject","inLanguage":"hu","@id":"https:\/\/kutyazzokosan.hu\/?product=a-felos-kutya#primaryimage","url":"https:\/\/kutyazzokosan.hu\/wp-content\/uploads\/2025\/01\/felos.png","contentUrl":"https:\/\/kutyazzokosan.hu\/wp-content\/uploads\/2025\/01\/felos.png","width":300,"height":300},{"@type":"BreadcrumbList","@id":"https:\/\/kutyazzokosan.hu\/?product=a-felos-kutya#breadcrumb","itemListElement":[{"@type":"ListItem","position":1,"name":"Kezd\u0151lap","item":"https:\/\/kutyazzokosan.hu\/"},{"@type":"ListItem","position":2,"name":"Shop","item":"https:\/\/kutyazzokosan.hu\/?page_id=7"},{"@type":"ListItem","position":3,"name":"A f\u00e9l\u0151s kutya"}]},{"@type":"WebSite","@id":"https:\/\/kutyazzokosan.hu\/#website","url":"https:\/\/kutyazzokosan.hu\/","name":"","description":"","potentialAction":[{"@type":"SearchAction","target":{"@type":"EntryPoint","urlTemplate":"https:\/\/kutyazzokosan.hu\/?s={search_term_string}"},"query-input":{"@type":"PropertyValueSpecification","valueRequired":true,"valueName":"search_term_string"}}],"inLanguage":"hu"}]}},"_links":{"self":[{"href":"https:\/\/kutyazzokosan.hu\/index.php?rest_route=\/wp\/v2\/product\/206","targetHints":{"allow":["GET"]}}],"collection":[{"href":"https:\/\/kutyazzokosan.hu\/index.php?rest_route=\/wp\/v2\/product"}],"about":[{"href":"https:\/\/kutyazzokosan.hu\/index.php?rest_route=\/wp\/v2\/types\/product"}],"wp:featuredmedia":[{"embeddable":true,"href":"https:\/\/kutyazzokosan.hu\/index.php?rest_route=\/wp\/v2\/media\/677"}],"wp:attachment":[{"href":"https:\/\/kutyazzokosan.hu\/index.php?rest_route=%2Fwp%2Fv2%2Fmedia&parent=206"}],"wp:term":[{"taxonomy":"product_brand","embeddable":true,"href":"https:\/\/kutyazzokosan.hu\/index.php?rest_route=%2Fwp%2Fv2%2Fproduct_brand&post=206"},{"taxonomy":"product_cat","embeddable":true,"href":"https:\/\/kutyazzokosan.hu\/index.php?rest_route=%2Fwp%2Fv2%2Fproduct_cat&post=206"},{"taxonomy":"product_tag","embeddable":true,"href":"https:\/\/kutyazzokosan.hu\/index.php?rest_route=%2Fwp%2Fv2%2Fproduct_tag&post=206"}],"curies":[{"name":"wp","href":"https:\/\/api.w.org\/{rel}","templated":true}]}}