
{"id":204,"date":"2025-01-04T16:41:09","date_gmt":"2025-01-04T15:41:09","guid":{"rendered":"https:\/\/kutyazzokosan.hu\/?post_type=product&#038;p=204"},"modified":"2026-01-01T12:29:44","modified_gmt":"2026-01-01T11:29:44","slug":"204","status":"publish","type":"product","link":"https:\/\/kutyazzokosan.hu\/?product=204","title":{"rendered":"Farkas-e a kutya? Kutya-e az ember? Falkavez\u00e9rs\u00e9g napjainkban"},"content":{"rendered":"<div>\n<div class=\"x11i5rnm xat24cr x1mh8g0r x1vvkbs xtlvy1s\">Az el\u0151ad\u00e1s f\u0151bb t\u00e9m\u00e1i:<\/div>\n<ul>\n<li class=\"x11i5rnm xat24cr x1mh8g0r x1vvkbs xtlvy1s\">A m\u00e9ly\u00e9re \u00e1sunk a kutya-ember k\u00f6t\u0151d\u00e9snek<\/li>\n<li class=\"x11i5rnm xat24cr x1mh8g0r x1vvkbs xtlvy1s\">Nagy\u00edt\u00f3 al\u00e1 tessz\u00fck a falka \u00e9s a csal\u00e1d rendszer\u00e9t<\/li>\n<li class=\"x11i5rnm xat24cr x1mh8g0r x1vvkbs xtlvy1s\">Alaposan kives\u00e9zz\u00fck, milyen hat\u00e1ssal van a kuty\u00e1nkra, amit \u00e9s ahogyan tesz\u00fcnk.<\/li>\n<\/ul>\n<\/div>\n<div>Webinar hossza: 200 perc<\/div>\n<div>El\u0151ad\u00f3: Sz\u00e9kely Daniella<\/div>\n<p><iframe title=\"YouTube video player\" src=\"https:\/\/www.youtube.com\/embed\/NLGE2VXFkzc?si=mlHLYxgFmxO06x36\" width=\"560\" height=\"315\" frameborder=\"0\" allowfullscreen=\"allowfullscreen\"><\/iframe><\/p>\n<p><b>\ud83d\udca1 Ha tetszett az el\u0151n\u00e9zet, kattints a gombra \u00e9s m\u00e1r kezd\u0151dhet is a tanul\u00e1s!<br \/>\n<\/b>&#8211; V\u00e1s\u00e1rl\u00e1s ut\u00e1n <strong>azonnal el\u00e9red a webin\u00e1rt a fi\u00f3kodban<\/strong>, a <strong>\u201eVide\u00f3im\u201d men\u00fcpontban<\/strong>, vagy a <strong>Fi\u00f3kom &gt; Let\u00f6lt\u00e9sek alatt<\/strong>.<br \/>\n&#8211; A felv\u00e9telt <strong>korl\u00e1tlan ideig visszan\u00e9zheted<\/strong>, b\u00e1rmikor, saj\u00e1t temp\u00f3dban.<br \/>\n&#8211; Fizet\u00e9shez <strong>biztons\u00e1gos bankk\u00e1rty\u00e1s SimplePay rendszer<\/strong>\u00fcnket haszn\u00e1lhatod.<b><br \/>\n<\/b><\/p>\n<form class=\"cart\" enctype=\"multipart\/form-data\" method=\"post\"><button class=\"single_add_to_cart_button button alt\" style=\"font-size: 16px; padding: 14px 28px; margin: 0px 0px;\" name=\"add-to-cart\" type=\"submit\" value=\"204\">Kos\u00e1rba teszem<\/button><\/form>\n","protected":false},"excerpt":{"rendered":"<p>A falkaelm\u00e9let fut\u00f3t\u0171zk\u00e9nt h\u00f3d\u00edtotta meg a hazai hobbikuty\u00e1s kult\u00far\u00e1t a k\u00e9tezres \u00e9vek elej\u00e9n \u00e9s n\u00e9pszer\u0171s\u00e9ge a mai napig t\u00f6retlen.<\/p>\n<ul>\n<li class=\"xdj266r x11i5rnm xat24cr x1mh8g0r x1vvkbs\">De vajon<strong> van-e alapja a falkelm\u00e9let ir\u00e1nymutat\u00e1sainak?<\/strong><\/li>\n<li class=\"x11i5rnm xat24cr x1mh8g0r x1vvkbs xtlvy1s\"><strong>Val\u00f3ban falkavez\u00e9rk\u00e9nt tekintenek-e a kuty\u00e1k <\/strong>a gazd\u00e1jukra<strong>?<\/strong><\/li>\n<li><strong>Van-e l\u00e9tjogosults\u00e1ga a falka-\u00e9s dominanciaelv\u0171 nevel\u00e9snek <\/strong>napjainkban<strong>?<\/strong><\/li>\n<\/ul>\n<p>T\u00f6bbek k\u00f6z\u00f6tt ezekre a k\u00e9rd\u00e9sekre keress\u00fck a v\u00e1laszt ebben a webin\u00e1rban.<br \/>\n<strong>Sz\u00e9kely Daniella<\/strong><strong> el\u0151ad\u00e1s\u00e1ban\u00a0 a kutya evol\u00faci\u00f3j\u00e1t\u00f3l <\/strong>elindulva bebarangoljuk<strong> a farkas \u00e9s a kutya k\u00f6z\u00f6tti hasonl\u00f3s\u00e1gokat <\/strong>\u00e9s k\u00fcl\u00f6nbs\u00e9geket<strong>, a kutya mai civiliz\u00e1ci\u00f3nkban elfoglalt hely\u00e9t <\/strong>\u00e9s lajstromba vessz\u00fck <strong>a kuty\u00e1k szuperk\u00e9pess\u00e9geit.<\/strong><br \/>\n<br \/>\nA Webin\u00e1r hossza: 200 perc. \u00a0V\u00e1s\u00e1rl\u00e1s ut\u00e1n <strong>azonnal el\u00e9red fi\u00f3kodban<\/strong>, \u00e9s <strong>korl\u00e1tlan ideig visszan\u00e9zheted!<\/strong><\/p>\n","protected":false},"featured_media":643,"template":"","meta":[],"product_brand":[],"product_cat":[21,15],"product_tag":[],"class_list":{"0":"post-204","1":"product","2":"type-product","3":"status-publish","4":"has-post-thumbnail","6":"product_cat-alapok-felelos-kutyatartas","7":"product_cat-minden-termek","9":"first","10":"instock","11":"downloadable","12":"virtual","13":"sold-individually","14":"purchasable","15":"product-type-simple"},"yoast_head":"<!-- This site is optimized with the Yoast SEO plugin v27.4 - https:\/\/yoast.com\/product\/yoast-seo-wordpress\/ -->\n<title>Farkas-e a kutya? Kutya-e az ember? Falkavez\u00e9rs\u00e9g napjainkban -<\/title>\n<meta name=\"description\" content=\"T\u00e9nyleg te vagy a kuty\u00e1d falkavez\u00e9re? Ha \u00e9rdekel, van-e \u00e9rtelme farkasnak tettetni magad a kuty\u00e1d nevel\u00e9s\u00e9hez, ez a webinar neked val\u00f3!\" \/>\n<meta name=\"robots\" content=\"index, follow, max-snippet:-1, max-image-preview:large, max-video-preview:-1\" \/>\n<link rel=\"canonical\" href=\"https:\/\/kutyazzokosan.hu\/?product=204\" \/>\n<meta property=\"og:locale\" content=\"hu_HU\" \/>\n<meta property=\"og:type\" content=\"article\" \/>\n<meta property=\"og:title\" content=\"Farkas-e a kutya? Kutya-e az ember? Falkavez\u00e9rs\u00e9g napjainkban -\" \/>\n<meta property=\"og:description\" content=\"T\u00e9nyleg te vagy a kuty\u00e1d falkavez\u00e9re? Ha \u00e9rdekel, van-e \u00e9rtelme farkasnak tettetni magad a kuty\u00e1d nevel\u00e9s\u00e9hez, ez a webinar neked val\u00f3!\" \/>\n<meta property=\"og:url\" content=\"https:\/\/kutyazzokosan.hu\/?product=204\" \/>\n<meta property=\"article:modified_time\" content=\"2026-01-01T11:29:44+00:00\" \/>\n<meta property=\"og:image\" content=\"https:\/\/kutyazzokosan.hu\/wp-content\/uploads\/2025\/08\/18-1.png\" \/>\n\t<meta property=\"og:image:width\" content=\"300\" \/>\n\t<meta property=\"og:image:height\" content=\"300\" \/>\n\t<meta property=\"og:image:type\" content=\"image\/png\" \/>\n<meta name=\"twitter:card\" content=\"summary_large_image\" \/>\n<meta name=\"twitter:label1\" content=\"Becs\u00fclt olvas\u00e1si id\u0151\" \/>\n\t<meta name=\"twitter:data1\" content=\"1 perc\" \/>\n<script type=\"application\/ld+json\" class=\"yoast-schema-graph\">{\"@context\":\"https:\\\/\\\/schema.org\",\"@graph\":[{\"@type\":\"WebPage\",\"@id\":\"https:\\\/\\\/kutyazzokosan.hu\\\/?product=204\",\"url\":\"https:\\\/\\\/kutyazzokosan.hu\\\/?product=204\",\"name\":\"Farkas-e a kutya? Kutya-e az ember? Falkavez\u00e9rs\u00e9g napjainkban -\",\"isPartOf\":{\"@id\":\"https:\\\/\\\/kutyazzokosan.hu\\\/#website\"},\"primaryImageOfPage\":{\"@id\":\"https:\\\/\\\/kutyazzokosan.hu\\\/?product=204#primaryimage\"},\"image\":{\"@id\":\"https:\\\/\\\/kutyazzokosan.hu\\\/?product=204#primaryimage\"},\"thumbnailUrl\":\"https:\\\/\\\/kutyazzokosan.hu\\\/wp-content\\\/uploads\\\/2025\\\/08\\\/18-1.png\",\"datePublished\":\"2025-01-04T15:41:09+00:00\",\"dateModified\":\"2026-01-01T11:29:44+00:00\",\"description\":\"T\u00e9nyleg te vagy a kuty\u00e1d falkavez\u00e9re? Ha \u00e9rdekel, van-e \u00e9rtelme farkasnak tettetni magad a kuty\u00e1d nevel\u00e9s\u00e9hez, ez a webinar neked val\u00f3!\",\"breadcrumb\":{\"@id\":\"https:\\\/\\\/kutyazzokosan.hu\\\/?product=204#breadcrumb\"},\"inLanguage\":\"hu\",\"potentialAction\":[{\"@type\":\"ReadAction\",\"target\":[\"https:\\\/\\\/kutyazzokosan.hu\\\/?product=204\"]}]},{\"@type\":\"ImageObject\",\"inLanguage\":\"hu\",\"@id\":\"https:\\\/\\\/kutyazzokosan.hu\\\/?product=204#primaryimage\",\"url\":\"https:\\\/\\\/kutyazzokosan.hu\\\/wp-content\\\/uploads\\\/2025\\\/08\\\/18-1.png\",\"contentUrl\":\"https:\\\/\\\/kutyazzokosan.hu\\\/wp-content\\\/uploads\\\/2025\\\/08\\\/18-1.png\",\"width\":300,\"height\":300},{\"@type\":\"BreadcrumbList\",\"@id\":\"https:\\\/\\\/kutyazzokosan.hu\\\/?product=204#breadcrumb\",\"itemListElement\":[{\"@type\":\"ListItem\",\"position\":1,\"name\":\"Kezd\u0151lap\",\"item\":\"https:\\\/\\\/kutyazzokosan.hu\\\/\"},{\"@type\":\"ListItem\",\"position\":2,\"name\":\"Shop\",\"item\":\"https:\\\/\\\/kutyazzokosan.hu\\\/?page_id=7\"},{\"@type\":\"ListItem\",\"position\":3,\"name\":\"Farkas-e a kutya? Kutya-e az ember? Falkavez\u00e9rs\u00e9g napjainkban\"}]},{\"@type\":\"WebSite\",\"@id\":\"https:\\\/\\\/kutyazzokosan.hu\\\/#website\",\"url\":\"https:\\\/\\\/kutyazzokosan.hu\\\/\",\"name\":\"\",\"description\":\"\",\"potentialAction\":[{\"@type\":\"SearchAction\",\"target\":{\"@type\":\"EntryPoint\",\"urlTemplate\":\"https:\\\/\\\/kutyazzokosan.hu\\\/?s={search_term_string}\"},\"query-input\":{\"@type\":\"PropertyValueSpecification\",\"valueRequired\":true,\"valueName\":\"search_term_string\"}}],\"inLanguage\":\"hu\"}]}<\/script>\n<!-- \/ Yoast SEO plugin. -->","yoast_head_json":{"title":"Farkas-e a kutya? Kutya-e az ember? Falkavez\u00e9rs\u00e9g napjainkban -","description":"T\u00e9nyleg te vagy a kuty\u00e1d falkavez\u00e9re? Ha \u00e9rdekel, van-e \u00e9rtelme farkasnak tettetni magad a kuty\u00e1d nevel\u00e9s\u00e9hez, ez a webinar neked val\u00f3!","robots":{"index":"index","follow":"follow","max-snippet":"max-snippet:-1","max-image-preview":"max-image-preview:large","max-video-preview":"max-video-preview:-1"},"canonical":"https:\/\/kutyazzokosan.hu\/?product=204","og_locale":"hu_HU","og_type":"article","og_title":"Farkas-e a kutya? Kutya-e az ember? Falkavez\u00e9rs\u00e9g napjainkban -","og_description":"T\u00e9nyleg te vagy a kuty\u00e1d falkavez\u00e9re? Ha \u00e9rdekel, van-e \u00e9rtelme farkasnak tettetni magad a kuty\u00e1d nevel\u00e9s\u00e9hez, ez a webinar neked val\u00f3!","og_url":"https:\/\/kutyazzokosan.hu\/?product=204","article_modified_time":"2026-01-01T11:29:44+00:00","og_image":[{"width":300,"height":300,"url":"https:\/\/kutyazzokosan.hu\/wp-content\/uploads\/2025\/08\/18-1.png","type":"image\/png"}],"twitter_card":"summary_large_image","twitter_misc":{"Becs\u00fclt olvas\u00e1si id\u0151":"1 perc"},"schema":{"@context":"https:\/\/schema.org","@graph":[{"@type":"WebPage","@id":"https:\/\/kutyazzokosan.hu\/?product=204","url":"https:\/\/kutyazzokosan.hu\/?product=204","name":"Farkas-e a kutya? Kutya-e az ember? Falkavez\u00e9rs\u00e9g napjainkban -","isPartOf":{"@id":"https:\/\/kutyazzokosan.hu\/#website"},"primaryImageOfPage":{"@id":"https:\/\/kutyazzokosan.hu\/?product=204#primaryimage"},"image":{"@id":"https:\/\/kutyazzokosan.hu\/?product=204#primaryimage"},"thumbnailUrl":"https:\/\/kutyazzokosan.hu\/wp-content\/uploads\/2025\/08\/18-1.png","datePublished":"2025-01-04T15:41:09+00:00","dateModified":"2026-01-01T11:29:44+00:00","description":"T\u00e9nyleg te vagy a kuty\u00e1d falkavez\u00e9re? Ha \u00e9rdekel, van-e \u00e9rtelme farkasnak tettetni magad a kuty\u00e1d nevel\u00e9s\u00e9hez, ez a webinar neked val\u00f3!","breadcrumb":{"@id":"https:\/\/kutyazzokosan.hu\/?product=204#breadcrumb"},"inLanguage":"hu","potentialAction":[{"@type":"ReadAction","target":["https:\/\/kutyazzokosan.hu\/?product=204"]}]},{"@type":"ImageObject","inLanguage":"hu","@id":"https:\/\/kutyazzokosan.hu\/?product=204#primaryimage","url":"https:\/\/kutyazzokosan.hu\/wp-content\/uploads\/2025\/08\/18-1.png","contentUrl":"https:\/\/kutyazzokosan.hu\/wp-content\/uploads\/2025\/08\/18-1.png","width":300,"height":300},{"@type":"BreadcrumbList","@id":"https:\/\/kutyazzokosan.hu\/?product=204#breadcrumb","itemListElement":[{"@type":"ListItem","position":1,"name":"Kezd\u0151lap","item":"https:\/\/kutyazzokosan.hu\/"},{"@type":"ListItem","position":2,"name":"Shop","item":"https:\/\/kutyazzokosan.hu\/?page_id=7"},{"@type":"ListItem","position":3,"name":"Farkas-e a kutya? Kutya-e az ember? Falkavez\u00e9rs\u00e9g napjainkban"}]},{"@type":"WebSite","@id":"https:\/\/kutyazzokosan.hu\/#website","url":"https:\/\/kutyazzokosan.hu\/","name":"","description":"","potentialAction":[{"@type":"SearchAction","target":{"@type":"EntryPoint","urlTemplate":"https:\/\/kutyazzokosan.hu\/?s={search_term_string}"},"query-input":{"@type":"PropertyValueSpecification","valueRequired":true,"valueName":"search_term_string"}}],"inLanguage":"hu"}]}},"_links":{"self":[{"href":"https:\/\/kutyazzokosan.hu\/index.php?rest_route=\/wp\/v2\/product\/204","targetHints":{"allow":["GET"]}}],"collection":[{"href":"https:\/\/kutyazzokosan.hu\/index.php?rest_route=\/wp\/v2\/product"}],"about":[{"href":"https:\/\/kutyazzokosan.hu\/index.php?rest_route=\/wp\/v2\/types\/product"}],"wp:featuredmedia":[{"embeddable":true,"href":"https:\/\/kutyazzokosan.hu\/index.php?rest_route=\/wp\/v2\/media\/643"}],"wp:attachment":[{"href":"https:\/\/kutyazzokosan.hu\/index.php?rest_route=%2Fwp%2Fv2%2Fmedia&parent=204"}],"wp:term":[{"taxonomy":"product_brand","embeddable":true,"href":"https:\/\/kutyazzokosan.hu\/index.php?rest_route=%2Fwp%2Fv2%2Fproduct_brand&post=204"},{"taxonomy":"product_cat","embeddable":true,"href":"https:\/\/kutyazzokosan.hu\/index.php?rest_route=%2Fwp%2Fv2%2Fproduct_cat&post=204"},{"taxonomy":"product_tag","embeddable":true,"href":"https:\/\/kutyazzokosan.hu\/index.php?rest_route=%2Fwp%2Fv2%2Fproduct_tag&post=204"}],"curies":[{"name":"wp","href":"https:\/\/api.w.org\/{rel}","templated":true}]}}