
{"id":200,"date":"2025-01-04T16:36:25","date_gmt":"2025-01-04T15:36:25","guid":{"rendered":"https:\/\/kutyazzokosan.hu\/?post_type=product&#038;p=200"},"modified":"2026-01-01T12:30:05","modified_gmt":"2026-01-01T11:30:05","slug":"hogyan-tanulnak-a-kutyak","status":"publish","type":"product","link":"https:\/\/kutyazzokosan.hu\/?product=hogyan-tanulnak-a-kutyak","title":{"rendered":"Hogyan tanulnak a kuty\u00e1k?"},"content":{"rendered":"<div class=\"x11i5rnm xat24cr x1mh8g0r x1vvkbs xtlvy1s\"><strong>A tudom\u00e1ny, a trash-kult\u00fara \u00e9s a sz\u00e9pm\u0171v\u00e9szet seg\u00edts\u00e9g\u00e9vel keress\u00fck a v\u00e1laszt t\u00f6bbek k\u00f6z\u00f6tt az al\u00e1bbi k\u00e9rd\u00e9sekre:<\/strong><\/div>\n<ul>\n<li class=\"x11i5rnm xat24cr x1mh8g0r x1vvkbs xtlvy1s\">Tudja-e Tappancs, hogy rosszat csin\u00e1lt?<\/li>\n<li class=\"x11i5rnm xat24cr x1mh8g0r x1vvkbs xtlvy1s\">Ha r\u00e1sz\u00f3lok valami\u00e9rt 12-szer, mi\u00e9rt csin\u00e1lja meg 13-szorra is?<\/li>\n<li class=\"x11i5rnm xat24cr x1mh8g0r x1vvkbs xtlvy1s\">Ha tegnap m\u00e9g meg tudott valamit csin\u00e1lni, ma mi\u00e9rt nem jut esz\u00e9be sehogysem?<\/li>\n<li class=\"x11i5rnm xat24cr x1mh8g0r x1vvkbs xtlvy1s\">Honnan tudom, hogy a kutya azt fogja megtanulni, amit \u00e9n tan\u00edtani akarok?<\/li>\n<li class=\"x11i5rnm xat24cr x1mh8g0r x1vvkbs xtlvy1s\">Most akkor \u00e9lete v\u00e9g\u00e9ig mindig meg kell jutalmaznom, ha j\u00f3t csin\u00e1l?<\/li>\n<li class=\"x11i5rnm xat24cr x1mh8g0r x1vvkbs xtlvy1s\">Mi a k\u00fcl\u00f6nbs\u00e9g ak\u00f6z\u00f6tt, hogy megtan\u00edtom a kuty\u00e1t \u00fclni \u00e9s ak\u00f6z\u00f6tt, hogy megtanulja, hogy az \u00e1llatorvos rossz?<\/li>\n<li>T\u00e9nyleg meg lehet dics\u00e9rni a f\u00e9lelmet?<\/li>\n<\/ul>\n<p>Webinar hossza: 230 perc<br \/>\nEl\u0151ad\u00f3: Sz\u00e9kely Daniella<\/p>\n<p>&nbsp;<\/p>\n<p><iframe title=\"YouTube video player\" src=\"https:\/\/www.youtube.com\/embed\/C2DqCCo-v9A?si=DgbIoYk_lMQGge3F\" width=\"560\" height=\"315\" frameborder=\"0\" allowfullscreen=\"allowfullscreen\"><\/iframe><\/p>\n<p><b>\ud83d\udca1 Ha tetszett az el\u0151n\u00e9zet, kattints a gombra \u00e9s m\u00e1r kezd\u0151dhet is a tanul\u00e1s!<br \/>\n<\/b>&#8211; V\u00e1s\u00e1rl\u00e1s ut\u00e1n <strong>azonnal el\u00e9red a webin\u00e1rt a fi\u00f3kodban<\/strong>, a <strong>\u201eVide\u00f3im\u201d men\u00fcpontban<\/strong>, vagy a <strong>Fi\u00f3kom &gt; Let\u00f6lt\u00e9sek alatt<\/strong>.<br \/>\n&#8211; A felv\u00e9telt <strong>korl\u00e1tlan ideig visszan\u00e9zheted<\/strong>, b\u00e1rmikor, saj\u00e1t temp\u00f3dban.<br \/>\n&#8211; Fizet\u00e9shez <strong>biztons\u00e1gos bankk\u00e1rty\u00e1s SimplePay rendszer<\/strong>\u00fcnket haszn\u00e1lhatod.<b><br \/>\n<\/b><\/p>\n<form class=\"cart\" enctype=\"multipart\/form-data\" method=\"post\"><button class=\"single_add_to_cart_button button alt\" style=\"font-size: 16px; padding: 14px 28px; margin: 0px 0px;\" name=\"add-to-cart\" type=\"submit\" value=\"200\">Kos\u00e1rba teszem<\/button><\/form>\n","protected":false},"excerpt":{"rendered":"<p>A <strong>tanul\u00e1s az \u00e9let\u00fcnk r\u00e9sze<\/strong> minden percben, m\u00e9gis <strong>keveset gondolkozunk r\u00f3la a mindennapokban<\/strong>, viszont a<strong>nn\u00e1l t\u00f6bb t\u00e9vhit \u00e9s f\u00e9lre\u00e9rtelmez\u00e9s \u00f6vezi.<\/strong><\/p>\n<p><strong>Sz\u00e9kely Daniella el\u0151ad\u00e1s\u00e1n nem kisebb feladatra v\u00e1llalkozunk, mint hogy rendet tegy\u00fcnk a tanul\u00e1selm\u00e9letek \u00e9s a viselked\u00e9s vil\u00e1g\u00e1ban, hogy a kuty\u00e1val t\u00f6lt\u00f6tt id\u0151 \u00e9s a k\u00f6z\u00f6s tanul\u00e1s ne feladat legyen, hanem siker\u00e9lm\u00e9nyekben gazdag kaland.<\/strong><\/p>\n<p>A Webin\u00e1r hossza: 230 perc. \u00a0V\u00e1s\u00e1rl\u00e1s ut\u00e1n <strong>azonnal el\u00e9red fi\u00f3kodban<\/strong>, \u00e9s <strong>korl\u00e1tlan ideig visszan\u00e9zheted!<\/strong><\/p>\n","protected":false},"featured_media":681,"template":"","meta":[],"product_brand":[],"product_cat":[21,15,20],"product_tag":[],"class_list":{"0":"post-200","1":"product","2":"type-product","3":"status-publish","4":"has-post-thumbnail","6":"product_cat-alapok-felelos-kutyatartas","7":"product_cat-minden-termek","8":"product_cat-trening-viselkedesterapia","10":"first","11":"instock","12":"downloadable","13":"virtual","14":"sold-individually","15":"purchasable","16":"product-type-simple"},"yoast_head":"<!-- This site is optimized with the Yoast SEO plugin v27.4 - https:\/\/yoast.com\/product\/yoast-seo-wordpress\/ -->\n<title>Hogyan tanulnak a kuty\u00e1k? -<\/title>\n<meta name=\"description\" content=\"Vajon hogyan tanulnak a kuty\u00e1k \u00e9s mikre kell figyeled a nevel\u00e9s \u00e9s tan\u00edt\u00e1s sor\u00e1n? Ha jobban szeretn\u00e9l tan\u00edtani, ebben a webinarban seg\u00edts\u00e9get kapsz hozz\u00e1.\" \/>\n<meta name=\"robots\" content=\"index, follow, max-snippet:-1, max-image-preview:large, max-video-preview:-1\" \/>\n<link rel=\"canonical\" href=\"https:\/\/kutyazzokosan.hu\/?product=hogyan-tanulnak-a-kutyak\" \/>\n<meta property=\"og:locale\" content=\"hu_HU\" \/>\n<meta property=\"og:type\" content=\"article\" \/>\n<meta property=\"og:title\" content=\"Hogyan tanulnak a kuty\u00e1k? -\" \/>\n<meta property=\"og:description\" content=\"Vajon hogyan tanulnak a kuty\u00e1k \u00e9s mikre kell figyeled a nevel\u00e9s \u00e9s tan\u00edt\u00e1s sor\u00e1n? Ha jobban szeretn\u00e9l tan\u00edtani, ebben a webinarban seg\u00edts\u00e9get kapsz hozz\u00e1.\" \/>\n<meta property=\"og:url\" content=\"https:\/\/kutyazzokosan.hu\/?product=hogyan-tanulnak-a-kutyak\" \/>\n<meta property=\"article:modified_time\" content=\"2026-01-01T11:30:05+00:00\" \/>\n<meta property=\"og:image\" content=\"https:\/\/kutyazzokosan.hu\/wp-content\/uploads\/2025\/01\/tanulnak.png\" \/>\n\t<meta property=\"og:image:width\" content=\"300\" \/>\n\t<meta property=\"og:image:height\" content=\"300\" \/>\n\t<meta property=\"og:image:type\" content=\"image\/png\" \/>\n<meta name=\"twitter:card\" content=\"summary_large_image\" \/>\n<meta name=\"twitter:label1\" content=\"Becs\u00fclt olvas\u00e1si id\u0151\" \/>\n\t<meta name=\"twitter:data1\" content=\"1 perc\" \/>\n<script type=\"application\/ld+json\" class=\"yoast-schema-graph\">{\"@context\":\"https:\\\/\\\/schema.org\",\"@graph\":[{\"@type\":\"WebPage\",\"@id\":\"https:\\\/\\\/kutyazzokosan.hu\\\/?product=hogyan-tanulnak-a-kutyak\",\"url\":\"https:\\\/\\\/kutyazzokosan.hu\\\/?product=hogyan-tanulnak-a-kutyak\",\"name\":\"Hogyan tanulnak a kuty\u00e1k? -\",\"isPartOf\":{\"@id\":\"https:\\\/\\\/kutyazzokosan.hu\\\/#website\"},\"primaryImageOfPage\":{\"@id\":\"https:\\\/\\\/kutyazzokosan.hu\\\/?product=hogyan-tanulnak-a-kutyak#primaryimage\"},\"image\":{\"@id\":\"https:\\\/\\\/kutyazzokosan.hu\\\/?product=hogyan-tanulnak-a-kutyak#primaryimage\"},\"thumbnailUrl\":\"https:\\\/\\\/kutyazzokosan.hu\\\/wp-content\\\/uploads\\\/2025\\\/01\\\/tanulnak.png\",\"datePublished\":\"2025-01-04T15:36:25+00:00\",\"dateModified\":\"2026-01-01T11:30:05+00:00\",\"description\":\"Vajon hogyan tanulnak a kuty\u00e1k \u00e9s mikre kell figyeled a nevel\u00e9s \u00e9s tan\u00edt\u00e1s sor\u00e1n? Ha jobban szeretn\u00e9l tan\u00edtani, ebben a webinarban seg\u00edts\u00e9get kapsz hozz\u00e1.\",\"breadcrumb\":{\"@id\":\"https:\\\/\\\/kutyazzokosan.hu\\\/?product=hogyan-tanulnak-a-kutyak#breadcrumb\"},\"inLanguage\":\"hu\",\"potentialAction\":[{\"@type\":\"ReadAction\",\"target\":[\"https:\\\/\\\/kutyazzokosan.hu\\\/?product=hogyan-tanulnak-a-kutyak\"]}]},{\"@type\":\"ImageObject\",\"inLanguage\":\"hu\",\"@id\":\"https:\\\/\\\/kutyazzokosan.hu\\\/?product=hogyan-tanulnak-a-kutyak#primaryimage\",\"url\":\"https:\\\/\\\/kutyazzokosan.hu\\\/wp-content\\\/uploads\\\/2025\\\/01\\\/tanulnak.png\",\"contentUrl\":\"https:\\\/\\\/kutyazzokosan.hu\\\/wp-content\\\/uploads\\\/2025\\\/01\\\/tanulnak.png\",\"width\":300,\"height\":300},{\"@type\":\"BreadcrumbList\",\"@id\":\"https:\\\/\\\/kutyazzokosan.hu\\\/?product=hogyan-tanulnak-a-kutyak#breadcrumb\",\"itemListElement\":[{\"@type\":\"ListItem\",\"position\":1,\"name\":\"Kezd\u0151lap\",\"item\":\"https:\\\/\\\/kutyazzokosan.hu\\\/\"},{\"@type\":\"ListItem\",\"position\":2,\"name\":\"Shop\",\"item\":\"https:\\\/\\\/kutyazzokosan.hu\\\/?page_id=7\"},{\"@type\":\"ListItem\",\"position\":3,\"name\":\"Hogyan tanulnak a kuty\u00e1k?\"}]},{\"@type\":\"WebSite\",\"@id\":\"https:\\\/\\\/kutyazzokosan.hu\\\/#website\",\"url\":\"https:\\\/\\\/kutyazzokosan.hu\\\/\",\"name\":\"\",\"description\":\"\",\"potentialAction\":[{\"@type\":\"SearchAction\",\"target\":{\"@type\":\"EntryPoint\",\"urlTemplate\":\"https:\\\/\\\/kutyazzokosan.hu\\\/?s={search_term_string}\"},\"query-input\":{\"@type\":\"PropertyValueSpecification\",\"valueRequired\":true,\"valueName\":\"search_term_string\"}}],\"inLanguage\":\"hu\"}]}<\/script>\n<!-- \/ Yoast SEO plugin. -->","yoast_head_json":{"title":"Hogyan tanulnak a kuty\u00e1k? -","description":"Vajon hogyan tanulnak a kuty\u00e1k \u00e9s mikre kell figyeled a nevel\u00e9s \u00e9s tan\u00edt\u00e1s sor\u00e1n? Ha jobban szeretn\u00e9l tan\u00edtani, ebben a webinarban seg\u00edts\u00e9get kapsz hozz\u00e1.","robots":{"index":"index","follow":"follow","max-snippet":"max-snippet:-1","max-image-preview":"max-image-preview:large","max-video-preview":"max-video-preview:-1"},"canonical":"https:\/\/kutyazzokosan.hu\/?product=hogyan-tanulnak-a-kutyak","og_locale":"hu_HU","og_type":"article","og_title":"Hogyan tanulnak a kuty\u00e1k? -","og_description":"Vajon hogyan tanulnak a kuty\u00e1k \u00e9s mikre kell figyeled a nevel\u00e9s \u00e9s tan\u00edt\u00e1s sor\u00e1n? Ha jobban szeretn\u00e9l tan\u00edtani, ebben a webinarban seg\u00edts\u00e9get kapsz hozz\u00e1.","og_url":"https:\/\/kutyazzokosan.hu\/?product=hogyan-tanulnak-a-kutyak","article_modified_time":"2026-01-01T11:30:05+00:00","og_image":[{"width":300,"height":300,"url":"https:\/\/kutyazzokosan.hu\/wp-content\/uploads\/2025\/01\/tanulnak.png","type":"image\/png"}],"twitter_card":"summary_large_image","twitter_misc":{"Becs\u00fclt olvas\u00e1si id\u0151":"1 perc"},"schema":{"@context":"https:\/\/schema.org","@graph":[{"@type":"WebPage","@id":"https:\/\/kutyazzokosan.hu\/?product=hogyan-tanulnak-a-kutyak","url":"https:\/\/kutyazzokosan.hu\/?product=hogyan-tanulnak-a-kutyak","name":"Hogyan tanulnak a kuty\u00e1k? -","isPartOf":{"@id":"https:\/\/kutyazzokosan.hu\/#website"},"primaryImageOfPage":{"@id":"https:\/\/kutyazzokosan.hu\/?product=hogyan-tanulnak-a-kutyak#primaryimage"},"image":{"@id":"https:\/\/kutyazzokosan.hu\/?product=hogyan-tanulnak-a-kutyak#primaryimage"},"thumbnailUrl":"https:\/\/kutyazzokosan.hu\/wp-content\/uploads\/2025\/01\/tanulnak.png","datePublished":"2025-01-04T15:36:25+00:00","dateModified":"2026-01-01T11:30:05+00:00","description":"Vajon hogyan tanulnak a kuty\u00e1k \u00e9s mikre kell figyeled a nevel\u00e9s \u00e9s tan\u00edt\u00e1s sor\u00e1n? Ha jobban szeretn\u00e9l tan\u00edtani, ebben a webinarban seg\u00edts\u00e9get kapsz hozz\u00e1.","breadcrumb":{"@id":"https:\/\/kutyazzokosan.hu\/?product=hogyan-tanulnak-a-kutyak#breadcrumb"},"inLanguage":"hu","potentialAction":[{"@type":"ReadAction","target":["https:\/\/kutyazzokosan.hu\/?product=hogyan-tanulnak-a-kutyak"]}]},{"@type":"ImageObject","inLanguage":"hu","@id":"https:\/\/kutyazzokosan.hu\/?product=hogyan-tanulnak-a-kutyak#primaryimage","url":"https:\/\/kutyazzokosan.hu\/wp-content\/uploads\/2025\/01\/tanulnak.png","contentUrl":"https:\/\/kutyazzokosan.hu\/wp-content\/uploads\/2025\/01\/tanulnak.png","width":300,"height":300},{"@type":"BreadcrumbList","@id":"https:\/\/kutyazzokosan.hu\/?product=hogyan-tanulnak-a-kutyak#breadcrumb","itemListElement":[{"@type":"ListItem","position":1,"name":"Kezd\u0151lap","item":"https:\/\/kutyazzokosan.hu\/"},{"@type":"ListItem","position":2,"name":"Shop","item":"https:\/\/kutyazzokosan.hu\/?page_id=7"},{"@type":"ListItem","position":3,"name":"Hogyan tanulnak a kuty\u00e1k?"}]},{"@type":"WebSite","@id":"https:\/\/kutyazzokosan.hu\/#website","url":"https:\/\/kutyazzokosan.hu\/","name":"","description":"","potentialAction":[{"@type":"SearchAction","target":{"@type":"EntryPoint","urlTemplate":"https:\/\/kutyazzokosan.hu\/?s={search_term_string}"},"query-input":{"@type":"PropertyValueSpecification","valueRequired":true,"valueName":"search_term_string"}}],"inLanguage":"hu"}]}},"_links":{"self":[{"href":"https:\/\/kutyazzokosan.hu\/index.php?rest_route=\/wp\/v2\/product\/200","targetHints":{"allow":["GET"]}}],"collection":[{"href":"https:\/\/kutyazzokosan.hu\/index.php?rest_route=\/wp\/v2\/product"}],"about":[{"href":"https:\/\/kutyazzokosan.hu\/index.php?rest_route=\/wp\/v2\/types\/product"}],"wp:featuredmedia":[{"embeddable":true,"href":"https:\/\/kutyazzokosan.hu\/index.php?rest_route=\/wp\/v2\/media\/681"}],"wp:attachment":[{"href":"https:\/\/kutyazzokosan.hu\/index.php?rest_route=%2Fwp%2Fv2%2Fmedia&parent=200"}],"wp:term":[{"taxonomy":"product_brand","embeddable":true,"href":"https:\/\/kutyazzokosan.hu\/index.php?rest_route=%2Fwp%2Fv2%2Fproduct_brand&post=200"},{"taxonomy":"product_cat","embeddable":true,"href":"https:\/\/kutyazzokosan.hu\/index.php?rest_route=%2Fwp%2Fv2%2Fproduct_cat&post=200"},{"taxonomy":"product_tag","embeddable":true,"href":"https:\/\/kutyazzokosan.hu\/index.php?rest_route=%2Fwp%2Fv2%2Fproduct_tag&post=200"}],"curies":[{"name":"wp","href":"https:\/\/api.w.org\/{rel}","templated":true}]}}