
{"id":13,"date":"2024-08-23T07:52:15","date_gmt":"2024-08-23T05:52:15","guid":{"rendered":"https:\/\/kutyazzokosan.hu\/?post_type=product&#038;p=13"},"modified":"2025-09-26T15:22:00","modified_gmt":"2025-09-26T13:22:00","slug":"downloadable-product-1","status":"publish","type":"product","link":"https:\/\/kutyazzokosan.hu\/?product=downloadable-product-1","title":{"rendered":"Nyugodj m\u00e1r le! A relax tr\u00e9ning alapjai"},"content":{"rendered":"<p><strong>Tudtad, hogy a legfontosabb fegyver\u00fcnk a toxikus stressz hat\u00e1sai ellen a min\u0151s\u00e9gi pihen\u00e9s?<\/strong><\/p>\n<p>A relax\u00e1ci\u00f3s tr\u00e9ning webin\u00e1r sor\u00e1n a k\u00f6vetkez\u0151 t\u00e9m\u00e1kr\u00f3l lesz sz\u00f3:<\/p>\n<ul>\n<li>a pihen\u00e9s biol\u00f3giai szemsz\u00f6gb\u0151l<\/li>\n<li>a k\u00f6rnyezeti jelek (ang. environmental cues) jelent\u0151s\u00e9ge<\/li>\n<li>kondicion\u00e1lt relax\u00e1ci\u00f3<\/li>\n<li>gyakran haszn\u00e1lt relax protokollok el\u0151nyei \u00e9s h\u00e1tr\u00e1nyai<\/li>\n<\/ul>\n<p>Webinar hossza: 60 perc<br \/>\nEl\u0151ad\u00f3: Borodziej Nora<\/p>\n<p><iframe title=\"YouTube video player\" src=\"https:\/\/www.youtube.com\/embed\/Vqp3_KnsX1Y?si=QfCN5LK2i-sdpJK-\" width=\"560\" height=\"315\" frameborder=\"0\" allowfullscreen=\"allowfullscreen\"><\/iframe><\/p>\n<p><b>\ud83d\udca1 Ha tetszett az el\u0151n\u00e9zet, kattints a gombra \u00e9s m\u00e1r kezd\u0151dhet is a tanul\u00e1s!<br \/>\n<\/b>&#8211; V\u00e1s\u00e1rl\u00e1s ut\u00e1n <strong>azonnal el\u00e9red a webin\u00e1rt a fi\u00f3kodban<\/strong>, a <strong>\u201eVide\u00f3im\u201d men\u00fcpontban<\/strong>, vagy a <strong>Fi\u00f3kom &gt; Let\u00f6lt\u00e9sek alatt<\/strong>.<br \/>\n&#8211; A felv\u00e9telt <strong>korl\u00e1tlan ideig visszan\u00e9zheted<\/strong>, b\u00e1rmikor, saj\u00e1t temp\u00f3dban.<br \/>\n&#8211; Fizet\u00e9shez <strong>biztons\u00e1gos bankk\u00e1rty\u00e1s SimplePay rendszer<\/strong>\u00fcnket haszn\u00e1lhatod.<b><br \/>\n<\/b><\/p>\n<form class=\"cart\" enctype=\"multipart\/form-data\" method=\"post\"><button class=\"single_add_to_cart_button button alt\" style=\"font-size: 16px; padding: 14px 28px; margin: 0px 0px;\" name=\"add-to-cart\" type=\"submit\" value=\"13\">Kos\u00e1rba teszem<\/button><\/form>\n","protected":false},"excerpt":{"rendered":"<p>Tudtad, hogy a legfontosabb fegyver\u00fcnk a toxikus stressz hat\u00e1sai ellen a min\u0151s\u00e9gi pihen\u00e9s? A relax\u00e1ci\u00f3s tr\u00e9ning webin\u00e1r sor\u00e1n a k\u00f6vetkez\u0151 [&hellip;]<\/p>\n","protected":false},"featured_media":633,"template":"","meta":[],"product_brand":[],"product_cat":[21,15,20],"product_tag":[],"class_list":{"0":"post-13","1":"product","2":"type-product","3":"status-publish","4":"has-post-thumbnail","6":"product_cat-alapok-felelos-kutyatartas","7":"product_cat-minden-termek","8":"product_cat-trening-viselkedesterapia","10":"first","11":"instock","12":"downloadable","13":"virtual","14":"sold-individually","15":"purchasable","16":"product-type-simple"},"yoast_head":"<!-- This site is optimized with the Yoast SEO plugin v27.4 - https:\/\/yoast.com\/product\/yoast-seo-wordpress\/ -->\n<title>Nyugodj m\u00e1r le! A relax tr\u00e9ning alapjai -<\/title>\n<meta name=\"description\" content=\"Ha a kuty\u00e1d nehezen nyugszik meg, mindenre azonnal reag\u00e1l \u00e9s szinte sosem l\u00e1tod pihenni, ebben a webinarban seg\u00edts\u00e9get kapsz a nyugalom tan\u00edt\u00e1s\u00e1hoz.\" \/>\n<meta name=\"robots\" content=\"index, follow, max-snippet:-1, max-image-preview:large, max-video-preview:-1\" \/>\n<link rel=\"canonical\" href=\"https:\/\/kutyazzokosan.hu\/?product=downloadable-product-1\" \/>\n<meta property=\"og:locale\" content=\"hu_HU\" \/>\n<meta property=\"og:type\" content=\"article\" \/>\n<meta property=\"og:title\" content=\"Nyugodj m\u00e1r le! A relax tr\u00e9ning alapjai -\" \/>\n<meta property=\"og:description\" content=\"Ha a kuty\u00e1d nehezen nyugszik meg, mindenre azonnal reag\u00e1l \u00e9s szinte sosem l\u00e1tod pihenni, ebben a webinarban seg\u00edts\u00e9get kapsz a nyugalom tan\u00edt\u00e1s\u00e1hoz.\" \/>\n<meta property=\"og:url\" content=\"https:\/\/kutyazzokosan.hu\/?product=downloadable-product-1\" \/>\n<meta property=\"article:modified_time\" content=\"2025-09-26T13:22:00+00:00\" \/>\n<meta property=\"og:image\" content=\"https:\/\/kutyazzokosan.hu\/wp-content\/uploads\/2025\/03\/8.png\" \/>\n\t<meta property=\"og:image:width\" content=\"300\" \/>\n\t<meta property=\"og:image:height\" content=\"300\" \/>\n\t<meta property=\"og:image:type\" content=\"image\/png\" \/>\n<meta name=\"twitter:card\" content=\"summary_large_image\" \/>\n<meta name=\"twitter:label1\" content=\"Becs\u00fclt olvas\u00e1si id\u0151\" \/>\n\t<meta name=\"twitter:data1\" content=\"1 perc\" \/>\n<script type=\"application\/ld+json\" class=\"yoast-schema-graph\">{\"@context\":\"https:\\\/\\\/schema.org\",\"@graph\":[{\"@type\":\"WebPage\",\"@id\":\"https:\\\/\\\/kutyazzokosan.hu\\\/?product=downloadable-product-1\",\"url\":\"https:\\\/\\\/kutyazzokosan.hu\\\/?product=downloadable-product-1\",\"name\":\"Nyugodj m\u00e1r le! A relax tr\u00e9ning alapjai -\",\"isPartOf\":{\"@id\":\"https:\\\/\\\/kutyazzokosan.hu\\\/#website\"},\"primaryImageOfPage\":{\"@id\":\"https:\\\/\\\/kutyazzokosan.hu\\\/?product=downloadable-product-1#primaryimage\"},\"image\":{\"@id\":\"https:\\\/\\\/kutyazzokosan.hu\\\/?product=downloadable-product-1#primaryimage\"},\"thumbnailUrl\":\"https:\\\/\\\/kutyazzokosan.hu\\\/wp-content\\\/uploads\\\/2025\\\/03\\\/8.png\",\"datePublished\":\"2024-08-23T05:52:15+00:00\",\"dateModified\":\"2025-09-26T13:22:00+00:00\",\"description\":\"Ha a kuty\u00e1d nehezen nyugszik meg, mindenre azonnal reag\u00e1l \u00e9s szinte sosem l\u00e1tod pihenni, ebben a webinarban seg\u00edts\u00e9get kapsz a nyugalom tan\u00edt\u00e1s\u00e1hoz.\",\"breadcrumb\":{\"@id\":\"https:\\\/\\\/kutyazzokosan.hu\\\/?product=downloadable-product-1#breadcrumb\"},\"inLanguage\":\"hu\",\"potentialAction\":[{\"@type\":\"ReadAction\",\"target\":[\"https:\\\/\\\/kutyazzokosan.hu\\\/?product=downloadable-product-1\"]}]},{\"@type\":\"ImageObject\",\"inLanguage\":\"hu\",\"@id\":\"https:\\\/\\\/kutyazzokosan.hu\\\/?product=downloadable-product-1#primaryimage\",\"url\":\"https:\\\/\\\/kutyazzokosan.hu\\\/wp-content\\\/uploads\\\/2025\\\/03\\\/8.png\",\"contentUrl\":\"https:\\\/\\\/kutyazzokosan.hu\\\/wp-content\\\/uploads\\\/2025\\\/03\\\/8.png\",\"width\":300,\"height\":300},{\"@type\":\"BreadcrumbList\",\"@id\":\"https:\\\/\\\/kutyazzokosan.hu\\\/?product=downloadable-product-1#breadcrumb\",\"itemListElement\":[{\"@type\":\"ListItem\",\"position\":1,\"name\":\"Kezd\u0151lap\",\"item\":\"https:\\\/\\\/kutyazzokosan.hu\\\/\"},{\"@type\":\"ListItem\",\"position\":2,\"name\":\"Shop\",\"item\":\"https:\\\/\\\/kutyazzokosan.hu\\\/?page_id=7\"},{\"@type\":\"ListItem\",\"position\":3,\"name\":\"Nyugodj m\u00e1r le! A relax tr\u00e9ning alapjai\"}]},{\"@type\":\"WebSite\",\"@id\":\"https:\\\/\\\/kutyazzokosan.hu\\\/#website\",\"url\":\"https:\\\/\\\/kutyazzokosan.hu\\\/\",\"name\":\"\",\"description\":\"\",\"potentialAction\":[{\"@type\":\"SearchAction\",\"target\":{\"@type\":\"EntryPoint\",\"urlTemplate\":\"https:\\\/\\\/kutyazzokosan.hu\\\/?s={search_term_string}\"},\"query-input\":{\"@type\":\"PropertyValueSpecification\",\"valueRequired\":true,\"valueName\":\"search_term_string\"}}],\"inLanguage\":\"hu\"}]}<\/script>\n<!-- \/ Yoast SEO plugin. -->","yoast_head_json":{"title":"Nyugodj m\u00e1r le! A relax tr\u00e9ning alapjai -","description":"Ha a kuty\u00e1d nehezen nyugszik meg, mindenre azonnal reag\u00e1l \u00e9s szinte sosem l\u00e1tod pihenni, ebben a webinarban seg\u00edts\u00e9get kapsz a nyugalom tan\u00edt\u00e1s\u00e1hoz.","robots":{"index":"index","follow":"follow","max-snippet":"max-snippet:-1","max-image-preview":"max-image-preview:large","max-video-preview":"max-video-preview:-1"},"canonical":"https:\/\/kutyazzokosan.hu\/?product=downloadable-product-1","og_locale":"hu_HU","og_type":"article","og_title":"Nyugodj m\u00e1r le! A relax tr\u00e9ning alapjai -","og_description":"Ha a kuty\u00e1d nehezen nyugszik meg, mindenre azonnal reag\u00e1l \u00e9s szinte sosem l\u00e1tod pihenni, ebben a webinarban seg\u00edts\u00e9get kapsz a nyugalom tan\u00edt\u00e1s\u00e1hoz.","og_url":"https:\/\/kutyazzokosan.hu\/?product=downloadable-product-1","article_modified_time":"2025-09-26T13:22:00+00:00","og_image":[{"width":300,"height":300,"url":"https:\/\/kutyazzokosan.hu\/wp-content\/uploads\/2025\/03\/8.png","type":"image\/png"}],"twitter_card":"summary_large_image","twitter_misc":{"Becs\u00fclt olvas\u00e1si id\u0151":"1 perc"},"schema":{"@context":"https:\/\/schema.org","@graph":[{"@type":"WebPage","@id":"https:\/\/kutyazzokosan.hu\/?product=downloadable-product-1","url":"https:\/\/kutyazzokosan.hu\/?product=downloadable-product-1","name":"Nyugodj m\u00e1r le! A relax tr\u00e9ning alapjai -","isPartOf":{"@id":"https:\/\/kutyazzokosan.hu\/#website"},"primaryImageOfPage":{"@id":"https:\/\/kutyazzokosan.hu\/?product=downloadable-product-1#primaryimage"},"image":{"@id":"https:\/\/kutyazzokosan.hu\/?product=downloadable-product-1#primaryimage"},"thumbnailUrl":"https:\/\/kutyazzokosan.hu\/wp-content\/uploads\/2025\/03\/8.png","datePublished":"2024-08-23T05:52:15+00:00","dateModified":"2025-09-26T13:22:00+00:00","description":"Ha a kuty\u00e1d nehezen nyugszik meg, mindenre azonnal reag\u00e1l \u00e9s szinte sosem l\u00e1tod pihenni, ebben a webinarban seg\u00edts\u00e9get kapsz a nyugalom tan\u00edt\u00e1s\u00e1hoz.","breadcrumb":{"@id":"https:\/\/kutyazzokosan.hu\/?product=downloadable-product-1#breadcrumb"},"inLanguage":"hu","potentialAction":[{"@type":"ReadAction","target":["https:\/\/kutyazzokosan.hu\/?product=downloadable-product-1"]}]},{"@type":"ImageObject","inLanguage":"hu","@id":"https:\/\/kutyazzokosan.hu\/?product=downloadable-product-1#primaryimage","url":"https:\/\/kutyazzokosan.hu\/wp-content\/uploads\/2025\/03\/8.png","contentUrl":"https:\/\/kutyazzokosan.hu\/wp-content\/uploads\/2025\/03\/8.png","width":300,"height":300},{"@type":"BreadcrumbList","@id":"https:\/\/kutyazzokosan.hu\/?product=downloadable-product-1#breadcrumb","itemListElement":[{"@type":"ListItem","position":1,"name":"Kezd\u0151lap","item":"https:\/\/kutyazzokosan.hu\/"},{"@type":"ListItem","position":2,"name":"Shop","item":"https:\/\/kutyazzokosan.hu\/?page_id=7"},{"@type":"ListItem","position":3,"name":"Nyugodj m\u00e1r le! A relax tr\u00e9ning alapjai"}]},{"@type":"WebSite","@id":"https:\/\/kutyazzokosan.hu\/#website","url":"https:\/\/kutyazzokosan.hu\/","name":"","description":"","potentialAction":[{"@type":"SearchAction","target":{"@type":"EntryPoint","urlTemplate":"https:\/\/kutyazzokosan.hu\/?s={search_term_string}"},"query-input":{"@type":"PropertyValueSpecification","valueRequired":true,"valueName":"search_term_string"}}],"inLanguage":"hu"}]}},"_links":{"self":[{"href":"https:\/\/kutyazzokosan.hu\/index.php?rest_route=\/wp\/v2\/product\/13","targetHints":{"allow":["GET"]}}],"collection":[{"href":"https:\/\/kutyazzokosan.hu\/index.php?rest_route=\/wp\/v2\/product"}],"about":[{"href":"https:\/\/kutyazzokosan.hu\/index.php?rest_route=\/wp\/v2\/types\/product"}],"wp:featuredmedia":[{"embeddable":true,"href":"https:\/\/kutyazzokosan.hu\/index.php?rest_route=\/wp\/v2\/media\/633"}],"wp:attachment":[{"href":"https:\/\/kutyazzokosan.hu\/index.php?rest_route=%2Fwp%2Fv2%2Fmedia&parent=13"}],"wp:term":[{"taxonomy":"product_brand","embeddable":true,"href":"https:\/\/kutyazzokosan.hu\/index.php?rest_route=%2Fwp%2Fv2%2Fproduct_brand&post=13"},{"taxonomy":"product_cat","embeddable":true,"href":"https:\/\/kutyazzokosan.hu\/index.php?rest_route=%2Fwp%2Fv2%2Fproduct_cat&post=13"},{"taxonomy":"product_tag","embeddable":true,"href":"https:\/\/kutyazzokosan.hu\/index.php?rest_route=%2Fwp%2Fv2%2Fproduct_tag&post=13"}],"curies":[{"name":"wp","href":"https:\/\/api.w.org\/{rel}","templated":true}]}}