
{"id":126,"date":"2024-09-07T14:24:30","date_gmt":"2024-09-07T12:24:30","guid":{"rendered":"https:\/\/kutyazzokosan.hu\/?post_type=product&#038;p=126"},"modified":"2026-04-23T09:02:06","modified_gmt":"2026-04-23T07:02:06","slug":"hogyan-epitsd-tokeletes-kapcsolatot-a-kutyaddal","status":"publish","type":"product","link":"https:\/\/kutyazzokosan.hu\/?product=hogyan-epitsd-tokeletes-kapcsolatot-a-kutyaddal","title":{"rendered":"Hogyan \u00e9p\u00edts t\u00f6k\u00e9letes kapcsolatot a kuty\u00e1ddal?"},"content":{"rendered":"<p><strong>F\u0151 t\u00e9m\u00e1k:<\/strong><\/p>\n<ul>\n<li>tudom\u00e1ny a kuty\u00e1z\u00e1sban<\/li>\n<li>a kuty\u00e1k alapvet\u0151 sz\u00fcks\u00e9gletei<\/li>\n<li>hogyan hat a v\u00e1rosi k\u00f6rnyezet a kuty\u00e1ra<\/li>\n<li>a szocializ\u00e1ci\u00f3 zs\u00e1kutc\u00e1i<\/li>\n<li>pozit\u00edv tr\u00e9ningszeml\u00e9let alapjai<\/li>\n<li>kutyakommunik\u00e1ci\u00f3 \u00e9s testbesz\u00e9d<\/li>\n<\/ul>\n<p>Webinar hossza: 90 perc<br \/>\nEl\u0151ad\u00f3k: Borodziej Nora \u00e9s S\u00e1tori B\u00e1lint<\/p>\n<p><iframe title=\"YouTube video player\" src=\"https:\/\/www.youtube.com\/embed\/eviLQxqeH_U?si=KFnVVSoIEVbpRuVo\" width=\"560\" height=\"315\" frameborder=\"0\" allowfullscreen=\"allowfullscreen\"><\/iframe><\/p>\n<p><b>\ud83d\udca1 Ha tetszett az el\u0151n\u00e9zet, kattints a gombra \u00e9s m\u00e1r kezd\u0151dhet is a tanul\u00e1s!<br \/>\n<\/b>&#8211; V\u00e1s\u00e1rl\u00e1s ut\u00e1n <strong>azonnal el\u00e9red a webin\u00e1rt a fi\u00f3kodban<\/strong>, a <strong>\u201eVide\u00f3im\u201d men\u00fcpontban<\/strong>, vagy a <strong>Fi\u00f3kom &gt; Let\u00f6lt\u00e9sek alatt<\/strong>.<br \/>\n&#8211; A felv\u00e9telt <strong>korl\u00e1tlan ideig visszan\u00e9zheted<\/strong>, b\u00e1rmikor, saj\u00e1t temp\u00f3dban.<br \/>\n&#8211; Fizet\u00e9shez <strong>biztons\u00e1gos bankk\u00e1rty\u00e1s SimplePay rendszer<\/strong>\u00fcnket haszn\u00e1lhatod.<b><br \/>\n<\/b><\/p>\n<form class=\"cart\" enctype=\"multipart\/form-data\" method=\"post\"><button class=\"single_add_to_cart_button button alt\" style=\"font-size: 16px; padding: 14px 28px; margin: 0px 0px;\" name=\"add-to-cart\" type=\"submit\" value=\"126\">Kos\u00e1rba teszem<\/button><\/form>\n","protected":false},"excerpt":{"rendered":"<p><strong>90 percben \u00f6sszegy\u00fartuk a modern kuty\u00e1z\u00e1s esszenci\u00e1j\u00e1t<\/strong><\/p>\n<ul>\n<li><strong>Mikre \u00e9rdemes odafigyelned ahhoz, hogy m\u00e9g magasabb szintre emeld kuty\u00e1d \u00e9letsz\u00ednvonal\u00e1t?<\/strong><\/li>\n<li><strong>Hogyan tudod kiegyens\u00falyozott\u00e1 \u00e9s boldogg\u00e1 tenni?<\/strong><\/li>\n<li><strong>Milyen hat\u00e1ssal lesz ez a kapcsolatodra<\/strong> n\u00e9gyl\u00e1b\u00fa t\u00e1rsaddal?<\/li>\n<\/ul>\n<p>Az el\u0151ad\u00e1st <strong>saj\u00e1t k\u00e9pekkel \u00e9s vide\u00f3kkal<\/strong> sz\u00ednes\u00edtj\u00fck. <strong>Borodziej Nora \u00e9s S\u00e1tori B\u00e1lint <\/strong>k\u00f6z\u00f6s webin\u00e1rj\u00e1ban<strong> \u00e9letszer\u0171 p\u00e9ld\u00e1kon kereszt\u00fcl ragadjuk ki <\/strong>azt a l\u00e9nyeget,<strong> ami sz\u00e1modra is fontos lesz a h\u00e9tk\u00f6znapokban!<\/strong><\/p>\n<p>A Webin\u00e1r hossza: 90 perc. \u00a0V\u00e1s\u00e1rl\u00e1s ut\u00e1n <strong>azonnal el\u00e9red fi\u00f3kodban<\/strong>, \u00e9s <strong>korl\u00e1tlan ideig visszan\u00e9zheted!<\/strong><\/p>\n","protected":false},"featured_media":632,"template":"","meta":[],"product_brand":[],"product_cat":[21,15,20],"product_tag":[],"class_list":{"0":"post-126","1":"product","2":"type-product","3":"status-publish","4":"has-post-thumbnail","6":"product_cat-alapok-felelos-kutyatartas","7":"product_cat-minden-termek","8":"product_cat-trening-viselkedesterapia","10":"first","11":"instock","12":"downloadable","13":"virtual","14":"sold-individually","15":"purchasable","16":"product-type-simple"},"yoast_head":"<!-- This site is optimized with the Yoast SEO plugin v27.4 - https:\/\/yoast.com\/product\/yoast-seo-wordpress\/ -->\n<title>Hogyan \u00e9p\u00edts t\u00f6k\u00e9letes kapcsolatot a kuty\u00e1ddal? -<\/title>\n<meta name=\"description\" content=\"Ha \u00e9rdekel, hogyan lehet jobb a kuty\u00e1d \u00e9lete \u00e9s ez hogyan teheti jobb\u00e1 a kapcsolatotokat, ez a webinar pont neked sz\u00f3l.\" \/>\n<meta name=\"robots\" content=\"index, follow, max-snippet:-1, max-image-preview:large, max-video-preview:-1\" \/>\n<link rel=\"canonical\" href=\"https:\/\/kutyazzokosan.hu\/?product=hogyan-epitsd-tokeletes-kapcsolatot-a-kutyaddal\" \/>\n<meta property=\"og:locale\" content=\"hu_HU\" \/>\n<meta property=\"og:type\" content=\"article\" \/>\n<meta property=\"og:title\" content=\"Hogyan \u00e9p\u00edts t\u00f6k\u00e9letes kapcsolatot a kuty\u00e1ddal? -\" \/>\n<meta property=\"og:description\" content=\"Ha \u00e9rdekel, hogyan lehet jobb a kuty\u00e1d \u00e9lete \u00e9s ez hogyan teheti jobb\u00e1 a kapcsolatotokat, ez a webinar pont neked sz\u00f3l.\" \/>\n<meta property=\"og:url\" content=\"https:\/\/kutyazzokosan.hu\/?product=hogyan-epitsd-tokeletes-kapcsolatot-a-kutyaddal\" \/>\n<meta property=\"article:modified_time\" content=\"2026-04-23T07:02:06+00:00\" \/>\n<meta property=\"og:image\" content=\"https:\/\/kutyazzokosan.hu\/wp-content\/uploads\/2025\/03\/7.png\" \/>\n\t<meta property=\"og:image:width\" content=\"300\" \/>\n\t<meta property=\"og:image:height\" content=\"300\" \/>\n\t<meta property=\"og:image:type\" content=\"image\/png\" \/>\n<meta name=\"twitter:card\" content=\"summary_large_image\" \/>\n<meta name=\"twitter:label1\" content=\"Becs\u00fclt olvas\u00e1si id\u0151\" \/>\n\t<meta name=\"twitter:data1\" content=\"1 perc\" \/>\n<script type=\"application\/ld+json\" class=\"yoast-schema-graph\">{\"@context\":\"https:\\\/\\\/schema.org\",\"@graph\":[{\"@type\":\"WebPage\",\"@id\":\"https:\\\/\\\/kutyazzokosan.hu\\\/?product=hogyan-epitsd-tokeletes-kapcsolatot-a-kutyaddal\",\"url\":\"https:\\\/\\\/kutyazzokosan.hu\\\/?product=hogyan-epitsd-tokeletes-kapcsolatot-a-kutyaddal\",\"name\":\"Hogyan \u00e9p\u00edts t\u00f6k\u00e9letes kapcsolatot a kuty\u00e1ddal? -\",\"isPartOf\":{\"@id\":\"https:\\\/\\\/kutyazzokosan.hu\\\/#website\"},\"primaryImageOfPage\":{\"@id\":\"https:\\\/\\\/kutyazzokosan.hu\\\/?product=hogyan-epitsd-tokeletes-kapcsolatot-a-kutyaddal#primaryimage\"},\"image\":{\"@id\":\"https:\\\/\\\/kutyazzokosan.hu\\\/?product=hogyan-epitsd-tokeletes-kapcsolatot-a-kutyaddal#primaryimage\"},\"thumbnailUrl\":\"https:\\\/\\\/kutyazzokosan.hu\\\/wp-content\\\/uploads\\\/2025\\\/03\\\/7.png\",\"datePublished\":\"2024-09-07T12:24:30+00:00\",\"dateModified\":\"2026-04-23T07:02:06+00:00\",\"description\":\"Ha \u00e9rdekel, hogyan lehet jobb a kuty\u00e1d \u00e9lete \u00e9s ez hogyan teheti jobb\u00e1 a kapcsolatotokat, ez a webinar pont neked sz\u00f3l.\",\"breadcrumb\":{\"@id\":\"https:\\\/\\\/kutyazzokosan.hu\\\/?product=hogyan-epitsd-tokeletes-kapcsolatot-a-kutyaddal#breadcrumb\"},\"inLanguage\":\"hu\",\"potentialAction\":[{\"@type\":\"ReadAction\",\"target\":[\"https:\\\/\\\/kutyazzokosan.hu\\\/?product=hogyan-epitsd-tokeletes-kapcsolatot-a-kutyaddal\"]}]},{\"@type\":\"ImageObject\",\"inLanguage\":\"hu\",\"@id\":\"https:\\\/\\\/kutyazzokosan.hu\\\/?product=hogyan-epitsd-tokeletes-kapcsolatot-a-kutyaddal#primaryimage\",\"url\":\"https:\\\/\\\/kutyazzokosan.hu\\\/wp-content\\\/uploads\\\/2025\\\/03\\\/7.png\",\"contentUrl\":\"https:\\\/\\\/kutyazzokosan.hu\\\/wp-content\\\/uploads\\\/2025\\\/03\\\/7.png\",\"width\":300,\"height\":300},{\"@type\":\"BreadcrumbList\",\"@id\":\"https:\\\/\\\/kutyazzokosan.hu\\\/?product=hogyan-epitsd-tokeletes-kapcsolatot-a-kutyaddal#breadcrumb\",\"itemListElement\":[{\"@type\":\"ListItem\",\"position\":1,\"name\":\"Kezd\u0151lap\",\"item\":\"https:\\\/\\\/kutyazzokosan.hu\\\/\"},{\"@type\":\"ListItem\",\"position\":2,\"name\":\"Shop\",\"item\":\"https:\\\/\\\/kutyazzokosan.hu\\\/?page_id=7\"},{\"@type\":\"ListItem\",\"position\":3,\"name\":\"Hogyan \u00e9p\u00edts t\u00f6k\u00e9letes kapcsolatot a kuty\u00e1ddal?\"}]},{\"@type\":\"WebSite\",\"@id\":\"https:\\\/\\\/kutyazzokosan.hu\\\/#website\",\"url\":\"https:\\\/\\\/kutyazzokosan.hu\\\/\",\"name\":\"\",\"description\":\"\",\"potentialAction\":[{\"@type\":\"SearchAction\",\"target\":{\"@type\":\"EntryPoint\",\"urlTemplate\":\"https:\\\/\\\/kutyazzokosan.hu\\\/?s={search_term_string}\"},\"query-input\":{\"@type\":\"PropertyValueSpecification\",\"valueRequired\":true,\"valueName\":\"search_term_string\"}}],\"inLanguage\":\"hu\"}]}<\/script>\n<!-- \/ Yoast SEO plugin. -->","yoast_head_json":{"title":"Hogyan \u00e9p\u00edts t\u00f6k\u00e9letes kapcsolatot a kuty\u00e1ddal? -","description":"Ha \u00e9rdekel, hogyan lehet jobb a kuty\u00e1d \u00e9lete \u00e9s ez hogyan teheti jobb\u00e1 a kapcsolatotokat, ez a webinar pont neked sz\u00f3l.","robots":{"index":"index","follow":"follow","max-snippet":"max-snippet:-1","max-image-preview":"max-image-preview:large","max-video-preview":"max-video-preview:-1"},"canonical":"https:\/\/kutyazzokosan.hu\/?product=hogyan-epitsd-tokeletes-kapcsolatot-a-kutyaddal","og_locale":"hu_HU","og_type":"article","og_title":"Hogyan \u00e9p\u00edts t\u00f6k\u00e9letes kapcsolatot a kuty\u00e1ddal? -","og_description":"Ha \u00e9rdekel, hogyan lehet jobb a kuty\u00e1d \u00e9lete \u00e9s ez hogyan teheti jobb\u00e1 a kapcsolatotokat, ez a webinar pont neked sz\u00f3l.","og_url":"https:\/\/kutyazzokosan.hu\/?product=hogyan-epitsd-tokeletes-kapcsolatot-a-kutyaddal","article_modified_time":"2026-04-23T07:02:06+00:00","og_image":[{"width":300,"height":300,"url":"https:\/\/kutyazzokosan.hu\/wp-content\/uploads\/2025\/03\/7.png","type":"image\/png"}],"twitter_card":"summary_large_image","twitter_misc":{"Becs\u00fclt olvas\u00e1si id\u0151":"1 perc"},"schema":{"@context":"https:\/\/schema.org","@graph":[{"@type":"WebPage","@id":"https:\/\/kutyazzokosan.hu\/?product=hogyan-epitsd-tokeletes-kapcsolatot-a-kutyaddal","url":"https:\/\/kutyazzokosan.hu\/?product=hogyan-epitsd-tokeletes-kapcsolatot-a-kutyaddal","name":"Hogyan \u00e9p\u00edts t\u00f6k\u00e9letes kapcsolatot a kuty\u00e1ddal? -","isPartOf":{"@id":"https:\/\/kutyazzokosan.hu\/#website"},"primaryImageOfPage":{"@id":"https:\/\/kutyazzokosan.hu\/?product=hogyan-epitsd-tokeletes-kapcsolatot-a-kutyaddal#primaryimage"},"image":{"@id":"https:\/\/kutyazzokosan.hu\/?product=hogyan-epitsd-tokeletes-kapcsolatot-a-kutyaddal#primaryimage"},"thumbnailUrl":"https:\/\/kutyazzokosan.hu\/wp-content\/uploads\/2025\/03\/7.png","datePublished":"2024-09-07T12:24:30+00:00","dateModified":"2026-04-23T07:02:06+00:00","description":"Ha \u00e9rdekel, hogyan lehet jobb a kuty\u00e1d \u00e9lete \u00e9s ez hogyan teheti jobb\u00e1 a kapcsolatotokat, ez a webinar pont neked sz\u00f3l.","breadcrumb":{"@id":"https:\/\/kutyazzokosan.hu\/?product=hogyan-epitsd-tokeletes-kapcsolatot-a-kutyaddal#breadcrumb"},"inLanguage":"hu","potentialAction":[{"@type":"ReadAction","target":["https:\/\/kutyazzokosan.hu\/?product=hogyan-epitsd-tokeletes-kapcsolatot-a-kutyaddal"]}]},{"@type":"ImageObject","inLanguage":"hu","@id":"https:\/\/kutyazzokosan.hu\/?product=hogyan-epitsd-tokeletes-kapcsolatot-a-kutyaddal#primaryimage","url":"https:\/\/kutyazzokosan.hu\/wp-content\/uploads\/2025\/03\/7.png","contentUrl":"https:\/\/kutyazzokosan.hu\/wp-content\/uploads\/2025\/03\/7.png","width":300,"height":300},{"@type":"BreadcrumbList","@id":"https:\/\/kutyazzokosan.hu\/?product=hogyan-epitsd-tokeletes-kapcsolatot-a-kutyaddal#breadcrumb","itemListElement":[{"@type":"ListItem","position":1,"name":"Kezd\u0151lap","item":"https:\/\/kutyazzokosan.hu\/"},{"@type":"ListItem","position":2,"name":"Shop","item":"https:\/\/kutyazzokosan.hu\/?page_id=7"},{"@type":"ListItem","position":3,"name":"Hogyan \u00e9p\u00edts t\u00f6k\u00e9letes kapcsolatot a kuty\u00e1ddal?"}]},{"@type":"WebSite","@id":"https:\/\/kutyazzokosan.hu\/#website","url":"https:\/\/kutyazzokosan.hu\/","name":"","description":"","potentialAction":[{"@type":"SearchAction","target":{"@type":"EntryPoint","urlTemplate":"https:\/\/kutyazzokosan.hu\/?s={search_term_string}"},"query-input":{"@type":"PropertyValueSpecification","valueRequired":true,"valueName":"search_term_string"}}],"inLanguage":"hu"}]}},"_links":{"self":[{"href":"https:\/\/kutyazzokosan.hu\/index.php?rest_route=\/wp\/v2\/product\/126","targetHints":{"allow":["GET"]}}],"collection":[{"href":"https:\/\/kutyazzokosan.hu\/index.php?rest_route=\/wp\/v2\/product"}],"about":[{"href":"https:\/\/kutyazzokosan.hu\/index.php?rest_route=\/wp\/v2\/types\/product"}],"wp:featuredmedia":[{"embeddable":true,"href":"https:\/\/kutyazzokosan.hu\/index.php?rest_route=\/wp\/v2\/media\/632"}],"wp:attachment":[{"href":"https:\/\/kutyazzokosan.hu\/index.php?rest_route=%2Fwp%2Fv2%2Fmedia&parent=126"}],"wp:term":[{"taxonomy":"product_brand","embeddable":true,"href":"https:\/\/kutyazzokosan.hu\/index.php?rest_route=%2Fwp%2Fv2%2Fproduct_brand&post=126"},{"taxonomy":"product_cat","embeddable":true,"href":"https:\/\/kutyazzokosan.hu\/index.php?rest_route=%2Fwp%2Fv2%2Fproduct_cat&post=126"},{"taxonomy":"product_tag","embeddable":true,"href":"https:\/\/kutyazzokosan.hu\/index.php?rest_route=%2Fwp%2Fv2%2Fproduct_tag&post=126"}],"curies":[{"name":"wp","href":"https:\/\/api.w.org\/{rel}","templated":true}]}}