
{"id":124,"date":"2024-09-07T14:22:12","date_gmt":"2024-09-07T12:22:12","guid":{"rendered":"https:\/\/kutyazzokosan.hu\/?post_type=product&#038;p=124"},"modified":"2026-01-01T12:30:17","modified_gmt":"2026-01-01T11:30:17","slug":"hogyan-jatszanak-a-kutyak","status":"publish","type":"product","link":"https:\/\/kutyazzokosan.hu\/?product=hogyan-jatszanak-a-kutyak","title":{"rendered":"J\u00e1tszunk m\u00e1r? J\u00e1tszunk m\u00e9g? Avagy minden, amit tudni szeretn\u00e9l a kuty\u00e1k k\u00f6z\u00f6tti j\u00e1t\u00e9kr\u00f3l"},"content":{"rendered":"<p><strong>Sok k\u00e9p \u00e9s vide\u00f3 seg\u00edts\u00e9g\u00e9vel megbesz\u00e9lj\u00fck a k\u00f6vetkez\u0151 t\u00e9m\u00e1kat:<\/strong><\/p>\n<ul>\n<li>Mi a j\u00e1t\u00e9k? Mi\u00e9rt j\u00e1tszanak a kuty\u00e1k egym\u00e1ssal?<\/li>\n<li>J\u00e1t\u00e9k t\u00edpusai a kuty\u00e1kn\u00e1l<\/li>\n<li>Kommunik\u00e1ci\u00f3 j\u00e1t\u00e9kban: testbesz\u00e9d elemz\u00e9s<\/li>\n<li>J\u00e1t\u00e9k fel\u00fcgyelet, fejleszt\u00e9s<\/li>\n<\/ul>\n<p>Webinar hossza: 130 perc<br \/>\nEl\u0151ad\u00f3: Borodziej Nora<\/p>\n<p><iframe title=\"YouTube video player\" src=\"https:\/\/www.youtube.com\/embed\/R_HJWvCO64Q?si=OWiIq0m_1aPQWQk7\" width=\"560\" height=\"315\" frameborder=\"0\" allowfullscreen=\"allowfullscreen\"><\/iframe><\/p>\n<p><b>\ud83d\udca1 Ha tetszett az el\u0151n\u00e9zet, kattints a gombra \u00e9s m\u00e1r kezd\u0151dhet is a tanul\u00e1s!<br \/>\n<\/b>&#8211; V\u00e1s\u00e1rl\u00e1s ut\u00e1n <strong>azonnal el\u00e9red a webin\u00e1rt a fi\u00f3kodban<\/strong>, a <strong>\u201eVide\u00f3im\u201d men\u00fcpontban<\/strong>, vagy a <strong>Fi\u00f3kom &gt; Let\u00f6lt\u00e9sek alatt<\/strong>.<br \/>\n&#8211; A felv\u00e9telt <strong>korl\u00e1tlan ideig visszan\u00e9zheted<\/strong>, b\u00e1rmikor, saj\u00e1t temp\u00f3dban.<br \/>\n&#8211; Fizet\u00e9shez <strong>biztons\u00e1gos bankk\u00e1rty\u00e1s SimplePay rendszer<\/strong>\u00fcnket haszn\u00e1lhatod.<b><br \/>\n<\/b><\/p>\n<form class=\"cart\" enctype=\"multipart\/form-data\" method=\"post\"><button class=\"single_add_to_cart_button button alt\" style=\"font-size: 16px; padding: 14px 28px; margin: 0px 0px;\" name=\"add-to-cart\" type=\"submit\" value=\"124\">Kos\u00e1rba teszem<\/button><\/form>\n","protected":false},"excerpt":{"rendered":"<p><strong>A kuty\u00e1m&#8230;<\/strong><\/p>\n<ul>\n<li><strong>egy\u00e1ltal\u00e1n nem j\u00e1tszik<\/strong> &#8211; ez baj?<\/li>\n<li><strong>mindenkivel szeretne j\u00e1tszani<\/strong> &#8211; ezen hogyan tudok v\u00e1ltoztatni?<\/li>\n<li><strong>nagyon vehemensen j\u00e1tszik<\/strong>, lehet v\u00e1ltoztatni a j\u00e1t\u00e9k st\u00edlus\u00e1n?<\/li>\n<li><strong>vereked\u00e9sekbe ker\u00fcl<\/strong> j\u00e1t\u00e9k kontextusban &#8211; mi\u00e9rt?<\/li>\n<\/ul>\n<p><strong>Borodziej Nora<\/strong> el\u0151ad\u00e1s\u00e1ban <strong>k\u00e9pek \u00e9s vide\u00f3k seg\u00edts\u00e9g\u00e9vel<\/strong> j\u00e1rjuk k\u00f6rbe a j\u00e1t\u00e9k t\u00e9m\u00e1j\u00e1t, a <strong>tudom\u00e1nyos h\u00e1tt\u00e9rt\u0151l<\/strong> a <strong>gyakori k\u00e9rd\u00e9sekig \u00e9s probl\u00e9m\u00e1kig<\/strong>.<\/p>\n<p>A Webin\u00e1r hossza: 130 perc. \u00a0V\u00e1s\u00e1rl\u00e1s ut\u00e1n <strong>azonnal el\u00e9red fi\u00f3kodban<\/strong>, \u00e9s <strong>korl\u00e1tlan ideig visszan\u00e9zheted!<\/strong><\/p>\n","protected":false},"featured_media":626,"template":"","meta":[],"product_brand":[],"product_cat":[21,15,20],"product_tag":[],"class_list":{"0":"post-124","1":"product","2":"type-product","3":"status-publish","4":"has-post-thumbnail","6":"product_cat-alapok-felelos-kutyatartas","7":"product_cat-minden-termek","8":"product_cat-trening-viselkedesterapia","10":"first","11":"instock","12":"downloadable","13":"virtual","14":"sold-individually","15":"purchasable","16":"product-type-simple"},"yoast_head":"<!-- This site is optimized with the Yoast SEO plugin v27.4 - https:\/\/yoast.com\/product\/yoast-seo-wordpress\/ -->\n<title>J\u00e1tszunk m\u00e1r? J\u00e1tszunk m\u00e9g? Avagy minden, amit tudni szeretn\u00e9l a kuty\u00e1k k\u00f6z\u00f6tti j\u00e1t\u00e9kr\u00f3l -<\/title>\n<meta name=\"description\" content=\"Cs\u00fany\u00e1n j\u00e1tszik m\u00e1sokkal vagy egy\u00e1ltal\u00e1n nem j\u00e1tszik a kuty\u00e1d? Mindig, mindenkivel j\u00e1tszani akar? Ebben a webinarban k\u00f6r\u00fclj\u00e1rjuk, milyen is a j\u00f3 j\u00e1t\u00e9k.\" \/>\n<meta name=\"robots\" content=\"index, follow, max-snippet:-1, max-image-preview:large, max-video-preview:-1\" \/>\n<link rel=\"canonical\" href=\"https:\/\/kutyazzokosan.hu\/?product=hogyan-jatszanak-a-kutyak\" \/>\n<meta property=\"og:locale\" content=\"hu_HU\" \/>\n<meta property=\"og:type\" content=\"article\" \/>\n<meta property=\"og:title\" content=\"J\u00e1tszunk m\u00e1r? J\u00e1tszunk m\u00e9g? Avagy minden, amit tudni szeretn\u00e9l a kuty\u00e1k k\u00f6z\u00f6tti j\u00e1t\u00e9kr\u00f3l -\" \/>\n<meta property=\"og:description\" content=\"Cs\u00fany\u00e1n j\u00e1tszik m\u00e1sokkal vagy egy\u00e1ltal\u00e1n nem j\u00e1tszik a kuty\u00e1d? Mindig, mindenkivel j\u00e1tszani akar? Ebben a webinarban k\u00f6r\u00fclj\u00e1rjuk, milyen is a j\u00f3 j\u00e1t\u00e9k.\" \/>\n<meta property=\"og:url\" content=\"https:\/\/kutyazzokosan.hu\/?product=hogyan-jatszanak-a-kutyak\" \/>\n<meta property=\"article:modified_time\" content=\"2026-01-01T11:30:17+00:00\" \/>\n<meta property=\"og:image\" content=\"https:\/\/kutyazzokosan.hu\/wp-content\/uploads\/2025\/03\/1-1.png\" \/>\n\t<meta property=\"og:image:width\" content=\"300\" \/>\n\t<meta property=\"og:image:height\" content=\"300\" \/>\n\t<meta property=\"og:image:type\" content=\"image\/png\" \/>\n<meta name=\"twitter:card\" content=\"summary_large_image\" \/>\n<meta name=\"twitter:label1\" content=\"Becs\u00fclt olvas\u00e1si id\u0151\" \/>\n\t<meta name=\"twitter:data1\" content=\"1 perc\" \/>\n<script type=\"application\/ld+json\" class=\"yoast-schema-graph\">{\"@context\":\"https:\\\/\\\/schema.org\",\"@graph\":[{\"@type\":\"WebPage\",\"@id\":\"https:\\\/\\\/kutyazzokosan.hu\\\/?product=hogyan-jatszanak-a-kutyak\",\"url\":\"https:\\\/\\\/kutyazzokosan.hu\\\/?product=hogyan-jatszanak-a-kutyak\",\"name\":\"J\u00e1tszunk m\u00e1r? J\u00e1tszunk m\u00e9g? Avagy minden, amit tudni szeretn\u00e9l a kuty\u00e1k k\u00f6z\u00f6tti j\u00e1t\u00e9kr\u00f3l -\",\"isPartOf\":{\"@id\":\"https:\\\/\\\/kutyazzokosan.hu\\\/#website\"},\"primaryImageOfPage\":{\"@id\":\"https:\\\/\\\/kutyazzokosan.hu\\\/?product=hogyan-jatszanak-a-kutyak#primaryimage\"},\"image\":{\"@id\":\"https:\\\/\\\/kutyazzokosan.hu\\\/?product=hogyan-jatszanak-a-kutyak#primaryimage\"},\"thumbnailUrl\":\"https:\\\/\\\/kutyazzokosan.hu\\\/wp-content\\\/uploads\\\/2025\\\/03\\\/1-1.png\",\"datePublished\":\"2024-09-07T12:22:12+00:00\",\"dateModified\":\"2026-01-01T11:30:17+00:00\",\"description\":\"Cs\u00fany\u00e1n j\u00e1tszik m\u00e1sokkal vagy egy\u00e1ltal\u00e1n nem j\u00e1tszik a kuty\u00e1d? Mindig, mindenkivel j\u00e1tszani akar? Ebben a webinarban k\u00f6r\u00fclj\u00e1rjuk, milyen is a j\u00f3 j\u00e1t\u00e9k.\",\"breadcrumb\":{\"@id\":\"https:\\\/\\\/kutyazzokosan.hu\\\/?product=hogyan-jatszanak-a-kutyak#breadcrumb\"},\"inLanguage\":\"hu\",\"potentialAction\":[{\"@type\":\"ReadAction\",\"target\":[\"https:\\\/\\\/kutyazzokosan.hu\\\/?product=hogyan-jatszanak-a-kutyak\"]}]},{\"@type\":\"ImageObject\",\"inLanguage\":\"hu\",\"@id\":\"https:\\\/\\\/kutyazzokosan.hu\\\/?product=hogyan-jatszanak-a-kutyak#primaryimage\",\"url\":\"https:\\\/\\\/kutyazzokosan.hu\\\/wp-content\\\/uploads\\\/2025\\\/03\\\/1-1.png\",\"contentUrl\":\"https:\\\/\\\/kutyazzokosan.hu\\\/wp-content\\\/uploads\\\/2025\\\/03\\\/1-1.png\",\"width\":300,\"height\":300},{\"@type\":\"BreadcrumbList\",\"@id\":\"https:\\\/\\\/kutyazzokosan.hu\\\/?product=hogyan-jatszanak-a-kutyak#breadcrumb\",\"itemListElement\":[{\"@type\":\"ListItem\",\"position\":1,\"name\":\"Kezd\u0151lap\",\"item\":\"https:\\\/\\\/kutyazzokosan.hu\\\/\"},{\"@type\":\"ListItem\",\"position\":2,\"name\":\"Shop\",\"item\":\"https:\\\/\\\/kutyazzokosan.hu\\\/?page_id=7\"},{\"@type\":\"ListItem\",\"position\":3,\"name\":\"J\u00e1tszunk m\u00e1r? J\u00e1tszunk m\u00e9g? Avagy minden, amit tudni szeretn\u00e9l a kuty\u00e1k k\u00f6z\u00f6tti j\u00e1t\u00e9kr\u00f3l\"}]},{\"@type\":\"WebSite\",\"@id\":\"https:\\\/\\\/kutyazzokosan.hu\\\/#website\",\"url\":\"https:\\\/\\\/kutyazzokosan.hu\\\/\",\"name\":\"\",\"description\":\"\",\"potentialAction\":[{\"@type\":\"SearchAction\",\"target\":{\"@type\":\"EntryPoint\",\"urlTemplate\":\"https:\\\/\\\/kutyazzokosan.hu\\\/?s={search_term_string}\"},\"query-input\":{\"@type\":\"PropertyValueSpecification\",\"valueRequired\":true,\"valueName\":\"search_term_string\"}}],\"inLanguage\":\"hu\"}]}<\/script>\n<!-- \/ Yoast SEO plugin. -->","yoast_head_json":{"title":"J\u00e1tszunk m\u00e1r? J\u00e1tszunk m\u00e9g? Avagy minden, amit tudni szeretn\u00e9l a kuty\u00e1k k\u00f6z\u00f6tti j\u00e1t\u00e9kr\u00f3l -","description":"Cs\u00fany\u00e1n j\u00e1tszik m\u00e1sokkal vagy egy\u00e1ltal\u00e1n nem j\u00e1tszik a kuty\u00e1d? Mindig, mindenkivel j\u00e1tszani akar? Ebben a webinarban k\u00f6r\u00fclj\u00e1rjuk, milyen is a j\u00f3 j\u00e1t\u00e9k.","robots":{"index":"index","follow":"follow","max-snippet":"max-snippet:-1","max-image-preview":"max-image-preview:large","max-video-preview":"max-video-preview:-1"},"canonical":"https:\/\/kutyazzokosan.hu\/?product=hogyan-jatszanak-a-kutyak","og_locale":"hu_HU","og_type":"article","og_title":"J\u00e1tszunk m\u00e1r? J\u00e1tszunk m\u00e9g? Avagy minden, amit tudni szeretn\u00e9l a kuty\u00e1k k\u00f6z\u00f6tti j\u00e1t\u00e9kr\u00f3l -","og_description":"Cs\u00fany\u00e1n j\u00e1tszik m\u00e1sokkal vagy egy\u00e1ltal\u00e1n nem j\u00e1tszik a kuty\u00e1d? Mindig, mindenkivel j\u00e1tszani akar? Ebben a webinarban k\u00f6r\u00fclj\u00e1rjuk, milyen is a j\u00f3 j\u00e1t\u00e9k.","og_url":"https:\/\/kutyazzokosan.hu\/?product=hogyan-jatszanak-a-kutyak","article_modified_time":"2026-01-01T11:30:17+00:00","og_image":[{"width":300,"height":300,"url":"https:\/\/kutyazzokosan.hu\/wp-content\/uploads\/2025\/03\/1-1.png","type":"image\/png"}],"twitter_card":"summary_large_image","twitter_misc":{"Becs\u00fclt olvas\u00e1si id\u0151":"1 perc"},"schema":{"@context":"https:\/\/schema.org","@graph":[{"@type":"WebPage","@id":"https:\/\/kutyazzokosan.hu\/?product=hogyan-jatszanak-a-kutyak","url":"https:\/\/kutyazzokosan.hu\/?product=hogyan-jatszanak-a-kutyak","name":"J\u00e1tszunk m\u00e1r? J\u00e1tszunk m\u00e9g? Avagy minden, amit tudni szeretn\u00e9l a kuty\u00e1k k\u00f6z\u00f6tti j\u00e1t\u00e9kr\u00f3l -","isPartOf":{"@id":"https:\/\/kutyazzokosan.hu\/#website"},"primaryImageOfPage":{"@id":"https:\/\/kutyazzokosan.hu\/?product=hogyan-jatszanak-a-kutyak#primaryimage"},"image":{"@id":"https:\/\/kutyazzokosan.hu\/?product=hogyan-jatszanak-a-kutyak#primaryimage"},"thumbnailUrl":"https:\/\/kutyazzokosan.hu\/wp-content\/uploads\/2025\/03\/1-1.png","datePublished":"2024-09-07T12:22:12+00:00","dateModified":"2026-01-01T11:30:17+00:00","description":"Cs\u00fany\u00e1n j\u00e1tszik m\u00e1sokkal vagy egy\u00e1ltal\u00e1n nem j\u00e1tszik a kuty\u00e1d? Mindig, mindenkivel j\u00e1tszani akar? Ebben a webinarban k\u00f6r\u00fclj\u00e1rjuk, milyen is a j\u00f3 j\u00e1t\u00e9k.","breadcrumb":{"@id":"https:\/\/kutyazzokosan.hu\/?product=hogyan-jatszanak-a-kutyak#breadcrumb"},"inLanguage":"hu","potentialAction":[{"@type":"ReadAction","target":["https:\/\/kutyazzokosan.hu\/?product=hogyan-jatszanak-a-kutyak"]}]},{"@type":"ImageObject","inLanguage":"hu","@id":"https:\/\/kutyazzokosan.hu\/?product=hogyan-jatszanak-a-kutyak#primaryimage","url":"https:\/\/kutyazzokosan.hu\/wp-content\/uploads\/2025\/03\/1-1.png","contentUrl":"https:\/\/kutyazzokosan.hu\/wp-content\/uploads\/2025\/03\/1-1.png","width":300,"height":300},{"@type":"BreadcrumbList","@id":"https:\/\/kutyazzokosan.hu\/?product=hogyan-jatszanak-a-kutyak#breadcrumb","itemListElement":[{"@type":"ListItem","position":1,"name":"Kezd\u0151lap","item":"https:\/\/kutyazzokosan.hu\/"},{"@type":"ListItem","position":2,"name":"Shop","item":"https:\/\/kutyazzokosan.hu\/?page_id=7"},{"@type":"ListItem","position":3,"name":"J\u00e1tszunk m\u00e1r? J\u00e1tszunk m\u00e9g? Avagy minden, amit tudni szeretn\u00e9l a kuty\u00e1k k\u00f6z\u00f6tti j\u00e1t\u00e9kr\u00f3l"}]},{"@type":"WebSite","@id":"https:\/\/kutyazzokosan.hu\/#website","url":"https:\/\/kutyazzokosan.hu\/","name":"","description":"","potentialAction":[{"@type":"SearchAction","target":{"@type":"EntryPoint","urlTemplate":"https:\/\/kutyazzokosan.hu\/?s={search_term_string}"},"query-input":{"@type":"PropertyValueSpecification","valueRequired":true,"valueName":"search_term_string"}}],"inLanguage":"hu"}]}},"_links":{"self":[{"href":"https:\/\/kutyazzokosan.hu\/index.php?rest_route=\/wp\/v2\/product\/124","targetHints":{"allow":["GET"]}}],"collection":[{"href":"https:\/\/kutyazzokosan.hu\/index.php?rest_route=\/wp\/v2\/product"}],"about":[{"href":"https:\/\/kutyazzokosan.hu\/index.php?rest_route=\/wp\/v2\/types\/product"}],"wp:featuredmedia":[{"embeddable":true,"href":"https:\/\/kutyazzokosan.hu\/index.php?rest_route=\/wp\/v2\/media\/626"}],"wp:attachment":[{"href":"https:\/\/kutyazzokosan.hu\/index.php?rest_route=%2Fwp%2Fv2%2Fmedia&parent=124"}],"wp:term":[{"taxonomy":"product_brand","embeddable":true,"href":"https:\/\/kutyazzokosan.hu\/index.php?rest_route=%2Fwp%2Fv2%2Fproduct_brand&post=124"},{"taxonomy":"product_cat","embeddable":true,"href":"https:\/\/kutyazzokosan.hu\/index.php?rest_route=%2Fwp%2Fv2%2Fproduct_cat&post=124"},{"taxonomy":"product_tag","embeddable":true,"href":"https:\/\/kutyazzokosan.hu\/index.php?rest_route=%2Fwp%2Fv2%2Fproduct_tag&post=124"}],"curies":[{"name":"wp","href":"https:\/\/api.w.org\/{rel}","templated":true}]}}