
{"id":119,"date":"2024-09-06T17:57:10","date_gmt":"2024-09-06T15:57:10","guid":{"rendered":"https:\/\/kutyazzokosan.hu\/?post_type=product&#038;p=119"},"modified":"2026-01-01T12:30:23","modified_gmt":"2026-01-01T11:30:23","slug":"119","status":"publish","type":"product","link":"https:\/\/kutyazzokosan.hu\/?product=119","title":{"rendered":"Szorong\u00f3 kutya, szorong\u00f3 gazdival? Avagy minden, amit tudni szeretn\u00e9l a szorong\u00e1sr\u00f3l a kuty\u00e1kn\u00e1l"},"content":{"rendered":"<p><strong>Vide\u00f3kkal illusztr\u00e1lva megbesz\u00e9lj\u00fck a k\u00f6vetkez\u0151 t\u00e9m\u00e1kat:<\/strong><\/p>\n<ul>\n<li>Ment\u00e1lis eg\u00e9szs\u00e9g, pszichol\u00f3giai zavarok a kuty\u00e1kn\u00e1l<\/li>\n<li>Szorong\u00e1s vs. szorong\u00e1sos zavar<\/li>\n<li>Gyakran megjelen\u0151 t\u00e1rsbetegs\u00e9gek<\/li>\n<li>Kiv\u00e1lt\u00f3 okok<\/li>\n<li>Kezel\u00e9si strat\u00e9gi\u00e1k<\/li>\n<li>Gyakori probl\u00e9m\u00e1k kezel\u00e9s sor\u00e1n<\/li>\n<\/ul>\n<p>Webinar hossza: 110 perc<br \/>\nEl\u0151ad\u00f3: Borodziej Nora<\/p>\n<p><iframe title=\"YouTube video player\" src=\"https:\/\/www.youtube.com\/embed\/H8OFkXHOdPI?si=gP4rd0tCMjtl43Lh\" width=\"560\" height=\"315\" frameborder=\"0\" allowfullscreen=\"allowfullscreen\"><\/iframe><\/p>\n<p><b>\ud83d\udca1 Ha tetszett az el\u0151n\u00e9zet, kattints a gombra \u00e9s m\u00e1r kezd\u0151dhet is a tanul\u00e1s!<br \/>\n<\/b>&#8211; V\u00e1s\u00e1rl\u00e1s ut\u00e1n <strong>azonnal el\u00e9red a webin\u00e1rt a fi\u00f3kodban<\/strong>, a <strong>\u201eVide\u00f3im\u201d men\u00fcpontban<\/strong>, vagy a <strong>Fi\u00f3kom &gt; Let\u00f6lt\u00e9sek alatt<\/strong>.<br \/>\n&#8211; A felv\u00e9telt <strong>korl\u00e1tlan ideig visszan\u00e9zheted<\/strong>, b\u00e1rmikor, saj\u00e1t temp\u00f3dban.<br \/>\n&#8211; Fizet\u00e9shez <strong>biztons\u00e1gos bankk\u00e1rty\u00e1s SimplePay rendszer<\/strong>\u00fcnket haszn\u00e1lhatod.<b><br \/>\n<\/b><\/p>\n<form class=\"cart\" enctype=\"multipart\/form-data\" method=\"post\"><button class=\"single_add_to_cart_button button alt\" style=\"font-size: 16px; padding: 14px 28px; margin: 0px 0px;\" name=\"add-to-cart\" type=\"submit\" value=\"119\">Kos\u00e1rba teszem<\/button><\/form>\n","protected":false},"excerpt":{"rendered":"<p><strong>Gyakran hallani, hogy a gazda okozza kuty\u00e1ja szorong\u00e1s\u00e1t &#8211; &#8222;szorong\u00f3 kutya, szorong\u00f3 gazdival&#8221;&#8230;<\/strong><\/p>\n<ul>\n<li>De vajon <strong>mit tudunk a kuty\u00e1k szorong\u00e1s\u00e1r\u00f3l<\/strong>?<\/li>\n<li><strong>Lehet-e egy\u00e1ltal\u00e1n<\/strong> egy kuty\u00e1nak <strong>pszichol\u00f3giai zavara<\/strong>?<\/li>\n<li>A <strong>mi ment\u00e1lis \u00e1llapotunk<\/strong> t\u00e9nyleg <strong>okozhat viselked\u00e9si probl\u00e9m\u00e1kat<\/strong>?<\/li>\n<li>\u00c9s ha m\u00e1r szorong a kuty\u00e1m, <strong>hogyan tudok seg\u00edteni neki<\/strong>?<\/li>\n<\/ul>\n<p><strong>Borodziej Nora <\/strong>el\u0151ad\u00e1s\u00e1ban<strong> vide\u00f3kkal illusztr\u00e1lva\u00a0<\/strong>j\u00e1rjuk k\u00f6rbe a t\u00e9m\u00e1t a <strong>ment\u00e1lis eg\u00e9szs\u00e9gt\u0151l<\/strong> \u00e9s a <strong>pszichol\u00f3giai zavarokt\u00f3l\u00a0<\/strong> eg\u00e9szen a <strong>kezel\u00e9si strat\u00e9gi\u00e1kig<\/strong>.<\/p>\n<p>A Webin\u00e1r hossza: 110 perc. \u00a0V\u00e1s\u00e1rl\u00e1s ut\u00e1n <strong>azonnal el\u00e9red fi\u00f3kodban<\/strong>, \u00e9s <strong>korl\u00e1tlan ideig visszan\u00e9zheted!<\/strong><\/p>\n","protected":false},"featured_media":629,"template":"","meta":[],"product_brand":[],"product_cat":[15,20,19],"product_tag":[],"class_list":{"0":"post-119","1":"product","2":"type-product","3":"status-publish","4":"has-post-thumbnail","6":"product_cat-minden-termek","7":"product_cat-trening-viselkedesterapia","8":"product_cat-viselkedesi-problemak","10":"first","11":"instock","12":"downloadable","13":"virtual","14":"sold-individually","15":"purchasable","16":"product-type-simple"},"yoast_head":"<!-- This site is optimized with the Yoast SEO plugin v27.5 - https:\/\/yoast.com\/product\/yoast-seo-wordpress\/ -->\n<title>Szorong\u00f3 kutya, szorong\u00f3 gazdival? Avagy minden, amit tudni szeretn\u00e9l a szorong\u00e1sr\u00f3l a kuty\u00e1kn\u00e1l -<\/title>\n<meta name=\"description\" content=\"Ebb\u0151l a webinar-b\u00f3l megtudhatod, az\u00e9rt viselkedik-e furcs\u00e1n a kuty\u00e1d, mert te szorongsz, t\u00e9nyleg neked kell-e v\u00e1ltoznod, ha kuty\u00e1d f\u00e9l vagy \u00e9pp reakt\u00edv.\" \/>\n<meta name=\"robots\" content=\"index, follow, max-snippet:-1, max-image-preview:large, max-video-preview:-1\" \/>\n<link rel=\"canonical\" href=\"https:\/\/kutyazzokosan.hu\/?product=119\" \/>\n<meta property=\"og:locale\" content=\"hu_HU\" \/>\n<meta property=\"og:type\" content=\"article\" \/>\n<meta property=\"og:title\" content=\"Szorong\u00f3 kutya, szorong\u00f3 gazdival? Avagy minden, amit tudni szeretn\u00e9l a szorong\u00e1sr\u00f3l a kuty\u00e1kn\u00e1l -\" \/>\n<meta property=\"og:description\" content=\"Ebb\u0151l a webinar-b\u00f3l megtudhatod, az\u00e9rt viselkedik-e furcs\u00e1n a kuty\u00e1d, mert te szorongsz, t\u00e9nyleg neked kell-e v\u00e1ltoznod, ha kuty\u00e1d f\u00e9l vagy \u00e9pp reakt\u00edv.\" \/>\n<meta property=\"og:url\" content=\"https:\/\/kutyazzokosan.hu\/?product=119\" \/>\n<meta property=\"article:modified_time\" content=\"2026-01-01T11:30:23+00:00\" \/>\n<meta property=\"og:image\" content=\"https:\/\/kutyazzokosan.hu\/wp-content\/uploads\/2025\/03\/4.png\" \/>\n\t<meta property=\"og:image:width\" content=\"300\" \/>\n\t<meta property=\"og:image:height\" content=\"300\" \/>\n\t<meta property=\"og:image:type\" content=\"image\/png\" \/>\n<meta name=\"twitter:card\" content=\"summary_large_image\" \/>\n<meta name=\"twitter:label1\" content=\"Becs\u00fclt olvas\u00e1si id\u0151\" \/>\n\t<meta name=\"twitter:data1\" content=\"1 perc\" \/>\n<script type=\"application\/ld+json\" class=\"yoast-schema-graph\">{\"@context\":\"https:\\\/\\\/schema.org\",\"@graph\":[{\"@type\":\"WebPage\",\"@id\":\"https:\\\/\\\/kutyazzokosan.hu\\\/?product=119\",\"url\":\"https:\\\/\\\/kutyazzokosan.hu\\\/?product=119\",\"name\":\"Szorong\u00f3 kutya, szorong\u00f3 gazdival? Avagy minden, amit tudni szeretn\u00e9l a szorong\u00e1sr\u00f3l a kuty\u00e1kn\u00e1l -\",\"isPartOf\":{\"@id\":\"https:\\\/\\\/kutyazzokosan.hu\\\/#website\"},\"primaryImageOfPage\":{\"@id\":\"https:\\\/\\\/kutyazzokosan.hu\\\/?product=119#primaryimage\"},\"image\":{\"@id\":\"https:\\\/\\\/kutyazzokosan.hu\\\/?product=119#primaryimage\"},\"thumbnailUrl\":\"https:\\\/\\\/kutyazzokosan.hu\\\/wp-content\\\/uploads\\\/2025\\\/03\\\/4.png\",\"datePublished\":\"2024-09-06T15:57:10+00:00\",\"dateModified\":\"2026-01-01T11:30:23+00:00\",\"description\":\"Ebb\u0151l a webinar-b\u00f3l megtudhatod, az\u00e9rt viselkedik-e furcs\u00e1n a kuty\u00e1d, mert te szorongsz, t\u00e9nyleg neked kell-e v\u00e1ltoznod, ha kuty\u00e1d f\u00e9l vagy \u00e9pp reakt\u00edv.\",\"breadcrumb\":{\"@id\":\"https:\\\/\\\/kutyazzokosan.hu\\\/?product=119#breadcrumb\"},\"inLanguage\":\"hu\",\"potentialAction\":[{\"@type\":\"ReadAction\",\"target\":[\"https:\\\/\\\/kutyazzokosan.hu\\\/?product=119\"]}]},{\"@type\":\"ImageObject\",\"inLanguage\":\"hu\",\"@id\":\"https:\\\/\\\/kutyazzokosan.hu\\\/?product=119#primaryimage\",\"url\":\"https:\\\/\\\/kutyazzokosan.hu\\\/wp-content\\\/uploads\\\/2025\\\/03\\\/4.png\",\"contentUrl\":\"https:\\\/\\\/kutyazzokosan.hu\\\/wp-content\\\/uploads\\\/2025\\\/03\\\/4.png\",\"width\":300,\"height\":300},{\"@type\":\"BreadcrumbList\",\"@id\":\"https:\\\/\\\/kutyazzokosan.hu\\\/?product=119#breadcrumb\",\"itemListElement\":[{\"@type\":\"ListItem\",\"position\":1,\"name\":\"Kezd\u0151lap\",\"item\":\"https:\\\/\\\/kutyazzokosan.hu\\\/\"},{\"@type\":\"ListItem\",\"position\":2,\"name\":\"Shop\",\"item\":\"https:\\\/\\\/kutyazzokosan.hu\\\/?page_id=7\"},{\"@type\":\"ListItem\",\"position\":3,\"name\":\"Szorong\u00f3 kutya, szorong\u00f3 gazdival? Avagy minden, amit tudni szeretn\u00e9l a szorong\u00e1sr\u00f3l a kuty\u00e1kn\u00e1l\"}]},{\"@type\":\"WebSite\",\"@id\":\"https:\\\/\\\/kutyazzokosan.hu\\\/#website\",\"url\":\"https:\\\/\\\/kutyazzokosan.hu\\\/\",\"name\":\"\",\"description\":\"\",\"potentialAction\":[{\"@type\":\"SearchAction\",\"target\":{\"@type\":\"EntryPoint\",\"urlTemplate\":\"https:\\\/\\\/kutyazzokosan.hu\\\/?s={search_term_string}\"},\"query-input\":{\"@type\":\"PropertyValueSpecification\",\"valueRequired\":true,\"valueName\":\"search_term_string\"}}],\"inLanguage\":\"hu\"}]}<\/script>\n<!-- \/ Yoast SEO plugin. -->","yoast_head_json":{"title":"Szorong\u00f3 kutya, szorong\u00f3 gazdival? Avagy minden, amit tudni szeretn\u00e9l a szorong\u00e1sr\u00f3l a kuty\u00e1kn\u00e1l -","description":"Ebb\u0151l a webinar-b\u00f3l megtudhatod, az\u00e9rt viselkedik-e furcs\u00e1n a kuty\u00e1d, mert te szorongsz, t\u00e9nyleg neked kell-e v\u00e1ltoznod, ha kuty\u00e1d f\u00e9l vagy \u00e9pp reakt\u00edv.","robots":{"index":"index","follow":"follow","max-snippet":"max-snippet:-1","max-image-preview":"max-image-preview:large","max-video-preview":"max-video-preview:-1"},"canonical":"https:\/\/kutyazzokosan.hu\/?product=119","og_locale":"hu_HU","og_type":"article","og_title":"Szorong\u00f3 kutya, szorong\u00f3 gazdival? Avagy minden, amit tudni szeretn\u00e9l a szorong\u00e1sr\u00f3l a kuty\u00e1kn\u00e1l -","og_description":"Ebb\u0151l a webinar-b\u00f3l megtudhatod, az\u00e9rt viselkedik-e furcs\u00e1n a kuty\u00e1d, mert te szorongsz, t\u00e9nyleg neked kell-e v\u00e1ltoznod, ha kuty\u00e1d f\u00e9l vagy \u00e9pp reakt\u00edv.","og_url":"https:\/\/kutyazzokosan.hu\/?product=119","article_modified_time":"2026-01-01T11:30:23+00:00","og_image":[{"width":300,"height":300,"url":"https:\/\/kutyazzokosan.hu\/wp-content\/uploads\/2025\/03\/4.png","type":"image\/png"}],"twitter_card":"summary_large_image","twitter_misc":{"Becs\u00fclt olvas\u00e1si id\u0151":"1 perc"},"schema":{"@context":"https:\/\/schema.org","@graph":[{"@type":"WebPage","@id":"https:\/\/kutyazzokosan.hu\/?product=119","url":"https:\/\/kutyazzokosan.hu\/?product=119","name":"Szorong\u00f3 kutya, szorong\u00f3 gazdival? Avagy minden, amit tudni szeretn\u00e9l a szorong\u00e1sr\u00f3l a kuty\u00e1kn\u00e1l -","isPartOf":{"@id":"https:\/\/kutyazzokosan.hu\/#website"},"primaryImageOfPage":{"@id":"https:\/\/kutyazzokosan.hu\/?product=119#primaryimage"},"image":{"@id":"https:\/\/kutyazzokosan.hu\/?product=119#primaryimage"},"thumbnailUrl":"https:\/\/kutyazzokosan.hu\/wp-content\/uploads\/2025\/03\/4.png","datePublished":"2024-09-06T15:57:10+00:00","dateModified":"2026-01-01T11:30:23+00:00","description":"Ebb\u0151l a webinar-b\u00f3l megtudhatod, az\u00e9rt viselkedik-e furcs\u00e1n a kuty\u00e1d, mert te szorongsz, t\u00e9nyleg neked kell-e v\u00e1ltoznod, ha kuty\u00e1d f\u00e9l vagy \u00e9pp reakt\u00edv.","breadcrumb":{"@id":"https:\/\/kutyazzokosan.hu\/?product=119#breadcrumb"},"inLanguage":"hu","potentialAction":[{"@type":"ReadAction","target":["https:\/\/kutyazzokosan.hu\/?product=119"]}]},{"@type":"ImageObject","inLanguage":"hu","@id":"https:\/\/kutyazzokosan.hu\/?product=119#primaryimage","url":"https:\/\/kutyazzokosan.hu\/wp-content\/uploads\/2025\/03\/4.png","contentUrl":"https:\/\/kutyazzokosan.hu\/wp-content\/uploads\/2025\/03\/4.png","width":300,"height":300},{"@type":"BreadcrumbList","@id":"https:\/\/kutyazzokosan.hu\/?product=119#breadcrumb","itemListElement":[{"@type":"ListItem","position":1,"name":"Kezd\u0151lap","item":"https:\/\/kutyazzokosan.hu\/"},{"@type":"ListItem","position":2,"name":"Shop","item":"https:\/\/kutyazzokosan.hu\/?page_id=7"},{"@type":"ListItem","position":3,"name":"Szorong\u00f3 kutya, szorong\u00f3 gazdival? Avagy minden, amit tudni szeretn\u00e9l a szorong\u00e1sr\u00f3l a kuty\u00e1kn\u00e1l"}]},{"@type":"WebSite","@id":"https:\/\/kutyazzokosan.hu\/#website","url":"https:\/\/kutyazzokosan.hu\/","name":"","description":"","potentialAction":[{"@type":"SearchAction","target":{"@type":"EntryPoint","urlTemplate":"https:\/\/kutyazzokosan.hu\/?s={search_term_string}"},"query-input":{"@type":"PropertyValueSpecification","valueRequired":true,"valueName":"search_term_string"}}],"inLanguage":"hu"}]}},"_links":{"self":[{"href":"https:\/\/kutyazzokosan.hu\/index.php?rest_route=\/wp\/v2\/product\/119","targetHints":{"allow":["GET"]}}],"collection":[{"href":"https:\/\/kutyazzokosan.hu\/index.php?rest_route=\/wp\/v2\/product"}],"about":[{"href":"https:\/\/kutyazzokosan.hu\/index.php?rest_route=\/wp\/v2\/types\/product"}],"wp:featuredmedia":[{"embeddable":true,"href":"https:\/\/kutyazzokosan.hu\/index.php?rest_route=\/wp\/v2\/media\/629"}],"wp:attachment":[{"href":"https:\/\/kutyazzokosan.hu\/index.php?rest_route=%2Fwp%2Fv2%2Fmedia&parent=119"}],"wp:term":[{"taxonomy":"product_brand","embeddable":true,"href":"https:\/\/kutyazzokosan.hu\/index.php?rest_route=%2Fwp%2Fv2%2Fproduct_brand&post=119"},{"taxonomy":"product_cat","embeddable":true,"href":"https:\/\/kutyazzokosan.hu\/index.php?rest_route=%2Fwp%2Fv2%2Fproduct_cat&post=119"},{"taxonomy":"product_tag","embeddable":true,"href":"https:\/\/kutyazzokosan.hu\/index.php?rest_route=%2Fwp%2Fv2%2Fproduct_tag&post=119"}],"curies":[{"name":"wp","href":"https:\/\/api.w.org\/{rel}","templated":true}]}}