
{"id":117,"date":"2024-09-06T17:49:16","date_gmt":"2024-09-06T15:49:16","guid":{"rendered":"https:\/\/kutyazzokosan.hu\/?post_type=product&#038;p=117"},"modified":"2026-01-01T12:30:42","modified_gmt":"2026-01-01T11:30:42","slug":"kuss-avagy-minden-amit-tudni-szeretnel-az-ugatasrol","status":"publish","type":"product","link":"https:\/\/kutyazzokosan.hu\/?product=kuss-avagy-minden-amit-tudni-szeretnel-az-ugatasrol","title":{"rendered":"Kuss! Avagy minden, amit tudni szeretn\u00e9l az ugat\u00e1sr\u00f3l"},"content":{"rendered":"<p><strong>A webin\u00e1r t\u00e9m\u00e1i:\u2028<\/strong><\/p>\n<ul>\n<li>mi\u00e9rt ugatnak a kuty\u00e1k?<\/li>\n<li>mikor mondhatjuk azt, hogy a kutya t\u00fal sokat ugat?\u2028az ugat\u00e1s k\u00fcl\u00f6nb\u00f6z\u0151 t\u00edpusai \u00e9s tulajdons\u00e1gai<\/li>\n<li>ugat\u00e1s vs. m\u00e1sfajta vokaliz\u00e1ci\u00f3<\/li>\n<li>milyen t\u00e9nyez\u0151k befoly\u00e1solj\u00e1k az ugat\u00e1st?<\/li>\n<li>viselked\u00e9s modifik\u00e1ci\u00f3 k\u00fcl\u00f6nb\u00f6z\u0151 helyzetekben<\/li>\n<\/ul>\n<p>Webinar hossza: 120 perc<br \/>\nEl\u0151ad\u00f3: Borodziej Nora<\/p>\n<p><iframe title=\"YouTube video player\" src=\"https:\/\/www.youtube.com\/embed\/yq67-r0UUgs?si=y94lXtBWDhUKYhqk\" width=\"560\" height=\"315\" frameborder=\"0\" allowfullscreen=\"allowfullscreen\"><\/iframe><\/p>\n<p><b>\ud83d\udca1 Ha tetszett az el\u0151n\u00e9zet, kattints a gombra \u00e9s m\u00e1r kezd\u0151dhet is a tanul\u00e1s!<br \/>\n<\/b>&#8211; V\u00e1s\u00e1rl\u00e1s ut\u00e1n <strong>azonnal el\u00e9red a webin\u00e1rt a fi\u00f3kodban<\/strong>, a <strong>\u201eVide\u00f3im\u201d men\u00fcpontban<\/strong>, vagy a <strong>Fi\u00f3kom &gt; Let\u00f6lt\u00e9sek alatt<\/strong>.<br \/>\n&#8211; A felv\u00e9telt <strong>korl\u00e1tlan ideig visszan\u00e9zheted<\/strong>, b\u00e1rmikor, saj\u00e1t temp\u00f3dban.<br \/>\n&#8211; Fizet\u00e9shez <strong>biztons\u00e1gos bankk\u00e1rty\u00e1s SimplePay rendszer<\/strong>\u00fcnket haszn\u00e1lhatod.<b><br \/>\n<\/b><\/p>\n<form class=\"cart\" enctype=\"multipart\/form-data\" method=\"post\"><button class=\"single_add_to_cart_button button alt\" style=\"font-size: 16px; padding: 14px 28px; margin: 0px 0px;\" name=\"add-to-cart\" type=\"submit\" value=\"117\">Kos\u00e1rba teszem<\/button><\/form>\n","protected":false},"excerpt":{"rendered":"<p>Az ugat\u00e1s, pontosabban<strong> a &#8222;t\u00falzott ugat\u00e1s&#8221; az egyik leggyakoribb viselked\u00e9sprobl\u00e9ma<\/strong>, amivel kutyatr\u00e9nereket megkeresik.<\/p>\n<ul>\n<li><strong>Az ugat\u00e1s rendk\u00edv\u00fcl zavar\u00f3 viselked\u00e9s tud lenni<\/strong> mind a gazd\u00e1nak, mint a k\u00f6rnyezet\u00e9nek<strong>. <\/strong><\/li>\n<li><strong>Ha szeretn\u00e9nk jav\u00edtani <\/strong>a helyzeten<strong>, fontos meghat\u00e1roznunk, hogy mib\u0151l fakad<\/strong><\/li>\n<li>Csak <strong>\u00edgy tudjuk a megfelel\u0151 strat\u00e9gi\u00e1t kiv\u00e1lasztani<\/strong> a kezel\u00e9s\u00e9re.<\/li>\n<\/ul>\n<p><strong>Borodziej Nora el\u0151ad\u00e1sa neked val\u00f3, <\/strong>ha<strong> szeretn\u00e9d meg\u00e9rteni, hogy mi\u00e9rt ugat a kuty\u00e1d, <\/strong>vagy<strong> egyszer\u0171en \u00e9rdekel a t\u00e9ma!<br \/>\n<\/strong>Az <strong>elm\u00e9leti alapok<\/strong>on t\u00fal <strong>sok vide\u00f3 \u00e9s gyakorlati p\u00e9lda<\/strong> is seg\u00edt k\u00f6r\u00fclj\u00e1rni ezt a fontos t\u00e9m\u00e1t.<\/p>\n<p>A Webin\u00e1r hossza: 120 perc. \u00a0V\u00e1s\u00e1rl\u00e1s ut\u00e1n <strong>azonnal el\u00e9red fi\u00f3kodban<\/strong>, \u00e9s <strong>korl\u00e1tlan ideig visszan\u00e9zheted!<\/strong><\/p>\n","protected":false},"featured_media":628,"template":"","meta":[],"product_brand":[],"product_cat":[15,20,19],"product_tag":[],"class_list":{"0":"post-117","1":"product","2":"type-product","3":"status-publish","4":"has-post-thumbnail","6":"product_cat-minden-termek","7":"product_cat-trening-viselkedesterapia","8":"product_cat-viselkedesi-problemak","10":"first","11":"instock","12":"downloadable","13":"virtual","14":"sold-individually","15":"purchasable","16":"product-type-simple"},"yoast_head":"<!-- This site is optimized with the Yoast SEO plugin v27.4 - https:\/\/yoast.com\/product\/yoast-seo-wordpress\/ -->\n<title>Kuss! Avagy minden, amit tudni szeretn\u00e9l az ugat\u00e1sr\u00f3l -<\/title>\n<meta name=\"description\" content=\"Ha \u00e9rdekel, mi\u00e9rt ugatnak a kuty\u00e1k, mi\u00e9rt ugathatnak t\u00fal sokat \u00e9s hogyan tudsz ezen v\u00e1ltoztatni, ebben a webinarban v\u00e1laszt kaphatsz a k\u00e9rd\u00e9seidre.\" \/>\n<meta name=\"robots\" content=\"index, follow, max-snippet:-1, max-image-preview:large, max-video-preview:-1\" \/>\n<link rel=\"canonical\" href=\"https:\/\/kutyazzokosan.hu\/?product=kuss-avagy-minden-amit-tudni-szeretnel-az-ugatasrol\" \/>\n<meta property=\"og:locale\" content=\"hu_HU\" \/>\n<meta property=\"og:type\" content=\"article\" \/>\n<meta property=\"og:title\" content=\"Kuss! Avagy minden, amit tudni szeretn\u00e9l az ugat\u00e1sr\u00f3l -\" \/>\n<meta property=\"og:description\" content=\"Ha \u00e9rdekel, mi\u00e9rt ugatnak a kuty\u00e1k, mi\u00e9rt ugathatnak t\u00fal sokat \u00e9s hogyan tudsz ezen v\u00e1ltoztatni, ebben a webinarban v\u00e1laszt kaphatsz a k\u00e9rd\u00e9seidre.\" \/>\n<meta property=\"og:url\" content=\"https:\/\/kutyazzokosan.hu\/?product=kuss-avagy-minden-amit-tudni-szeretnel-az-ugatasrol\" \/>\n<meta property=\"article:modified_time\" content=\"2026-01-01T11:30:42+00:00\" \/>\n<meta property=\"og:image\" content=\"https:\/\/kutyazzokosan.hu\/wp-content\/uploads\/2025\/03\/3.png\" \/>\n\t<meta property=\"og:image:width\" content=\"300\" \/>\n\t<meta property=\"og:image:height\" content=\"300\" \/>\n\t<meta property=\"og:image:type\" content=\"image\/png\" \/>\n<meta name=\"twitter:card\" content=\"summary_large_image\" \/>\n<meta name=\"twitter:label1\" content=\"Becs\u00fclt olvas\u00e1si id\u0151\" \/>\n\t<meta name=\"twitter:data1\" content=\"1 perc\" \/>\n<script type=\"application\/ld+json\" class=\"yoast-schema-graph\">{\"@context\":\"https:\\\/\\\/schema.org\",\"@graph\":[{\"@type\":\"WebPage\",\"@id\":\"https:\\\/\\\/kutyazzokosan.hu\\\/?product=kuss-avagy-minden-amit-tudni-szeretnel-az-ugatasrol\",\"url\":\"https:\\\/\\\/kutyazzokosan.hu\\\/?product=kuss-avagy-minden-amit-tudni-szeretnel-az-ugatasrol\",\"name\":\"Kuss! Avagy minden, amit tudni szeretn\u00e9l az ugat\u00e1sr\u00f3l -\",\"isPartOf\":{\"@id\":\"https:\\\/\\\/kutyazzokosan.hu\\\/#website\"},\"primaryImageOfPage\":{\"@id\":\"https:\\\/\\\/kutyazzokosan.hu\\\/?product=kuss-avagy-minden-amit-tudni-szeretnel-az-ugatasrol#primaryimage\"},\"image\":{\"@id\":\"https:\\\/\\\/kutyazzokosan.hu\\\/?product=kuss-avagy-minden-amit-tudni-szeretnel-az-ugatasrol#primaryimage\"},\"thumbnailUrl\":\"https:\\\/\\\/kutyazzokosan.hu\\\/wp-content\\\/uploads\\\/2025\\\/03\\\/3.png\",\"datePublished\":\"2024-09-06T15:49:16+00:00\",\"dateModified\":\"2026-01-01T11:30:42+00:00\",\"description\":\"Ha \u00e9rdekel, mi\u00e9rt ugatnak a kuty\u00e1k, mi\u00e9rt ugathatnak t\u00fal sokat \u00e9s hogyan tudsz ezen v\u00e1ltoztatni, ebben a webinarban v\u00e1laszt kaphatsz a k\u00e9rd\u00e9seidre.\",\"breadcrumb\":{\"@id\":\"https:\\\/\\\/kutyazzokosan.hu\\\/?product=kuss-avagy-minden-amit-tudni-szeretnel-az-ugatasrol#breadcrumb\"},\"inLanguage\":\"hu\",\"potentialAction\":[{\"@type\":\"ReadAction\",\"target\":[\"https:\\\/\\\/kutyazzokosan.hu\\\/?product=kuss-avagy-minden-amit-tudni-szeretnel-az-ugatasrol\"]}]},{\"@type\":\"ImageObject\",\"inLanguage\":\"hu\",\"@id\":\"https:\\\/\\\/kutyazzokosan.hu\\\/?product=kuss-avagy-minden-amit-tudni-szeretnel-az-ugatasrol#primaryimage\",\"url\":\"https:\\\/\\\/kutyazzokosan.hu\\\/wp-content\\\/uploads\\\/2025\\\/03\\\/3.png\",\"contentUrl\":\"https:\\\/\\\/kutyazzokosan.hu\\\/wp-content\\\/uploads\\\/2025\\\/03\\\/3.png\",\"width\":300,\"height\":300},{\"@type\":\"BreadcrumbList\",\"@id\":\"https:\\\/\\\/kutyazzokosan.hu\\\/?product=kuss-avagy-minden-amit-tudni-szeretnel-az-ugatasrol#breadcrumb\",\"itemListElement\":[{\"@type\":\"ListItem\",\"position\":1,\"name\":\"Kezd\u0151lap\",\"item\":\"https:\\\/\\\/kutyazzokosan.hu\\\/\"},{\"@type\":\"ListItem\",\"position\":2,\"name\":\"Shop\",\"item\":\"https:\\\/\\\/kutyazzokosan.hu\\\/?page_id=7\"},{\"@type\":\"ListItem\",\"position\":3,\"name\":\"Kuss! Avagy minden, amit tudni szeretn\u00e9l az ugat\u00e1sr\u00f3l\"}]},{\"@type\":\"WebSite\",\"@id\":\"https:\\\/\\\/kutyazzokosan.hu\\\/#website\",\"url\":\"https:\\\/\\\/kutyazzokosan.hu\\\/\",\"name\":\"\",\"description\":\"\",\"potentialAction\":[{\"@type\":\"SearchAction\",\"target\":{\"@type\":\"EntryPoint\",\"urlTemplate\":\"https:\\\/\\\/kutyazzokosan.hu\\\/?s={search_term_string}\"},\"query-input\":{\"@type\":\"PropertyValueSpecification\",\"valueRequired\":true,\"valueName\":\"search_term_string\"}}],\"inLanguage\":\"hu\"}]}<\/script>\n<!-- \/ Yoast SEO plugin. -->","yoast_head_json":{"title":"Kuss! Avagy minden, amit tudni szeretn\u00e9l az ugat\u00e1sr\u00f3l -","description":"Ha \u00e9rdekel, mi\u00e9rt ugatnak a kuty\u00e1k, mi\u00e9rt ugathatnak t\u00fal sokat \u00e9s hogyan tudsz ezen v\u00e1ltoztatni, ebben a webinarban v\u00e1laszt kaphatsz a k\u00e9rd\u00e9seidre.","robots":{"index":"index","follow":"follow","max-snippet":"max-snippet:-1","max-image-preview":"max-image-preview:large","max-video-preview":"max-video-preview:-1"},"canonical":"https:\/\/kutyazzokosan.hu\/?product=kuss-avagy-minden-amit-tudni-szeretnel-az-ugatasrol","og_locale":"hu_HU","og_type":"article","og_title":"Kuss! Avagy minden, amit tudni szeretn\u00e9l az ugat\u00e1sr\u00f3l -","og_description":"Ha \u00e9rdekel, mi\u00e9rt ugatnak a kuty\u00e1k, mi\u00e9rt ugathatnak t\u00fal sokat \u00e9s hogyan tudsz ezen v\u00e1ltoztatni, ebben a webinarban v\u00e1laszt kaphatsz a k\u00e9rd\u00e9seidre.","og_url":"https:\/\/kutyazzokosan.hu\/?product=kuss-avagy-minden-amit-tudni-szeretnel-az-ugatasrol","article_modified_time":"2026-01-01T11:30:42+00:00","og_image":[{"width":300,"height":300,"url":"https:\/\/kutyazzokosan.hu\/wp-content\/uploads\/2025\/03\/3.png","type":"image\/png"}],"twitter_card":"summary_large_image","twitter_misc":{"Becs\u00fclt olvas\u00e1si id\u0151":"1 perc"},"schema":{"@context":"https:\/\/schema.org","@graph":[{"@type":"WebPage","@id":"https:\/\/kutyazzokosan.hu\/?product=kuss-avagy-minden-amit-tudni-szeretnel-az-ugatasrol","url":"https:\/\/kutyazzokosan.hu\/?product=kuss-avagy-minden-amit-tudni-szeretnel-az-ugatasrol","name":"Kuss! Avagy minden, amit tudni szeretn\u00e9l az ugat\u00e1sr\u00f3l -","isPartOf":{"@id":"https:\/\/kutyazzokosan.hu\/#website"},"primaryImageOfPage":{"@id":"https:\/\/kutyazzokosan.hu\/?product=kuss-avagy-minden-amit-tudni-szeretnel-az-ugatasrol#primaryimage"},"image":{"@id":"https:\/\/kutyazzokosan.hu\/?product=kuss-avagy-minden-amit-tudni-szeretnel-az-ugatasrol#primaryimage"},"thumbnailUrl":"https:\/\/kutyazzokosan.hu\/wp-content\/uploads\/2025\/03\/3.png","datePublished":"2024-09-06T15:49:16+00:00","dateModified":"2026-01-01T11:30:42+00:00","description":"Ha \u00e9rdekel, mi\u00e9rt ugatnak a kuty\u00e1k, mi\u00e9rt ugathatnak t\u00fal sokat \u00e9s hogyan tudsz ezen v\u00e1ltoztatni, ebben a webinarban v\u00e1laszt kaphatsz a k\u00e9rd\u00e9seidre.","breadcrumb":{"@id":"https:\/\/kutyazzokosan.hu\/?product=kuss-avagy-minden-amit-tudni-szeretnel-az-ugatasrol#breadcrumb"},"inLanguage":"hu","potentialAction":[{"@type":"ReadAction","target":["https:\/\/kutyazzokosan.hu\/?product=kuss-avagy-minden-amit-tudni-szeretnel-az-ugatasrol"]}]},{"@type":"ImageObject","inLanguage":"hu","@id":"https:\/\/kutyazzokosan.hu\/?product=kuss-avagy-minden-amit-tudni-szeretnel-az-ugatasrol#primaryimage","url":"https:\/\/kutyazzokosan.hu\/wp-content\/uploads\/2025\/03\/3.png","contentUrl":"https:\/\/kutyazzokosan.hu\/wp-content\/uploads\/2025\/03\/3.png","width":300,"height":300},{"@type":"BreadcrumbList","@id":"https:\/\/kutyazzokosan.hu\/?product=kuss-avagy-minden-amit-tudni-szeretnel-az-ugatasrol#breadcrumb","itemListElement":[{"@type":"ListItem","position":1,"name":"Kezd\u0151lap","item":"https:\/\/kutyazzokosan.hu\/"},{"@type":"ListItem","position":2,"name":"Shop","item":"https:\/\/kutyazzokosan.hu\/?page_id=7"},{"@type":"ListItem","position":3,"name":"Kuss! Avagy minden, amit tudni szeretn\u00e9l az ugat\u00e1sr\u00f3l"}]},{"@type":"WebSite","@id":"https:\/\/kutyazzokosan.hu\/#website","url":"https:\/\/kutyazzokosan.hu\/","name":"","description":"","potentialAction":[{"@type":"SearchAction","target":{"@type":"EntryPoint","urlTemplate":"https:\/\/kutyazzokosan.hu\/?s={search_term_string}"},"query-input":{"@type":"PropertyValueSpecification","valueRequired":true,"valueName":"search_term_string"}}],"inLanguage":"hu"}]}},"_links":{"self":[{"href":"https:\/\/kutyazzokosan.hu\/index.php?rest_route=\/wp\/v2\/product\/117","targetHints":{"allow":["GET"]}}],"collection":[{"href":"https:\/\/kutyazzokosan.hu\/index.php?rest_route=\/wp\/v2\/product"}],"about":[{"href":"https:\/\/kutyazzokosan.hu\/index.php?rest_route=\/wp\/v2\/types\/product"}],"wp:featuredmedia":[{"embeddable":true,"href":"https:\/\/kutyazzokosan.hu\/index.php?rest_route=\/wp\/v2\/media\/628"}],"wp:attachment":[{"href":"https:\/\/kutyazzokosan.hu\/index.php?rest_route=%2Fwp%2Fv2%2Fmedia&parent=117"}],"wp:term":[{"taxonomy":"product_brand","embeddable":true,"href":"https:\/\/kutyazzokosan.hu\/index.php?rest_route=%2Fwp%2Fv2%2Fproduct_brand&post=117"},{"taxonomy":"product_cat","embeddable":true,"href":"https:\/\/kutyazzokosan.hu\/index.php?rest_route=%2Fwp%2Fv2%2Fproduct_cat&post=117"},{"taxonomy":"product_tag","embeddable":true,"href":"https:\/\/kutyazzokosan.hu\/index.php?rest_route=%2Fwp%2Fv2%2Fproduct_tag&post=117"}],"curies":[{"name":"wp","href":"https:\/\/api.w.org\/{rel}","templated":true}]}}