
{"id":1049,"date":"2026-03-23T16:27:05","date_gmt":"2026-03-23T15:27:05","guid":{"rendered":"https:\/\/kutyazzokosan.hu\/?post_type=product&#038;p=1049"},"modified":"2026-03-23T18:00:42","modified_gmt":"2026-03-23T17:00:42","slug":"kamaszkor-kutyaknal","status":"publish","type":"product","link":"https:\/\/kutyazzokosan.hu\/?product=kamaszkor-kutyaknal","title":{"rendered":"Seg\u00edts\u00e9g, kamaszodik a kuty\u00e1m!"},"content":{"rendered":"<p><strong>Tudtad, hogy a menhelyre leadott kuty\u00e1k nagy r\u00e9sze kamasz?<\/strong><\/p>\n<p>A Dog Trust Ireland kutat\u00e1sa szerint a menhelyre leadott kuty\u00e1k 49%-a 6-24 h\u00f3nap k\u00f6z\u00f6tti volt, teh\u00e1t pont kamasz. A gazdik sokszor azt \u00edrt\u00e1k, hogy a kuty\u00e1juk &#8222;t\u00fal izgatott, t\u00fal nyughatatlan, \u00e9s t\u00fal f\u00fcggetlen&#8221;.<br \/>\nK\u00f6nny\u0171 meg\u00edt\u00e9lni azokat az embereket, akik lemondtak a kuty\u00e1jukr\u00f3l, de szerintem <strong>minden kamaszkuty\u00e1s gazdi fej\u00e9ben megfordult m\u00e1r az a gondolat, hogy a legsz\u00edvesebben megszabadulna t\u0151le&#8230;<br \/>\n<\/strong>Az a szerencs\u00e9nk, hogy a kuty\u00e1kn\u00e1l ez a fejl\u0151d\u00e9si szakasz f\u00e9l-egy \u00e9vig tart, \u00e9s nem t\u00f6bb \u00e9vig, mint az emberekn\u00e9l&#8230; De ez az egy \u00e9v is el\u00e9gg\u00e9 agyr\u00e9m tud lenni. <strong>A frusztr\u00e1ci\u00f3, a tehetetlens\u00e9g, a sz\u00e9gyen mind gyakori \u00e9rz\u00e9s kamaszkuty\u00e1s gazdikn\u00e1l.<\/strong><\/p>\n<p>Hiszek abban, hogy k\u00f6nnyebben el tudjuk viselni neh\u00e9z helyzeteket, ha meg\u00e9rtj\u00fck, hogy mi okozza a probl\u00e9m\u00e1inkat.<\/p>\n<p><strong>MENETREND<\/strong><\/p>\n<ul>\n<li>Mi is az a kamaszkor, hogyan m\u0171k\u00f6dik \u00e9s meddig tart?<\/li>\n<li>Ilyet m\u00e9g sosem csin\u00e1lt: besz\u00e9lj\u00fcnk az \u00f6nkontrollr\u00f3l!<\/li>\n<li>Gyakori viselked\u00e9si probl\u00e9m\u00e1k, amik kamaszkorban j\u00f6hetnek el\u0151<\/li>\n<li>K\u00fcl\u00f6nleges eset: \u00f6r\u00f6kbefogadott kamasz kutya<\/li>\n<li>A p\u00f3r\u00e1z m\u00e1sik v\u00e9g\u00e9n: frusztr\u00e1ci\u00f3, megfelel\u00e9si k\u00e9nyszer \u00e9s t\u00e1rsai, avagy hogyan tudod t\u00e1mogatni a kuty\u00e1dat an\u00e9lk\u00fcl, hogy meg\u0151r\u00fcln\u00e9l?<\/li>\n<li>T\u00fal\u00e9l\u00e9si strat\u00e9gi\u00e1k: megfelel\u0151 menedzsment \u00e9s tr\u00e9ning, am\u00edg fejl\u0151dik a kutya agya<\/li>\n<\/ul>\n<p><strong>El\u0151ad\u00e1s hossza:<\/strong> 120p<\/p>\n<p><strong>Neked val\u00f3 ez az el\u0151ad\u00e1s, ha:<\/strong><\/p>\n<ul>\n<li>k\u00f6ly\u00f6kkuty\u00e1d van, \u00e9s szeretn\u00e9l felk\u00e9sz\u00fclni a kamaszkorra<\/li>\n<li>\u00e9ppen kamaszkorban vagytok, \u00e9s nap mint nap fogod a fejedet<\/li>\n<li>szeretn\u00e9d jobban meg\u00e9rteni ezt a fontos fejl\u0151d\u00e9si szakaszt a kuty\u00e1kn\u00e1l<\/li>\n<\/ul>\n<p><iframe title=\"YouTube video player\" src=\"https:\/\/www.youtube.com\/embed\/qgcijefwDXQ?si=VdI6Y6YeJOEFTg-_\" width=\"560\" height=\"315\" frameborder=\"0\" allowfullscreen=\"allowfullscreen\"><\/iframe><\/p>\n<p><b>\ud83d\udca1 Ha tetszett az el\u0151n\u00e9zet, kattints a gombra \u00e9s m\u00e1r kezd\u0151dhet is a tanul\u00e1s!<br \/>\n<\/b>&#8211; V\u00e1s\u00e1rl\u00e1s ut\u00e1n <strong>azonnal el\u00e9red a webin\u00e1rt a fi\u00f3kodban<\/strong>, a <strong>\u201eVide\u00f3im\u201d men\u00fcpontban<\/strong>, vagy a <strong>Fi\u00f3kom &gt; Let\u00f6lt\u00e9sek alatt<\/strong>.<br \/>\n&#8211; A felv\u00e9telt <strong>korl\u00e1tlan ideig visszan\u00e9zheted<\/strong>, b\u00e1rmikor, saj\u00e1t temp\u00f3dban.<br \/>\n&#8211; Fizet\u00e9shez <strong>biztons\u00e1gos bankk\u00e1rty\u00e1s SimplePay rendszer<\/strong>\u00fcnket haszn\u00e1lhatod.<b><br \/>\n<\/b><\/p>\n<form class=\"cart\" enctype=\"multipart\/form-data\" method=\"post\"><button class=\"single_add_to_cart_button button alt\" style=\"font-size: 16px; padding: 14px 28px; margin: 0px 0px;\" name=\"add-to-cart\" type=\"submit\" value=\"206\">Kos\u00e1rba teszem<\/button><\/form>\n","protected":false},"excerpt":{"rendered":"<p><strong>Tudtad, hogy a menhelyre leadott kuty\u00e1k nagy r\u00e9sze kamasz?<\/strong><\/p>\n<p>A Dog Trust Ireland kutat\u00e1sa szerint a menhelyre leadott kuty\u00e1k 49%-a 6-24 h\u00f3nap k\u00f6z\u00f6tti volt, teh\u00e1t pont kamasz. A gazdik sokszor azt \u00edrt\u00e1k, hogy a kuty\u00e1juk &#8222;t\u00fal izgatott, t\u00fal nyughatatlan, \u00e9s t\u00fal f\u00fcggetlen&#8221;.<\/p>\n<p><strong>Hiszek abban, hogy k\u00f6nnyebben el tudjuk viselni neh\u00e9z helyzeteket, ha meg\u00e9rtj\u00fck, hogy mi okozza a probl\u00e9m\u00e1inkat.<\/strong><\/p>\n<p><strong>Neked val\u00f3 ez az el\u0151ad\u00e1s, ha:<\/strong><\/p>\n<ul>\n<li>k\u00f6ly\u00f6kkuty\u00e1d van, \u00e9s szeretn\u00e9l felk\u00e9sz\u00fclni a kamaszkorra<\/li>\n<li>\u00e9ppen kamaszkorban vagytok, \u00e9s nap mint nap fogod a fejedet<\/li>\n<li>szeretn\u00e9d jobban meg\u00e9rteni ezt a fontos fejl\u0151d\u00e9si szakaszt a kuty\u00e1kn\u00e1l<\/li>\n<\/ul>\n<p><strong>El\u0151ad\u00e1s hossza:<\/strong> 120p<\/p>\n","protected":false},"featured_media":1050,"template":"","meta":[],"product_brand":[],"product_cat":[21,15],"product_tag":[],"class_list":{"0":"post-1049","1":"product","2":"type-product","3":"status-publish","4":"has-post-thumbnail","6":"product_cat-alapok-felelos-kutyatartas","7":"product_cat-minden-termek","9":"first","10":"instock","11":"downloadable","12":"virtual","13":"sold-individually","14":"purchasable","15":"product-type-simple"},"yoast_head":"<!-- This site is optimized with the Yoast SEO plugin v27.4 - https:\/\/yoast.com\/product\/yoast-seo-wordpress\/ -->\n<title>Seg\u00edts\u00e9g, kamaszodik a kuty\u00e1m! -<\/title>\n<meta name=\"description\" content=\"Kamaszkor egy igazi agyr\u00e9m tud lenni. A frusztr\u00e1ci\u00f3, a tehetetlens\u00e9g, mind gyakori \u00e9rz\u00e9s kamaszkuty\u00e1s gazdikn\u00e1l. Tudd meg, hogyan lehet jobb a helyzet!\" \/>\n<meta name=\"robots\" content=\"index, follow, max-snippet:-1, max-image-preview:large, max-video-preview:-1\" \/>\n<link rel=\"canonical\" href=\"https:\/\/kutyazzokosan.hu\/?product=kamaszkor-kutyaknal\" \/>\n<meta property=\"og:locale\" content=\"hu_HU\" \/>\n<meta property=\"og:type\" content=\"article\" \/>\n<meta property=\"og:title\" content=\"Seg\u00edts\u00e9g, kamaszodik a kuty\u00e1m! -\" \/>\n<meta property=\"og:description\" content=\"Kamaszkor egy igazi agyr\u00e9m tud lenni. A frusztr\u00e1ci\u00f3, a tehetetlens\u00e9g, mind gyakori \u00e9rz\u00e9s kamaszkuty\u00e1s gazdikn\u00e1l. Tudd meg, hogyan lehet jobb a helyzet!\" \/>\n<meta property=\"og:url\" content=\"https:\/\/kutyazzokosan.hu\/?product=kamaszkor-kutyaknal\" \/>\n<meta property=\"article:modified_time\" content=\"2026-03-23T17:00:42+00:00\" \/>\n<meta property=\"og:image\" content=\"https:\/\/kutyazzokosan.hu\/wp-content\/uploads\/2026\/03\/kamaszk.png\" \/>\n\t<meta property=\"og:image:width\" content=\"300\" \/>\n\t<meta property=\"og:image:height\" content=\"300\" \/>\n\t<meta property=\"og:image:type\" content=\"image\/png\" \/>\n<meta name=\"twitter:card\" content=\"summary_large_image\" \/>\n<meta name=\"twitter:label1\" content=\"Becs\u00fclt olvas\u00e1si id\u0151\" \/>\n\t<meta name=\"twitter:data1\" content=\"2 perc\" \/>\n<script type=\"application\/ld+json\" class=\"yoast-schema-graph\">{\"@context\":\"https:\\\/\\\/schema.org\",\"@graph\":[{\"@type\":\"WebPage\",\"@id\":\"https:\\\/\\\/kutyazzokosan.hu\\\/?product=kamaszkor-kutyaknal\",\"url\":\"https:\\\/\\\/kutyazzokosan.hu\\\/?product=kamaszkor-kutyaknal\",\"name\":\"Seg\u00edts\u00e9g, kamaszodik a kuty\u00e1m! -\",\"isPartOf\":{\"@id\":\"https:\\\/\\\/kutyazzokosan.hu\\\/#website\"},\"primaryImageOfPage\":{\"@id\":\"https:\\\/\\\/kutyazzokosan.hu\\\/?product=kamaszkor-kutyaknal#primaryimage\"},\"image\":{\"@id\":\"https:\\\/\\\/kutyazzokosan.hu\\\/?product=kamaszkor-kutyaknal#primaryimage\"},\"thumbnailUrl\":\"https:\\\/\\\/kutyazzokosan.hu\\\/wp-content\\\/uploads\\\/2026\\\/03\\\/kamaszk.png\",\"datePublished\":\"2026-03-23T15:27:05+00:00\",\"dateModified\":\"2026-03-23T17:00:42+00:00\",\"description\":\"Kamaszkor egy igazi agyr\u00e9m tud lenni. A frusztr\u00e1ci\u00f3, a tehetetlens\u00e9g, mind gyakori \u00e9rz\u00e9s kamaszkuty\u00e1s gazdikn\u00e1l. Tudd meg, hogyan lehet jobb a helyzet!\",\"breadcrumb\":{\"@id\":\"https:\\\/\\\/kutyazzokosan.hu\\\/?product=kamaszkor-kutyaknal#breadcrumb\"},\"inLanguage\":\"hu\",\"potentialAction\":[{\"@type\":\"ReadAction\",\"target\":[\"https:\\\/\\\/kutyazzokosan.hu\\\/?product=kamaszkor-kutyaknal\"]}]},{\"@type\":\"ImageObject\",\"inLanguage\":\"hu\",\"@id\":\"https:\\\/\\\/kutyazzokosan.hu\\\/?product=kamaszkor-kutyaknal#primaryimage\",\"url\":\"https:\\\/\\\/kutyazzokosan.hu\\\/wp-content\\\/uploads\\\/2026\\\/03\\\/kamaszk.png\",\"contentUrl\":\"https:\\\/\\\/kutyazzokosan.hu\\\/wp-content\\\/uploads\\\/2026\\\/03\\\/kamaszk.png\",\"width\":300,\"height\":300},{\"@type\":\"BreadcrumbList\",\"@id\":\"https:\\\/\\\/kutyazzokosan.hu\\\/?product=kamaszkor-kutyaknal#breadcrumb\",\"itemListElement\":[{\"@type\":\"ListItem\",\"position\":1,\"name\":\"Kezd\u0151lap\",\"item\":\"https:\\\/\\\/kutyazzokosan.hu\\\/\"},{\"@type\":\"ListItem\",\"position\":2,\"name\":\"Shop\",\"item\":\"https:\\\/\\\/kutyazzokosan.hu\\\/?page_id=7\"},{\"@type\":\"ListItem\",\"position\":3,\"name\":\"Seg\u00edts\u00e9g, kamaszodik a kuty\u00e1m!\"}]},{\"@type\":\"WebSite\",\"@id\":\"https:\\\/\\\/kutyazzokosan.hu\\\/#website\",\"url\":\"https:\\\/\\\/kutyazzokosan.hu\\\/\",\"name\":\"\",\"description\":\"\",\"potentialAction\":[{\"@type\":\"SearchAction\",\"target\":{\"@type\":\"EntryPoint\",\"urlTemplate\":\"https:\\\/\\\/kutyazzokosan.hu\\\/?s={search_term_string}\"},\"query-input\":{\"@type\":\"PropertyValueSpecification\",\"valueRequired\":true,\"valueName\":\"search_term_string\"}}],\"inLanguage\":\"hu\"}]}<\/script>\n<!-- \/ Yoast SEO plugin. -->","yoast_head_json":{"title":"Seg\u00edts\u00e9g, kamaszodik a kuty\u00e1m! -","description":"Kamaszkor egy igazi agyr\u00e9m tud lenni. A frusztr\u00e1ci\u00f3, a tehetetlens\u00e9g, mind gyakori \u00e9rz\u00e9s kamaszkuty\u00e1s gazdikn\u00e1l. Tudd meg, hogyan lehet jobb a helyzet!","robots":{"index":"index","follow":"follow","max-snippet":"max-snippet:-1","max-image-preview":"max-image-preview:large","max-video-preview":"max-video-preview:-1"},"canonical":"https:\/\/kutyazzokosan.hu\/?product=kamaszkor-kutyaknal","og_locale":"hu_HU","og_type":"article","og_title":"Seg\u00edts\u00e9g, kamaszodik a kuty\u00e1m! -","og_description":"Kamaszkor egy igazi agyr\u00e9m tud lenni. A frusztr\u00e1ci\u00f3, a tehetetlens\u00e9g, mind gyakori \u00e9rz\u00e9s kamaszkuty\u00e1s gazdikn\u00e1l. Tudd meg, hogyan lehet jobb a helyzet!","og_url":"https:\/\/kutyazzokosan.hu\/?product=kamaszkor-kutyaknal","article_modified_time":"2026-03-23T17:00:42+00:00","og_image":[{"width":300,"height":300,"url":"https:\/\/kutyazzokosan.hu\/wp-content\/uploads\/2026\/03\/kamaszk.png","type":"image\/png"}],"twitter_card":"summary_large_image","twitter_misc":{"Becs\u00fclt olvas\u00e1si id\u0151":"2 perc"},"schema":{"@context":"https:\/\/schema.org","@graph":[{"@type":"WebPage","@id":"https:\/\/kutyazzokosan.hu\/?product=kamaszkor-kutyaknal","url":"https:\/\/kutyazzokosan.hu\/?product=kamaszkor-kutyaknal","name":"Seg\u00edts\u00e9g, kamaszodik a kuty\u00e1m! -","isPartOf":{"@id":"https:\/\/kutyazzokosan.hu\/#website"},"primaryImageOfPage":{"@id":"https:\/\/kutyazzokosan.hu\/?product=kamaszkor-kutyaknal#primaryimage"},"image":{"@id":"https:\/\/kutyazzokosan.hu\/?product=kamaszkor-kutyaknal#primaryimage"},"thumbnailUrl":"https:\/\/kutyazzokosan.hu\/wp-content\/uploads\/2026\/03\/kamaszk.png","datePublished":"2026-03-23T15:27:05+00:00","dateModified":"2026-03-23T17:00:42+00:00","description":"Kamaszkor egy igazi agyr\u00e9m tud lenni. A frusztr\u00e1ci\u00f3, a tehetetlens\u00e9g, mind gyakori \u00e9rz\u00e9s kamaszkuty\u00e1s gazdikn\u00e1l. Tudd meg, hogyan lehet jobb a helyzet!","breadcrumb":{"@id":"https:\/\/kutyazzokosan.hu\/?product=kamaszkor-kutyaknal#breadcrumb"},"inLanguage":"hu","potentialAction":[{"@type":"ReadAction","target":["https:\/\/kutyazzokosan.hu\/?product=kamaszkor-kutyaknal"]}]},{"@type":"ImageObject","inLanguage":"hu","@id":"https:\/\/kutyazzokosan.hu\/?product=kamaszkor-kutyaknal#primaryimage","url":"https:\/\/kutyazzokosan.hu\/wp-content\/uploads\/2026\/03\/kamaszk.png","contentUrl":"https:\/\/kutyazzokosan.hu\/wp-content\/uploads\/2026\/03\/kamaszk.png","width":300,"height":300},{"@type":"BreadcrumbList","@id":"https:\/\/kutyazzokosan.hu\/?product=kamaszkor-kutyaknal#breadcrumb","itemListElement":[{"@type":"ListItem","position":1,"name":"Kezd\u0151lap","item":"https:\/\/kutyazzokosan.hu\/"},{"@type":"ListItem","position":2,"name":"Shop","item":"https:\/\/kutyazzokosan.hu\/?page_id=7"},{"@type":"ListItem","position":3,"name":"Seg\u00edts\u00e9g, kamaszodik a kuty\u00e1m!"}]},{"@type":"WebSite","@id":"https:\/\/kutyazzokosan.hu\/#website","url":"https:\/\/kutyazzokosan.hu\/","name":"","description":"","potentialAction":[{"@type":"SearchAction","target":{"@type":"EntryPoint","urlTemplate":"https:\/\/kutyazzokosan.hu\/?s={search_term_string}"},"query-input":{"@type":"PropertyValueSpecification","valueRequired":true,"valueName":"search_term_string"}}],"inLanguage":"hu"}]}},"_links":{"self":[{"href":"https:\/\/kutyazzokosan.hu\/index.php?rest_route=\/wp\/v2\/product\/1049","targetHints":{"allow":["GET"]}}],"collection":[{"href":"https:\/\/kutyazzokosan.hu\/index.php?rest_route=\/wp\/v2\/product"}],"about":[{"href":"https:\/\/kutyazzokosan.hu\/index.php?rest_route=\/wp\/v2\/types\/product"}],"wp:featuredmedia":[{"embeddable":true,"href":"https:\/\/kutyazzokosan.hu\/index.php?rest_route=\/wp\/v2\/media\/1050"}],"wp:attachment":[{"href":"https:\/\/kutyazzokosan.hu\/index.php?rest_route=%2Fwp%2Fv2%2Fmedia&parent=1049"}],"wp:term":[{"taxonomy":"product_brand","embeddable":true,"href":"https:\/\/kutyazzokosan.hu\/index.php?rest_route=%2Fwp%2Fv2%2Fproduct_brand&post=1049"},{"taxonomy":"product_cat","embeddable":true,"href":"https:\/\/kutyazzokosan.hu\/index.php?rest_route=%2Fwp%2Fv2%2Fproduct_cat&post=1049"},{"taxonomy":"product_tag","embeddable":true,"href":"https:\/\/kutyazzokosan.hu\/index.php?rest_route=%2Fwp%2Fv2%2Fproduct_tag&post=1049"}],"curies":[{"name":"wp","href":"https:\/\/api.w.org\/{rel}","templated":true}]}}