
{"id":825,"date":"2025-09-06T16:52:22","date_gmt":"2025-09-06T14:52:22","guid":{"rendered":"https:\/\/kutyazzokosan.hu\/?page_id=825"},"modified":"2025-09-07T17:57:49","modified_gmt":"2025-09-07T15:57:49","slug":"gyakori-kerdesek","status":"publish","type":"page","link":"https:\/\/kutyazzokosan.hu\/?page_id=825","title":{"rendered":"Gyakran ism\u00e9telt k\u00e9rd\u00e9sek"},"content":{"rendered":"<h3><span style=\"font-weight: 400;\">Ha megveszem a webin\u00e1rt, b\u00e1rmeddig visszan\u00e9zhetem?<\/span><\/h3>\n<p><span style=\"font-weight: 400;\">Igen. V\u00e1s\u00e1rl\u00e1sod ut\u00e1n korl\u00e1tlan ideig hozz\u00e1f\u00e9rsz a felv\u00e9telhez.<\/span><\/p>\n<h3><span style=\"font-weight: 400;\">Hol tal\u00e1lom a vide\u00f3kat?<\/span><\/h3>\n<p><span style=\"font-weight: 400;\">V\u00e1s\u00e1rl\u00e1s ut\u00e1n a fi\u00f3kodban tal\u00e1lod az \u00f6sszes megv\u00e1s\u00e1rolt term\u00e9kedet.\u00a0<\/span><\/p>\n<p><span style=\"font-weight: 400;\"><strong>El\u00e9g r\u00e1kattintani a \u201cvide\u00f3im\u201d men\u00fcpontra \u00e9s ott lesz az \u00f6sszes vide\u00f3.<\/strong> A fekete gombot megnyomva elindul a kiv\u00e1lasztott el\u0151ad\u00e1s:<\/span><\/p>\n<p><img fetchpriority=\"high\" decoding=\"async\" class=\"alignleft wp-image-829\" src=\"https:\/\/kutyazzokosan.hu\/wp-content\/uploads\/2025\/09\/Screenshot-2025-09-06-at-15.46.34.png\" alt=\"\" width=\"800\" height=\"282\" srcset=\"https:\/\/kutyazzokosan.hu\/wp-content\/uploads\/2025\/09\/Screenshot-2025-09-06-at-15.46.34.png 903w, https:\/\/kutyazzokosan.hu\/wp-content\/uploads\/2025\/09\/Screenshot-2025-09-06-at-15.46.34-300x106.png 300w, https:\/\/kutyazzokosan.hu\/wp-content\/uploads\/2025\/09\/Screenshot-2025-09-06-at-15.46.34-768x270.png 768w, https:\/\/kutyazzokosan.hu\/wp-content\/uploads\/2025\/09\/Screenshot-2025-09-06-at-15.46.34-600x211.png 600w\" sizes=\"(max-width: 800px) 100vw, 800px\" \/><\/p>\n<p>&nbsp;<\/p>\n<p>&nbsp;<\/p>\n<p>&nbsp;<\/p>\n<p>&nbsp;<\/p>\n<p>&nbsp;<\/p>\n<p>&nbsp;<\/p>\n<p>&nbsp;<\/p>\n<p>&nbsp;<\/p>\n<p><strong>Vagy a\u00a0 fi\u00f3kodon kereszt\u00fcl is megtal\u00e1lod a vide\u00f3kat: fi\u00f3kom &gt; let\u00f6lt\u00e9sek<\/strong><\/p>\n<p><strong><img decoding=\"async\" class=\"alignleft wp-image-831\" src=\"https:\/\/kutyazzokosan.hu\/wp-content\/uploads\/2025\/09\/FAQ-buy-1024x286.png\" alt=\"\" width=\"800\" height=\"223\" srcset=\"https:\/\/kutyazzokosan.hu\/wp-content\/uploads\/2025\/09\/FAQ-buy-1024x286.png 1024w, https:\/\/kutyazzokosan.hu\/wp-content\/uploads\/2025\/09\/FAQ-buy-300x84.png 300w, https:\/\/kutyazzokosan.hu\/wp-content\/uploads\/2025\/09\/FAQ-buy-768x214.png 768w, https:\/\/kutyazzokosan.hu\/wp-content\/uploads\/2025\/09\/FAQ-buy-600x167.png 600w, https:\/\/kutyazzokosan.hu\/wp-content\/uploads\/2025\/09\/FAQ-buy.png 1254w\" sizes=\"(max-width: 800px) 100vw, 800px\" \/><\/strong><\/p>\n<p>&nbsp;<\/p>\n<h3><\/h3>\n<h3><\/h3>\n<h3><\/h3>\n<h3><\/h3>\n<h3><\/h3>\n<h3><\/h3>\n<h3><\/h3>\n<p>&nbsp;<\/p>\n<p>&nbsp;<\/p>\n<p>&nbsp;<\/p>\n<p>&nbsp;<\/p>\n<h3><\/h3>\n<h3><\/h3>\n<h3><span style=\"font-weight: 400;\">Hogyan tudok fizetni az oldalon?<\/span><\/h3>\n<p><span style=\"font-weight: 400;\">Bankk\u00e1rty\u00e1val, a simplepay rendszeren kereszt\u00fcl.<\/span><\/p>\n<h3><span style=\"font-weight: 400;\">Sikeres volt a v\u00e1s\u00e1rl\u00e1s, de nem kaptam meg az emailt a rendel\u00e9semr\u0151l!<\/span><\/h3>\n<p><span style=\"font-weight: 400;\">K\u00e9rlek, ellen\u0151rizd a spam mapp\u00e1dat vagy egyszer\u0171en nyomd meg a \u201cvide\u00f3im\u201d gombot. Ha sikeres volt a fizet\u00e9s, a webin\u00e1r r\u00f6gt\u00f6n el\u00e9rhet\u0151 lesz a fi\u00f3kodban.<\/span><\/p>\n<h3><span style=\"font-weight: 400;\">Belen\u00e9zhetek az el\u0151ad\u00e1sokba v\u00e1s\u00e1rl\u00e1s el\u0151tt?<\/span><\/h3>\n<p><span style=\"font-weight: 400;\">Igen, mindegyik webin\u00e1rr\u00f3l el\u00e9rhet\u0151 egy r\u00f6vid el\u0151n\u00e9zet, \u00edgy k\u00f6nnyebben eld\u00f6ntheted, hogy neked val\u00f3-e.<\/span><\/p>\n<h3><span style=\"font-weight: 400;\">Hogyan kapom meg a hozz\u00e1f\u00e9r\u00e9st a felv\u00e9telekhez?<\/span><\/h3>\n<p><span style=\"font-weight: 400;\">V\u00e1s\u00e1rl\u00e1s ut\u00e1n a webshopban, a profilodon kereszt\u00fcl b\u00e1rmikor el\u00e9rheted \u0151ket.<\/span><\/p>\n<h3><span style=\"font-weight: 400;\">Kell el\u0151zetes tud\u00e1s az el\u0151ad\u00e1sokhoz?<\/span><\/h3>\n<p><span style=\"font-weight: 400;\">Nem! A webin\u00e1rjaink els\u0151sorban tanulni v\u00e1gy\u00f3 gazdiknak sz\u00f3lnak, de szakemberek sz\u00e1m\u00e1ra is hasznosak a tov\u00e1bbi fejl\u0151d\u00e9shez.<\/span><\/p>\n<h3><span style=\"font-weight: 400;\">Miben m\u00e1s ez, mint egy ingyenes YouTube-vide\u00f3?<\/span><\/h3>\n<p><span style=\"font-weight: 400;\">Ezek szakmailag megalapozott, \u00e9l\u0151 k\u00f6z\u00f6ns\u00e9g el\u0151tt is bev\u00e1lt, gyakorlati el\u0151ad\u00e1sok. L\u00e9p\u00e9sr\u0151l l\u00e9p\u00e9sre seg\u00edtenek meg\u00e9rteni \u00e9s megoldani a probl\u00e9m\u00e1kat.<\/span><\/p>\n<h3><span style=\"font-weight: 400;\">Seg\u00edtenek a webin\u00e1rok abban, hogy jobban \u00e9rtsem a kuty\u00e1m?<\/span><\/h3>\n<p><span style=\"font-weight: 400;\">Igen! Minden el\u0151ad\u00e1s c\u00e9lja, hogy meg\u00e9rtsd a viselked\u00e9s m\u00f6g\u00f6tti okokat \u2013 \u00edgy sokkal k\u00f6nnyebb lesz egy\u00fcttm\u0171k\u00f6dni vele.<\/span><\/p>\n<h3><span style=\"font-weight: 400;\">Lehet veletek szem\u00e9lyesen is dolgozni?<\/span><\/h3>\n<p><span style=\"font-weight: 400;\">Persze!<\/span><\/p>\n<ul>\n<li style=\"font-weight: 400;\" aria-level=\"1\"><span style=\"font-weight: 400;\">szepar\u00e1ci\u00f3s zavarok, id\u0151s kuty\u00e1k gondoz\u00e1sa: Sz\u00e9kely Daniella, <strong><a href=\"https:\/\/www.sunnysidedogbehavior.com\/\">Sunny Side Dog Behavior<\/a><\/strong><\/span><\/li>\n<li style=\"font-weight: 400;\" aria-level=\"1\"><span style=\"font-weight: 400;\">viselked\u00e9si probl\u00e9m\u00e1k, \u00e1llatorvosi tr\u00e9ning: Borodziej Nora, <strong><a href=\"https:\/\/kutyaegyetem.hu\/\">kutyaegyetem<\/a><\/strong><\/span><\/li>\n<li style=\"font-weight: 400;\" aria-level=\"1\"><span style=\"font-weight: 400;\">viselked\u00e9s gy\u00f3gy\u00e1szat:\u00a0 <strong><a href=\"https:\/\/lillatolla.com\/viselkedesgyogyaszat\/\">dr. Balatonyi Lilla<\/a><\/strong><\/span><\/li>\n<\/ul>\n","protected":false},"excerpt":{"rendered":"<p>Ha megveszem a webin\u00e1rt, b\u00e1rmeddig visszan\u00e9zhetem? Igen. V\u00e1s\u00e1rl\u00e1sod ut\u00e1n korl\u00e1tlan ideig hozz\u00e1f\u00e9rsz a felv\u00e9telhez. Hol tal\u00e1lom a vide\u00f3kat? V\u00e1s\u00e1rl\u00e1s ut\u00e1n [&hellip;]<\/p>\n","protected":false},"author":2,"featured_media":0,"parent":0,"menu_order":0,"comment_status":"closed","ping_status":"closed","template":"","meta":{"footnotes":""},"class_list":["post-825","page","type-page","status-publish","hentry"],"yoast_head":"<!-- This site is optimized with the Yoast SEO plugin v27.4 - https:\/\/yoast.com\/product\/yoast-seo-wordpress\/ -->\n<title>Gyakran ism\u00e9telt k\u00e9rd\u00e9sek -<\/title>\n<meta name=\"robots\" content=\"index, follow, max-snippet:-1, max-image-preview:large, max-video-preview:-1\" \/>\n<link rel=\"canonical\" href=\"https:\/\/kutyazzokosan.hu\/?page_id=825\" \/>\n<meta property=\"og:locale\" content=\"hu_HU\" \/>\n<meta property=\"og:type\" content=\"article\" \/>\n<meta property=\"og:title\" content=\"Gyakran ism\u00e9telt k\u00e9rd\u00e9sek -\" \/>\n<meta property=\"og:description\" content=\"Ha megveszem a webin\u00e1rt, b\u00e1rmeddig visszan\u00e9zhetem? Igen. V\u00e1s\u00e1rl\u00e1sod ut\u00e1n korl\u00e1tlan ideig hozz\u00e1f\u00e9rsz a felv\u00e9telhez. Hol tal\u00e1lom a vide\u00f3kat? V\u00e1s\u00e1rl\u00e1s ut\u00e1n [&hellip;]\" \/>\n<meta property=\"og:url\" content=\"https:\/\/kutyazzokosan.hu\/?page_id=825\" \/>\n<meta property=\"article:modified_time\" content=\"2025-09-07T15:57:49+00:00\" \/>\n<meta property=\"og:image\" content=\"https:\/\/kutyazzokosan.hu\/wp-content\/uploads\/2025\/09\/Screenshot-2025-09-06-at-15.46.34.png\" \/>\n\t<meta property=\"og:image:width\" content=\"903\" \/>\n\t<meta property=\"og:image:height\" content=\"318\" \/>\n\t<meta property=\"og:image:type\" content=\"image\/png\" \/>\n<meta name=\"twitter:card\" content=\"summary_large_image\" \/>\n<meta name=\"twitter:label1\" content=\"Becs\u00fclt olvas\u00e1si id\u0151\" \/>\n\t<meta name=\"twitter:data1\" content=\"2 perc\" \/>\n<script type=\"application\/ld+json\" class=\"yoast-schema-graph\">{\"@context\":\"https:\\\/\\\/schema.org\",\"@graph\":[{\"@type\":\"WebPage\",\"@id\":\"https:\\\/\\\/kutyazzokosan.hu\\\/?page_id=825\",\"url\":\"https:\\\/\\\/kutyazzokosan.hu\\\/?page_id=825\",\"name\":\"Gyakran ism\u00e9telt k\u00e9rd\u00e9sek -\",\"isPartOf\":{\"@id\":\"https:\\\/\\\/kutyazzokosan.hu\\\/#website\"},\"primaryImageOfPage\":{\"@id\":\"https:\\\/\\\/kutyazzokosan.hu\\\/?page_id=825#primaryimage\"},\"image\":{\"@id\":\"https:\\\/\\\/kutyazzokosan.hu\\\/?page_id=825#primaryimage\"},\"thumbnailUrl\":\"https:\\\/\\\/kutyazzokosan.hu\\\/wp-content\\\/uploads\\\/2025\\\/09\\\/Screenshot-2025-09-06-at-15.46.34.png\",\"datePublished\":\"2025-09-06T14:52:22+00:00\",\"dateModified\":\"2025-09-07T15:57:49+00:00\",\"breadcrumb\":{\"@id\":\"https:\\\/\\\/kutyazzokosan.hu\\\/?page_id=825#breadcrumb\"},\"inLanguage\":\"hu\",\"potentialAction\":[{\"@type\":\"ReadAction\",\"target\":[\"https:\\\/\\\/kutyazzokosan.hu\\\/?page_id=825\"]}]},{\"@type\":\"ImageObject\",\"inLanguage\":\"hu\",\"@id\":\"https:\\\/\\\/kutyazzokosan.hu\\\/?page_id=825#primaryimage\",\"url\":\"https:\\\/\\\/kutyazzokosan.hu\\\/wp-content\\\/uploads\\\/2025\\\/09\\\/Screenshot-2025-09-06-at-15.46.34.png\",\"contentUrl\":\"https:\\\/\\\/kutyazzokosan.hu\\\/wp-content\\\/uploads\\\/2025\\\/09\\\/Screenshot-2025-09-06-at-15.46.34.png\",\"width\":903,\"height\":318},{\"@type\":\"BreadcrumbList\",\"@id\":\"https:\\\/\\\/kutyazzokosan.hu\\\/?page_id=825#breadcrumb\",\"itemListElement\":[{\"@type\":\"ListItem\",\"position\":1,\"name\":\"Kezd\u0151lap\",\"item\":\"https:\\\/\\\/kutyazzokosan.hu\\\/\"},{\"@type\":\"ListItem\",\"position\":2,\"name\":\"Gyakran ism\u00e9telt k\u00e9rd\u00e9sek\"}]},{\"@type\":\"WebSite\",\"@id\":\"https:\\\/\\\/kutyazzokosan.hu\\\/#website\",\"url\":\"https:\\\/\\\/kutyazzokosan.hu\\\/\",\"name\":\"\",\"description\":\"\",\"potentialAction\":[{\"@type\":\"SearchAction\",\"target\":{\"@type\":\"EntryPoint\",\"urlTemplate\":\"https:\\\/\\\/kutyazzokosan.hu\\\/?s={search_term_string}\"},\"query-input\":{\"@type\":\"PropertyValueSpecification\",\"valueRequired\":true,\"valueName\":\"search_term_string\"}}],\"inLanguage\":\"hu\"}]}<\/script>\n<!-- \/ Yoast SEO plugin. -->","yoast_head_json":{"title":"Gyakran ism\u00e9telt k\u00e9rd\u00e9sek -","robots":{"index":"index","follow":"follow","max-snippet":"max-snippet:-1","max-image-preview":"max-image-preview:large","max-video-preview":"max-video-preview:-1"},"canonical":"https:\/\/kutyazzokosan.hu\/?page_id=825","og_locale":"hu_HU","og_type":"article","og_title":"Gyakran ism\u00e9telt k\u00e9rd\u00e9sek -","og_description":"Ha megveszem a webin\u00e1rt, b\u00e1rmeddig visszan\u00e9zhetem? Igen. V\u00e1s\u00e1rl\u00e1sod ut\u00e1n korl\u00e1tlan ideig hozz\u00e1f\u00e9rsz a felv\u00e9telhez. Hol tal\u00e1lom a vide\u00f3kat? V\u00e1s\u00e1rl\u00e1s ut\u00e1n [&hellip;]","og_url":"https:\/\/kutyazzokosan.hu\/?page_id=825","article_modified_time":"2025-09-07T15:57:49+00:00","og_image":[{"width":903,"height":318,"url":"https:\/\/kutyazzokosan.hu\/wp-content\/uploads\/2025\/09\/Screenshot-2025-09-06-at-15.46.34.png","type":"image\/png"}],"twitter_card":"summary_large_image","twitter_misc":{"Becs\u00fclt olvas\u00e1si id\u0151":"2 perc"},"schema":{"@context":"https:\/\/schema.org","@graph":[{"@type":"WebPage","@id":"https:\/\/kutyazzokosan.hu\/?page_id=825","url":"https:\/\/kutyazzokosan.hu\/?page_id=825","name":"Gyakran ism\u00e9telt k\u00e9rd\u00e9sek -","isPartOf":{"@id":"https:\/\/kutyazzokosan.hu\/#website"},"primaryImageOfPage":{"@id":"https:\/\/kutyazzokosan.hu\/?page_id=825#primaryimage"},"image":{"@id":"https:\/\/kutyazzokosan.hu\/?page_id=825#primaryimage"},"thumbnailUrl":"https:\/\/kutyazzokosan.hu\/wp-content\/uploads\/2025\/09\/Screenshot-2025-09-06-at-15.46.34.png","datePublished":"2025-09-06T14:52:22+00:00","dateModified":"2025-09-07T15:57:49+00:00","breadcrumb":{"@id":"https:\/\/kutyazzokosan.hu\/?page_id=825#breadcrumb"},"inLanguage":"hu","potentialAction":[{"@type":"ReadAction","target":["https:\/\/kutyazzokosan.hu\/?page_id=825"]}]},{"@type":"ImageObject","inLanguage":"hu","@id":"https:\/\/kutyazzokosan.hu\/?page_id=825#primaryimage","url":"https:\/\/kutyazzokosan.hu\/wp-content\/uploads\/2025\/09\/Screenshot-2025-09-06-at-15.46.34.png","contentUrl":"https:\/\/kutyazzokosan.hu\/wp-content\/uploads\/2025\/09\/Screenshot-2025-09-06-at-15.46.34.png","width":903,"height":318},{"@type":"BreadcrumbList","@id":"https:\/\/kutyazzokosan.hu\/?page_id=825#breadcrumb","itemListElement":[{"@type":"ListItem","position":1,"name":"Kezd\u0151lap","item":"https:\/\/kutyazzokosan.hu\/"},{"@type":"ListItem","position":2,"name":"Gyakran ism\u00e9telt k\u00e9rd\u00e9sek"}]},{"@type":"WebSite","@id":"https:\/\/kutyazzokosan.hu\/#website","url":"https:\/\/kutyazzokosan.hu\/","name":"","description":"","potentialAction":[{"@type":"SearchAction","target":{"@type":"EntryPoint","urlTemplate":"https:\/\/kutyazzokosan.hu\/?s={search_term_string}"},"query-input":{"@type":"PropertyValueSpecification","valueRequired":true,"valueName":"search_term_string"}}],"inLanguage":"hu"}]}},"_links":{"self":[{"href":"https:\/\/kutyazzokosan.hu\/index.php?rest_route=\/wp\/v2\/pages\/825","targetHints":{"allow":["GET"]}}],"collection":[{"href":"https:\/\/kutyazzokosan.hu\/index.php?rest_route=\/wp\/v2\/pages"}],"about":[{"href":"https:\/\/kutyazzokosan.hu\/index.php?rest_route=\/wp\/v2\/types\/page"}],"author":[{"embeddable":true,"href":"https:\/\/kutyazzokosan.hu\/index.php?rest_route=\/wp\/v2\/users\/2"}],"replies":[{"embeddable":true,"href":"https:\/\/kutyazzokosan.hu\/index.php?rest_route=%2Fwp%2Fv2%2Fcomments&post=825"}],"version-history":[{"count":4,"href":"https:\/\/kutyazzokosan.hu\/index.php?rest_route=\/wp\/v2\/pages\/825\/revisions"}],"predecessor-version":[{"id":834,"href":"https:\/\/kutyazzokosan.hu\/index.php?rest_route=\/wp\/v2\/pages\/825\/revisions\/834"}],"wp:attachment":[{"href":"https:\/\/kutyazzokosan.hu\/index.php?rest_route=%2Fwp%2Fv2%2Fmedia&parent=825"}],"curies":[{"name":"wp","href":"https:\/\/api.w.org\/{rel}","templated":true}]}}